{"id":13740,"date":"2025-04-03T09:19:52","date_gmt":"2025-04-03T09:19:52","guid":{"rendered":"https:\/\/esquell.eu\/product\/hasulith-strass-244-kleber-20-ml\/"},"modified":"2025-11-08T21:24:12","modified_gmt":"2025-11-08T21:24:12","slug":"hasulith-strass-244-kleber-20-ml","status":"publish","type":"product","link":"https:\/\/esquell.eu\/de\/produkt\/hasulith-strass-244-kleber-20-ml\/","title":{"rendered":"Hasulith Strass 244 Kleber 20 ml"},"content":{"rendered":"<div class=\"product-addition-content\">\n<p>Hasulith Strass 244 Schmuckkleber<\/p>\n<p>Original Hasulith Strass 244 Schmuckkleber auf L\u00f6sungsmittelbasis, speziell f\u00fcr die Verklebung von Strass, Simili und Swarovski auf verschiedenen Materialien wie Glas, Metall, Keramik und einigen harten Kunststoffen. Trocknet fast unsichtbar und ist sehr lichtbest\u00e4ndig und verf\u00e4rbt sich daher nicht. <\/p>\n<p>Geeignet f\u00fcr Steine bis zu einem Durchmesser von 5 mm. Wenn Sie gr\u00f6\u00dfere Steine kleben m\u00f6chten, verwenden Sie den original Hasulith Schmuckkleber. <\/p>\n<p>Kommt in einer Tube a 20ml.<\/p>\n<\/div>\n","protected":false},"excerpt":{"rendered":"<p>Hasulith Strass 244 Schmuckkleber<\/p>\n<p>Original Hasulith Strass 244 Schmuckkleber auf L\u00f6sungsmittelbasis, speziell f\u00fcr die Verklebung von Strass, Simili und Swarovski auf verschiedenen Materialien wie Glas, Metall, Keramik und einigen harten Kunststoffen. Trocknet fast unsichtbar und ist sehr lichtbest\u00e4ndig und verf\u00e4rbt sich daher nicht. <\/p>\n<p>Geeignet f\u00fcr Steine bis zu einem Durchmesser von 5 mm. Wenn Sie gr\u00f6\u00dfere Steine kleben m\u00f6chten, verwenden Sie den original Hasulith Schmuckkleber. <\/p>\n<p>Kommt in einer Tube a 20ml.<\/p>\n","protected":false},"featured_media":7126,"comment_status":"closed","ping_status":"closed","template":"","meta":{"_acf_changed":false,"_seopress_robots_primary_cat":"none","_seopress_titles_title":"","_seopress_titles_desc":"","_seopress_robots_index":""},"more":[],"product_brand":[6703],"product_cat":[6367,11473],"product_tag":[6494,11478,10034,11476,7017,6516,11480,11474,10074,6421,6419,11475,7068],"class_list":{"0":"post-13740","1":"product","2":"type-product","3":"status-publish","4":"has-post-thumbnail","6":"product_brand-bm","7":"product_cat-erganzende-materialien","8":"product_cat-klebstoffe","9":"product_tag-diy","10":"product_tag-edelsteinkleber","11":"product_tag-epoxid","12":"product_tag-epoxidkleber","13":"product_tag-fur","14":"product_tag-kieselsteinchen","15":"product_tag-kleber-strasssteine","16":"product_tag-klebstoffe","17":"product_tag-leim","18":"product_tag-machen","19":"product_tag-schmuck","20":"product_tag-schmuckkleber","21":"product_tag-zirkoniumdioxid","22":"product_shipping_class-standard","24":"first","25":"instock","26":"taxable","27":"shipping-taxable","28":"purchasable","29":"product-type-simple"},"acf":[],"_links":{"self":[{"href":"https:\/\/esquell.eu\/de\/wp-json\/wp\/v2\/product\/13740","targetHints":{"allow":["GET"]}}],"collection":[{"href":"https:\/\/esquell.eu\/de\/wp-json\/wp\/v2\/product"}],"about":[{"href":"https:\/\/esquell.eu\/de\/wp-json\/wp\/v2\/types\/product"}],"replies":[{"embeddable":true,"href":"https:\/\/esquell.eu\/de\/wp-json\/wp\/v2\/comments?post=13740"}],"wp:featuredmedia":[{"embeddable":true,"href":"https:\/\/esquell.eu\/de\/wp-json\/wp\/v2\/media\/7126"}],"wp:attachment":[{"href":"https:\/\/esquell.eu\/de\/wp-json\/wp\/v2\/media?parent=13740"}],"wp:term":[{"taxonomy":"more","embeddable":true,"href":"https:\/\/esquell.eu\/de\/wp-json\/wp\/v2\/more?post=13740"},{"taxonomy":"product_brand","embeddable":true,"href":"https:\/\/esquell.eu\/de\/wp-json\/wp\/v2\/product_brand?post=13740"},{"taxonomy":"product_cat","embeddable":true,"href":"https:\/\/esquell.eu\/de\/wp-json\/wp\/v2\/product_cat?post=13740"},{"taxonomy":"product_tag","embeddable":true,"href":"https:\/\/esquell.eu\/de\/wp-json\/wp\/v2\/product_tag?post=13740"}],"curies":[{"name":"wp","href":"https:\/\/api.w.org\/{rel}","templated":true}]}}