{"id":13735,"date":"2025-04-03T09:19:52","date_gmt":"2025-04-03T09:19:52","guid":{"rendered":"https:\/\/esquell.eu\/product\/glitzerndes-silberpulver-fein-10-gramm-h-0002\/"},"modified":"2026-01-10T16:59:41","modified_gmt":"2026-01-10T16:59:41","slug":"glitzerndes-silberpulver-fein-10-gramm-h-0002","status":"publish","type":"product","link":"https:\/\/esquell.eu\/de\/produkt\/glitzerndes-silberpulver-fein-10-gramm-h-0002\/","title":{"rendered":"Glitzerndes Silberpulver Fein 10 Gramm (H-0002)"},"content":{"rendered":"<p>Dieser Silbersplitt ist ein Fertigprodukt aus reinem Feinsilber.<\/p>\n<p>Tragen Sie an der gew\u00fcnschten Stelle etwas Paste auf den Schmuck auf und streuen Sie den Silbersplitt dar\u00fcber.<\/p>\n<p>Dr\u00fccken Sie ihn leicht an, damit er haftet.<\/p>\n<p>Trocknen Sie das St\u00fcck dann gut mit einem F\u00f6hn und backen Sie es anschlie\u00dfend.<\/p>\n<p>Der Silbersplitt sorgt f\u00fcr einen sehr funkelnden Effekt<\/p>\n<p>K\u00f6rnung 0,5-1mm<\/p>\n<p>Beutel mit 10 Gramm<\/p>\n","protected":false},"excerpt":{"rendered":"<p>Dieser Silbersplitt ist ein Fertigprodukt aus reinem Feinsilber.<\/p>\n<p>Tragen Sie an der gew\u00fcnschten Stelle etwas Paste auf den Schmuck auf und streuen Sie den Silbersplitt dar\u00fcber.<\/p>\n<p>Dr\u00fccken Sie ihn leicht an, damit er haftet.<\/p>\n<p>Trocknen Sie das St\u00fcck dann gut mit einem F\u00f6hn und backen Sie es anschlie\u00dfend.<\/p>\n<p>Der Silbersplitt sorgt f\u00fcr einen sehr funkelnden Effekt<\/p>\n<p>K\u00f6rnung 0,5-1mm<\/p>\n<p>Beutel mit 10 Gramm<\/p>\n","protected":false},"featured_media":13741,"comment_status":"closed","ping_status":"closed","template":"","meta":{"_acf_changed":false,"_seopress_robots_primary_cat":"none","_seopress_titles_title":"","_seopress_titles_desc":"","_seopress_robots_index":""},"more":[],"product_brand":[6413],"product_cat":[7505,6367,8215,6414,7996],"product_tag":[6488,6506,6446,7333,6948,6817,6492,6458,6790,6840,6826,6793,6842,11464,6680,6824,10520,11466,6822,7171,6836,6673,6786,6885,11468,10575,6905,6950,7019,6844,6679,6421,11057,10032,6441,6455,6832,6788,6828,11470,7193,6424,6419,6417,11461,6490,6920,6834,6784,6429,11472,6783,6838,8142,7796],"class_list":{"0":"post-13735","1":"product","2":"type-product","3":"status-publish","4":"has-post-thumbnail","6":"product_brand-acs","7":"product_cat-emaillierwerkzeuge-und-zubehor","8":"product_cat-erganzende-materialien","9":"product_cat-lehm","10":"product_cat-silber-ton-art-clay-silber","11":"product_cat-werkzeuge-und-zubehor-fur-glas","12":"product_tag-6488","13":"product_tag-6506","14":"product_tag-aida","15":"product_tag-akzente","16":"product_tag-almere","17":"product_tag-amsterdam","18":"product_tag-artclay","19":"product_tag-belgien","20":"product_tag-bestellung","21":"product_tag-brabant","22":"product_tag-drenthe","23":"product_tag-einkaufen","24":"product_tag-flevoland","25":"product_tag-flocken","26":"product_tag-frankreich","27":"product_tag-friesland","28":"product_tag-glanz","29":"product_tag-grob","30":"product_tag-groningen","31":"product_tag-gut-2","32":"product_tag-holland","33":"product_tag-japan","34":"product_tag-kaufen","35":"product_tag-kaufen-2","36":"product_tag-korn","37":"product_tag-korner","38":"product_tag-kupferton","39":"product_tag-lelystad","40":"product_tag-liefert","41":"product_tag-limburg","42":"product_tag-luxemburg","43":"product_tag-machen","44":"product_tag-materialien","45":"product_tag-metall-block","46":"product_tag-metallton","47":"product_tag-niederlande","48":"product_tag-norden","49":"product_tag-online","50":"product_tag-overijssel","51":"product_tag-pellets-2","52":"product_tag-pulver","53":"product_tag-rein","54":"product_tag-schmuck","55":"product_tag-silber","56":"product_tag-silberstaub","57":"product_tag-silberton","58":"product_tag-sterling","59":"product_tag-sud","60":"product_tag-unter-2","61":"product_tag-wirklich","62":"product_tag-wirkung","63":"product_tag-wobei","64":"product_tag-zeeland","65":"product_tag-zusatzlich","66":"product_tag-zwolle","67":"product_shipping_class-standard","69":"first","70":"instock","71":"taxable","72":"shipping-taxable","73":"purchasable","74":"product-type-simple"},"acf":[],"_links":{"self":[{"href":"https:\/\/esquell.eu\/de\/wp-json\/wp\/v2\/product\/13735","targetHints":{"allow":["GET"]}}],"collection":[{"href":"https:\/\/esquell.eu\/de\/wp-json\/wp\/v2\/product"}],"about":[{"href":"https:\/\/esquell.eu\/de\/wp-json\/wp\/v2\/types\/product"}],"replies":[{"embeddable":true,"href":"https:\/\/esquell.eu\/de\/wp-json\/wp\/v2\/comments?post=13735"}],"wp:featuredmedia":[{"embeddable":true,"href":"https:\/\/esquell.eu\/de\/wp-json\/wp\/v2\/media\/13741"}],"wp:attachment":[{"href":"https:\/\/esquell.eu\/de\/wp-json\/wp\/v2\/media?parent=13735"}],"wp:term":[{"taxonomy":"more","embeddable":true,"href":"https:\/\/esquell.eu\/de\/wp-json\/wp\/v2\/more?post=13735"},{"taxonomy":"product_brand","embeddable":true,"href":"https:\/\/esquell.eu\/de\/wp-json\/wp\/v2\/product_brand?post=13735"},{"taxonomy":"product_cat","embeddable":true,"href":"https:\/\/esquell.eu\/de\/wp-json\/wp\/v2\/product_cat?post=13735"},{"taxonomy":"product_tag","embeddable":true,"href":"https:\/\/esquell.eu\/de\/wp-json\/wp\/v2\/product_tag?post=13735"}],"curies":[{"name":"wp","href":"https:\/\/api.w.org\/{rel}","templated":true}]}}