{"id":13733,"date":"2025-04-03T09:20:12","date_gmt":"2025-04-03T09:20:12","guid":{"rendered":"https:\/\/esquell.eu\/product\/blitz-beits-schwefelleber-oder-schwefel-6-ml-f-0038\/"},"modified":"2026-03-08T06:37:27","modified_gmt":"2026-03-08T06:37:27","slug":"blitz-beits-schwefelleber-oder-schwefel-6-ml-f-0038","status":"publish","type":"product","link":"https:\/\/esquell.eu\/de\/produkt\/blitz-beits-schwefelleber-oder-schwefel-6-ml-f-0038\/","title":{"rendered":"Blitz-Beits \/ Schwefelleber oder Schwefel 6 ml (F-0038)"},"content":{"rendered":"<p>Blitzbeize und Schwefelfarbstoff sind gleichwertig. Zum Schw\u00e4rzen, Oxidieren und Patinieren von Silber und Kupfer. <\/p>\n<p>Sofort einsatzbereit.<\/p>\n<p>Tragen Sie mit einem Pinsel Blitzbeize auf die Teile auf, die Sie schw\u00e4rzen m\u00f6chten. Tauchen Sie das Werkst\u00fcck dann mit einer Pinzette in hei\u00dfes Wasser. Dadurch wird die Blitzbeize aktiviert und das Metall f\u00e4rbt sich schwarz. Sp\u00fclen Sie das Werkst\u00fcck dann unter dem Wasserhahn ab.   <\/p>\n<p>Eine andere Methode besteht darin, das gesamte Schmuckst\u00fcck in eine Sch\u00fcssel mit kochendem Wasser und ein paar Tropfen Blitzbeize zu legen. Nehmen Sie es heraus, sp\u00fclen Sie es unter dem Wasserhahn ab, lassen Sie es trocknen und polieren Sie hohe Stellen. <\/p>\n<p>Indem Sie nun die hochliegenden Teile mit einem feinen Schleifpapier abschleifen oder lokal mit dem Achatstift oder Polierstift polieren, k\u00f6nnen Sie einige Teile wieder silbern gl\u00e4nzen lassen. Neutralisieren Sie den Schmuck nach dem Schw\u00e4rzen mit Backpulver. Falls erforderlich, fixieren Sie den Schmuck mit Wachs oder Lack.  <\/p>\n<p>Tiegel 10ml. Bewahren Sie es an einem dunklen Ort auf, die Wirkung l\u00e4sst unter dem Einfluss von Tageslicht nach. <\/p>\n<p>In der Wissensdatenbank finden Sie eine ausf\u00fchrliche Erkl\u00e4rung zum Schw\u00e4rzen von Silber und Kupfer.<\/p>\n<p>Hinweis: Die Arbeit mit Blitzbeize kann gef\u00e4hrlich sein. Bitte lesen Sie das<strong> <a href=\"https:\/\/esquell.eu\/de\/kennisbank\/blitzbeize-oxidieren\/\">Blitzbeize Sicherheitshandbuch<\/a><\/strong> durch. <\/p>\n","protected":false},"excerpt":{"rendered":"<p>Blitzbeize und Schwefelfarbstoff sind gleichwertig. Zum Schw\u00e4rzen, Oxidieren und Patinieren von Silber und Kupfer. <\/p>\n<p>Sofort einsatzbereit.<\/p>\n<p>Tragen Sie mit einem Pinsel Blitzbeize auf die Teile auf, die Sie schw\u00e4rzen m\u00f6chten. Tauchen Sie das Werkst\u00fcck dann mit einer Pinzette in hei\u00dfes Wasser. Dadurch wird die Blitzbeize aktiviert und das Metall f\u00e4rbt sich schwarz. Sp\u00fclen Sie das Werkst\u00fcck dann unter dem Wasserhahn ab.   <\/p>\n<p>Eine andere Methode besteht darin, das gesamte Schmuckst\u00fcck in eine Sch\u00fcssel mit kochendem Wasser und ein paar Tropfen Blitzbeize zu legen. Nehmen Sie es heraus, sp\u00fclen Sie es unter dem Wasserhahn ab, lassen Sie es trocknen und polieren Sie hohe Stellen. <\/p>\n<p>Indem Sie nun die hochliegenden Teile mit einem feinen Schleifpapier abschleifen oder lokal mit dem Achatstift oder Polierstift polieren, k\u00f6nnen Sie einige Teile wieder silbern gl\u00e4nzen lassen. Neutralisieren Sie den Schmuck nach dem Schw\u00e4rzen mit Backpulver. Falls erforderlich, fixieren Sie den Schmuck mit Wachs oder Lack.  <\/p>\n<p>Tiegel 10ml. Bewahren Sie es an einem dunklen Ort auf, die Wirkung l\u00e4sst unter dem Einfluss von Tageslicht nach. <\/p>\n<p>In der Wissensdatenbank finden Sie eine ausf\u00fchrliche Erkl\u00e4rung zum Schw\u00e4rzen von Silber und Kupfer.<\/p>\n<p>&nbsp;<\/p>\n<p>Hinweis: Die Arbeit mit Blitzbeize kann gef\u00e4hrlich sein. Bitte lesen Sie das<a href=\"https:\/\/www.esquell.nl\/c\/kennisbank\/blitz-beits\"><strong> Blitzbeize Sicherheitshandbuch<\/strong> <\/a>durch. <\/p>\n<p>&nbsp;<\/p>\n","protected":false},"featured_media":4442,"comment_status":"closed","ping_status":"closed","template":"","meta":{"_acf_changed":false,"_seopress_robots_primary_cat":"none","_seopress_titles_title":"","_seopress_titles_desc":"","_seopress_robots_index":""},"more":[],"product_brand":[6413],"product_cat":[6367,6596,7361,7882],"product_tag":[13947,8120,8276,8122,8107,8114,11452,11454,11456,10315,13951,7633,11229,8118,8116,13550,13945,13551,6417,6812,13949,11458,8113,11460],"class_list":{"0":"post-13733","1":"product","2":"type-product","3":"status-publish","4":"has-post-thumbnail","6":"product_brand-acs","7":"product_cat-erganzende-materialien","8":"product_cat-grundlegende-werkzeuge","9":"product_cat-schleifen-feilen-und-polieren","10":"product_cat-werkzeuge-fur-ringe","11":"product_tag-altsilber","12":"product_tag-antik","13":"product_tag-antik-2","14":"product_tag-antik-look","15":"product_tag-blitzfleck","16":"product_tag-blitzfleck-2","17":"product_tag-blitzfleck-3","18":"product_tag-leber-oder-sulver-leber","19":"product_tag-oder","20":"product_tag-oxidation","21":"product_tag-oxidfarbe","22":"product_tag-oxidieren","23":"product_tag-patina","24":"product_tag-patinieren","25":"product_tag-schwarze","26":"product_tag-schwefelleber","27":"product_tag-schwefelleber-2","28":"product_tag-siehe","29":"product_tag-silber","30":"product_tag-silber-3","31":"product_tag-silber-ebonisiert","32":"product_tag-sulver","33":"product_tag-zwaffel-leber","34":"product_tag-zwaffel-leber-2","35":"product_shipping_class-standard","37":"first","38":"instock","39":"taxable","40":"shipping-taxable","41":"purchasable","42":"product-type-simple"},"acf":[],"_links":{"self":[{"href":"https:\/\/esquell.eu\/de\/wp-json\/wp\/v2\/product\/13733","targetHints":{"allow":["GET"]}}],"collection":[{"href":"https:\/\/esquell.eu\/de\/wp-json\/wp\/v2\/product"}],"about":[{"href":"https:\/\/esquell.eu\/de\/wp-json\/wp\/v2\/types\/product"}],"replies":[{"embeddable":true,"href":"https:\/\/esquell.eu\/de\/wp-json\/wp\/v2\/comments?post=13733"}],"wp:featuredmedia":[{"embeddable":true,"href":"https:\/\/esquell.eu\/de\/wp-json\/wp\/v2\/media\/4442"}],"wp:attachment":[{"href":"https:\/\/esquell.eu\/de\/wp-json\/wp\/v2\/media?parent=13733"}],"wp:term":[{"taxonomy":"more","embeddable":true,"href":"https:\/\/esquell.eu\/de\/wp-json\/wp\/v2\/more?post=13733"},{"taxonomy":"product_brand","embeddable":true,"href":"https:\/\/esquell.eu\/de\/wp-json\/wp\/v2\/product_brand?post=13733"},{"taxonomy":"product_cat","embeddable":true,"href":"https:\/\/esquell.eu\/de\/wp-json\/wp\/v2\/product_cat?post=13733"},{"taxonomy":"product_tag","embeddable":true,"href":"https:\/\/esquell.eu\/de\/wp-json\/wp\/v2\/product_tag?post=13733"}],"curies":[{"name":"wp","href":"https:\/\/api.w.org\/{rel}","templated":true}]}}