{"id":13707,"date":"2025-04-03T09:20:12","date_gmt":"2025-04-03T09:20:12","guid":{"rendered":"https:\/\/esquell.eu\/product\/patina-tiffany-gruen-rost-fuer-bronze-kupfer-usw\/"},"modified":"2026-01-10T17:00:29","modified_gmt":"2026-01-10T17:00:29","slug":"patina-tiffany-gruen-rost-fuer-bronze-kupfer-usw","status":"publish","type":"product","link":"https:\/\/esquell.eu\/de\/produkt\/patina-tiffany-gruen-rost-fuer-bronze-kupfer-usw\/","title":{"rendered":"Patina Tiffany Gr\u00fcn\/Rost f\u00fcr Bronze, Kupfer usw."},"content":{"rendered":"<p>Zuvor: Swellegant Patina &#8211; Tiffany Gr\u00fcn\/ Rost<\/p>\n<p>Sculpt Nouveau Metal Finishes k\u00f6nnen mit dem Pinsel aufgetragen werden.<br \/>\nSie sind f\u00fcr fast alle Untergr\u00fcnde geeignet: Holz, Keramik, Polymer Clay, Harz, Glas, Schaumstoff, Metall, Gips und mehr.<\/p>\n<p>Vorbereitung:<br \/>\nReinigen Sie bei Bedarf die Oberfl\u00e4che des zu beschichtenden Objekts. Mit Seife und Wasser k\u00f6nnen Sie alle \u00d6le entfernen. Wenn die zu beschichtende Oberfl\u00e4che glatt oder gl\u00e4nzend ist, k\u00f6nnen Sie sie mit Schleifpapier oder feiner Stahlwolle ein wenig aufrauen. Dann k\u00f6nnen Sie loslegen!   <\/p>\n<p>Metallbeschichtungen ben\u00f6tigen keine W\u00e4rmebehandlung. Sie brauchen 4-6 Stunden, um auszuh\u00e4rten. Danach kann man das Metall in der Beschichtung durch Polieren sichtbar machen. Eine ausf\u00fchrliche Anleitung befindet sich ebenfalls auf der Flasche.  <\/p>\n<p>Hergestellt in den USA.<\/p>\n<p><a href=\"https:\/\/cdn.shopify.com\/s\/files\/1\/0596\/7092\/1404\/files\/Swellegant_Directions_by_Christi_Friesen.pdf?v=1675380581\">Klicken Sie hier f\u00fcr das Handbuch<\/a><\/p>\n","protected":false},"excerpt":{"rendered":"<p>Die Tiffany Green\/Rust Patina verleiht Messing-, Kupfer- und Bronzemetallen einen gr\u00fcnen Schimmer und Eisen eine Rostoxidation. Dies ist eine echte Patina und oxidiert tats\u00e4chlich Metall (sowohl echtes Metall als auch metallbeschichtete St\u00fccke!). <\/p>\n<p>&nbsp;<\/p>\n<p>Volumen 59.15 ml<\/p>\n<p>&nbsp;<\/p>\n<p>Sie k\u00f6nnen die Patina mit einem Pinsel auftragen oder die Patina in eine Spr\u00fchflasche geben und sie auf das St\u00fcck spr\u00fchen. Diese Patina reagiert je nach Metall, auf das sie aufgetragen wird, unterschiedlich. <\/p>\n<p>&nbsp;<\/p>\n<p>Swellegant ist geruchsneutral und kann mit Seife und warmem Wasser gewaschen werden. Alle Produkte sind nicht gesundheitssch\u00e4dlich. Vor Gebrauch gut sch\u00fctteln. Klicken Sie hier f\u00fcr die Schritt-f\u00fcr-Schritt-Anleitung von Christi Friesen mit Tipps und Tricks f\u00fcr beste Ergebnisse!   <\/p>\n<p>&nbsp;<\/p>\n","protected":false},"featured_media":29452,"comment_status":"closed","ping_status":"closed","template":"","meta":{"_acf_changed":false,"_seopress_robots_primary_cat":"none","_seopress_titles_title":"","_seopress_titles_desc":"","_seopress_robots_index":""},"more":[],"product_brand":[6595],"product_cat":[6367,6596,11955,7361],"product_tag":[11435,11225,6721,7387,11433,7208,7259,11427,7131,9539,7756,8137,11229,8118,11421,11425,11423,11431,11429],"class_list":{"0":"post-13707","1":"product","2":"type-product","3":"status-publish","4":"has-post-thumbnail","6":"product_brand-coole-tools","7":"product_cat-erganzende-materialien","8":"product_cat-grundlegende-werkzeuge","9":"product_cat-neu","10":"product_cat-schleifen-feilen-und-polieren","11":"product_tag-amerika","12":"product_tag-aussehen","13":"product_tag-blau","14":"product_tag-bronze","15":"product_tag-gegen-2","16":"product_tag-grun","17":"product_tag-grun-2","18":"product_tag-kleru","19":"product_tag-kupfer","20":"product_tag-messing","21":"product_tag-metall-2","22":"product_tag-metall-3","23":"product_tag-patina","24":"product_tag-patinieren","25":"product_tag-rost","26":"product_tag-rostig","27":"product_tag-rostpatina","28":"product_tag-swellegant","29":"product_tag-tiffany","30":"product_shipping_class-standard","32":"first","33":"instock","34":"taxable","35":"shipping-taxable","36":"purchasable","37":"product-type-simple"},"acf":[],"_links":{"self":[{"href":"https:\/\/esquell.eu\/de\/wp-json\/wp\/v2\/product\/13707","targetHints":{"allow":["GET"]}}],"collection":[{"href":"https:\/\/esquell.eu\/de\/wp-json\/wp\/v2\/product"}],"about":[{"href":"https:\/\/esquell.eu\/de\/wp-json\/wp\/v2\/types\/product"}],"replies":[{"embeddable":true,"href":"https:\/\/esquell.eu\/de\/wp-json\/wp\/v2\/comments?post=13707"}],"wp:featuredmedia":[{"embeddable":true,"href":"https:\/\/esquell.eu\/de\/wp-json\/wp\/v2\/media\/29452"}],"wp:attachment":[{"href":"https:\/\/esquell.eu\/de\/wp-json\/wp\/v2\/media?parent=13707"}],"wp:term":[{"taxonomy":"more","embeddable":true,"href":"https:\/\/esquell.eu\/de\/wp-json\/wp\/v2\/more?post=13707"},{"taxonomy":"product_brand","embeddable":true,"href":"https:\/\/esquell.eu\/de\/wp-json\/wp\/v2\/product_brand?post=13707"},{"taxonomy":"product_cat","embeddable":true,"href":"https:\/\/esquell.eu\/de\/wp-json\/wp\/v2\/product_cat?post=13707"},{"taxonomy":"product_tag","embeddable":true,"href":"https:\/\/esquell.eu\/de\/wp-json\/wp\/v2\/product_tag?post=13707"}],"curies":[{"name":"wp","href":"https:\/\/api.w.org\/{rel}","templated":true}]}}