{"id":13654,"date":"2025-04-03T09:20:27","date_gmt":"2025-04-03T09:20:27","guid":{"rendered":"https:\/\/esquell.eu\/product\/holz-ring-stick-tribulet-extra-lang-f-0026\/"},"modified":"2026-02-14T10:26:29","modified_gmt":"2026-02-14T10:26:29","slug":"holz-ring-stick-tribulet-extra-lang-f-0026","status":"publish","type":"product","link":"https:\/\/esquell.eu\/de\/produkt\/holz-ring-stick-tribulet-extra-lang-f-0026\/","title":{"rendered":"Holz Ring Stick Tribulet Extra Lang (F-0026)"},"content":{"rendered":"<p>Zeichnen Sie auf diesen Ringstab die gew\u00fcnschte Ringgr\u00f6\u00dfe und verwenden Sie den Stab als Grundlage f\u00fcr die Herstellung und Modellierung des Rings. Befestigen Sie immer ein St\u00fcck Papier an dem St\u00e4bchen, bevor Sie den Ring aus Silberton modellieren, sonst k\u00f6nnen Sie den Ring nach dem Trocknen nicht mehr abnehmen. <\/p>\n<p>Extra lang.<\/p>\n","protected":false},"excerpt":{"rendered":"<p>Zeichnen Sie auf diesen Ringstab die gew\u00fcnschte Ringgr\u00f6\u00dfe und verwenden Sie den Stab als Grundlage f\u00fcr die Herstellung und Modellierung des Rings. Befestigen Sie immer ein St\u00fcck Papier an dem St\u00e4bchen, bevor Sie den Ring aus Silberton modellieren, sonst k\u00f6nnen Sie den Ring nach dem Trocknen nicht mehr abnehmen. <\/p>\n<p>&nbsp;<\/p>\n<p>Extra lang.<\/p>\n","protected":false},"featured_media":13656,"comment_status":"closed","ping_status":"closed","template":"","meta":{"_acf_changed":false,"_seopress_robots_primary_cat":"none","_seopress_titles_title":"","_seopress_titles_desc":"","_seopress_robots_index":""},"more":[],"product_brand":[6413],"product_cat":[6596,8215,7882],"product_tag":[6446,6438,7280,7543,6695,6675,6452,6673,6444,6441,6806,11339,6490,11341,6814],"class_list":{"0":"post-13654","1":"product","2":"type-product","3":"status-publish","4":"has-post-thumbnail","6":"product_brand-acs","7":"product_cat-grundlegende-werkzeuge","8":"product_cat-lehm","9":"product_cat-werkzeuge-fur-ringe","10":"product_tag-aida","11":"product_tag-artclaysilver","12":"product_tag-ausbilder","13":"product_tag-ausbilder-2","14":"product_tag-ausbildung","15":"product_tag-craftlines","16":"product_tag-groshandel","17":"product_tag-japan","18":"product_tag-metalclay","19":"product_tag-metallton","20":"product_tag-rabatt","21":"product_tag-ringstock","22":"product_tag-silberton","23":"product_tag-tribulett","24":"product_tag-webshop","25":"product_shipping_class-standard","27":"first","28":"instock","29":"taxable","30":"shipping-taxable","31":"purchasable","32":"product-type-simple"},"acf":[],"_links":{"self":[{"href":"https:\/\/esquell.eu\/de\/wp-json\/wp\/v2\/product\/13654","targetHints":{"allow":["GET"]}}],"collection":[{"href":"https:\/\/esquell.eu\/de\/wp-json\/wp\/v2\/product"}],"about":[{"href":"https:\/\/esquell.eu\/de\/wp-json\/wp\/v2\/types\/product"}],"replies":[{"embeddable":true,"href":"https:\/\/esquell.eu\/de\/wp-json\/wp\/v2\/comments?post=13654"}],"wp:featuredmedia":[{"embeddable":true,"href":"https:\/\/esquell.eu\/de\/wp-json\/wp\/v2\/media\/13656"}],"wp:attachment":[{"href":"https:\/\/esquell.eu\/de\/wp-json\/wp\/v2\/media?parent=13654"}],"wp:term":[{"taxonomy":"more","embeddable":true,"href":"https:\/\/esquell.eu\/de\/wp-json\/wp\/v2\/more?post=13654"},{"taxonomy":"product_brand","embeddable":true,"href":"https:\/\/esquell.eu\/de\/wp-json\/wp\/v2\/product_brand?post=13654"},{"taxonomy":"product_cat","embeddable":true,"href":"https:\/\/esquell.eu\/de\/wp-json\/wp\/v2\/product_cat?post=13654"},{"taxonomy":"product_tag","embeddable":true,"href":"https:\/\/esquell.eu\/de\/wp-json\/wp\/v2\/product_tag?post=13654"}],"curies":[{"name":"wp","href":"https:\/\/api.w.org\/{rel}","templated":true}]}}