{"id":13631,"date":"2025-04-03T09:20:27","date_gmt":"2025-04-03T09:20:27","guid":{"rendered":"https:\/\/esquell.eu\/product\/ringbuendel-metall-japanisch-groessen-1-30-acp-f0025\/"},"modified":"2026-02-14T10:34:20","modified_gmt":"2026-02-14T10:34:20","slug":"ringbuendel-metall-japanisch-groessen-1-30-acp-f0025","status":"publish","type":"product","link":"https:\/\/esquell.eu\/de\/produkt\/ringbuendel-metall-japanisch-groessen-1-30-acp-f0025\/","title":{"rendered":"Ringb\u00fcndel Metall Japanisch Gr\u00f6\u00dfen 1-30 ACP (F0025)"},"content":{"rendered":"<p>Messen Sie damit Ihre Ringgr\u00f6\u00dfe.<br \/>\nDa Art Clay Silver die Eigenschaft hat, nach dem Erhitzen zu schrumpfen, ist es wichtig, dass Sie sich die Ringgr\u00f6\u00dfentabelle von Art Clay Silver genau ansehen, um die Gr\u00f6\u00dfe des zu fertigenden Rings zu bestimmen.<\/p>\n<p>Hinweis! Japanische Gr\u00f6\u00dfenangaben. Art Clay Silver ist ein japanisches Produkt. Die Handb\u00fccher basieren oft auf japanischen Gr\u00f6\u00dfen. Daher ist dieses Ringb\u00fcndel mit japanischen Ringgr\u00f6\u00dfen ausgestattet.    <\/p>\n","protected":false},"excerpt":{"rendered":"<p>Verwenden Sie dies, um Ihre Ringgr\u00f6\u00dfe zu messen. Da Art Clay Silver die Eigenschaft hat, nach dem Erhitzen zu schrumpfen, ist es wichtig, sich die Art Clay Silver Ringgr\u00f6\u00dfentabelle genau anzusehen, um die Gr\u00f6\u00dfe des anzufertigenden Rings zu bestimmen. Bitte beachten Sie! Japanische Gr\u00f6\u00dfenangaben.   <\/p>\n","protected":false},"featured_media":13636,"comment_status":"closed","ping_status":"closed","template":"","meta":{"_acf_changed":false,"_seopress_robots_primary_cat":"none","_seopress_titles_title":"","_seopress_titles_desc":"","_seopress_robots_index":""},"more":[],"product_brand":[6413],"product_cat":[6596,10544,7882],"product_tag":[6446,6492,6438,7280,6458,11309,6675,6494,6680,7547,11312,11308,6673,7222,6498,6679,7545,6421,6455,8092,6777,10653,6820,6419,9085,6812,6500,6449,11307],"class_list":{"0":"post-13631","1":"product","2":"type-product","3":"status-publish","4":"has-post-thumbnail","6":"product_brand-acs","7":"product_cat-grundlegende-werkzeuge","8":"product_cat-masnahme","9":"product_cat-werkzeuge-fur-ringe","10":"product_tag-aida","11":"product_tag-artclay","12":"product_tag-artclaysilver","13":"product_tag-ausbilder","14":"product_tag-belgien","15":"product_tag-beschreibung","16":"product_tag-craftlines","17":"product_tag-diy","18":"product_tag-frankreich","19":"product_tag-frankreich-2","20":"product_tag-grose","21":"product_tag-grosen","22":"product_tag-japan","23":"product_tag-japanisch-2","24":"product_tag-kunst","25":"product_tag-luxemburg","26":"product_tag-luxemburg-2","27":"product_tag-machen","28":"product_tag-niederlande","29":"product_tag-ring","30":"product_tag-ringe","31":"product_tag-ringgrose","32":"product_tag-schmuck-2","33":"product_tag-schmuck","34":"product_tag-schrumpfung","35":"product_tag-silber-3","36":"product_tag-ton-2","37":"product_tag-verteiler","38":"product_tag-zertifiziert-2","39":"product_shipping_class-standard","41":"first","42":"instock","43":"taxable","44":"shipping-taxable","45":"purchasable","46":"product-type-simple"},"acf":[],"_links":{"self":[{"href":"https:\/\/esquell.eu\/de\/wp-json\/wp\/v2\/product\/13631","targetHints":{"allow":["GET"]}}],"collection":[{"href":"https:\/\/esquell.eu\/de\/wp-json\/wp\/v2\/product"}],"about":[{"href":"https:\/\/esquell.eu\/de\/wp-json\/wp\/v2\/types\/product"}],"replies":[{"embeddable":true,"href":"https:\/\/esquell.eu\/de\/wp-json\/wp\/v2\/comments?post=13631"}],"wp:featuredmedia":[{"embeddable":true,"href":"https:\/\/esquell.eu\/de\/wp-json\/wp\/v2\/media\/13636"}],"wp:attachment":[{"href":"https:\/\/esquell.eu\/de\/wp-json\/wp\/v2\/media?parent=13631"}],"wp:term":[{"taxonomy":"more","embeddable":true,"href":"https:\/\/esquell.eu\/de\/wp-json\/wp\/v2\/more?post=13631"},{"taxonomy":"product_brand","embeddable":true,"href":"https:\/\/esquell.eu\/de\/wp-json\/wp\/v2\/product_brand?post=13631"},{"taxonomy":"product_cat","embeddable":true,"href":"https:\/\/esquell.eu\/de\/wp-json\/wp\/v2\/product_cat?post=13631"},{"taxonomy":"product_tag","embeddable":true,"href":"https:\/\/esquell.eu\/de\/wp-json\/wp\/v2\/product_tag?post=13631"}],"curies":[{"name":"wp","href":"https:\/\/api.w.org\/{rel}","templated":true}]}}