{"id":13610,"date":"2025-04-03T09:20:03","date_gmt":"2025-04-03T09:20:03","guid":{"rendered":"https:\/\/esquell.eu\/product\/bronze-ton-juwelier-hellgelb-bronze-prometheus-verschiedene-inhalte\/"},"modified":"2025-12-20T16:29:16","modified_gmt":"2025-12-20T16:29:16","slug":"bronze-ton-juwelier-hellgelb-bronze-prometheus-verschiedene-inhalte","status":"publish","type":"product","link":"https:\/\/esquell.eu\/de\/produkt\/bronze-ton-juwelier-hellgelb-bronze-prometheus-verschiedene-inhalte\/","title":{"rendered":"Bronze Ton Juwelier Hellgelb Bronze Prometheus Verschiedene Inhalte"},"content":{"rendered":"<p><strong>Stellen Sie Ihren eigenen Bronzeschmuck mit Prometheus Bronze Clay her!<\/strong><\/p>\n<p><a href=\"https:\/\/esquell.eu\/de\/kennisbank\/bronze-ton\/\">Wissensbasis &#8211; Bronze Ton<\/a><\/p>\n<p data-start=\"329\" data-end=\"568\"><strong data-start=\"329\" data-end=\"380\">Prometheus\u00ae Jeweller&#8217;s Light Yellow Bronze Clay<\/strong> ist ein ton\u00e4hnliches Material, das sich nach dem Brennen im Ofen in <strong data-start=\"455\" data-end=\"478\">reine, feste Bronze<\/strong> verwandelt.<br data-start=\"479\" data-end=\"482\">Es besteht aus <strong data-start=\"506\" data-end=\"567\">mikrofeinem Bronzepulver, Wasser und einem organischen Bindemittel<\/strong>.<\/p>\n<p data-start=\"570\" data-end=\"617\">Der Ton kann auf verschiedene Weise bearbeitet werden:<\/p>\n<ul data-start=\"618\" data-end=\"791\">\n<li data-start=\"618\" data-end=\"642\">\n<p data-start=\"620\" data-end=\"642\">von Hand geformt,<\/p>\n<\/li>\n<li data-start=\"643\" data-end=\"680\">\n<p data-start=\"645\" data-end=\"680\">zu einem Blatt oder einer Schnur ausgerollt,<\/p>\n<\/li>\n<li data-start=\"681\" data-end=\"704\">\n<p data-start=\"683\" data-end=\"704\">in eine Form gepresst,<\/p>\n<\/li>\n<li data-start=\"705\" data-end=\"743\">\n<p data-start=\"707\" data-end=\"743\">mit Struktur oder Textur versehen,<\/p>\n<\/li>\n<li data-start=\"744\" data-end=\"791\">\n<p data-start=\"746\" data-end=\"791\">oder sogar auf einer T\u00f6pferscheibe gedreht.<\/p>\n<\/li>\n<\/ul>\n<p data-start=\"793\" data-end=\"1035\"><strong data-start=\"793\" data-end=\"844\">Prometheus\u00ae Jeweller&#8217;s Light Yellow Bronze Clay<\/strong> kann zusammen mit den meisten<br data-start=\"884\" data-end=\"887\"><strong data-start=\"887\" data-end=\"944\">im Labor hergestellten Edelsteinen (wie z.B. Cubic Zirkonias)<\/strong>, <strong data-start=\"946\" data-end=\"987\">vorkontrollierten Natursteinen<\/strong>, <strong data-start=\"989\" data-end=\"1003\">Glasperlen<\/strong>, <strong data-start=\"1005\" data-end=\"1017\">Keramik<\/strong> und <strong data-start=\"1021\" data-end=\"1034\">Porzellan<\/strong> gebrannt werden.<\/p>\n<p data-start=\"1037\" data-end=\"1189\">W\u00e4hrend des Brennvorgangs verdampft und verbrennt das organische Bindemittel und hinterl\u00e4sst nur <strong data-start=\"1123\" data-end=\"1140\">feste Bronze<\/strong>.<br data-start=\"1152\" data-end=\"1155\">Nach dem Brennen k\u00f6nnen Sie das Werkst\u00fcck herstellen:<\/p>\n<ul data-start=\"1190\" data-end=\"1308\">\n<li data-start=\"1190\" data-end=\"1208\">\n<p data-start=\"1192\" data-end=\"1208\"><strong data-start=\"1192\" data-end=\"1205\">b\u00fcrsten<\/strong>,<\/p>\n<\/li>\n<li data-start=\"1209\" data-end=\"1266\">\n<p data-start=\"1211\" data-end=\"1266\">eventuell <strong data-start=\"1221\" data-end=\"1233\">Beizen<\/strong> (zum Entfernen von Feuerkalk),<\/p>\n<\/li>\n<li data-start=\"1267\" data-end=\"1308\">\n<p data-start=\"1269\" data-end=\"1308\">und <strong data-start=\"1272\" data-end=\"1285\">polieren Sie es<\/strong> auf den gew\u00fcnschten Glanz.<\/p>\n<\/li>\n<\/ul>\n<hr data-start=\"1310\" data-end=\"1313\">\n<h3 data-start=\"1315\" data-end=\"1335\"><strong data-start=\"1319\" data-end=\"1335\">Anwendungen<\/strong><\/h3>\n<p data-start=\"1336\" data-end=\"1392\">Mit <strong data-start=\"1340\" data-end=\"1348\">PLY\u00ae<\/strong> k\u00f6nnen Sie einzigartige Kreationen realisieren, wie zum Beispiel:<\/p>\n<ul data-start=\"1393\" data-end=\"1493\">\n<li data-start=\"1393\" data-end=\"1405\">\n<p data-start=\"1395\" data-end=\"1405\">Schmuck<\/p>\n<\/li>\n<li data-start=\"1406\" data-end=\"1420\">\n<p data-start=\"1408\" data-end=\"1420\">Ornamente<\/p>\n<\/li>\n<li data-start=\"1421\" data-end=\"1439\">\n<p data-start=\"1423\" data-end=\"1439\">hohle Gegenst\u00e4nde<\/p>\n<\/li>\n<li data-start=\"1440\" data-end=\"1465\">\n<p data-start=\"1442\" data-end=\"1465\">Statuen und Skulpturen<\/p>\n<\/li>\n<li data-start=\"1466\" data-end=\"1493\">\n<p data-start=\"1468\" data-end=\"1493\">dekorative Kunstwerke<\/p>\n<\/li>\n<\/ul>\n<p data-start=\"1495\" data-end=\"1653\">Alles, was Sie mit <strong data-start=\"1518\" data-end=\"1569\">Prometheus\u00ae Jeweller&#8217;s Light Yellow Bronze Clay<\/strong> herstellen, ist ein Kunstwerk. Kombinieren Sie ihn mit Ihrer Fantasie und lassen Sie Ihre H\u00e4nde die Arbeit machen! <\/p>\n<hr data-start=\"1655\" data-end=\"1658\">\n<h2 data-start=\"1660\" data-end=\"1703\"><strong data-start=\"1663\" data-end=\"1703\">Backprozess &#8211; zweistufige Methode (PLY\u00ae)<\/strong><\/h2>\n<h3 data-start=\"1705\" data-end=\"1752\"><strong data-start=\"1709\" data-end=\"1752\">Schritt 1 &#8211; Verbrennung des Bindemittels<\/strong><\/h3>\n<ol data-start=\"1753\" data-end=\"2065\">\n<li data-start=\"1753\" data-end=\"1834\">\n<p data-start=\"1756\" data-end=\"1834\">Legen Sie die <strong data-start=\"1766\" data-end=\"1796\">vollst\u00e4ndig getrockneten St\u00fccke<\/strong> auf ein <strong data-start=\"1804\" data-end=\"1831\">Gestell aus Edelstahl<\/strong>.<\/p>\n<\/li>\n<li data-start=\"1835\" data-end=\"1885\">\n<p data-start=\"1838\" data-end=\"1885\">Schalten Sie den Ofen <strong data-start=\"1850\" data-end=\"1858\">kalt<\/strong> ein (nicht vorgeheizt).<\/p>\n<\/li>\n<li data-start=\"1886\" data-end=\"1936\">\n<p data-start=\"1889\" data-end=\"1936\">Erh\u00f6hen Sie die Temperatur auf <strong data-start=\"1916\" data-end=\"1933\">500\u00b0C (932\u00b0F)<\/strong>.<\/p>\n<\/li>\n<li data-start=\"1937\" data-end=\"1966\">\n<p data-start=\"1940\" data-end=\"1966\"><strong data-start=\"1940\" data-end=\"1952\">Backzeit:<\/strong> 15 Minuten.<\/p>\n<\/li>\n<li data-start=\"1967\" data-end=\"2065\">\n<p data-start=\"1970\" data-end=\"2065\">Nehmen Sie die St\u00fccke aus dem Ofen und legen Sie sie zum Abk\u00fchlen auf eine <strong data-start=\"2018\" data-end=\"2046\">hitzebest\u00e4ndige Unterlage<\/strong>.<\/p>\n<\/li>\n<\/ol>\n<p data-start=\"2067\" data-end=\"2169\">\ud83d\udca1 <em data-start=\"2070\" data-end=\"2077\">Zweck:<\/em> Entfernen des organischen Bindemittels, um das Metallpulver f\u00fcr die Sinterung vorzubereiten.<\/p>\n<hr data-start=\"2171\" data-end=\"2174\">\n<h3 data-start=\"2176\" data-end=\"2218\"><strong data-start=\"2180\" data-end=\"2218\">Schritt 2 &#8211; Sinterprozess (Bronzieren)<\/strong><\/h3>\n<ol data-start=\"2219\" data-end=\"2901\">\n<li data-start=\"2219\" data-end=\"2319\">\n<p data-start=\"2222\" data-end=\"2319\">Tragen Sie eine Schicht von <strong data-start=\"2241\" data-end=\"2271\">etwa 3 cm Aktivkohle<\/strong> auf den Boden eines <strong data-start=\"2296\" data-end=\"2316\">Stahlbeh\u00e4lters<\/strong> auf.<\/p>\n<\/li>\n<li data-start=\"2320\" data-end=\"2406\">\n<p data-start=\"2323\" data-end=\"2406\">Legen Sie die St\u00fccke in den Beh\u00e4lter mit <strong data-start=\"2361\" data-end=\"2387\">mindestens 1,5 cm Abstand<\/strong> zwischen jedem St\u00fcck.<\/p>\n<\/li>\n<li data-start=\"2407\" data-end=\"2493\">\n<p data-start=\"2410\" data-end=\"2493\">Bedecken Sie die St\u00fccke vollst\u00e4ndig mit <strong data-start=\"2440\" data-end=\"2456\">Aktivkohle<\/strong> und <strong data-start=\"2460\" data-end=\"2490\">verschlie\u00dfen Sie den Beh\u00e4lter fest<\/strong>.<\/p>\n<\/li>\n<li data-start=\"2494\" data-end=\"2567\">\n<p data-start=\"2497\" data-end=\"2567\">Stellen Sie den Beh\u00e4lter in einen <strong data-start=\"2524\" data-end=\"2564\">auf 780\u00b0C (1436\u00b0F) vorgeheizten Ofen<\/strong>.<\/p>\n<\/li>\n<li data-start=\"2568\" data-end=\"2637\">\n<p data-start=\"2571\" data-end=\"2637\">Bringen Sie den Ofen wieder auf die gew\u00fcnschte Temperatur und <strong data-start=\"2621\" data-end=\"2634\">backen Sie 1 Stunde lang<\/strong>.<\/p>\n<\/li>\n<li data-start=\"2638\" data-end=\"2901\">\n<p data-start=\"2641\" data-end=\"2655\">Nach dem Backen:<\/p>\n<ul data-start=\"2659\" data-end=\"2901\">\n<li data-start=\"2659\" data-end=\"2730\">\n<p data-start=\"2661\" data-end=\"2730\"><strong data-start=\"2661\" data-end=\"2673\">Option A:<\/strong> Lassen Sie den Ofen mit den St\u00fccken darin vollst\u00e4ndig abk\u00fchlen, oder<\/p>\n<\/li>\n<li data-start=\"2734\" data-end=\"2901\">\n<p data-start=\"2736\" data-end=\"2901\"><strong data-start=\"2736\" data-end=\"2748\">Option B:<\/strong> Nehmen Sie den Beh\u00e4lter vorsichtig aus dem Ofen und lassen Sie ihn auf einer <strong data-start=\"2820\" data-end=\"2850\">hitzebest\u00e4ndigen<\/strong> Oberfl\u00e4che abk\u00fchlen, bis die St\u00fccke kalt genug sind, um sie herauszunehmen.<\/p>\n<\/li>\n<\/ul>\n<\/li>\n<\/ol>\n<hr data-start=\"2903\" data-end=\"2906\">\n<h3 data-start=\"2908\" data-end=\"2927\"><strong data-start=\"2912\" data-end=\"2927\">Nachbearbeitung<\/strong><\/h3>\n<ol data-start=\"2928\" data-end=\"3156\">\n<li data-start=\"2928\" data-end=\"2992\">\n<p data-start=\"2931\" data-end=\"2992\"><strong data-start=\"2931\" data-end=\"2945\">B\u00fcrsten:<\/strong> Entfernen Sie lose R\u00fcckst\u00e4nde oder Verf\u00e4rbungen.<\/p>\n<\/li>\n<li data-start=\"2993\" data-end=\"3072\">\n<p data-start=\"2996\" data-end=\"3072\"><strong data-start=\"2996\" data-end=\"3009\">Beizen:<\/strong> Verwenden Sie ein Beizbad, um Feuerstein zu entfernen.<\/p>\n<\/li>\n<li data-start=\"3073\" data-end=\"3156\">\n<p data-start=\"3076\" data-end=\"3156\"><strong data-start=\"3076\" data-end=\"3090\">Polieren:<\/strong> Tragen Sie das gew\u00fcnschte Finish auf &#8211; matt, satiniert oder hochgl\u00e4nzend.<\/p>\n<\/li>\n<\/ol>\n<hr data-start=\"3158\" data-end=\"3161\">\n<h3 data-start=\"3163\" data-end=\"3201\"><strong data-start=\"3167\" data-end=\"3201\">Zusammenfassung der Backschritte<\/strong><\/h3>\n<div class=\"_tableContainer_1rjym_1\">\n<div class=\"group _tableWrapper_1rjym_13 flex w-fit flex-col-reverse\" tabindex=\"-1\">\n<table class=\"w-fit min-w-(--thread-content-width)\" data-start=\"3203\" data-end=\"3451\">\n<thead data-start=\"3203\" data-end=\"3246\">\n<tr data-start=\"3203\" data-end=\"3246\">\n<th data-start=\"3203\" data-end=\"3210\" data-col-size=\"sm\">Schritt<\/th>\n<th data-start=\"3210\" data-end=\"3224\" data-col-size=\"sm\">Temperatur<\/th>\n<th data-start=\"3224\" data-end=\"3231\" data-col-size=\"sm\">Zeit<\/th>\n<th data-start=\"3231\" data-end=\"3246\" data-col-size=\"md\">Bemerkungen<\/th>\n<\/tr>\n<\/thead>\n<tbody data-start=\"3293\" data-end=\"3451\">\n<tr data-start=\"3293\" data-end=\"3374\">\n<td data-start=\"3293\" data-end=\"3316\" data-col-size=\"sm\">1. Verbrennung des Bindemittels<\/td>\n<td data-col-size=\"sm\" data-start=\"3316\" data-end=\"3324\">500\u00b0C<\/td>\n<td data-col-size=\"sm\" data-start=\"3324\" data-end=\"3333\">15 min<\/td>\n<td data-col-size=\"md\" data-start=\"3333\" data-end=\"3374\">Kaltstart des Ofens, St\u00fccke auf dem Rost<\/td>\n<\/tr>\n<tr data-start=\"3375\" data-end=\"3451\">\n<td data-start=\"3375\" data-end=\"3389\" data-col-size=\"sm\">2. Sintern<\/td>\n<td data-col-size=\"sm\" data-start=\"3389\" data-end=\"3397\">780\u00b0C<\/td>\n<td data-col-size=\"sm\" data-start=\"3397\" data-end=\"3405\">1 Stunde<\/td>\n<td data-col-size=\"md\" data-start=\"3405\" data-end=\"3451\">In Aktivkohle, geschlossener Stahlbeh\u00e4lter<\/td>\n<\/tr>\n<\/tbody>\n<\/table>\n<\/div>\n<\/div>\n","protected":false},"excerpt":{"rendered":"<p><strong>Stellen Sie Ihren eigenen Bronzeschmuck mit Prometheus Bronze Clay her!<\/strong><\/p>\n<p>&nbsp;<\/p>\n<p>Pr\u00fcfen Sie die <strong><u><a href=\"https:\/\/www.esquell.nl\/c\/kennisbank\/bronsklei-bronze-clay-prometheus\">Wissensdatenbank<\/a> <\/u><\/strong>f\u00fcr die Arbeitsmethode Bronze Clay, um Informationen zum Modellieren, Brennen, Finishing usw. zu erhalten.<\/p>\n<p><a href=\"https:\/\/www.esquell.nl\/c\/shop\/metaalklei\/bronsklei\"><u><strong>Schauen Sie hier f\u00fcr weitere Bronze Ton Produkte  <\/strong><\/u><\/a><\/p>\n<p>Bronze Clay von Prometheus ist ein Ton, der sich beim Erhitzen in reine Bronze verwandelt. Sie ist eine Zusammensetzung aus Bronzepulver, Wasser und einem organischen Bindemittel.<br \/>\nWie unsere anderen Tone kann sie von Hand zu Platten oder Rohren geformt, in Formen gegossen, strukturiert und sogar auf einer Drehscheibe verwendet werden.<br \/>\nSie kann mit den meisten synthetischen Steinen, Zirkonias, vorgepr\u00fcften Natursteinen, Glasperlen und Keramik gebrannt werden. Es ist auch sehr gut zum Emaillieren geeignet. Er ist langsam trocknend, so dass Sie den Ton l\u00e4nger kneten und formen k\u00f6nnen.   <\/p>\n<p>Prometheus Bronze Clay kann bei Raumtemperatur gelagert werden und trocknet langsam, so dass Sie den Ton l\u00e4nger kneten und formen k\u00f6nnen. Der Ton hat eine Schrumpfungsrate von 7-9%. Viele Eigenschaften sind \u00e4hnlich wie bei Silberlehm; Bronzelehm wird 30 Minuten lang bei 700\u00b0C im Ofen erhitzt. Au\u00dferdem wird beim Erhitzen keine Edelstahlpfanne und\/oder Aktivkohle ben\u00f6tigt. Die Packung enth\u00e4lt 100 Gramm Kupferknete.    <\/p>\n<p>Sie verwenden diesen Ton, um Formen zu formen, indem Sie ihn kneten, ausrollen und aufrollen.<\/p>\n<p><strong><br \/>\nHilfreiche Tipps zur Verwendung von Prometheus Bronze Clay<\/strong>:<\/p>\n<p>&#8211; Bronzeton sollte luftdicht, k\u00fchl und dunkel gelagert werden.<br \/>\nIn seiner Verpackung ist Bronzeton 1 Jahr lang haltbar.<br \/>\n&#8211; Bronzeton kann mit destilliertem oder abgekochtem Wasser verd\u00fcnnt werden.<br \/>\n&#8211; Verpacken Sie \u00fcbrig gebliebenen Bronzeton immer sofort vakuumverpackt, um eine Oxidation zu verhindern.<br \/>\n&#8211; Bronzeton trocknet an der Luft und trocknet recht schnell, stellen Sie also sicher, dass alles<br \/>\nim Voraus vorbereitet ist.<br \/>\n&#8211; Nach dem Trocknen ist Bronzeton so hart wie Gips, so dass Sie Muster einritzen oder feilen k\u00f6nnen<br \/>\n.<br \/>\n&#8211; Wenn er trocknet und bricht, k\u00f6nnen Sie ein Ornament aus Bronzeton mit Kleister reparieren.<br \/>\n&#8211; Beachten Sie bitte, dass Bronzeton nicht frostbest\u00e4ndig ist.<\/p>\n<p><strong>M\u00f6chten Sie selbst mit Prometheus Bronze Clay arbeiten?  <\/strong><\/p>\n<p>Dann empfehlen wir Ihnen, zun\u00e4chst einen Workshop mit einem zertifizierten Art Clay Silver<br \/>\nAusbilder zu besuchen. Hier lernen Sie, wie man richtig mit dem Bronzeton arbeitet und wie man die Werkzeuge richtig einsetzt. Au\u00dferdem macht es unheimlich viel Spa\u00df!  <\/p>\n<p>&nbsp;<\/p>\n<p><strong>Anleitung Prometheus\u2122 Bronze Clay<\/strong><\/p>\n<p><strong>Formen<\/strong><\/p>\n<p>Nehmen Sie die Knete aus ihrer Plastikverpackung und legen Sie sie auf eine saubere Arbeitsfl\u00e4che aus Plastik und\/oder Teflonfolie. Verwenden Sie Ihre Finger, einen Tonroller, Spatel, Ausstechformen, Hobbymesser, Zahnstocher und andere Werkzeuge, um den Ton zu formen.<br \/>\nSie k\u00f6nnen dem Ton mit Stempeln, Texturplatten und anderen interessanten Texturen Struktur verleihen.<br \/>\nBei normaler Konsistenz klebt der Ton nicht an den H\u00e4nden oder der Arbeitsfl\u00e4che. Wir empfehlen jedoch die Verwendung einer Anti-Haft-Formel. Eine kleine Menge der Anti-Haft-Formel auf einer Oberfl\u00e4che sorgt daf\u00fcr, dass sich die Silberknete m\u00fchelos abl\u00f6sen l\u00e4sst und nicht mehr klebt. Die Fl\u00fcssigkeit kann als Spray verwendet oder mit einem Pinsel aufgetragen werden. Bei der Verwendung von Profilplatten oder Stempeln werden Sie feststellen, dass die Bilder dadurch viel sch\u00e4rfer und heller werden, als ohne die Verwendung von \u00d6l oder Balsam. Die Formel ist nicht sch\u00e4dlich f\u00fcr den Ton, den Untergrund oder die Gesundheit und ist au\u00dferdem geruchsneutral und schnell trocknend.      <\/p>\n<p>Um zu verhindern, dass der Ton austrocknet, ist es ratsam, nicht zu lange an der Form zu arbeiten. Sie m\u00fcssen sich jedoch nicht beeilen, denn Prometheus Bronze Clay l\u00e4sst Ihnen viel Zeit. Sollten dennoch Risse entstehen, k\u00f6nnen Sie diese ausbessern, indem Sie z.B. mit einem Pinsel oder einer Spritze direkt Wasser hinzuf\u00fcgen. Gr\u00f6\u00dfere Risse oder Br\u00fcche k\u00f6nnen Sie mit ein wenig Paste reparieren.   <\/p>\n<p><strong>Herstellung von Nudeln<\/strong><br \/>\nUm Nudeln herzustellen, mischen Sie etwas Ton mit Wasser, bis er die Konsistenz von klumpigem Joghurt hat.<\/p>\n<p><strong>Trocknen<\/strong><\/p>\n<p><strong>Bake-off<\/strong><\/p>\n<p>Bronzeton kann in einem Ofen bei 700\u00b0C f\u00fcr 30 Minuten erhitzt werden. Beim Erhitzen ist kein Edelstahlbeh\u00e4lter mit Aktivkohle erforderlich. Manche Leute bevorzugen jedoch diese Methode, weil die \u00c4tzwirkung besser ist und ein anschlie\u00dfendes Beizen nicht notwendig ist.<br \/>\nEine sch\u00f6ne Alternative ist es, den Ton mit einem Gasbrenner zu erhitzen.  <\/p>\n<p>Optionen zum Brennen von Prometheus Bronze Ton:<\/p>\n<p>Da jeder Ofen etwas anders ist, empfehlen wir Ihnen, einige Experimente durchzuf\u00fchren und ein detailliertes Ofenprotokoll zu f\u00fchren, um Ihre eigene spezifische Brenntabelle zu erstellen (**). Sie k\u00f6nnen bei h\u00f6heren Temperaturen brennen, aber das w\u00fcrde zu einer h\u00f6heren Schrumpfung f\u00fchren. <\/p>\n<p>(*) Benutzen Sie beim Be- und Entladen des Ofens Handschuhe, Zange, Schaufel und Schutzbrille. Legen Sie hei\u00dfe Teile auf eine hitzebest\u00e4ndige Oberfl\u00e4che.<br \/>\n(**) Testen Sie die Genauigkeit Ihres Ofens, indem Sie ein kleines St\u00fcck Ton brennen. Bei Elektro\u00f6fen sind aufgrund der Temperaturregelung und der Isolierung leichte Abweichungen m\u00f6glich. Nach Ihren Testergebnissen k\u00f6nnen Sie die Brenntemperatur um bis zu 5% erh\u00f6hen.  <\/p>\n<p>(*) Es gibt ein Demonstrationsvideo unter www.proclays.com<br \/>\n(**) Verbrennen Sie Ihre St\u00fccke an einem gut bel\u00fcfteten Ort. Personen mit Lungen- oder Atemproblemen k\u00f6nnen durch den entstehenden Rauch beeintr\u00e4chtigt werden.<br \/>\n(***) Tragen Sie Handschuhe, wenn Sie mit der Keramikdecke arbeiten, atmen Sie ihren Staub ein und waschen Sie sich nach der Arbeit die H\u00e4nde.<\/p>\n<p>Wenn der Brand abgeschlossen ist, nehmen Sie die Verpackung, legen Sie sie auf eine hitzebest\u00e4ndige Unterlage und warten Sie, bis sie abgek\u00fchlt ist, bevor Sie sie auspacken, oder nehmen Sie sie aus der Verpackung, w\u00e4hrend sie noch hei\u00df ist, und w\u00e4ssern Sie sie in Wasser. Der gr\u00f6\u00dfte Teil des Brandgeruchs verl\u00e4sst das St\u00fcck. Um den Rest loszuwerden, legen Sie es f\u00fcr einige Zeit in eine hei\u00dfe Beizl\u00f6sung.  <\/p>\n<p><strong>Konventionelle Methode<\/strong><\/p>\n<p>Legen Sie das getrocknete St\u00fcck (oder die getrockneten St\u00fccke) auf ein Edelstahlnetz und erhitzen Sie es auf 800 Grad Celsius. (**) Warten Sie, bis der Ofen wieder die gew\u00fcnschte Temperatur erreicht hat, und beginnen Sie dann mit dem Backen f\u00fcr 30 Minuten.<\/p>\n<p>Wenn der Brand abgeschlossen ist, nehmen Sie das St\u00fcck, legen es auf eine hitzebest\u00e4ndige Unterlage und warten, bis es abgek\u00fchlt ist, oder noch besser, Sie d\u00e4mpfen es im Wasser, w\u00e4hrend es noch hei\u00df ist. (***) Der gr\u00f6\u00dfte Teil des Feuersteines verl\u00e4sst das St\u00fcck. Um den Rest loszuwerden, legen Sie es f\u00fcr einige Zeit in eine hei\u00dfe Beizl\u00f6sung.<br \/>\n(*) Diese Methode empfiehlt sich besonders f\u00fcr gro\u00dfe St\u00fccke, Statuetten usw.<br \/>\n(**) Die meisten \u00d6fen sind in der N\u00e4he der Vordert\u00fcr k\u00fchler, stellen Sie sie also in die N\u00e4he der R\u00fcckseite des Trockenofens.<br \/>\n(***) Seien Sie sich des Wasserdampfes bewusst.<\/p>\n<p><strong>Kohlenstoff-Methode<\/strong><\/p>\n<p>Dies ist eine 2-stufige Methode.<\/p>\n<p>Schritt.1<br \/>\nLegen Sie das getrocknete St\u00fcck (bzw. die getrockneten St\u00fccke) auf ein Edelstahlnetz und legen Sie es bei 500 Grad C \/ 932 Grad F in den Vorofen oder auf einen Herd. Brennen Sie es 10 Minuten lang, nehmen Sie es auf einer feuerfesten Unterlage heraus und lassen Sie es abk\u00fchlen. <\/p>\n<p>Schritt.2<br \/>\nLegen Sie etwa 3 cm Aktivkohle auf den Boden eines Stahlbeh\u00e4lters. Legen Sie die St\u00fccke mit einem Abstand von mindestens 1,5 cm zueinander und f\u00fcllen Sie den Beh\u00e4lter mit Aktivkohle, verschlie\u00dfen Sie ihn und stellen Sie ihn in den auf 800\u00b0C \/ 1472\u00b0C vorgeheizten Ofen. Lassen Sie den Ofen auf die Zieltemperatur abk\u00fchlen und brennen Sie ihn 90 Minuten lang. Wenn der Brand beendet ist, lassen Sie ihn entweder im Ofen abk\u00fchlen oder nehmen Sie ihn heraus und lassen ihn auf einer w\u00e4rmeisolierten Oberfl\u00e4che stehen, bis er kalt genug ist, um Ihre St\u00fccke herauszunehmen. Eine andere Brennmethode ist 800\u00b0C\/f 1472 f\u00fcr 2 Stunden, die besser ist, wenn PBC\u2122 mit PCC\u2122 kombiniert wird.    <\/p>\n<p><strong>Mit einem Gasbrenner<\/strong><\/p>\n<p><strong>Finish<\/strong><\/p>\n<p>B\u00fcrsten Sie Ihr St\u00fcck mit einer Metallb\u00fcrste und legen Sie es gegebenenfalls in eine hei\u00dfe Beizl\u00f6sung. (*) Nach dem Beizen sp\u00fclen Sie das St\u00fcck mit Wasser ab und trocknen es. So erhalten Sie eine sch\u00f6ne warme, r\u00f6tliche Bronzefarbe. Sie k\u00f6nnen auch viele verschiedene Patinal\u00f6sungen verwenden, um andere Farben zu erhalten.<br \/>\n(*) Wir empfehlen Picklean \u2122 Granulat. Mischen Sie einen Essl\u00f6ffel Picklean\u2122 mit einem Glas hei\u00dfem Wasser und lassen Sie Ihr St\u00fcck einige Zeit darin liegen.<br \/>\nPolieren Sie das St\u00fcck mit einem Polierwerkzeug, Polierpapier, einem Daumenpolierer oder einem Motor. Die Verwendung von Polierwerkzeugen kann Ihrer Arbeit zus\u00e4tzlichen Glanz verleihen.  <\/p>\n","protected":false},"featured_media":4048,"comment_status":"closed","ping_status":"closed","template":"","meta":{"_acf_changed":false,"_seopress_robots_primary_cat":"none","_seopress_titles_title":"","_seopress_titles_desc":"","_seopress_robots_index":""},"more":[],"product_brand":[6518],"product_cat":[6519],"product_tag":[9081,6924,7058,7999,6492,11266,7543,11258,11274,6415,7387,6921,10323,6494,9979,11264,8027,6895,6909,11270,7555,11265,6693,6692,11267,11260,6696,6897,11261,6786,6691,10581,6498,8583,6775,6421,6444,7557,8137,6441,9199,6682,6891,11262,8643,8092,6777,11269,6419,7021,6899,6889,6558,6901,7086,6781,11259,6435,6500,6556,6893,6784,11263,6814,6783,7064,11268,11273],"class_list":{"0":"post-13610","1":"product","2":"type-product","3":"status-publish","4":"has-post-thumbnail","6":"product_brand-prometheus","7":"product_cat-bronze-ton","8":"product_tag-als","9":"product_tag-anhanger-2","10":"product_tag-anhanger-3","11":"product_tag-arbeitsbeschreibung","12":"product_tag-artclay","13":"product_tag-ascheschmuck-3","14":"product_tag-ausbilder-2","15":"product_tag-besuchen-sie","16":"product_tag-bild","17":"product_tag-billig","18":"product_tag-bronze","19":"product_tag-charme","20":"product_tag-die","21":"product_tag-diy","22":"product_tag-einzigartig","23":"product_tag-erinnerung","24":"product_tag-erklarung","25":"product_tag-es","26":"product_tag-facebook","27":"product_tag-figurchen","28":"product_tag-formbare","29":"product_tag-gedenken","30":"product_tag-halskette","31":"product_tag-handbuch","32":"product_tag-haustier","33":"product_tag-hund","34":"product_tag-ideen","35":"product_tag-ihr","36":"product_tag-katze","37":"product_tag-kaufen","38":"product_tag-kette","39":"product_tag-kneten","40":"product_tag-kunst","41":"product_tag-kurs","42":"product_tag-kurzwarengeschaft","43":"product_tag-machen","44":"product_tag-metalclay","45":"product_tag-metall","46":"product_tag-metall-3","47":"product_tag-metallton","48":"product_tag-ohrring-2","49":"product_tag-ohrringe","50":"product_tag-online-shop","51":"product_tag-personlich-2","52":"product_tag-pinterest","53":"product_tag-ring","54":"product_tag-ringe","55":"product_tag-sahneschnittchen","56":"product_tag-schmuck","57":"product_tag-schmuck-3","58":"product_tag-selbst","59":"product_tag-shop","60":"product_tag-sie-selbst","61":"product_tag-sie-selbst-2","62":"product_tag-silberschmiede","63":"product_tag-teile","64":"product_tag-tipp","65":"product_tag-ton","66":"product_tag-ton-2","67":"product_tag-ton-3","68":"product_tag-tun","69":"product_tag-unter-2","70":"product_tag-web","71":"product_tag-webshop","72":"product_tag-wobei","73":"product_tag-workshop","74":"product_tag-zum-gedenken-an","75":"product_tag-zum-gedenken-an-2","76":"product_shipping_class-standard","77":"pa_hoeveelheid-100-g","78":"pa_hoeveelheid-200-gramm","80":"first","81":"instock","82":"taxable","83":"shipping-taxable","84":"purchasable","85":"product-type-variable"},"acf":[],"_links":{"self":[{"href":"https:\/\/esquell.eu\/de\/wp-json\/wp\/v2\/product\/13610","targetHints":{"allow":["GET"]}}],"collection":[{"href":"https:\/\/esquell.eu\/de\/wp-json\/wp\/v2\/product"}],"about":[{"href":"https:\/\/esquell.eu\/de\/wp-json\/wp\/v2\/types\/product"}],"replies":[{"embeddable":true,"href":"https:\/\/esquell.eu\/de\/wp-json\/wp\/v2\/comments?post=13610"}],"wp:featuredmedia":[{"embeddable":true,"href":"https:\/\/esquell.eu\/de\/wp-json\/wp\/v2\/media\/4048"}],"wp:attachment":[{"href":"https:\/\/esquell.eu\/de\/wp-json\/wp\/v2\/media?parent=13610"}],"wp:term":[{"taxonomy":"more","embeddable":true,"href":"https:\/\/esquell.eu\/de\/wp-json\/wp\/v2\/more?post=13610"},{"taxonomy":"product_brand","embeddable":true,"href":"https:\/\/esquell.eu\/de\/wp-json\/wp\/v2\/product_brand?post=13610"},{"taxonomy":"product_cat","embeddable":true,"href":"https:\/\/esquell.eu\/de\/wp-json\/wp\/v2\/product_cat?post=13610"},{"taxonomy":"product_tag","embeddable":true,"href":"https:\/\/esquell.eu\/de\/wp-json\/wp\/v2\/product_tag?post=13610"}],"curies":[{"name":"wp","href":"https:\/\/api.w.org\/{rel}","templated":true}]}}