{"id":13567,"date":"2025-04-03T09:20:03","date_gmt":"2025-04-03T09:20:03","guid":{"rendered":"https:\/\/esquell.eu\/product\/goldfolie-24-k-r-0043\/"},"modified":"2026-01-10T17:00:22","modified_gmt":"2026-01-10T17:00:22","slug":"goldfolie-24-k-r-0043","status":"publish","type":"product","link":"https:\/\/esquell.eu\/de\/produkt\/goldfolie-24-k-r-0043\/","title":{"rendered":"Goldfolie 24 K (R-0043)"},"content":{"rendered":"<p>Diese 24K Goldfolie (3,5 x 5 cm) kann auf gebranntem Silberschmuck verwendet werden.<\/p>\n<p>Die Keum Boo Technik.<\/p>\n<p>Nachdem die Goldfolie aufgetragen wurde, muss sie bei 800 Grad Celsius in den Ofen, um mit dem Silber zu verschmelzen. Sie k\u00f6nnen die Folie mit einem Achatstein bearbeiten und polieren. <\/p>\n<p>Eine andere Methode ist die auf einem Elektroherd. Heizen Sie das Silberobjekt gut vor. Setzen Sie die Goldst\u00fccke mit einer Pinzette auf die gew\u00fcnschte Stelle und dr\u00fccken Sie sie mit dem Achatstift an.  <\/p>\n","protected":false},"excerpt":{"rendered":"<p>Diese 24K Goldfolie (3,5 x 5 cm) kann auf gebranntem Silberschmuck verwendet werden.<\/p>\n<p>Die Keum Boo Technik.<\/p>\n<p>Nachdem die Goldfolie aufgetragen wurde, muss sie bei 800 Grad Celsius in den Ofen, um mit dem Silber zu verschmelzen. Sie k\u00f6nnen die Folie mit einem Achatstein bearbeiten und polieren. <\/p>\n<p>Eine andere Methode ist die auf einem Elektroherd. Heizen Sie das Silberobjekt gut vor. Setzen Sie die Goldst\u00fccke mit einer Pinzette auf die gew\u00fcnschte Stelle und dr\u00fccken Sie sie mit dem Achatstift an.  <\/p>\n<p><u> <\/u><\/p>\n<p>&nbsp;<\/p>\n<p>&nbsp;<\/p>\n<p>&nbsp;<\/p>\n<p>&nbsp;<\/p>\n","protected":false},"featured_media":13568,"comment_status":"closed","ping_status":"closed","template":"","meta":{"_acf_changed":false,"_seopress_robots_primary_cat":"none","_seopress_titles_title":"","_seopress_titles_desc":"","_seopress_robots_index":""},"more":[],"product_brand":[6413],"product_cat":[6367,7089],"product_tag":[7105,9279,9298,9301,9305,7058,6924,6689,7919,6492,6415,8955,9294,8949,6494,6895,6767,7331,9275,6769,6693,6897,7097,6786,6691,9268,9272,6498,6421,8952,6444,8137,6441,9288,9285,6682,9291,9262,9307,9308,8092,6777,6820,6419,6899,6901,6558,6417,6490,9264,6500,6556,6893,6784,6783],"class_list":{"0":"post-13567","1":"product","2":"type-product","3":"status-publish","4":"has-post-thumbnail","6":"product_brand-acs","7":"product_cat-erganzende-materialien","8":"product_cat-gold-ton","9":"product_tag-7105","10":"product_tag-24k","11":"product_tag-achat","12":"product_tag-achatnadel","13":"product_tag-achatstein","14":"product_tag-anhanger-3","15":"product_tag-anhanger-2","16":"product_tag-armband","17":"product_tag-armbander-2","18":"product_tag-artclay","19":"product_tag-billig","20":"product_tag-brachelet","21":"product_tag-brooche","22":"product_tag-brosche","23":"product_tag-diy","24":"product_tag-es","25":"product_tag-gold","26":"product_tag-gold-3","27":"product_tag-goldfolie","28":"product_tag-goldton","29":"product_tag-halskette","30":"product_tag-ihr","31":"product_tag-karat","32":"product_tag-kaufen","33":"product_tag-kette","34":"product_tag-keum-buh","35":"product_tag-keumbo","36":"product_tag-kunst","37":"product_tag-machen","38":"product_tag-manschette","39":"product_tag-metalclay","40":"product_tag-metall-3","41":"product_tag-metallton","42":"product_tag-ohrhaken","43":"product_tag-ohrringe-4","44":"product_tag-ohrringe","45":"product_tag-ohrstecker-4","46":"product_tag-polieren","47":"product_tag-poliermaschine","48":"product_tag-polnisch","49":"product_tag-ring","50":"product_tag-ringe","51":"product_tag-schmuck-2","52":"product_tag-schmuck","53":"product_tag-selbst","54":"product_tag-sie-selbst-2","55":"product_tag-sie-selbst","56":"product_tag-silber","57":"product_tag-silberton","58":"product_tag-stollen","59":"product_tag-ton-2","60":"product_tag-ton-3","61":"product_tag-tun","62":"product_tag-unter-2","63":"product_tag-wobei","64":"product_shipping_class-standard","66":"first","67":"instock","68":"taxable","69":"shipping-taxable","70":"purchasable","71":"product-type-simple"},"acf":[],"_links":{"self":[{"href":"https:\/\/esquell.eu\/de\/wp-json\/wp\/v2\/product\/13567","targetHints":{"allow":["GET"]}}],"collection":[{"href":"https:\/\/esquell.eu\/de\/wp-json\/wp\/v2\/product"}],"about":[{"href":"https:\/\/esquell.eu\/de\/wp-json\/wp\/v2\/types\/product"}],"replies":[{"embeddable":true,"href":"https:\/\/esquell.eu\/de\/wp-json\/wp\/v2\/comments?post=13567"}],"wp:featuredmedia":[{"embeddable":true,"href":"https:\/\/esquell.eu\/de\/wp-json\/wp\/v2\/media\/13568"}],"wp:attachment":[{"href":"https:\/\/esquell.eu\/de\/wp-json\/wp\/v2\/media?parent=13567"}],"wp:term":[{"taxonomy":"more","embeddable":true,"href":"https:\/\/esquell.eu\/de\/wp-json\/wp\/v2\/more?post=13567"},{"taxonomy":"product_brand","embeddable":true,"href":"https:\/\/esquell.eu\/de\/wp-json\/wp\/v2\/product_brand?post=13567"},{"taxonomy":"product_cat","embeddable":true,"href":"https:\/\/esquell.eu\/de\/wp-json\/wp\/v2\/product_cat?post=13567"},{"taxonomy":"product_tag","embeddable":true,"href":"https:\/\/esquell.eu\/de\/wp-json\/wp\/v2\/product_tag?post=13567"}],"curies":[{"name":"wp","href":"https:\/\/api.w.org\/{rel}","templated":true}]}}