{"id":13524,"date":"2025-04-03T09:15:17","date_gmt":"2025-04-03T09:15:17","guid":{"rendered":"https:\/\/esquell.eu\/product\/roehrenfassung-rund-groesse-ist-innengroesse-steingroesse-925-verschiedene-groessen\/"},"modified":"2026-01-10T16:58:35","modified_gmt":"2026-01-10T16:58:35","slug":"roehrenfassung-rund-groesse-ist-innengroesse-steingroesse-925-verschiedene-groessen","status":"publish","type":"product","link":"https:\/\/esquell.eu\/de\/produkt\/roehrenfassung-rund-groesse-ist-innengroesse-steingroesse-925-verschiedene-groessen\/","title":{"rendered":"R\u00f6hreneinstellung herum. Die Gr\u00f6\u00dfe ist die Innengr\u00f6\u00dfe \/ Steingr\u00f6\u00dfe. 925 Verschiedene Gr\u00f6\u00dfen"},"content":{"rendered":"<p>Fassungsdosen, R\u00f6hrenfassung,<br \/>\n925 Sterling Silber<br \/>\nVerschiedene Gr\u00f6\u00dfen.<br \/>\nFassungsdosen, Fassungen, Fassung<\/p>\n<p>Geeignet zum Brennen mit Silberton.<\/p>\n<p>Gr\u00f6\u00dfe ist Innengr\u00f6\u00dfe = Steingr\u00f6\u00dfe<\/p>\n","protected":false},"excerpt":{"rendered":"<p>R\u00f6hrenfassung rund<\/p>\n<p>Sterling Silber<\/p>\n<p>925<\/p>\n<p>Gr\u00f6\u00dfe ist Innengr\u00f6\u00dfe \/ Steingr\u00f6\u00dfe.<\/p>\n<p>Geeignet f\u00fcr Zirkonia<\/p>\n<p>&nbsp;<\/p>\n<p>&nbsp;<\/p>\n<p>&nbsp;<\/p>\n","protected":false},"featured_media":13933,"comment_status":"closed","ping_status":"closed","template":"","meta":{"_acf_changed":false,"_seopress_robots_primary_cat":"none","_seopress_titles_title":"","_seopress_titles_desc":"","_seopress_robots_index":""},"more":[],"product_brand":[7173],"product_cat":[11005],"product_tag":[6488,6446,6492,6438,6458,6790,7463,7451,11060,6883,7733,6881,6494,11061,6793,7461,7953,6680,7547,8227,7349,11066,11068,7171,6673,9265,6786,6885,6775,7019,7545,6421,11057,11063,6441,6455,6788,6432,6424,6926,11062,11071,11059,6419,6820,6514,7455,7459,6558,11064,6417,6812,7354,7086,6490,6996,6435,7511,6784,6449,6814,6818,6429,6783,7457],"class_list":{"0":"post-13524","1":"product","2":"type-product","3":"status-publish","4":"has-post-thumbnail","6":"product_brand-rio","7":"product_cat-siedlungen-und-chatons","8":"product_tag-6488","9":"product_tag-aida","10":"product_tag-artclay","11":"product_tag-artclaysilver","12":"product_tag-belgien","13":"product_tag-bestellung","14":"product_tag-bruhgruppe","15":"product_tag-chaton","16":"product_tag-chatons","17":"product_tag-deutschland","18":"product_tag-deutschland-2","19":"product_tag-deutsland","20":"product_tag-diy","21":"product_tag-einbetten","22":"product_tag-einkaufen","23":"product_tag-einstellbox","24":"product_tag-einstellung","25":"product_tag-frankreich","26":"product_tag-frankreich-2","27":"product_tag-geeignet","28":"product_tag-goldschmied","29":"product_tag-goldschmied-3","30":"product_tag-grobhandel","31":"product_tag-gut-2","32":"product_tag-japan","33":"product_tag-juwelier","34":"product_tag-kaufen","35":"product_tag-kaufen-2","36":"product_tag-kurzwarengeschaft","37":"product_tag-liefert","38":"product_tag-luxemburg-2","39":"product_tag-machen","40":"product_tag-materialien","41":"product_tag-metallschmiedekunst","42":"product_tag-metallton","43":"product_tag-niederlande","44":"product_tag-online","45":"product_tag-real","46":"product_tag-rein","47":"product_tag-rein-2","48":"product_tag-rohr","49":"product_tag-rohreneinstellung","50":"product_tag-schmieden","51":"product_tag-schmuck","52":"product_tag-schmuck-2","53":"product_tag-setzkasten","54":"product_tag-setzkasten-2","56":"product_tag-sie-selbst","57":"product_tag-siedlung","58":"product_tag-silber","59":"product_tag-silber-3","60":"product_tag-silberschmied","61":"product_tag-silberschmiede","62":"product_tag-silberton","63":"product_tag-sollid","64":"product_tag-ton","65":"product_tag-tonschmuck","66":"product_tag-unter-2","67":"product_tag-verteiler","68":"product_tag-webshop","69":"product_tag-werkzeuge-2","70":"product_tag-wirklich","71":"product_tag-wobei","72":"product_tag-zetkast","73":"product_shipping_class-standard","74":"pa_afmeting-10mm","75":"pa_afmeting-2mm","76":"pa_afmeting-3mm","77":"pa_afmeting-4mm","78":"pa_afmeting-5mm","79":"pa_afmeting-6mm","80":"pa_afmeting-8mm","82":"first","83":"instock","84":"taxable","85":"shipping-taxable","86":"purchasable","87":"product-type-variable"},"acf":[],"_links":{"self":[{"href":"https:\/\/esquell.eu\/de\/wp-json\/wp\/v2\/product\/13524","targetHints":{"allow":["GET"]}}],"collection":[{"href":"https:\/\/esquell.eu\/de\/wp-json\/wp\/v2\/product"}],"about":[{"href":"https:\/\/esquell.eu\/de\/wp-json\/wp\/v2\/types\/product"}],"replies":[{"embeddable":true,"href":"https:\/\/esquell.eu\/de\/wp-json\/wp\/v2\/comments?post=13524"}],"wp:featuredmedia":[{"embeddable":true,"href":"https:\/\/esquell.eu\/de\/wp-json\/wp\/v2\/media\/13933"}],"wp:attachment":[{"href":"https:\/\/esquell.eu\/de\/wp-json\/wp\/v2\/media?parent=13524"}],"wp:term":[{"taxonomy":"more","embeddable":true,"href":"https:\/\/esquell.eu\/de\/wp-json\/wp\/v2\/more?post=13524"},{"taxonomy":"product_brand","embeddable":true,"href":"https:\/\/esquell.eu\/de\/wp-json\/wp\/v2\/product_brand?post=13524"},{"taxonomy":"product_cat","embeddable":true,"href":"https:\/\/esquell.eu\/de\/wp-json\/wp\/v2\/product_cat?post=13524"},{"taxonomy":"product_tag","embeddable":true,"href":"https:\/\/esquell.eu\/de\/wp-json\/wp\/v2\/product_tag?post=13524"}],"curies":[{"name":"wp","href":"https:\/\/api.w.org\/{rel}","templated":true}]}}