{"id":13457,"date":"2025-04-03T09:15:31","date_gmt":"2025-04-03T09:15:31","guid":{"rendered":"https:\/\/esquell.eu\/product\/ovale-fassung-aus-925er-sterlingsilber-geraendelter-rand-verschiedene-groessen\/"},"modified":"2025-04-03T09:15:31","modified_gmt":"2025-04-03T09:15:31","slug":"ovale-fassung-aus-925er-sterlingsilber-geraendelter-rand-verschiedene-groessen","status":"publish","type":"product","link":"https:\/\/esquell.eu\/de\/produkt\/ovale-fassung-aus-925er-sterlingsilber-geraendelter-rand-verschiedene-groessen\/","title":{"rendered":"Ovale Fassung aus 925er Sterlingsilber. Ger\u00e4ndelter Rand. Verschiedene Gr\u00f6\u00dfen"},"content":{"rendered":"<p>Oval gefasst,<\/p>\n<p>925 Sterling Silber<\/p>\n<p>Gekr\u00e4uselte Kanten<\/p>\n<p>Verschiedene Gr\u00f6\u00dfen.<\/p>\n","protected":false},"excerpt":{"rendered":"<p>Oval gefasst,<\/p>\n<p>925 Sterling Silber<\/p>\n<p>Gekr\u00e4uselte Kanten<\/p>\n<p>Verschiedene Gr\u00f6\u00dfen.<\/p>\n","protected":false},"featured_media":5725,"comment_status":"closed","ping_status":"closed","template":"","meta":{"_acf_changed":false,"_seopress_robots_primary_cat":"none","_seopress_titles_title":"","_seopress_titles_desc":"","_seopress_robots_index":""},"more":[],"product_brand":[7173],"product_cat":[11005],"product_tag":[6508,6506,7957,7451,8484,11021,7461,6510,6432,6424,7023,6417,6671,6812,6996,7439,6429,7457,7068,8004],"class_list":{"0":"post-13457","1":"product","2":"type-product","3":"status-publish","4":"has-post-thumbnail","6":"product_brand-rio","7":"product_cat-siedlungen-und-chatons","8":"product_tag-6508","9":"product_tag-6506","10":"product_tag-cabochon","11":"product_tag-chaton","12":"product_tag-cz","13":"product_tag-cz-stein","14":"product_tag-einstellbox","15":"product_tag-lunette","16":"product_tag-real","17":"product_tag-rein","18":"product_tag-rein-3","19":"product_tag-silber","20":"product_tag-silber-2","21":"product_tag-silber-3","22":"product_tag-sollid","23":"product_tag-stein-3","24":"product_tag-wirklich","25":"product_tag-zetkast","26":"product_tag-zirkoniumdioxid","27":"product_tag-zirkoniumdioxid-2","28":"product_shipping_class-standard","29":"pa_afmeting-10-14-mm","30":"pa_afmeting-1012-mm","31":"pa_afmeting-64-mm","32":"pa_afmeting-75-mm","33":"pa_afmeting-810-mm","34":"pa_afmeting-86-mm","35":"pa_afmeting-97-mm","37":"first","38":"instock","39":"taxable","40":"shipping-taxable","41":"purchasable","42":"product-type-variable"},"acf":[],"_links":{"self":[{"href":"https:\/\/esquell.eu\/de\/wp-json\/wp\/v2\/product\/13457","targetHints":{"allow":["GET"]}}],"collection":[{"href":"https:\/\/esquell.eu\/de\/wp-json\/wp\/v2\/product"}],"about":[{"href":"https:\/\/esquell.eu\/de\/wp-json\/wp\/v2\/types\/product"}],"replies":[{"embeddable":true,"href":"https:\/\/esquell.eu\/de\/wp-json\/wp\/v2\/comments?post=13457"}],"wp:featuredmedia":[{"embeddable":true,"href":"https:\/\/esquell.eu\/de\/wp-json\/wp\/v2\/media\/5725"}],"wp:attachment":[{"href":"https:\/\/esquell.eu\/de\/wp-json\/wp\/v2\/media?parent=13457"}],"wp:term":[{"taxonomy":"more","embeddable":true,"href":"https:\/\/esquell.eu\/de\/wp-json\/wp\/v2\/more?post=13457"},{"taxonomy":"product_brand","embeddable":true,"href":"https:\/\/esquell.eu\/de\/wp-json\/wp\/v2\/product_brand?post=13457"},{"taxonomy":"product_cat","embeddable":true,"href":"https:\/\/esquell.eu\/de\/wp-json\/wp\/v2\/product_cat?post=13457"},{"taxonomy":"product_tag","embeddable":true,"href":"https:\/\/esquell.eu\/de\/wp-json\/wp\/v2\/product_tag?post=13457"}],"curies":[{"name":"wp","href":"https:\/\/api.w.org\/{rel}","templated":true}]}}