{"id":13381,"date":"2025-04-03T09:15:40","date_gmt":"2025-04-03T09:15:40","guid":{"rendered":"https:\/\/esquell.eu\/product\/runde-fassung-mit-offener-rueckseite-999-silber-zum-gemeinsamen-brennen-mit-metallton\/"},"modified":"2025-11-05T19:04:05","modified_gmt":"2025-11-05T19:04:05","slug":"runde-fassung-mit-offener-rueckseite-999-silber-zum-gemeinsamen-brennen-mit-metallton","status":"publish","type":"product","link":"https:\/\/esquell.eu\/de\/produkt\/runde-fassung-mit-offener-rueckseite-999-silber-zum-gemeinsamen-brennen-mit-metallton\/","title":{"rendered":"Runde Fassung mit offener R\u00fcckseite. 999 Silber. Zum gemeinsamen Brennen mit Metallton."},"content":{"rendered":"<p>Runde Fassung mit offener R\u00fcckseite. 999 Silber. <\/p>\n<p>Zum gemeinsamen Brennen mit Metallton.<\/p>\n<p>Verschiedene Gr\u00f6\u00dfen<\/p>\n<p>Geeignet zum Backen mit Silberton.<\/p>\n<p>Diese L\u00fcnetten mit offenem R\u00fccken sind aus .999 Feinsilber gefertigt und k\u00f6nnen in Silberton eingelegt und mit diesem gebrannt werden.<br \/>\nDie aus dem Boden der L\u00fcnette herausragenden Laschen sorgen f\u00fcr eine gute Verbindung mit dem Metallton und schaffen eine solide Verbindung.<\/p>\n<p>Die offene R\u00fcckseite erm\u00f6glicht die Verwendung eines spitzen Steins. Bei dieser Anwendung muss der Metallton aus dem offenen Bereich an der Basis der Fassung entfernt werden, um Platz f\u00fcr die Spitze des Steins zu schaffen. <\/p>\n","protected":false},"excerpt":{"rendered":"<p>&nbsp;<\/p>\n<p>&nbsp;<\/p>\n<p>&nbsp;<\/p>\n","protected":false},"featured_media":5933,"comment_status":"closed","ping_status":"closed","template":"","meta":{"_acf_changed":false,"_seopress_robots_primary_cat":"none","_seopress_titles_title":"","_seopress_titles_desc":"","_seopress_robots_index":""},"more":[],"product_brand":[6595],"product_cat":[11005,11006,7717],"product_tag":[6488,6446,6492,6438,6458,6790,7463,7451,11060,6883,7733,6881,6494,11061,6793,7461,7953,6680,7547,8227,7349,11066,11068,7171,6673,9265,6786,6885,6775,7019,7545,6421,11057,11063,6441,6455,6788,6432,6926,6424,11062,11071,11059,6820,6419,6514,7455,7459,6558,11064,6812,6417,7354,7086,6490,6996,6435,7511,6784,6449,6814,6818,6429,6783,7457],"class_list":{"0":"post-13381","1":"product","2":"type-product","3":"status-publish","4":"has-post-thumbnail","6":"product_brand-coole-tools","7":"product_cat-siedlungen-und-chatons","8":"product_cat-teile-die-fur-das-co-brennen-mit-metallton-geeignet-sind","9":"product_cat-verkauf","10":"product_tag-6488","11":"product_tag-aida","12":"product_tag-artclay","13":"product_tag-artclaysilver","14":"product_tag-belgien","15":"product_tag-bestellung","16":"product_tag-bruhgruppe","17":"product_tag-chaton","18":"product_tag-chatons","19":"product_tag-deutschland","20":"product_tag-deutschland-2","21":"product_tag-deutsland","22":"product_tag-diy","23":"product_tag-einbetten","24":"product_tag-einkaufen","25":"product_tag-einstellbox","26":"product_tag-einstellung","27":"product_tag-frankreich","28":"product_tag-frankreich-2","29":"product_tag-geeignet","30":"product_tag-goldschmied","31":"product_tag-goldschmied-3","32":"product_tag-grobhandel","33":"product_tag-gut-2","34":"product_tag-japan","35":"product_tag-juwelier","36":"product_tag-kaufen","37":"product_tag-kaufen-2","38":"product_tag-kurzwarengeschaft","39":"product_tag-liefert","40":"product_tag-luxemburg-2","41":"product_tag-machen","42":"product_tag-materialien","43":"product_tag-metallschmiedekunst","44":"product_tag-metallton","45":"product_tag-niederlande","46":"product_tag-online","47":"product_tag-real","48":"product_tag-rein-2","49":"product_tag-rein","50":"product_tag-rohr","51":"product_tag-rohreneinstellung","52":"product_tag-schmieden","53":"product_tag-schmuck-2","54":"product_tag-schmuck","55":"product_tag-setzkasten","56":"product_tag-setzkasten-2","58":"product_tag-sie-selbst","59":"product_tag-siedlung","60":"product_tag-silber-3","61":"product_tag-silber","62":"product_tag-silberschmied","63":"product_tag-silberschmiede","64":"product_tag-silberton","65":"product_tag-sollid","66":"product_tag-ton","67":"product_tag-tonschmuck","68":"product_tag-unter-2","69":"product_tag-verteiler","70":"product_tag-webshop","71":"product_tag-werkzeuge-2","72":"product_tag-wirklich","73":"product_tag-wobei","74":"product_tag-zetkast","75":"product_shipping_class-standard","76":"pa_afmeting-4mm","77":"pa_afmeting-6mm","79":"first","80":"instock","81":"sale","82":"taxable","83":"shipping-taxable","84":"purchasable","85":"product-type-variable"},"acf":[],"_links":{"self":[{"href":"https:\/\/esquell.eu\/de\/wp-json\/wp\/v2\/product\/13381","targetHints":{"allow":["GET"]}}],"collection":[{"href":"https:\/\/esquell.eu\/de\/wp-json\/wp\/v2\/product"}],"about":[{"href":"https:\/\/esquell.eu\/de\/wp-json\/wp\/v2\/types\/product"}],"replies":[{"embeddable":true,"href":"https:\/\/esquell.eu\/de\/wp-json\/wp\/v2\/comments?post=13381"}],"wp:featuredmedia":[{"embeddable":true,"href":"https:\/\/esquell.eu\/de\/wp-json\/wp\/v2\/media\/5933"}],"wp:attachment":[{"href":"https:\/\/esquell.eu\/de\/wp-json\/wp\/v2\/media?parent=13381"}],"wp:term":[{"taxonomy":"more","embeddable":true,"href":"https:\/\/esquell.eu\/de\/wp-json\/wp\/v2\/more?post=13381"},{"taxonomy":"product_brand","embeddable":true,"href":"https:\/\/esquell.eu\/de\/wp-json\/wp\/v2\/product_brand?post=13381"},{"taxonomy":"product_cat","embeddable":true,"href":"https:\/\/esquell.eu\/de\/wp-json\/wp\/v2\/product_cat?post=13381"},{"taxonomy":"product_tag","embeddable":true,"href":"https:\/\/esquell.eu\/de\/wp-json\/wp\/v2\/product_tag?post=13381"}],"curies":[{"name":"wp","href":"https:\/\/api.w.org\/{rel}","templated":true}]}}