{"id":13300,"date":"2025-04-03T09:15:40","date_gmt":"2025-04-03T09:15:40","guid":{"rendered":"https:\/\/esquell.eu\/product\/frittenpulver-forrest-gruen-90-opal\/"},"modified":"2025-04-03T09:15:40","modified_gmt":"2025-04-03T09:15:40","slug":"frittenpulver-forrest-gruen-90-opal","status":"publish","type":"product","link":"https:\/\/esquell.eu\/de\/produkt\/frittenpulver-forrest-gruen-90-opal\/","title":{"rendered":"Frittenpulver Forrest Gr\u00fcn 90 Opal"},"content":{"rendered":"<p>Glasfritte<\/p>\n<p>Forrest Gr\u00fcn. Mischung aus 2 Gr\u00fcnt\u00f6nen.<br \/>\nCoe 90. <\/p>\n<p>Opal<\/p>\n<p>Grob<\/p>\n<p>ca. 30g.<\/p>\n<p>F\u00fcr die Herstellung von Glascabochons<\/p>\n","protected":false},"excerpt":{"rendered":"<p>Glasfritte<\/p>\n<p>Forrest Gr\u00fcn. Mischung aus 2 Gr\u00fcnt\u00f6nen.<br \/>\nCoe 90. <\/p>\n<p>Opal<\/p>\n<p>Grob<\/p>\n<p>ca. 30g.<\/p>\n<p>F\u00fcr die Herstellung von Glascabochons<\/p>\n<p>&nbsp;<\/p>\n","protected":false},"featured_media":7799,"comment_status":"closed","ping_status":"closed","template":"","meta":{"_acf_changed":false,"_seopress_robots_primary_cat":"none","_seopress_titles_title":"","_seopress_titles_desc":"","_seopress_robots_index":""},"more":[],"product_brand":[10867],"product_cat":[10777],"product_tag":[10985,6438,7883,10815,10958,10964,10961,10988,10956,7017,7808,10814,10824,8858,10846,9393,10823,7208,10813,6786,7884,8652,6421,10966,10986,10973,10989,7193,7220,10845,10866,6419,10470,6490,6784,6694,6429,6783,10987],"class_list":{"0":"post-13300","1":"product","2":"type-product","3":"status-publish","4":"has-post-thumbnail","6":"product_brand-glaswerkstatt","7":"product_cat-glas-und-glasreste","8":"product_tag-aprikose","9":"product_tag-artclaysilver","10":"product_tag-cabochons","11":"product_tag-coe","12":"product_tag-dichroitisch","13":"product_tag-dichroitisches-glas","14":"product_tag-dycrioc","15":"product_tag-fliederfarben","16":"product_tag-fritte","17":"product_tag-fur","18":"product_tag-glas","19":"product_tag-glas-2","20":"product_tag-glascabochons","21":"product_tag-glasschmelzen","22":"product_tag-glasschmelzen-2","23":"product_tag-glasschmuck","24":"product_tag-glasschmuck-2","25":"product_tag-grun","26":"product_tag-hotpot","27":"product_tag-kaufen","28":"product_tag-kaution-diy","29":"product_tag-lavendel","30":"product_tag-machen","31":"product_tag-nuggets","32":"product_tag-orange","33":"product_tag-pfirsich","34":"product_tag-pfirsich-2","35":"product_tag-pulver","36":"product_tag-rose","37":"product_tag-schmelzen-2","38":"product_tag-schmelzen-3","39":"product_tag-schmuck","40":"product_tag-schmuckherstellung-2","41":"product_tag-silberton","42":"product_tag-unter-2","43":"product_tag-von","44":"product_tag-wirklich","45":"product_tag-wobei","46":"product_tag-wollen","47":"product_shipping_class-standard","49":"first","50":"instock","51":"taxable","52":"shipping-taxable","53":"purchasable","54":"product-type-simple"},"acf":[],"_links":{"self":[{"href":"https:\/\/esquell.eu\/de\/wp-json\/wp\/v2\/product\/13300","targetHints":{"allow":["GET"]}}],"collection":[{"href":"https:\/\/esquell.eu\/de\/wp-json\/wp\/v2\/product"}],"about":[{"href":"https:\/\/esquell.eu\/de\/wp-json\/wp\/v2\/types\/product"}],"replies":[{"embeddable":true,"href":"https:\/\/esquell.eu\/de\/wp-json\/wp\/v2\/comments?post=13300"}],"wp:featuredmedia":[{"embeddable":true,"href":"https:\/\/esquell.eu\/de\/wp-json\/wp\/v2\/media\/7799"}],"wp:attachment":[{"href":"https:\/\/esquell.eu\/de\/wp-json\/wp\/v2\/media?parent=13300"}],"wp:term":[{"taxonomy":"more","embeddable":true,"href":"https:\/\/esquell.eu\/de\/wp-json\/wp\/v2\/more?post=13300"},{"taxonomy":"product_brand","embeddable":true,"href":"https:\/\/esquell.eu\/de\/wp-json\/wp\/v2\/product_brand?post=13300"},{"taxonomy":"product_cat","embeddable":true,"href":"https:\/\/esquell.eu\/de\/wp-json\/wp\/v2\/product_cat?post=13300"},{"taxonomy":"product_tag","embeddable":true,"href":"https:\/\/esquell.eu\/de\/wp-json\/wp\/v2\/product_tag?post=13300"}],"curies":[{"name":"wp","href":"https:\/\/api.w.org\/{rel}","templated":true}]}}