{"id":13088,"date":"2025-04-03T09:12:37","date_gmt":"2025-04-03T09:12:37","guid":{"rendered":"https:\/\/esquell.eu\/product\/trivert-ofenstuetze-fuer-emaillierung\/"},"modified":"2025-11-05T17:59:06","modified_gmt":"2025-11-05T17:59:06","slug":"trivert-ofenstuetze-fuer-emaillierung","status":"publish","type":"product","link":"https:\/\/esquell.eu\/de\/produkt\/trivert-ofenstuetze-fuer-emaillierung\/","title":{"rendered":"Trivert, Ofenst\u00fctze f\u00fcr Emaillierung"},"content":{"rendered":"<p>Untersetzer, Ofenunterlage f\u00fcr Emaillierarbeiten<\/p>\n<p>Zum Unterst\u00fctzen von zu emaillierenden Objekten.<\/p>\n<p>Besonders geeignet f\u00fcr runde oder runde Formen.<\/p>\n<p>Edelstahl<\/p>\n<p>Gr\u00f6\u00dfe ca. 9*9 cm<\/p>\n","protected":false},"excerpt":{"rendered":"<p>Untersetzer, Ofenunterlage f\u00fcr Emaillierarbeiten<\/p>\n<p>Zum Unterst\u00fctzen von zu emaillierenden Objekten.<\/p>\n<p>Besonders geeignet f\u00fcr runde oder runde Formen.<\/p>\n<p>Edelstahl<\/p>\n<p>Gr\u00f6\u00dfe ca. 9*9 cm<\/p>\n","protected":false},"featured_media":13534,"comment_status":"closed","ping_status":"closed","template":"","meta":{"_acf_changed":false,"_seopress_robots_primary_cat":"none","_seopress_titles_title":"","_seopress_titles_desc":"","_seopress_robots_index":""},"more":[],"product_brand":[6518],"product_cat":[7505],"product_tag":[10722,7197,8852,9496,7202,10713,10724,11191,10725,7017,10726,10720,10717,10723,10791,7441],"class_list":{"0":"post-13088","1":"product","2":"type-product","3":"status-publish","4":"has-post-thumbnail","6":"product_brand-prometheus","7":"product_cat-emaillierwerkzeuge-und-zubehor","8":"product_tag-dreipunktauflage","9":"product_tag-emaille","10":"product_tag-emaille-3","11":"product_tag-emaille-4","12":"product_tag-emaillen","13":"product_tag-emaillieren-2","14":"product_tag-emaillieren-emaillieren","15":"product_tag-emaillierofen","16":"product_tag-emailliert-rostfreier-stahl","17":"product_tag-fur","18":"product_tag-rund","19":"product_tag-trivert","20":"product_tag-um","21":"product_tag-unterstutzung","22":"product_tag-unterstutzung-2","23":"product_tag-werkzeug-2","24":"product_shipping_class-standard","26":"first","27":"instock","28":"taxable","29":"shipping-taxable","30":"purchasable","31":"product-type-simple"},"acf":[],"_links":{"self":[{"href":"https:\/\/esquell.eu\/de\/wp-json\/wp\/v2\/product\/13088","targetHints":{"allow":["GET"]}}],"collection":[{"href":"https:\/\/esquell.eu\/de\/wp-json\/wp\/v2\/product"}],"about":[{"href":"https:\/\/esquell.eu\/de\/wp-json\/wp\/v2\/types\/product"}],"replies":[{"embeddable":true,"href":"https:\/\/esquell.eu\/de\/wp-json\/wp\/v2\/comments?post=13088"}],"wp:featuredmedia":[{"embeddable":true,"href":"https:\/\/esquell.eu\/de\/wp-json\/wp\/v2\/media\/13534"}],"wp:attachment":[{"href":"https:\/\/esquell.eu\/de\/wp-json\/wp\/v2\/media?parent=13088"}],"wp:term":[{"taxonomy":"more","embeddable":true,"href":"https:\/\/esquell.eu\/de\/wp-json\/wp\/v2\/more?post=13088"},{"taxonomy":"product_brand","embeddable":true,"href":"https:\/\/esquell.eu\/de\/wp-json\/wp\/v2\/product_brand?post=13088"},{"taxonomy":"product_cat","embeddable":true,"href":"https:\/\/esquell.eu\/de\/wp-json\/wp\/v2\/product_cat?post=13088"},{"taxonomy":"product_tag","embeddable":true,"href":"https:\/\/esquell.eu\/de\/wp-json\/wp\/v2\/product_tag?post=13088"}],"curies":[{"name":"wp","href":"https:\/\/api.w.org\/{rel}","templated":true}]}}