{"id":13085,"date":"2025-04-03T09:12:37","date_gmt":"2025-04-03T09:12:37","guid":{"rendered":"https:\/\/esquell.eu\/product\/denamel-pulver-zum-entfernen-von-zahnschmelz\/"},"modified":"2025-11-05T17:58:54","modified_gmt":"2025-11-05T17:58:54","slug":"denamel-pulver-zum-entfernen-von-zahnschmelz","status":"publish","type":"product","link":"https:\/\/esquell.eu\/de\/produkt\/denamel-pulver-zum-entfernen-von-zahnschmelz\/","title":{"rendered":"Denamel. Pulver zum Entfernen von Zahnschmelz"},"content":{"rendered":"<p>Dieses Pulver entfernt effektiv die Emaille von Ihren gebackenen Metallgegenst\u00e4nden. Mischen Sie eine kleine Menge Wasser mit einem L\u00f6ffel DeNamel\u2122 bis zur Konsistenz von Kuchenemail und streichen Sie es \u00fcber die Emaille. Wenn das St\u00fcck auch auf der R\u00fcckseite emailliert ist, behandeln Sie jede Seite separat, entfernen Sie die Glasur von einer Seite und wiederholen Sie den Vorgang auf der anderen Seite. Wenn die Emaille im Ofen erhitzt und in Wasser abgeschreckt wird, l\u00f6st sie sich mit einem h\u00f6rbaren &#8220;Knall&#8221; vom Metall &#8211; Augenschutz ist bei diesem Vorgang unbedingt erforderlich, da bei der Arbeit Emaille-St\u00fccke wegfliegen. Diese Formel ist 100% ungiftig.    <\/p>\n<p>Inhalt ca. 200 Gramm<\/p>\n<p>Siehe Video f\u00fcr Anweisungen<\/p>\n","protected":false},"excerpt":{"rendered":"<p>Dieses Pulver entfernt effektiv die Emaille von Ihren gebackenen Metallgegenst\u00e4nden. Mischen Sie eine kleine Menge Wasser mit einem L\u00f6ffel DeNamel\u2122 bis zur Konsistenz von Kuchenemail und streichen Sie es \u00fcber die Emaille. Wenn das St\u00fcck auch auf der R\u00fcckseite emailliert ist, behandeln Sie jede Seite separat, entfernen Sie die Glasur von einer Seite und wiederholen Sie den Vorgang auf der anderen Seite. Wenn die Emaille im Ofen erhitzt und in Wasser abgeschreckt wird, l\u00f6st sie sich mit einem h\u00f6rbaren &#8220;Knall&#8221; vom Metall &#8211; Augenschutz ist bei diesem Vorgang unbedingt erforderlich, da bei der Arbeit Emaille-St\u00fccke wegfliegen. Diese Formel ist 100% ungiftig.    <\/p>\n<p>Inhalt ca. 200 Gramm<\/p>\n<p>Siehe Video f\u00fcr Anweisungen<\/p>\n","protected":false},"featured_media":7184,"comment_status":"closed","ping_status":"closed","template":"","meta":{"_acf_changed":false,"_seopress_robots_primary_cat":"none","_seopress_titles_title":"","_seopress_titles_desc":"","_seopress_robots_index":""},"more":[],"product_brand":[6595,10712],"product_cat":[7505],"product_tag":[10719,7197,8852,11193,9752,10713,11191,10317,11189,10716,11187,10721,11195,6694],"class_list":{"0":"post-13085","1":"product","2":"type-product","3":"status-publish","4":"has-post-thumbnail","6":"product_brand-coole-tools","7":"product_brand-pameast","8":"product_cat-emaillierwerkzeuge-und-zubehor","9":"product_tag-denamel","10":"product_tag-emaille","11":"product_tag-emaille-3","12":"product_tag-emailleofen","13":"product_tag-emaillepulver-2","14":"product_tag-emaillieren-2","15":"product_tag-emaillierofen","16":"product_tag-entfernen","17":"product_tag-entfernen-2","18":"product_tag-entferner","19":"product_tag-osten","20":"product_tag-pam","21":"product_tag-schmelzschicht","22":"product_tag-von","23":"product_shipping_class-standard","25":"first","26":"instock","27":"taxable","28":"shipping-taxable","29":"purchasable","30":"product-type-simple"},"acf":[],"_links":{"self":[{"href":"https:\/\/esquell.eu\/de\/wp-json\/wp\/v2\/product\/13085","targetHints":{"allow":["GET"]}}],"collection":[{"href":"https:\/\/esquell.eu\/de\/wp-json\/wp\/v2\/product"}],"about":[{"href":"https:\/\/esquell.eu\/de\/wp-json\/wp\/v2\/types\/product"}],"replies":[{"embeddable":true,"href":"https:\/\/esquell.eu\/de\/wp-json\/wp\/v2\/comments?post=13085"}],"wp:featuredmedia":[{"embeddable":true,"href":"https:\/\/esquell.eu\/de\/wp-json\/wp\/v2\/media\/7184"}],"wp:attachment":[{"href":"https:\/\/esquell.eu\/de\/wp-json\/wp\/v2\/media?parent=13085"}],"wp:term":[{"taxonomy":"more","embeddable":true,"href":"https:\/\/esquell.eu\/de\/wp-json\/wp\/v2\/more?post=13085"},{"taxonomy":"product_brand","embeddable":true,"href":"https:\/\/esquell.eu\/de\/wp-json\/wp\/v2\/product_brand?post=13085"},{"taxonomy":"product_cat","embeddable":true,"href":"https:\/\/esquell.eu\/de\/wp-json\/wp\/v2\/product_cat?post=13085"},{"taxonomy":"product_tag","embeddable":true,"href":"https:\/\/esquell.eu\/de\/wp-json\/wp\/v2\/product_tag?post=13085"}],"curies":[{"name":"wp","href":"https:\/\/api.w.org\/{rel}","templated":true}]}}