{"id":13042,"date":"2025-04-03T09:12:37","date_gmt":"2025-04-03T09:12:37","guid":{"rendered":"https:\/\/esquell.eu\/product\/abziehbilder-aus-emaille-glas-und-keramik-blumen-gold\/"},"modified":"2025-11-09T08:51:01","modified_gmt":"2025-11-09T08:51:01","slug":"abziehbilder-aus-emaille-glas-und-keramik-blumen-gold","status":"publish","type":"product","link":"https:\/\/esquell.eu\/de\/produkt\/abziehbilder-aus-emaille-glas-und-keramik-blumen-gold\/","title":{"rendered":"Abziehbilder aus Emaille, Glas und Keramik Blumen, Gold."},"content":{"rendered":"<p>Diese Abziehbilder k\u00f6nnen auf Keramik, Porzellan, Glas oder Emaille verwendet werden.<br \/>\nDieser Bogen enth\u00e4lt 12 Abziehbilder mit Gartenblumen in Gold. Sie k\u00f6nnen auf Keramik, Porzellan, Glas oder Emaille verwendet werden.<\/p>\n<p>Sie funktionieren am besten auf hellem Substrat oder Glas und m\u00fcssen nach dem Auftragen in einem Ofen gebrannt werden. Sie k\u00f6nnen nicht in einem Haushaltsofen gebrannt werden. <\/p>\n<p>Sie erhalten einen Bogen mit Aufklebern.<\/p>\n<p>Auf Emaille:<strong><u><a href=\"https:\/\/cdn.shopify.com\/s\/files\/1\/0596\/7092\/1404\/files\/Decals_on_Enamel_Instructions.pdf?v=1681232127\"> Klicken Sie hier<\/a> <\/u><\/strong>f\u00fcr Anweisungen zum Anbringen des Aufklebers und zum Brennen von Emaille.<\/p>\n<p>Auf Keramik: Diese Niedrigtemperatur-Abziehbilder werden im Allgemeinen als dritter Brand auf eine bereits gebrannte Glasur aufgebracht. Nach dem Brennen sind die Abziehbilder dauerhaft mit der Glasur verschmolzen, \u00e4hnlich wie bei dekorativem Tafelgeschirr.<strong><u> <a href=\"https:\/\/cdn.shopify.com\/s\/files\/1\/0596\/7092\/1404\/files\/Decals_on_Ceramics_Instructions.pdf?v=1681232127\">Klicken Sie hier<\/a><\/u><\/strong> f\u00fcr Anweisungen zum Aufbringen von Abziehbildern und zum Brennen von Keramik. <\/p>\n<p>Auf Glas: Dies sind Abziehbilder f\u00fcr Glasfusing und Slumping. Die endg\u00fcltige Brenntemperatur h\u00e4ngt davon ab, ob Sie das Glas mit Klarglas abdecken oder nicht. Dies sind digitale Abziehbilder, d.h. sie brennen leicht transparent auf klarem Glas. Sie sind am besten f\u00fcr wei\u00dfes oder helles Glas geeignet.<strong><u> <a href=\"https:\/\/cdn.shopify.com\/s\/files\/1\/0596\/7092\/1404\/files\/Decals_on_Glass_Instructions.pdf?v=1681232127\">Klicken Sie hier<\/a><\/u><\/strong> f\u00fcr Anweisungen zum Anbringen der Aufkleber und zum Brennen auf Glas.   <\/p>\n","protected":false},"excerpt":{"rendered":"<p>Diese Abziehbilder k\u00f6nnen auf Keramik, Porzellan, Glas oder Emaille verwendet werden.<br \/>\nDieser Bogen enth\u00e4lt 12 Abziehbilder mit Gartenblumen in Gold. Sie k\u00f6nnen auf Keramik, Porzellan, Glas oder Emaille verwendet werden.<\/p>\n<p>Sie funktionieren am besten auf hellem Substrat oder Glas und m\u00fcssen nach dem Auftragen in einem Ofen gebrannt werden. Sie k\u00f6nnen nicht in einem Haushaltsofen gebrannt werden. <\/p>\n<p>Sie erhalten einen Bogen mit Aufklebern.<\/p>\n<p>Auf Emaille:<strong><u><a href=\"https:\/\/cdn.shopify.com\/s\/files\/1\/0596\/7092\/1404\/files\/Decals_on_Enamel_Instructions.pdf?v=1681232127\"> Klicken Sie hier<\/a> <\/u><\/strong>f\u00fcr Anweisungen zum Anbringen des Aufklebers und zum Brennen von Emaille.<\/p>\n<p>Auf Keramik: Diese Niedrigtemperatur-Abziehbilder werden im Allgemeinen als dritter Brand auf eine bereits gebrannte Glasur aufgebracht. Nach dem Brennen sind die Abziehbilder dauerhaft mit der Glasur verschmolzen, \u00e4hnlich wie bei dekorativem Tafelgeschirr.<strong><u> <a href=\"https:\/\/cdn.shopify.com\/s\/files\/1\/0596\/7092\/1404\/files\/Decals_on_Ceramics_Instructions.pdf?v=1681232127\">Klicken Sie hier<\/a><\/u><\/strong> f\u00fcr Anweisungen zum Aufbringen von Abziehbildern und zum Brennen von Keramik. <\/p>\n<p>&nbsp;<\/p>\n<p>Auf Glas: Dies sind Abziehbilder f\u00fcr Glasfusing und Slumping. Die endg\u00fcltige Brenntemperatur h\u00e4ngt davon ab, ob Sie das Glas mit Klarglas abdecken oder nicht. Dies sind digitale Abziehbilder, d.h. sie brennen leicht transparent auf klarem Glas. Sie sind am besten f\u00fcr wei\u00dfes oder helles Glas geeignet.<strong><u> <a href=\"https:\/\/cdn.shopify.com\/s\/files\/1\/0596\/7092\/1404\/files\/Decals_on_Glass_Instructions.pdf?v=1681232127\">Klicken Sie hier<\/a><\/u><\/strong> f\u00fcr Anweisungen zum Anbringen der Aufkleber und zum Brennen auf Glas.   <\/p>\n","protected":false},"featured_media":7182,"comment_status":"closed","ping_status":"closed","template":"","meta":{"_acf_changed":false,"_seopress_robots_primary_cat":"none","_seopress_titles_title":"","_seopress_titles_desc":"","_seopress_robots_index":""},"more":[],"product_brand":[6595],"product_cat":[7505],"product_tag":[8855,7535,7197,8852,7808,8556,8858,6767,7095,7331,8007,8849],"class_list":{"0":"post-13042","1":"product","2":"type-product","3":"status-publish","4":"has-post-thumbnail","6":"product_brand-coole-tools","7":"product_cat-emaillierwerkzeuge-und-zubehor","8":"product_tag-abziehbilder","9":"product_tag-aufkleber","10":"product_tag-emaille","11":"product_tag-emaille-3","12":"product_tag-glas","13":"product_tag-glaskunst","14":"product_tag-glasschmelzen","15":"product_tag-gold","16":"product_tag-gold-2","17":"product_tag-gold-3","18":"product_tag-keramik","19":"product_tag-keramik-2","20":"product_shipping_class-standard","22":"first","23":"instock","24":"taxable","25":"shipping-taxable","26":"purchasable","27":"product-type-simple"},"acf":[],"_links":{"self":[{"href":"https:\/\/esquell.eu\/de\/wp-json\/wp\/v2\/product\/13042","targetHints":{"allow":["GET"]}}],"collection":[{"href":"https:\/\/esquell.eu\/de\/wp-json\/wp\/v2\/product"}],"about":[{"href":"https:\/\/esquell.eu\/de\/wp-json\/wp\/v2\/types\/product"}],"replies":[{"embeddable":true,"href":"https:\/\/esquell.eu\/de\/wp-json\/wp\/v2\/comments?post=13042"}],"wp:featuredmedia":[{"embeddable":true,"href":"https:\/\/esquell.eu\/de\/wp-json\/wp\/v2\/media\/7182"}],"wp:attachment":[{"href":"https:\/\/esquell.eu\/de\/wp-json\/wp\/v2\/media?parent=13042"}],"wp:term":[{"taxonomy":"more","embeddable":true,"href":"https:\/\/esquell.eu\/de\/wp-json\/wp\/v2\/more?post=13042"},{"taxonomy":"product_brand","embeddable":true,"href":"https:\/\/esquell.eu\/de\/wp-json\/wp\/v2\/product_brand?post=13042"},{"taxonomy":"product_cat","embeddable":true,"href":"https:\/\/esquell.eu\/de\/wp-json\/wp\/v2\/product_cat?post=13042"},{"taxonomy":"product_tag","embeddable":true,"href":"https:\/\/esquell.eu\/de\/wp-json\/wp\/v2\/product_tag?post=13042"}],"curies":[{"name":"wp","href":"https:\/\/api.w.org\/{rel}","templated":true}]}}