{"id":13035,"date":"2025-04-03T09:11:26","date_gmt":"2025-04-03T09:11:26","guid":{"rendered":"https:\/\/esquell.eu\/product\/protoplast-formbarer-kunststoff-unter-anderem-zum-fassen-von-steinen-50-g\/"},"modified":"2025-11-09T08:40:19","modified_gmt":"2025-11-09T08:40:19","slug":"protoplast-formbarer-kunststoff-unter-anderem-zum-fassen-von-steinen-50-g","status":"publish","type":"product","link":"https:\/\/esquell.eu\/de\/produkt\/protoplast-formbarer-kunststoff-unter-anderem-zum-fassen-von-steinen-50-g\/","title":{"rendered":"Protoplast. Formbarer Kunststoff. Unter anderem zum Fassen von Steinen. 50 g."},"content":{"rendered":"<p>Protoplast 50 Gramm<\/p>\n<p>Dieses Material ist bei 60 Grad Celsius formbar, d.h. wenn Sie es z.B. in hei\u00dfem Wasser einweichen, erhalten Sie einen formbaren Kunststoff, den Sie in alle m\u00f6glichen Formen bringen k\u00f6nnen. Perfekt, um einen Gegenstand zu befestigen, einen Griff herzustellen oder als Schutz zu verwenden. Es wird auch zur Herstellung von Gussmodellen verwendet.  <\/p>\n<p>Nach dem Aush\u00e4rten wird der Kunststoff mit hei\u00dfem Wasser oder einem Haartrockner erhitzt, um ihn wieder zu entfernen.<\/p>\n<p>Wiederverwendbar. Protoplast kann durch Wiedererw\u00e4rmen immer wieder neu geformt werden <\/p>\n<p><iframe loading=\"lazy\" title=\"Kopie van Protoplast, 5 live hacks, fixes hervormbaar plastic\" width=\"640\" height=\"360\" src=\"https:\/\/www.youtube.com\/embed\/oMpkp8bKqXg?feature=oembed\" frameborder=\"0\" allow=\"accelerometer; autoplay; clipboard-write; encrypted-media; gyroscope; picture-in-picture; web-share\" referrerpolicy=\"strict-origin-when-cross-origin\" allowfullscreen><\/iframe><\/p>\n<p>Bitte beachten Sie, dass Protoplast\u00ae die folgenden Bedenken hat<\/p>\n<ul>\n<li>Protoplast kann sicher von Hand geformt und bis zu 60 Grad bearbeitet werden.<\/li>\n<li>Bei \u00fcber 60 Grad wird Protoplast klebrig und wie ein Hei\u00dfkleber. Es ist ratsam, dies nicht von Hand zu tun, sondern Werkzeuge zu verwenden. <\/li>\n<li>Die Verwendung von kochend hei\u00dfem Wasser kann zu Verbrennungen f\u00fchren.<\/li>\n<li>Protoplast haftet bis zu 60 Grad nicht auf Metallen, wohl aber auf verschiedenen Kunststoffen.<\/li>\n<li>Um auf Metallen zu haften, m\u00fcssen sie auf \u00fcber 60 Grad vorgew\u00e4rmt werden.<\/li>\n<li>Am sichersten ist es, das Protoplast in Wasser zu erw\u00e4rmen und mit einem Thermometer zu \u00fcberpr\u00fcfen.<\/li>\n<li>Sie k\u00f6nnen sehen, wie das Granulat weich wird und die K\u00f6rner durchsichtig werden.<\/li>\n<li>Wenn diese vollst\u00e4ndig transparent sind, ist der Protoplast weich genug, um aus dem Wasser genommen zu werden.<\/li>\n<li>Tun Sie dies mit einer Zange oder einem L\u00f6ffel und kneten Sie dann vorsichtig das \u00fcbersch\u00fcssige Wasser mit Ihren H\u00e4nden aus dem Wame Plastic. Das Produkt ist nun einsatzbereit. <\/li>\n<\/ul>\n","protected":false},"excerpt":{"rendered":"<p>Protoplast 50 Gramm<\/p>\n<p>&nbsp;<\/p>\n<p>Dieses Material ist bei 60 Grad Celsius formbar, d.h. wenn Sie es z.B. in hei\u00dfem Wasser einweichen, erhalten Sie einen formbaren Kunststoff, den Sie in alle m\u00f6glichen Formen bringen k\u00f6nnen. Perfekt, um einen Gegenstand zu befestigen, einen Griff herzustellen oder als Schutz zu verwenden. Es wird auch zur Herstellung von Gussmodellen verwendet.  <\/p>\n<p>&nbsp;<\/p>\n<p>&nbsp;<\/p>\n<p>Nach dem Aush\u00e4rten wird der Kunststoff mit hei\u00dfem Wasser oder einem Haartrockner erhitzt, um ihn wieder zu entfernen.<\/p>\n<p>&nbsp;<\/p>\n<p>Wiederverwendbar. Protoplast kann durch Wiedererw\u00e4rmen immer wieder neu geformt werden <\/p>\n<p>&nbsp;<\/p>\n<p>Bitte beachten Sie, dass Protoplast\u00ae die folgenden Bedenken hat<\/p>\n<ul>\n<li>Protoplast kann sicher von Hand geformt und bis zu 60 Grad bearbeitet werden.<\/li>\n<li>Bei \u00fcber 60 Grad wird Protoplast klebrig und wie ein Hei\u00dfkleber. Es ist ratsam, dies nicht von Hand zu tun, sondern Werkzeuge zu verwenden. <\/li>\n<li>Die Verwendung von kochend hei\u00dfem Wasser kann zu Verbrennungen f\u00fchren.<\/li>\n<li>Protoplast haftet bei bis zu 60 Grad nicht auf Metallen, wohl aber auf verschiedenen Kunststoffen.<\/li>\n<li>Um auf Metallen zu haften, m\u00fcssen sie auf \u00fcber 60 Grad vorgew\u00e4rmt werden.<\/li>\n<li>Am sichersten ist es, das Protoplast in Wasser zu erw\u00e4rmen und mit einem Thermometer zu \u00fcberpr\u00fcfen.<\/li>\n<li>Sie k\u00f6nnen sehen, wie das Granulat weich wird und die K\u00f6rner durchsichtig werden.<\/li>\n<li>Wenn diese vollst\u00e4ndig transparent sind, ist der Protoplast weich genug, um aus dem Wasser genommen zu werden.<\/li>\n<li>Tun Sie dies mit einer Zange oder einem L\u00f6ffel und kneten Sie dann vorsichtig das \u00fcbersch\u00fcssige Wasser mit Ihren H\u00e4nden aus dem Wame Plastic. Das Produkt ist nun einsatzbereit. <\/li>\n<\/ul>\n<p>&nbsp;<\/p>\n<p>&nbsp;<\/p>\n","protected":false},"featured_media":7056,"comment_status":"closed","ping_status":"closed","template":"","meta":{"_acf_changed":false,"_seopress_robots_primary_cat":"none","_seopress_titles_title":"","_seopress_titles_desc":"","_seopress_robots_index":""},"more":[],"product_brand":[6917],"product_cat":[8215,7882],"product_tag":[6446,6802,10013,6492,6438,7883,7953,10666,10583,10669,7555,10671,10579,6452,10576,6673,10581,10575,9183,6421,7553,8579,7955,10571,6806,10673,10573,6419,6820,7435,6558,9790,7086,6490,6464,7439,6449,9914,6814,10667],"class_list":{"0":"post-13035","1":"product","2":"type-product","3":"status-publish","4":"has-post-thumbnail","6":"product_brand-hh","7":"product_cat-lehm","8":"product_cat-werkzeuge-fur-ringe","9":"product_tag-aida","10":"product_tag-angebot","11":"product_tag-angebot-3","12":"product_tag-artclay","13":"product_tag-artclaysilver","14":"product_tag-cabochons","15":"product_tag-einstellung","16":"product_tag-einstellungen","17":"product_tag-fix","18":"product_tag-formbar","19":"product_tag-formbare","20":"product_tag-formbarer-kunststoff","21":"product_tag-grad","22":"product_tag-groshandel","23":"product_tag-heis","24":"product_tag-japan","25":"product_tag-kneten","26":"product_tag-korner","27":"product_tag-kunststoff-2","28":"product_tag-machen","29":"product_tag-modellierung","30":"product_tag-nachhaltig","31":"product_tag-naturlich","32":"product_tag-protoplast","33":"product_tag-rabatt","34":"product_tag-reformierbar","35":"product_tag-schmelzen","36":"product_tag-schmuck","37":"product_tag-schmuck-2","38":"product_tag-setzen","39":"product_tag-sie-selbst","40":"product_tag-silberschmied-2","41":"product_tag-silberschmiede","42":"product_tag-silberton","43":"product_tag-stein","44":"product_tag-stein-3","45":"product_tag-verteiler","46":"product_tag-wasser","47":"product_tag-webshop","48":"product_tag-wiederverwendbar","49":"product_shipping_class-standard","51":"first","52":"instock","53":"taxable","54":"shipping-taxable","55":"purchasable","56":"product-type-simple"},"acf":[],"_links":{"self":[{"href":"https:\/\/esquell.eu\/de\/wp-json\/wp\/v2\/product\/13035","targetHints":{"allow":["GET"]}}],"collection":[{"href":"https:\/\/esquell.eu\/de\/wp-json\/wp\/v2\/product"}],"about":[{"href":"https:\/\/esquell.eu\/de\/wp-json\/wp\/v2\/types\/product"}],"replies":[{"embeddable":true,"href":"https:\/\/esquell.eu\/de\/wp-json\/wp\/v2\/comments?post=13035"}],"wp:featuredmedia":[{"embeddable":true,"href":"https:\/\/esquell.eu\/de\/wp-json\/wp\/v2\/media\/7056"}],"wp:attachment":[{"href":"https:\/\/esquell.eu\/de\/wp-json\/wp\/v2\/media?parent=13035"}],"wp:term":[{"taxonomy":"more","embeddable":true,"href":"https:\/\/esquell.eu\/de\/wp-json\/wp\/v2\/more?post=13035"},{"taxonomy":"product_brand","embeddable":true,"href":"https:\/\/esquell.eu\/de\/wp-json\/wp\/v2\/product_brand?post=13035"},{"taxonomy":"product_cat","embeddable":true,"href":"https:\/\/esquell.eu\/de\/wp-json\/wp\/v2\/product_cat?post=13035"},{"taxonomy":"product_tag","embeddable":true,"href":"https:\/\/esquell.eu\/de\/wp-json\/wp\/v2\/product_tag?post=13035"}],"curies":[{"name":"wp","href":"https:\/\/api.w.org\/{rel}","templated":true}]}}