{"id":13003,"date":"2025-04-03T09:11:26","date_gmt":"2025-04-03T09:11:26","guid":{"rendered":"https:\/\/esquell.eu\/product\/werkzeuge-zum-oeffnen-und-schliessen-von-jumprings\/"},"modified":"2025-11-09T09:15:57","modified_gmt":"2025-11-09T09:15:57","slug":"werkzeuge-zum-oeffnen-und-schliessen-von-jumprings","status":"publish","type":"product","link":"https:\/\/esquell.eu\/de\/produkt\/werkzeuge-zum-oeffnen-und-schliessen-von-jumprings\/","title":{"rendered":"Werkzeuge zum \u00d6ffnen und Schlie\u00dfen von Jumprings."},"content":{"rendered":"<p>Werkzeug zum \u00d6ffnen und Schlie\u00dfen von Jum-Ringen, Spannen von Ringen, \u00d6ffnen von Ringen<\/p>\n<p>Hergestellt aus Messing. DIY Schmuckherstellung. Werkzeuge  <\/p>\n","protected":false},"excerpt":{"rendered":"<p>Werkzeug zum \u00d6ffnen und Schlie\u00dfen von Jum-Ringen, Spannen von Ringen, \u00d6ffnen von Ringen<\/p>\n<p>Hergestellt aus Messing<\/p>\n","protected":false},"featured_media":7062,"comment_status":"closed","ping_status":"closed","template":"","meta":{"_acf_changed":false,"_seopress_robots_primary_cat":"none","_seopress_titles_title":"","_seopress_titles_desc":"","_seopress_robots_index":""},"more":[],"product_brand":[6365],"product_cat":[6367,7434],"product_tag":[6817,10755,6458,8354,6790,6415,7387,7123,6936,6883,7733,6881,6494,7736,8508,11181,8506,7802,6895,7017,10765,6822,6452,9420,8017,11171,10096,6897,6786,6885,7131,8504,6952,6421,9539,11174,11179,6455,7797,11183,10439,6682,6788,6891,11178,11169,11182,6938,7524,8526,8510,11175,11172,11176,11177,8092,6777,8528,10751,6928,6419,6820,8500,10473,11170,7743,6899,6779,9417,9647,6889,11173,6558,10761,10763,7086,10753,10436,10759,6893,6784,8483,10757,8191,10767,7373,7441,6605,6818,11180,6783,7735,7796],"class_list":{"0":"post-13003","1":"product","2":"type-product","3":"status-publish","4":"has-post-thumbnail","6":"product_brand-l1","7":"product_cat-erganzende-materialien","8":"product_cat-zange-und-pinzette","9":"product_tag-amsterdam","10":"product_tag-anschluss","11":"product_tag-belgien","12":"product_tag-bestatigen","13":"product_tag-bestellung","14":"product_tag-billig","15":"product_tag-bronze","16":"product_tag-brucke","17":"product_tag-brussel","18":"product_tag-deutschland","19":"product_tag-deutschland-2","20":"product_tag-deutsland","21":"product_tag-diy","22":"product_tag-doityourself","23":"product_tag-draht","24":"product_tag-drahtschmuck","25":"product_tag-einfadeln","26":"product_tag-enschede","27":"product_tag-es","28":"product_tag-fur","29":"product_tag-gesattigt","30":"product_tag-groningen","31":"product_tag-groshandel","32":"product_tag-groshandelspreise-2","33":"product_tag-handlich","34":"product_tag-handwerk","35":"product_tag-helfer","36":"product_tag-ihr","37":"product_tag-kaufen","38":"product_tag-kaufen-2","39":"product_tag-kupfer","40":"product_tag-lager","41":"product_tag-luttich","42":"product_tag-machen","43":"product_tag-messing","44":"product_tag-nadeln","45":"product_tag-naturstein-schmuck","46":"product_tag-niederlande","47":"product_tag-nijmegen","48":"product_tag-offene-verbindung-auge","49":"product_tag-offnen-sie","50":"product_tag-ohrringe","51":"product_tag-online","52":"product_tag-online-shop","53":"product_tag-online-shop-3","54":"product_tag-ornamentale-muster","55":"product_tag-osen-verbinden","56":"product_tag-ostende","57":"product_tag-perlen-2","58":"product_tag-perlen-3","59":"product_tag-perlenladen","60":"product_tag-perlenohrringe","61":"product_tag-perlenschmuck","62":"product_tag-privat","63":"product_tag-privatverkauf","64":"product_tag-ring","65":"product_tag-ringe","66":"product_tag-ringe-2","67":"product_tag-ringe-3","68":"product_tag-rotterdam","69":"product_tag-schmuck","70":"product_tag-schmuck-2","71":"product_tag-schmuck-selber-machen","72":"product_tag-schmuck-selber-machen-2","73":"product_tag-schmuckdesigns","74":"product_tag-schmuckherstellung","75":"product_tag-selbst","76":"product_tag-selbstgemacht","77":"product_tag-selbstgemachter-schmuck","78":"product_tag-selbstgemachter-schmuck-2","79":"product_tag-shop","80":"product_tag-sicken","81":"product_tag-sie-selbst","82":"product_tag-silberne-ringe","83":"product_tag-silberring","84":"product_tag-silberschmiede","85":"product_tag-spannring","86":"product_tag-springen-sprunge","87":"product_tag-teil-2","88":"product_tag-tun","89":"product_tag-unter-2","90":"product_tag-venlo","91":"product_tag-verbindungsring","92":"product_tag-verkauf-2","93":"product_tag-versilbert","94":"product_tag-werkzeug","95":"product_tag-werkzeug-2","96":"product_tag-werkzeuge","97":"product_tag-werkzeuge-2","98":"product_tag-wirewrapping","99":"product_tag-wobei","100":"product_tag-zu-verkaufen","101":"product_tag-zwolle","102":"product_shipping_class-standard","104":"first","105":"instock","106":"taxable","107":"shipping-taxable","108":"purchasable","109":"product-type-simple"},"acf":[],"_links":{"self":[{"href":"https:\/\/esquell.eu\/de\/wp-json\/wp\/v2\/product\/13003","targetHints":{"allow":["GET"]}}],"collection":[{"href":"https:\/\/esquell.eu\/de\/wp-json\/wp\/v2\/product"}],"about":[{"href":"https:\/\/esquell.eu\/de\/wp-json\/wp\/v2\/types\/product"}],"replies":[{"embeddable":true,"href":"https:\/\/esquell.eu\/de\/wp-json\/wp\/v2\/comments?post=13003"}],"wp:featuredmedia":[{"embeddable":true,"href":"https:\/\/esquell.eu\/de\/wp-json\/wp\/v2\/media\/7062"}],"wp:attachment":[{"href":"https:\/\/esquell.eu\/de\/wp-json\/wp\/v2\/media?parent=13003"}],"wp:term":[{"taxonomy":"more","embeddable":true,"href":"https:\/\/esquell.eu\/de\/wp-json\/wp\/v2\/more?post=13003"},{"taxonomy":"product_brand","embeddable":true,"href":"https:\/\/esquell.eu\/de\/wp-json\/wp\/v2\/product_brand?post=13003"},{"taxonomy":"product_cat","embeddable":true,"href":"https:\/\/esquell.eu\/de\/wp-json\/wp\/v2\/product_cat?post=13003"},{"taxonomy":"product_tag","embeddable":true,"href":"https:\/\/esquell.eu\/de\/wp-json\/wp\/v2\/product_tag?post=13003"}],"curies":[{"name":"wp","href":"https:\/\/api.w.org\/{rel}","templated":true}]}}