{"id":13002,"date":"2025-04-03T09:11:26","date_gmt":"2025-04-03T09:11:26","guid":{"rendered":"https:\/\/esquell.eu\/product\/quilling-brett-mit-nadeln\/"},"modified":"2025-11-09T09:03:35","modified_gmt":"2025-11-09T09:03:35","slug":"quilling-brett-mit-nadeln","status":"publish","type":"product","link":"https:\/\/esquell.eu\/de\/produkt\/quilling-brett-mit-nadeln\/","title":{"rendered":"Quilling-Brett mit Nadeln."},"content":{"rendered":"<p>Quilling Arbeitsbrett mit Nadeln. Zum Modellieren eines Quilling-Motivs. <\/p>\n<p>Verwenden Sie f\u00fcr Artclaysilver Quilling Art Clay Papier<a href=\"https:\/\/www.esquell.nl\/p\/quilling-bord-met-naalden?ObjectPath=\/Shops\/83636376\/Products\/MC0006\"> und<\/a> einen Quilling-Stift<\/p>\n<p>Quilling ist eine japanische Technik. Schmale Papierstreifen werden aufgerollt und miteinander verbunden, um ein verziertes Design zu schaffen. <\/p>\n<p>Sie k\u00f6nnen die Papierstreifen mit Silberlehmpaste zusammenf\u00fcgen. Seien Sie vorsichtig mit Wasser, denn Wasser macht das Papier schlaff, so dass es sich schwer bearbeiten l\u00e4sst. <\/p>\n<p>Lassen Sie das Design einen Tag lang an der Luft trocknen. Backen Sie es bei 800 Grad. Verwenden Sie zum Backen einen Ofen. Die Fackel ist nicht zum Backen geeignet.   <\/p>\n","protected":false},"excerpt":{"rendered":"<p>Quilling Arbeitsbrett mit Nadeln. Zum Modellieren eines Quilling-Motivs. <\/p>\n<p>Verwenden Sie f\u00fcr Artclaysilver Quilling Art Clay Papier<a href=\"?ObjectPath=\/Shops\/83636376\/Products\/MC0006\"> und<\/a> einen Quilling-Stift<\/p>\n<p>Quilling ist eine japanische Technik. Schmale Papierstreifen werden aufgerollt und miteinander verbunden, um ein verziertes Design zu schaffen. <\/p>\n<p>Sie k\u00f6nnen die Papierstreifen mit Silberlehmpaste zusammenf\u00fcgen. Seien Sie vorsichtig mit Wasser, denn Wasser macht das Papier schlaff, so dass es sich schwer bearbeiten l\u00e4sst. <\/p>\n<p>Lassen Sie das Design einen Tag lang an der Luft trocknen. Backen Sie bei 800 Grad. Verwenden Sie zum Backen einen Ofen. Die Fackel ist nicht zum Backen geeignet.     <\/p>\n<p><\/p>\n<p><\/p>\n<p><\/p>\n","protected":false},"featured_media":4115,"comment_status":"closed","ping_status":"closed","template":"","meta":{"_acf_changed":false,"_seopress_robots_primary_cat":"none","_seopress_titles_title":"","_seopress_titles_desc":"","_seopress_robots_index":""},"more":[],"product_brand":[],"product_cat":[8215,10426],"product_tag":[10429,6438,10427,6887,10440,6800,6498,8529,10431,6444,7134,6504,6686,6688,10433,6812,10438,10210,6490,7129,10441,21591,6500,6556,10435,10442],"class_list":{"0":"post-13002","1":"product","2":"type-product","3":"status-publish","4":"has-post-thumbnail","6":"product_cat-lehm","7":"product_cat-metall","8":"product_tag-10429","9":"product_tag-artclaysilver","10":"product_tag-artclaysilverpaper","11":"product_tag-biegsames-silber","12":"product_tag-filegrain","13":"product_tag-gramm","14":"product_tag-kunst","15":"product_tag-lang","16":"product_tag-lang-3","17":"product_tag-metalclay","18":"product_tag-nudeln","19":"product_tag-papier","20":"product_tag-papier-2","21":"product_tag-ruschen","22":"product_tag-ruschenpapier","23":"product_tag-silber-3","24":"product_tag-silberfeile-korn","25":"product_tag-silberquilling","26":"product_tag-silberton","27":"product_tag-silbertonpaste","28":"product_tag-silverfilegrain","29":"product_tag-silverfilegrain-2","30":"product_tag-ton-2","31":"product_tag-ton-3","32":"product_tag-warteschlange-getreide","33":"product_tag-workbor","34":"product_shipping_class-standard","36":"first","37":"instock","38":"taxable","39":"shipping-taxable","40":"purchasable","41":"product-type-simple"},"acf":[],"_links":{"self":[{"href":"https:\/\/esquell.eu\/de\/wp-json\/wp\/v2\/product\/13002","targetHints":{"allow":["GET"]}}],"collection":[{"href":"https:\/\/esquell.eu\/de\/wp-json\/wp\/v2\/product"}],"about":[{"href":"https:\/\/esquell.eu\/de\/wp-json\/wp\/v2\/types\/product"}],"replies":[{"embeddable":true,"href":"https:\/\/esquell.eu\/de\/wp-json\/wp\/v2\/comments?post=13002"}],"wp:featuredmedia":[{"embeddable":true,"href":"https:\/\/esquell.eu\/de\/wp-json\/wp\/v2\/media\/4115"}],"wp:attachment":[{"href":"https:\/\/esquell.eu\/de\/wp-json\/wp\/v2\/media?parent=13002"}],"wp:term":[{"taxonomy":"more","embeddable":true,"href":"https:\/\/esquell.eu\/de\/wp-json\/wp\/v2\/more?post=13002"},{"taxonomy":"product_brand","embeddable":true,"href":"https:\/\/esquell.eu\/de\/wp-json\/wp\/v2\/product_brand?post=13002"},{"taxonomy":"product_cat","embeddable":true,"href":"https:\/\/esquell.eu\/de\/wp-json\/wp\/v2\/product_cat?post=13002"},{"taxonomy":"product_tag","embeddable":true,"href":"https:\/\/esquell.eu\/de\/wp-json\/wp\/v2\/product_tag?post=13002"}],"curies":[{"name":"wp","href":"https:\/\/api.w.org\/{rel}","templated":true}]}}