{"id":12920,"date":"2025-04-03T09:11:34","date_gmt":"2025-04-03T09:11:34","guid":{"rendered":"https:\/\/esquell.eu\/product\/flasche-50-ml-nachfuellbar-geeignet-fuer-verschiedene-zwecke\/"},"modified":"2026-03-08T06:37:30","modified_gmt":"2026-03-08T06:37:30","slug":"flasche-50-ml-nachfuellbar-geeignet-fuer-verschiedene-zwecke","status":"publish","type":"product","link":"https:\/\/esquell.eu\/de\/produkt\/flasche-50-ml-nachfuellbar-geeignet-fuer-verschiedene-zwecke\/","title":{"rendered":"Flasche 50 ml nachf\u00fcllbar, geeignet f\u00fcr verschiedene Zwecke."},"content":{"rendered":"<p>Handliche, nachf\u00fcllbare Flasche, Nebel-Spr\u00fchflasche, 50 ml, die Sie z.B. mit Wasser oder \u00d6l bef\u00fcllen k\u00f6nnen.<\/p>\n<p>Wasser zum Befeuchten von schnell ausgetrocknetem Lehm, zum Beispiel,<\/p>\n<p>(Oliven-)\u00d6l als Antihaftmittel f\u00fcr Ihre H\u00e4nde, Ihre Arbeitsfl\u00e4che oder Stempel und Formen usw. <\/p>\n","protected":false},"excerpt":{"rendered":"<p>Praktische, nachf\u00fcllbare Spr\u00fchflasche, 50 ml, die Sie z.B. mit Wasser oder \u00d6l bef\u00fcllen k\u00f6nnen. Zum Beispiel Wasser, um ausgetrockneten Ton schnell zu befeuchten, (Oliven-)\u00d6l als Antihaftmittel f\u00fcr Ihre H\u00e4nde, Arbeitsfl\u00e4che oder Stempel und Formen, etc. <\/p>\n","protected":false},"featured_media":7054,"comment_status":"closed","ping_status":"closed","template":"","meta":{"_acf_changed":false,"_seopress_robots_primary_cat":"none","_seopress_titles_title":"","_seopress_titles_desc":"","_seopress_robots_index":""},"more":[],"product_brand":[6365],"product_cat":[6596,8215],"product_tag":[10103,6817,10013,9902,10036,6773,8126,10030,6458,6790,10047,6887,6415,9426,6929,7387,6903,6936,7676,7804,8518,6883,6881,6628,10101,10034,9423,10018,10095,21606,10005,7017,7369,6934,7808,6767,6822,6452,6696,8640,6786,6885,6804,10038,7131,6905,10028,9147,6952,6444,10032,10024,10099,8684,7178,10048,6455,7797,10026,6609,6788,6938,7674,7146,6806,10007,6928,10016,7509,6889,6417,10011,6490,8128,7340,6913,10046,10020,10097,9189,10040,6435,6556,7748,10044,6630,6784,7575,9792,10022,9914,10105,6783,6911,10042,7735],"class_list":{"0":"post-12920","1":"product","2":"type-product","3":"status-publish","4":"has-post-thumbnail","6":"product_brand-l1","7":"product_cat-grundlegende-werkzeuge","8":"product_cat-lehm","9":"product_tag-almeren","10":"product_tag-amsterdam","11":"product_tag-angebot-3","12":"product_tag-antihaftmittel","13":"product_tag-antiplastik","14":"product_tag-antwerpen","15":"product_tag-artclaysilvershop","16":"product_tag-befeuchten","17":"product_tag-belgien","18":"product_tag-bestellung","19":"product_tag-bewertungen","20":"product_tag-biegsames-silber","21":"product_tag-billig","22":"product_tag-bindestrich","23":"product_tag-blei","24":"product_tag-bronze","25":"product_tag-bronze-ton","26":"product_tag-brussel","27":"product_tag-cernit","28":"product_tag-delft","29":"product_tag-delfzijl","30":"product_tag-deutschland","31":"product_tag-deutsland","32":"product_tag-einfugen","33":"product_tag-einfugen-3","34":"product_tag-epoxid","35":"product_tag-fimo-knete","36":"product_tag-flasche","37":"product_tag-flasche-2","38":"product_tag-flasche-3","39":"product_tag-flussig","40":"product_tag-fur","41":"product_tag-gegen","42":"product_tag-gent","43":"product_tag-glas","44":"product_tag-gold","45":"product_tag-groningen","46":"product_tag-groshandel","47":"product_tag-ideen","48":"product_tag-inspiration","49":"product_tag-kaufen","50":"product_tag-kaufen-2","51":"product_tag-kostenlos","52":"product_tag-kunst-ton-2","53":"product_tag-kupfer","54":"product_tag-kupferton","55":"product_tag-lavendelol","56":"product_tag-losser","57":"product_tag-luttich","58":"product_tag-metalclay","59":"product_tag-metall-block","60":"product_tag-nachfullbar","61":"product_tag-nachfullbar-2","62":"product_tag-nevadasdream","63":"product_tag-nicht","64":"product_tag-nicht-klebend","65":"product_tag-niederlande","66":"product_tag-nijmegen","67":"product_tag-ol","68":"product_tag-olivenol","69":"product_tag-online","70":"product_tag-ostende","71":"product_tag-polymer-clay","72":"product_tag-porzellan","73":"product_tag-rabatt","74":"product_tag-ressource","75":"product_tag-rotterdam","76":"product_tag-schmieren","77":"product_tag-senden","78":"product_tag-shop","79":"product_tag-silber","80":"product_tag-silber-ton-zubehor","81":"product_tag-silberton","82":"product_tag-silberwarengeschaft","83":"product_tag-silverclay-co-uk","84":"product_tag-silveribelgie","85":"product_tag-silverleionlin","86":"product_tag-spruhen","87":"product_tag-spruhen-2","88":"product_tag-stoff-ton","89":"product_tag-tafelsilber-2","90":"product_tag-ton","91":"product_tag-ton-3","92":"product_tag-tonwerkzeuge","93":"product_tag-tonzubehor","94":"product_tag-trennmittel","95":"product_tag-unter-2","96":"product_tag-uv-harz","97":"product_tag-verhindern","98":"product_tag-vermisst","99":"product_tag-wasser","100":"product_tag-winschoten","101":"product_tag-wobei","102":"product_tag-zilverkleinederland","103":"product_tag-zivler-tonwerkzeuge-2","104":"product_tag-zu-verkaufen","105":"product_shipping_class-standard","107":"first","108":"instock","109":"taxable","110":"shipping-taxable","111":"purchasable","112":"product-type-simple"},"acf":[],"_links":{"self":[{"href":"https:\/\/esquell.eu\/de\/wp-json\/wp\/v2\/product\/12920","targetHints":{"allow":["GET"]}}],"collection":[{"href":"https:\/\/esquell.eu\/de\/wp-json\/wp\/v2\/product"}],"about":[{"href":"https:\/\/esquell.eu\/de\/wp-json\/wp\/v2\/types\/product"}],"replies":[{"embeddable":true,"href":"https:\/\/esquell.eu\/de\/wp-json\/wp\/v2\/comments?post=12920"}],"wp:featuredmedia":[{"embeddable":true,"href":"https:\/\/esquell.eu\/de\/wp-json\/wp\/v2\/media\/7054"}],"wp:attachment":[{"href":"https:\/\/esquell.eu\/de\/wp-json\/wp\/v2\/media?parent=12920"}],"wp:term":[{"taxonomy":"more","embeddable":true,"href":"https:\/\/esquell.eu\/de\/wp-json\/wp\/v2\/more?post=12920"},{"taxonomy":"product_brand","embeddable":true,"href":"https:\/\/esquell.eu\/de\/wp-json\/wp\/v2\/product_brand?post=12920"},{"taxonomy":"product_cat","embeddable":true,"href":"https:\/\/esquell.eu\/de\/wp-json\/wp\/v2\/product_cat?post=12920"},{"taxonomy":"product_tag","embeddable":true,"href":"https:\/\/esquell.eu\/de\/wp-json\/wp\/v2\/product_tag?post=12920"}],"curies":[{"name":"wp","href":"https:\/\/api.w.org\/{rel}","templated":true}]}}