{"id":12914,"date":"2025-04-03T09:11:26","date_gmt":"2025-04-03T09:11:26","guid":{"rendered":"https:\/\/esquell.eu\/product\/clay-tack-von-cooltools-verbindungen-in-silberton-herstellen\/"},"modified":"2026-03-23T06:45:26","modified_gmt":"2026-03-23T06:45:26","slug":"clay-tack-von-cooltools-verbindungen-in-silberton-herstellen","status":"publish","type":"product","link":"https:\/\/esquell.eu\/de\/produkt\/clay-tack-von-cooltools-verbindungen-in-silberton-herstellen\/","title":{"rendered":"Clay Tack von Cooltools Verbindungen in Silberton herstellen."},"content":{"rendered":"<p>Clay Tack ist ein Werkzeug zum Herstellen von Verbindungen in Silberton. Verbinden Sie nass mit nass, nass mit trocken, trocken mit trocken, gebrannt mit gebrannt, oder f\u00fcgen Sie es zu Klumpton hinzu, um Ihre eigene Metalltonpaste herzustellen. <\/p>\n<p>Clay Tack funktioniert wie ein Superkleber f\u00fcr Metallton und bietet eine hervorragende Haftung. Es hilft Ihnen beim Reparieren und Verbinden von Werkst\u00fccken (ob trocken oder noch im Ton). Keine Unordnung und kein Aufr\u00e4umen mehr! Sie erhalten in Sekundenschnelle eine saubere Verbindung. Vor Gebrauch sch\u00fctteln.<br \/>\nVerwenden Sie den Kleber sparsam auf den Verbindungsstellen. Zum Verkleben 20 Sekunden lang halten.     <\/p>\n","protected":false},"excerpt":{"rendered":"<p>Clay Tack ist ein Werkzeug zum Herstellen von Verbindungen in Silberton. Verbinden Sie nass mit nass, nass mit trocken, trocken mit trocken, gebrannt mit gebrannt, oder f\u00fcgen Sie es zu Klumpton hinzu, um Ihre eigene Metalltonpaste herzustellen. <\/p>\n<p>&nbsp;<\/p>\n<p>Clay Tack funktioniert wie ein Superkleber f\u00fcr Metallton und bietet eine hervorragende Haftung. Es hilft Ihnen beim Reparieren und Verbinden von Werkst\u00fccken (ob trocken oder noch im Ton). Keine Unordnung und kein Aufr\u00e4umen mehr! Sie erhalten in Sekundenschnelle eine saubere Verbindung. Vor Gebrauch sch\u00fctteln.<br \/>\nVerwenden Sie den Kleber sparsam auf den Verbindungsstellen. Zum Verkleben 20 Sekunden lang halten.     <\/p>\n","protected":false},"featured_media":12936,"comment_status":"closed","ping_status":"closed","template":"","meta":{"_acf_changed":false,"_seopress_robots_primary_cat":"none","_seopress_titles_title":"","_seopress_titles_desc":"","_seopress_robots_index":""},"more":[],"product_brand":[6595],"product_cat":[6367,6596,8215],"product_tag":[10076,9935,8221,7136,7017,9933,10074,8668,6421,6441,7134,9077,6558,8022,6490,7129,7340,10071,6781,6500,10073],"class_list":{"0":"post-12914","1":"product","2":"type-product","3":"status-publish","4":"has-post-thumbnail","6":"product_brand-coole-tools","7":"product_cat-erganzende-materialien","8":"product_cat-grundlegende-werkzeuge","9":"product_cat-lehm","10":"product_tag-adhasion-2","11":"product_tag-claytack","12":"product_tag-cooltools-cool-tools","13":"product_tag-einfugen-2","14":"product_tag-fur","15":"product_tag-hersteller","16":"product_tag-leim","17":"product_tag-lose","18":"product_tag-machen","19":"product_tag-metallton","20":"product_tag-nudeln","21":"product_tag-pastemaker","22":"product_tag-sie-selbst","23":"product_tag-silberlehm","24":"product_tag-silberton","25":"product_tag-silbertonpaste","26":"product_tag-silverclay-co-uk","27":"product_tag-tack","28":"product_tag-teile","29":"product_tag-ton-2","30":"product_tag-verbindungen","31":"product_shipping_class-standard","33":"first","34":"instock","35":"taxable","36":"shipping-taxable","37":"purchasable","38":"product-type-simple"},"acf":[],"_links":{"self":[{"href":"https:\/\/esquell.eu\/de\/wp-json\/wp\/v2\/product\/12914","targetHints":{"allow":["GET"]}}],"collection":[{"href":"https:\/\/esquell.eu\/de\/wp-json\/wp\/v2\/product"}],"about":[{"href":"https:\/\/esquell.eu\/de\/wp-json\/wp\/v2\/types\/product"}],"replies":[{"embeddable":true,"href":"https:\/\/esquell.eu\/de\/wp-json\/wp\/v2\/comments?post=12914"}],"wp:featuredmedia":[{"embeddable":true,"href":"https:\/\/esquell.eu\/de\/wp-json\/wp\/v2\/media\/12936"}],"wp:attachment":[{"href":"https:\/\/esquell.eu\/de\/wp-json\/wp\/v2\/media?parent=12914"}],"wp:term":[{"taxonomy":"more","embeddable":true,"href":"https:\/\/esquell.eu\/de\/wp-json\/wp\/v2\/more?post=12914"},{"taxonomy":"product_brand","embeddable":true,"href":"https:\/\/esquell.eu\/de\/wp-json\/wp\/v2\/product_brand?post=12914"},{"taxonomy":"product_cat","embeddable":true,"href":"https:\/\/esquell.eu\/de\/wp-json\/wp\/v2\/product_cat?post=12914"},{"taxonomy":"product_tag","embeddable":true,"href":"https:\/\/esquell.eu\/de\/wp-json\/wp\/v2\/product_tag?post=12914"}],"curies":[{"name":"wp","href":"https:\/\/api.w.org\/{rel}","templated":true}]}}