{"id":12864,"date":"2025-04-03T09:11:34","date_gmt":"2025-04-03T09:11:34","guid":{"rendered":"https:\/\/esquell.eu\/product\/flacher-feinsilberdraht-zum-emaillieren-cloisonne-draht-breite-1-mm-dicke-02-mm\/"},"modified":"2025-11-09T07:26:31","modified_gmt":"2025-11-09T07:26:31","slug":"flacher-feinsilberdraht-zum-emaillieren-cloisonne-draht-breite-1-mm-dicke-02-mm","status":"publish","type":"product","link":"https:\/\/esquell.eu\/de\/produkt\/flacher-feinsilberdraht-zum-emaillieren-cloisonne-draht-breite-1-mm-dicke-02-mm\/","title":{"rendered":"Flacher Feinsilberdraht zum Emaillieren. Cloisonn\u00e9-Draht Breite 1 mm, Dicke 0,2 mm."},"content":{"rendered":"<p>Cloisonn\u00e9-Draht wird f\u00fcr Emaillearbeiten verwendet. Der sehr feine, flache Draht bildet die R\u00e4nder zwischen verschiedenen Emaillefarben. Die Breite des Drahtes betr\u00e4gt 1,00 mm, die Dicke 0,20 mm und die L\u00e4nge 100 cm. Die Dr\u00e4hte sind aus Feinsilber (SV990) gefertigt.  <\/p>\n<p>Cloisonn\u00e9 ist eine Technik des Emaillierens, bei der man zerkleinerten Draht in bestimmten Motiven oder Figuren auf einem Metalluntergrund fixiert. Dies kann mit Leim geschehen oder indem man zuerst eine Schicht Emaille auftr\u00e4gt, dann den Draht darauf anbringt und das Objekt im Ofen erhitzt, wo der Draht teilweise in die Emaille-Schicht einsinkt. Die L\u00fccken zwischen den Drahtst\u00fccken werden mit verschiedenfarbigem Emaillepulver bedeckt. Der zerkleinerte Draht verhindert, dass sich die Farben w\u00e4hrend des Erhitzens der Emaille ineinander vermischen. Jede Farbe ist somit in ihrer eigenen Zelle eingeschlossen.    <\/p>\n","protected":false},"excerpt":{"rendered":"<p>Cloisonne-Draht wird f\u00fcr Emaillearbeiten verwendet. Der sehr feine Streifen, flacher Draht, bildet die R\u00e4nder zwischen verschiedenen Emaillefarben. Die Breite des Drahtes betr\u00e4gt 1,00 mm, die Dicke 0,20 mm und die L\u00e4nge 100 cm. Die Dr\u00e4hte sind aus Feinsilber (SV990) gefertigt.  <\/p>\n<p><strong> <\/strong><\/p>\n<p><strong> <\/strong><\/p>\n<p>Cloisonn\u00e9 ist eine Technik des Emaillierens, bei der man zerkleinerten Draht in bestimmten Motiven oder Figuren auf einem Metalluntergrund fixiert. Dies kann mit Leim geschehen oder indem man zuerst eine Schicht Emaille auftr\u00e4gt, dann den Draht darauf anbringt und das Objekt im Ofen erhitzt, wo der Draht teilweise in die Emaille-Schicht einsinkt. Die L\u00fccken zwischen den Drahtst\u00fccken werden mit verschiedenfarbigem Emaillepulver bedeckt. Der zerkleinerte Draht verhindert, dass sich die Farben w\u00e4hrend des Erhitzens der Emaille ineinander vermischen. Jede Farbe ist somit in ihrer eigenen Zelle eingeschlossen.    <\/p>\n<p>&nbsp;<\/p>\n<p>&nbsp;<\/p>\n","protected":false},"featured_media":12868,"comment_status":"closed","ping_status":"closed","template":"","meta":{"_acf_changed":false,"_seopress_robots_primary_cat":"none","_seopress_titles_title":"","_seopress_titles_desc":"","_seopress_robots_index":""},"more":[],"product_brand":[6518],"product_cat":[7505],"product_tag":[6715,9750,9754,9756,8508,7197,8928,9758,8931,9752,7200,7171,6673,7222,6417,7240,7243,9509,8520],"class_list":{"0":"post-12864","1":"product","2":"type-product","3":"status-publish","4":"has-post-thumbnail","6":"product_brand-prometheus","7":"product_cat-emaillierwerkzeuge-und-zubehor","8":"product_tag-arbeit","9":"product_tag-cloisonne","10":"product_tag-comic","11":"product_tag-dicke","12":"product_tag-draht","13":"product_tag-emaille","14":"product_tag-emaille-pulver","15":"product_tag-emaillekleber","16":"product_tag-emaillepulver","17":"product_tag-emaillepulver-2","18":"product_tag-emaillieren","19":"product_tag-gut-2","20":"product_tag-japan","21":"product_tag-japanisch-2","22":"product_tag-silber","23":"product_tag-transparent","24":"product_tag-undurchsichtig","25":"product_tag-undurchsichtig-3","26":"product_tag-wohnung","27":"product_shipping_class-standard","29":"first","30":"instock","31":"taxable","32":"shipping-taxable","33":"purchasable","34":"product-type-simple"},"acf":[],"_links":{"self":[{"href":"https:\/\/esquell.eu\/de\/wp-json\/wp\/v2\/product\/12864","targetHints":{"allow":["GET"]}}],"collection":[{"href":"https:\/\/esquell.eu\/de\/wp-json\/wp\/v2\/product"}],"about":[{"href":"https:\/\/esquell.eu\/de\/wp-json\/wp\/v2\/types\/product"}],"replies":[{"embeddable":true,"href":"https:\/\/esquell.eu\/de\/wp-json\/wp\/v2\/comments?post=12864"}],"wp:featuredmedia":[{"embeddable":true,"href":"https:\/\/esquell.eu\/de\/wp-json\/wp\/v2\/media\/12868"}],"wp:attachment":[{"href":"https:\/\/esquell.eu\/de\/wp-json\/wp\/v2\/media?parent=12864"}],"wp:term":[{"taxonomy":"more","embeddable":true,"href":"https:\/\/esquell.eu\/de\/wp-json\/wp\/v2\/more?post=12864"},{"taxonomy":"product_brand","embeddable":true,"href":"https:\/\/esquell.eu\/de\/wp-json\/wp\/v2\/product_brand?post=12864"},{"taxonomy":"product_cat","embeddable":true,"href":"https:\/\/esquell.eu\/de\/wp-json\/wp\/v2\/product_cat?post=12864"},{"taxonomy":"product_tag","embeddable":true,"href":"https:\/\/esquell.eu\/de\/wp-json\/wp\/v2\/product_tag?post=12864"}],"curies":[{"name":"wp","href":"https:\/\/api.w.org\/{rel}","templated":true}]}}