{"id":12846,"date":"2025-04-03T09:11:34","date_gmt":"2025-04-03T09:11:34","guid":{"rendered":"https:\/\/esquell.eu\/product\/emaillepulver-emaillepulver-kirsche-rosa-r-0183-transparent\/"},"modified":"2025-04-03T09:11:34","modified_gmt":"2025-04-03T09:11:34","slug":"emaillepulver-emaillepulver-kirsche-rosa-r-0183-transparent","status":"publish","type":"product","link":"https:\/\/esquell.eu\/de\/produkt\/emaillepulver-emaillepulver-kirsche-rosa-r-0183-transparent\/","title":{"rendered":"Emaillepulver, Emaillepulver. Kirsche Rosa (R-0183) Transparent"},"content":{"rendered":"<p>Japanisches Emaille-Pulver. Japanisches Emaille-Pulver <\/p>\n<p>Foto rechts ohne Blitz, Foto links mit Blitz.<\/p>\n<p>Inhalt ca. 20 Gramm.<\/p>\n<p>Diese japanischen Emaillen von Art Clay geh\u00f6ren zu den besten der Welt. Sie werden von Art Clay Japan sorgf\u00e4ltig ausgew\u00e4hlt und von weltbekannten Metallton- und Emaillierk\u00fcnstlern gelobt.<\/p>\n<p>&nbsp;<\/p>\n<p>In der Realit\u00e4t kann die Farbe leicht variieren. Die endg\u00fcltige Farbe h\u00e4ngt auch vom Untergrund und der Anzahl der aufgetragenen Schichten ab.  <\/p>\n","protected":false},"excerpt":{"rendered":"<p>Japanisches Emaille-Pulver. Japanisches Emaille-Pulver <\/p>\n<p>Farbe: Kirsche Rosa Transparent<\/p>\n<p>Foto rechts ohne Blitz, Foto links mit Blitz.<\/p>\n<p>&nbsp;<\/p>\n<p>Inhalt ca. 20 Gramm.<\/p>\n<p>&nbsp;<\/p>\n<p>Diese japanischen Emaillen von Art Clay geh\u00f6ren zu den besten der Welt. Sie werden von Art Clay Japan sorgf\u00e4ltig ausgew\u00e4hlt und von weltbekannten Metallton- und Emaillierk\u00fcnstlern gelobt.<\/p>\n<p>&nbsp;<\/p>\n<p>In der Realit\u00e4t kann die Farbe leicht variieren. Die endg\u00fcltige Farbe h\u00e4ngt auch vom Untergrund und der Anzahl der aufgetragenen Schichten ab.  <\/p>\n<p>&nbsp;<\/p>\n<p><a href=\"https:\/\/www.esquell.nl\/WebRoot\/StoreNL\/Shops\/83636376\/62BD\/D6E2\/AEF0\/ABC5\/7FBB\/0A0C\/6D0E\/DBED\/Microsoft_Word_-_Enamel_MSDS.doc_-_Enamel_MSDS.pdf\">Hier finden Sie die Arbeitsanweisungen und das Sicherheitshandbuch<\/a><\/p>\n","protected":false},"featured_media":7274,"comment_status":"closed","ping_status":"closed","template":"","meta":{"_acf_changed":false,"_seopress_robots_primary_cat":"none","_seopress_titles_title":"","_seopress_titles_desc":"","_seopress_robots_index":""},"more":[],"product_brand":[6413],"product_cat":[9736],"product_tag":[6446,7190,6492,6721,7250,7197,7214,8852,9496,9507,7202,7200,7198,9499,9510,7206,7216,7237,6767,7095,7195,7230,7208,7259,7262,6673,7204,7222,7256,9683,9503,7253,6704,9501,9505,7178,9508,9682,7193,7218,6424,6926,7023,7226,7220,7212,9506,7182,7246,6812,7240,7243,9498,9509,7234,7185,7211],"class_list":{"0":"post-12846","1":"product","2":"type-product","3":"status-publish","4":"has-post-thumbnail","6":"product_brand-acs","7":"product_cat-japanische-emaille","8":"product_tag-aida","9":"product_tag-art-clay","10":"product_tag-artclay","11":"product_tag-blau","12":"product_tag-blau-2","13":"product_tag-emaille","14":"product_tag-emaille-2","15":"product_tag-emaille-3","16":"product_tag-emaille-4","17":"product_tag-emaille-5","18":"product_tag-emaillen","19":"product_tag-emaillieren","20":"product_tag-emal","21":"product_tag-emarald","22":"product_tag-fairy","23":"product_tag-farben","24":"product_tag-gelb","25":"product_tag-gelb-2","26":"product_tag-gold","27":"product_tag-gold-2","28":"product_tag-grau","29":"product_tag-grau-2","30":"product_tag-grun","31":"product_tag-grun-2","32":"product_tag-himmel","33":"product_tag-japan","34":"product_tag-japanisch","35":"product_tag-japanisch-2","36":"product_tag-kalk","37":"product_tag-kirsche","38":"product_tag-kobalt","39":"product_tag-lila","40":"product_tag-loschen","41":"product_tag-loschen-2","42":"product_tag-marine","43":"product_tag-nicht","44":"product_tag-preusisch","45":"product_tag-preusisch-2","46":"product_tag-pulver","47":"product_tag-pulver-2","48":"product_tag-rein","49":"product_tag-rein-2","50":"product_tag-rein-3","51":"product_tag-rosa","52":"product_tag-rose","53":"product_tag-rot","54":"product_tag-rot-2","55":"product_tag-schwarz","56":"product_tag-semi","57":"product_tag-silber-3","58":"product_tag-transparent","59":"product_tag-undurchsichtig","60":"product_tag-undurchsichtig-2","61":"product_tag-undurchsichtig-3","62":"product_tag-violett","63":"product_tag-weis-2","64":"product_tag-weis-3","65":"product_shipping_class-standard","67":"first","68":"instock","69":"taxable","70":"shipping-taxable","71":"purchasable","72":"product-type-simple"},"acf":[],"_links":{"self":[{"href":"https:\/\/esquell.eu\/de\/wp-json\/wp\/v2\/product\/12846","targetHints":{"allow":["GET"]}}],"collection":[{"href":"https:\/\/esquell.eu\/de\/wp-json\/wp\/v2\/product"}],"about":[{"href":"https:\/\/esquell.eu\/de\/wp-json\/wp\/v2\/types\/product"}],"replies":[{"embeddable":true,"href":"https:\/\/esquell.eu\/de\/wp-json\/wp\/v2\/comments?post=12846"}],"wp:featuredmedia":[{"embeddable":true,"href":"https:\/\/esquell.eu\/de\/wp-json\/wp\/v2\/media\/7274"}],"wp:attachment":[{"href":"https:\/\/esquell.eu\/de\/wp-json\/wp\/v2\/media?parent=12846"}],"wp:term":[{"taxonomy":"more","embeddable":true,"href":"https:\/\/esquell.eu\/de\/wp-json\/wp\/v2\/more?post=12846"},{"taxonomy":"product_brand","embeddable":true,"href":"https:\/\/esquell.eu\/de\/wp-json\/wp\/v2\/product_brand?post=12846"},{"taxonomy":"product_cat","embeddable":true,"href":"https:\/\/esquell.eu\/de\/wp-json\/wp\/v2\/product_cat?post=12846"},{"taxonomy":"product_tag","embeddable":true,"href":"https:\/\/esquell.eu\/de\/wp-json\/wp\/v2\/product_tag?post=12846"}],"curies":[{"name":"wp","href":"https:\/\/api.w.org\/{rel}","templated":true}]}}