{"id":12507,"date":"2025-04-03T09:12:11","date_gmt":"2025-04-03T09:12:11","guid":{"rendered":"https:\/\/esquell.eu\/product\/ausstecher-ausstechformen-paisley-7-teiliges-set-aus-edelstahl\/"},"modified":"2025-11-09T08:29:41","modified_gmt":"2025-11-09T08:29:41","slug":"ausstecher-ausstechformen-paisley-7-teiliges-set-aus-edelstahl","status":"publish","type":"product","link":"https:\/\/esquell.eu\/de\/produkt\/ausstecher-ausstechformen-paisley-7-teiliges-set-aus-edelstahl\/","title":{"rendered":"Ausstecher \/ Ausstechformen Paisley 7-teiliges Set aus Edelstahl"},"content":{"rendered":"<p>7-teiliges Set mit Ausstechformen\/Cutters. Kaschmir. ROSTFREIER STAHL  <\/p>\n<p>7-teiliges Set mit Ausstechformen\/Cutters. Kaschmir. ROSTFREIER STAHL  <\/p>\n<p>Abmessungen (L\u00e4nge * H\u00f6he * Breite)<\/p>\n<p>6.5&#215;4.5&#215;1.8 cm,<br \/>\n5.8&#215;3.9&#215;1.8 cm,<br \/>\n5.2&#215;3.3&#215;1.8cm<br \/>\n4.5x3x1.8cm,<br \/>\n3.5&#215;2.8&#215;1.8 cm,<br \/>\n2.7&#215;1.7&#215;1.8 cm,<br \/>\n1.6&#215;1.1&#215;1.8 cm<\/p>\n<p>Die kleinste ist 1,6 cm lang, die gr\u00f6\u00dfte 6,5 cm.<\/p>\n<p>Kreieren Sie m\u00fchelos einzigartige und moderne Formen aus Ton mit diesem hochwertigen Set von organisch geformten Tonausstechern. Ideal f\u00fcr Silber-, Kupfer- und Bronzeton und andere Arten von Ton. Auch f\u00fcr Keramik und Polymer Clay geeignet. <\/p>\n<p>Sie variieren in der Gr\u00f6\u00dfe von klein bis gro\u00df und eignen sich perfekt f\u00fcr Ohrringe, Anh\u00e4nger, Glieder und dekorative Elemente.<\/p>\n<p>F\u00fcr den h\u00e4ufigen Gebrauch. Hergestellt aus hochwertigem Kunststoff. Beh\u00e4lt seine Form  <\/p>\n<p>Der Vorteil gegen\u00fcber dem Nadelstift ist, dass Sie damit enge Schnittkanten erhalten, ohne auszufransen. Und genau zu duplizieren, was z.B. f\u00fcr Ohrringe praktisch ist. <\/p>\n<p>Kombinieren Sie die Formen miteinander, mit anderen Formen aus anderen Ausschneideb\u00f6gen.<\/p>\n<p>Kombinieren Sie mit Strukturmatten und Stempeln f\u00fcr Muster, Textur und Relief.<\/p>\n","protected":false},"excerpt":{"rendered":"<p>7-teiliges Set mit Ausstechformen\/Cutters. Kaschmir. ROSTFREIER STAHL  <\/p>\n<p>Abmessungen (L\u00e4nge * H\u00f6he * Breite)<\/p>\n<p>6.5&#215;4.5&#215;1.8 cm,<br \/>\n5.8&#215;3.9&#215;1.8 cm,<br \/>\n5.2&#215;3.3&#215;1.8cm<br \/>\n4.5x3x1.8cm,<br \/>\n3.5&#215;2.8&#215;1.8 cm,<br \/>\n2.7&#215;1.7&#215;1.8 cm,<br \/>\n1.6&#215;1.1&#215;1.8 cm<\/p>\n<p>Die kleinste ist 1,6 cm lang, die gr\u00f6\u00dfte 6,5 cm.<\/p>\n<p>Geeignet zum Ausstechen von Formen aus verschiedenen Arten von Ton.<\/p>\n","protected":false},"featured_media":7967,"comment_status":"closed","ping_status":"closed","template":"","meta":{"_acf_changed":false,"_seopress_robots_primary_cat":"none","_seopress_titles_title":"","_seopress_titles_desc":"","_seopress_robots_index":""},"more":[],"product_brand":[6365],"product_cat":[6811],"product_tag":[6924,6492,6438,7758,6458,6790,6903,7694,9619,9617,9621,9606,9623,6883,6881,6494,6895,9545,7672,8700,9196,7682,7680,7017,9615,7690,9490,9622,6897,6786,6885,9599,9593,9613,6804,6905,7678,7744,9607,7019,6421,9608,9487,9611,9595,9597,6455,6682,6788,9588,7674,7692,9543,8092,7742,6820,8500,6899,6779,7509,6889,6558,6901,7340,6913,7749,9429,6622,6435,6500,9624,7511,7561,9605,9591,8750,6893,6784,6814,7441,6818,6783,6911,7735],"class_list":{"0":"post-12507","1":"product","2":"type-product","3":"status-publish","4":"has-post-thumbnail","6":"product_brand-l1","7":"product_cat-ausstecher-fur-ton","8":"product_tag-anhanger-2","9":"product_tag-artclay","10":"product_tag-artclaysilver","11":"product_tag-ausschnitt","12":"product_tag-belgien","13":"product_tag-bestellung","14":"product_tag-bronze-ton","15":"product_tag-cernit-stanzformen","16":"product_tag-cernit-schmuck","17":"product_tag-cernit-tool","18":"product_tag-cernitjuwlen","19":"product_tag-clayshop-co-uk","20":"product_tag-claytools","21":"product_tag-deutschland","22":"product_tag-deutsland","23":"product_tag-diy","24":"product_tag-es","25":"product_tag-fime-tool","26":"product_tag-fimo","27":"product_tag-fimo-schmuck","28":"product_tag-formen","29":"product_tag-formen-schneiden","30":"product_tag-formulare","31":"product_tag-fur","32":"product_tag-fymouitstich-formen","33":"product_tag-hobby-shop","34":"product_tag-hobby-shop-2","35":"product_tag-hobby-ton","36":"product_tag-ihr","37":"product_tag-kaufen","38":"product_tag-kaufen-2","39":"product_tag-kleiderkammern","40":"product_tag-kleisteker","41":"product_tag-kli","42":"product_tag-kostenlos","43":"product_tag-kupferton","44":"product_tag-kutter","45":"product_tag-kutter-2","46":"product_tag-lehm-de","47":"product_tag-liefert","48":"product_tag-machen","49":"product_tag-masche","50":"product_tag-maschenformen","51":"product_tag-maschenformen-2","52":"product_tag-metaaal","53":"product_tag-minikuttern","54":"product_tag-niederlande","55":"product_tag-ohrringe","56":"product_tag-online","57":"product_tag-online-shop-2","58":"product_tag-polymer-clay","59":"product_tag-polymer-clay-schmuck","60":"product_tag-polymer-clay-werkzeug","61":"product_tag-ring","62":"product_tag-rostfreier-stahl","63":"product_tag-schmuck-2","64":"product_tag-schmuck-selber-machen","65":"product_tag-selbst","66":"product_tag-selbstgemacht","67":"product_tag-senden","68":"product_tag-shop","69":"product_tag-sie-selbst","70":"product_tag-sie-selbst-2","71":"product_tag-silverclay-co-uk","72":"product_tag-silveribelgie","73":"product_tag-stopfen","74":"product_tag-stopfen-2","75":"product_tag-strukturen","76":"product_tag-ton","77":"product_tag-ton-2","78":"product_tag-tonformen-2","79":"product_tag-tonschmuck","80":"product_tag-tonschmuck-2","81":"product_tag-tonschmuck-3","82":"product_tag-tonschneider-4","83":"product_tag-tonwerkzeuge-2","84":"product_tag-tun","85":"product_tag-unter-2","86":"product_tag-webshop","87":"product_tag-werkzeug-2","88":"product_tag-werkzeuge-2","89":"product_tag-wobei","90":"product_tag-zilverkleinederland","91":"product_tag-zu-verkaufen","92":"product_shipping_class-standard","94":"first","95":"instock","96":"taxable","97":"shipping-taxable","98":"purchasable","99":"product-type-simple"},"acf":[],"_links":{"self":[{"href":"https:\/\/esquell.eu\/de\/wp-json\/wp\/v2\/product\/12507","targetHints":{"allow":["GET"]}}],"collection":[{"href":"https:\/\/esquell.eu\/de\/wp-json\/wp\/v2\/product"}],"about":[{"href":"https:\/\/esquell.eu\/de\/wp-json\/wp\/v2\/types\/product"}],"replies":[{"embeddable":true,"href":"https:\/\/esquell.eu\/de\/wp-json\/wp\/v2\/comments?post=12507"}],"wp:featuredmedia":[{"embeddable":true,"href":"https:\/\/esquell.eu\/de\/wp-json\/wp\/v2\/media\/7967"}],"wp:attachment":[{"href":"https:\/\/esquell.eu\/de\/wp-json\/wp\/v2\/media?parent=12507"}],"wp:term":[{"taxonomy":"more","embeddable":true,"href":"https:\/\/esquell.eu\/de\/wp-json\/wp\/v2\/more?post=12507"},{"taxonomy":"product_brand","embeddable":true,"href":"https:\/\/esquell.eu\/de\/wp-json\/wp\/v2\/product_brand?post=12507"},{"taxonomy":"product_cat","embeddable":true,"href":"https:\/\/esquell.eu\/de\/wp-json\/wp\/v2\/product_cat?post=12507"},{"taxonomy":"product_tag","embeddable":true,"href":"https:\/\/esquell.eu\/de\/wp-json\/wp\/v2\/product_tag?post=12507"}],"curies":[{"name":"wp","href":"https:\/\/api.w.org\/{rel}","templated":true}]}}