{"id":12495,"date":"2025-04-03T09:12:20","date_gmt":"2025-04-03T09:12:20","guid":{"rendered":"https:\/\/esquell.eu\/product\/ausstechformen-set-mit-5-mini-ausstechern-schmal-oval-stahl\/"},"modified":"2025-11-05T14:57:09","modified_gmt":"2025-11-05T14:57:09","slug":"ausstechformen-set-mit-5-mini-ausstechern-schmal-oval-stahl","status":"publish","type":"product","link":"https:\/\/esquell.eu\/de\/produkt\/ausstechformen-set-mit-5-mini-ausstechern-schmal-oval-stahl\/","title":{"rendered":"Ausstechformen Set mit 5 Mini-Ausstechern schmal oval. Stahl"},"content":{"rendered":"<p>Ausstechformen 5er-Set Mini-Ausstecher schmal oval<br \/>\nTon, Tonausstecher, Ausstecher, Ton f\u00fcr Ton<\/p>\n<div class=\"product-addition-content\">\n<p>Satz mit 5 schmalen ovalen Ausschnitten<\/p>\n<p>Gr\u00f6\u00dfen;<\/p>\n<p>18 *3 mm<br \/>\n22* 6 mm<br \/>\n25 *4 mm<br \/>\n28* 6 mm<br \/>\n34* 7 mm<\/p>\n<\/div>\n<p>Kreieren Sie m\u00fchelos einzigartige und moderne Formen aus Ton mit diesem hochwertigen Set von organisch geformten Tonausstechern. Ideal f\u00fcr Silber-, Kupfer- und Bronzeton und andere Arten von Ton. Auch f\u00fcr Keramik und Polymer Clay geeignet. <\/p>\n<p>Sie variieren in der Gr\u00f6\u00dfe von klein bis gro\u00df und eignen sich perfekt f\u00fcr Ohrringe, Anh\u00e4nger, Glieder und dekorative Elemente.<\/p>\n<p>F\u00fcr den h\u00e4ufigen Gebrauch. Hergestellt aus hochwertigem Kunststoff. Beh\u00e4lt seine Form  <\/p>\n<p>Der Vorteil gegen\u00fcber dem Nadelstift ist, dass Sie damit enge Schnittkanten erhalten, ohne auszufransen. Und genau zu duplizieren, was z.B. f\u00fcr Ohrringe praktisch ist. <\/p>\n<p>Kombinieren Sie die Formen miteinander, mit anderen Formen aus anderen Ausschneideb\u00f6gen.<\/p>\n<p>Kombinieren Sie mit Strukturmatten und Stempeln f\u00fcr Muster, Textur und Relief.<\/p>\n","protected":false},"excerpt":{"rendered":"<p>Set mit 5 schmalen ovalen Ausstechformen<\/p>\n<p>Gr\u00f6\u00dfen;<\/p>\n<p>18 *3 mm<br \/>\n22* 6 mm<br \/>\n25 *4 mm<br \/>\n28* 6 mm<br \/>\n34* 7 mm<\/p>\n<p>Geeignet f\u00fcr Silver Clay, Metal Clay, Polymer Clay, Cernit, andere Arten von Ton und Geb\u00e4ck, unter anderem.<\/p>\n","protected":false},"featured_media":7957,"comment_status":"closed","ping_status":"closed","template":"","meta":{"_acf_changed":false,"_seopress_robots_primary_cat":"none","_seopress_titles_title":"","_seopress_titles_desc":"","_seopress_robots_index":""},"more":[],"product_brand":[6365],"product_cat":[6811],"product_tag":[9187,6684,6689,9550,6438,9554,9556,6458,6790,6415,9426,7387,6903,7676,7076,9029,9551,7755,9450,6883,6881,6793,8014,9545,7672,9423,9552,9370,9196,7682,7680,9547,6767,6769,6452,9420,9379,9490,6786,6885,7746,9542,6804,8257,9183,7131,6905,7744,7751,7019,6421,9539,7756,6455,6682,6788,6891,7674,9543,6806,7742,6779,7509,6417,6490,9560,7340,6913,7445,9194,7749,9429,6781,6435,6556,8547,7511,6784,9549,6814,7441,6818,6783,6911,9558],"class_list":{"0":"post-12495","1":"product","2":"type-product","3":"status-publish","4":"has-post-thumbnail","6":"product_brand-l1","7":"product_cat-ausstecher-fur-ton","8":"product_tag-co-uk","9":"product_tag-anhanger","10":"product_tag-armband","11":"product_tag-armband-griff","12":"product_tag-artclaysilver","13":"product_tag-artclaysilvertools","14":"product_tag-artclayzil-werkzeuge","15":"product_tag-belgien","16":"product_tag-bestellung","17":"product_tag-billig","18":"product_tag-bindestrich","19":"product_tag-bronze","20":"product_tag-bronze-ton","21":"product_tag-cernit","22":"product_tag-charme-2","23":"product_tag-charme-4","24":"product_tag-charme-korb","25":"product_tag-cookie","26":"product_tag-dash-clay","27":"product_tag-deutschland","28":"product_tag-deutsland","29":"product_tag-einkaufen","30":"product_tag-einkaufen-2","31":"product_tag-fime-tool","32":"product_tag-fimo","33":"product_tag-fimo-knete","34":"product_tag-fimonederland","35":"product_tag-fimoui-stich-formen","36":"product_tag-formen","37":"product_tag-formen-schneiden","38":"product_tag-formulare","39":"product_tag-fourniutren","40":"product_tag-gold","41":"product_tag-goldton","42":"product_tag-groshandel","43":"product_tag-groshandelspreise-2","44":"product_tag-halskette-3","45":"product_tag-hobby-shop-2","46":"product_tag-kaufen","47":"product_tag-kaufen-2","48":"product_tag-kekse","49":"product_tag-ketten","50":"product_tag-kostenlos","51":"product_tag-kunststoff","52":"product_tag-kunststoff-2","53":"product_tag-kupfer","54":"product_tag-kupferton","55":"product_tag-kutter-2","56":"product_tag-kutter-3","57":"product_tag-liefert","58":"product_tag-machen","59":"product_tag-messing","60":"product_tag-metall-2","61":"product_tag-niederlande","62":"product_tag-ohrringe","63":"product_tag-online","64":"product_tag-online-shop","65":"product_tag-polymer-clay","66":"product_tag-polymer-clay-werkzeug","67":"product_tag-rabatt","68":"product_tag-rostfreier-stahl","69":"product_tag-selbstgemacht","70":"product_tag-senden","71":"product_tag-silber","72":"product_tag-silberton","73":"product_tag-silberzubehor","74":"product_tag-silverclay-co-uk","75":"product_tag-silveribelgie","76":"product_tag-stahl","77":"product_tag-stiche","78":"product_tag-stopfen","79":"product_tag-stopfen-2","80":"product_tag-teile","81":"product_tag-ton","82":"product_tag-ton-3","83":"product_tag-ton-ohrringe","84":"product_tag-tonschmuck","85":"product_tag-unter-2","86":"product_tag-ventilstopfen","87":"product_tag-webshop","88":"product_tag-werkzeug-2","89":"product_tag-werkzeuge-2","90":"product_tag-wobei","91":"product_tag-zilverkleinederland","92":"product_tag-zivler-tonwerkzeuge","93":"product_shipping_class-standard","95":"first","96":"instock","97":"taxable","98":"shipping-taxable","99":"purchasable","100":"product-type-simple"},"acf":[],"_links":{"self":[{"href":"https:\/\/esquell.eu\/de\/wp-json\/wp\/v2\/product\/12495","targetHints":{"allow":["GET"]}}],"collection":[{"href":"https:\/\/esquell.eu\/de\/wp-json\/wp\/v2\/product"}],"about":[{"href":"https:\/\/esquell.eu\/de\/wp-json\/wp\/v2\/types\/product"}],"replies":[{"embeddable":true,"href":"https:\/\/esquell.eu\/de\/wp-json\/wp\/v2\/comments?post=12495"}],"wp:featuredmedia":[{"embeddable":true,"href":"https:\/\/esquell.eu\/de\/wp-json\/wp\/v2\/media\/7957"}],"wp:attachment":[{"href":"https:\/\/esquell.eu\/de\/wp-json\/wp\/v2\/media?parent=12495"}],"wp:term":[{"taxonomy":"more","embeddable":true,"href":"https:\/\/esquell.eu\/de\/wp-json\/wp\/v2\/more?post=12495"},{"taxonomy":"product_brand","embeddable":true,"href":"https:\/\/esquell.eu\/de\/wp-json\/wp\/v2\/product_brand?post=12495"},{"taxonomy":"product_cat","embeddable":true,"href":"https:\/\/esquell.eu\/de\/wp-json\/wp\/v2\/product_cat?post=12495"},{"taxonomy":"product_tag","embeddable":true,"href":"https:\/\/esquell.eu\/de\/wp-json\/wp\/v2\/product_tag?post=12495"}],"curies":[{"name":"wp","href":"https:\/\/api.w.org\/{rel}","templated":true}]}}