{"id":12473,"date":"2025-04-03T09:12:11","date_gmt":"2025-04-03T09:12:11","guid":{"rendered":"https:\/\/esquell.eu\/product\/stanzformen-4er-set-mini-ausstecher-rechteck\/"},"modified":"2025-11-09T08:28:41","modified_gmt":"2025-11-09T08:28:41","slug":"stanzformen-4er-set-mini-ausstecher-rechteck","status":"publish","type":"product","link":"https:\/\/esquell.eu\/de\/produkt\/stanzformen-4er-set-mini-ausstecher-rechteck\/","title":{"rendered":"Stanzformen 4er Set Mini-Ausstecher Rechteck"},"content":{"rendered":"<p>Set mit 4 schmalen rechteckigen Ausstechformen<\/p>\n<p>Gr\u00f6\u00dfen;<br \/>\n30*8 mm<br \/>\n35*10 mm<br \/>\n40*8 mm<br \/>\n50*8 mm<\/p>\n<p>Kreieren Sie m\u00fchelos einzigartige und moderne Formen aus Ton mit diesem hochwertigen Set von organisch geformten Tonausstechern. Ideal f\u00fcr Silber-, Kupfer- und Bronzeton und andere Arten von Ton. Auch f\u00fcr Keramik und Polymer Clay geeignet. <\/p>\n<p>Sie variieren in der Gr\u00f6\u00dfe von klein bis gro\u00df und eignen sich perfekt f\u00fcr Ohrringe, Anh\u00e4nger, Glieder und dekorative Elemente.<\/p>\n<p>F\u00fcr den h\u00e4ufigen Gebrauch. Hergestellt aus hochwertigem Kunststoff. Beh\u00e4lt seine Form  <\/p>\n<p>Der Vorteil gegen\u00fcber dem Nadelstift ist, dass Sie damit enge Schnittkanten erhalten, ohne auszufransen. Und genau zu duplizieren, was z.B. f\u00fcr Ohrringe praktisch ist. <\/p>\n<p>Kombinieren Sie die Formen miteinander, mit anderen Formen aus anderen Ausschneideb\u00f6gen.<\/p>\n<p>Kombinieren Sie mit Strukturmatten und Stempeln f\u00fcr Muster, Textur und Relief.<\/p>\n","protected":false},"excerpt":{"rendered":"<p>Set mit 4 schmalen rechteckigen Ausstechformen<\/p>\n<p>Gr\u00f6\u00dfen;<br \/>\n30*8 mm<br \/>\n35*10 mm<br \/>\n40*8 mm<br \/>\n50*8 mm<\/p>\n<p>Geeignet f\u00fcr Silver Clay, Metal Clay, Polymer Clay, Cernit, andere Arten von Clay und Patties, u.a.<\/p>\n","protected":false},"featured_media":7973,"comment_status":"closed","ping_status":"closed","template":"","meta":{"_acf_changed":false,"_seopress_robots_primary_cat":"none","_seopress_titles_title":"","_seopress_titles_desc":"","_seopress_robots_index":""},"more":[],"product_brand":[6365],"product_cat":[6811],"product_tag":[9187,6438,8693,9690,6458,6790,9426,6903,7676,9460,9455,9450,9700,6494,9694,9696,9698,7736,6793,8014,8545,6895,7672,9423,9436,7682,7680,6769,8679,6452,9420,9490,6897,9413,6786,6885,7746,9481,9183,6905,6775,7744,7751,9433,9439,7019,6421,9487,7756,9445,8696,7686,6455,6788,6891,9588,9478,8510,9442,7674,7742,6419,6820,7021,9472,9688,6899,6779,9692,9417,9647,6558,6490,7749,9429,6781,6435,6556,7753,7511,7684,9367,9431,7748,6893,9468,6784,9465,9686,6814,7441,6818,6783,7735],"class_list":{"0":"post-12473","1":"product","2":"type-product","3":"status-publish","4":"has-post-thumbnail","6":"product_brand-l1","7":"product_cat-ausstecher-fur-ton","8":"product_tag-co-uk","9":"product_tag-artclaysilver","10":"product_tag-ausschnitte","11":"product_tag-bastelladen","12":"product_tag-belgien","13":"product_tag-bestellung","14":"product_tag-bindestrich","15":"product_tag-bronze-ton","16":"product_tag-cernit","17":"product_tag-cernit-ton","18":"product_tag-das","19":"product_tag-dash-clay","20":"product_tag-deutsland-be","21":"product_tag-diy","22":"product_tag-diy-armbander","23":"product_tag-diybeldes","24":"product_tag-diycharms","25":"product_tag-doityourself","26":"product_tag-einkaufen","27":"product_tag-einkaufen-2","28":"product_tag-einkaufen-3","29":"product_tag-es","30":"product_tag-fimo","31":"product_tag-fimo-knete","32":"product_tag-fimocutters","33":"product_tag-formen-schneiden","34":"product_tag-formulare","35":"product_tag-goldton","36":"product_tag-google","37":"product_tag-groshandel","38":"product_tag-groshandelspreise-2","39":"product_tag-hobby-shop-2","40":"product_tag-ihr","41":"product_tag-juwel","42":"product_tag-kaufen","43":"product_tag-kaufen-2","44":"product_tag-kekse","45":"product_tag-kochen","46":"product_tag-kunststoff-2","47":"product_tag-kupferton","48":"product_tag-kurzwarengeschaft","49":"product_tag-kutter-2","50":"product_tag-kutter-3","51":"product_tag-kutter-4","52":"product_tag-lehmklumpen","53":"product_tag-liefert","54":"product_tag-machen","55":"product_tag-maschenformen","56":"product_tag-metall-2","57":"product_tag-metalldubel","58":"product_tag-modellierung-2","59":"product_tag-mulleimer","60":"product_tag-niederlande","61":"product_tag-online","62":"product_tag-online-shop","63":"product_tag-online-shop-2","64":"product_tag-pattiserie","65":"product_tag-perlenladen","66":"product_tag-plakatschneider","67":"product_tag-polymer-clay","68":"product_tag-rostfreier-stahl","69":"product_tag-schmuck","70":"product_tag-schmuck-2","71":"product_tag-schmuck-3","72":"product_tag-schokolade","73":"product_tag-schokolade-2","74":"product_tag-selbst","75":"product_tag-selbstgemacht","76":"product_tag-selbstgemachte-ohrringe","77":"product_tag-selbstgemachter-schmuck","78":"product_tag-selbstgemachter-schmuck-2","79":"product_tag-sie-selbst","80":"product_tag-silberton","81":"product_tag-stopfen","82":"product_tag-stopfen-2","83":"product_tag-teile","84":"product_tag-ton","85":"product_tag-ton-3","86":"product_tag-tonmarker","87":"product_tag-tonschmuck","88":"product_tag-tonschneider","89":"product_tag-tonschneider-2","90":"product_tag-tonschneider-3","91":"product_tag-tonwerkzeuge","92":"product_tag-tun","93":"product_tag-typen","94":"product_tag-unter-2","95":"product_tag-verschiedene","96":"product_tag-verschiedene-2","97":"product_tag-webshop","98":"product_tag-werkzeug-2","99":"product_tag-werkzeuge-2","100":"product_tag-wobei","101":"product_tag-zu-verkaufen","102":"product_shipping_class-standard","104":"first","105":"instock","106":"taxable","107":"shipping-taxable","108":"purchasable","109":"product-type-simple"},"acf":[],"_links":{"self":[{"href":"https:\/\/esquell.eu\/de\/wp-json\/wp\/v2\/product\/12473","targetHints":{"allow":["GET"]}}],"collection":[{"href":"https:\/\/esquell.eu\/de\/wp-json\/wp\/v2\/product"}],"about":[{"href":"https:\/\/esquell.eu\/de\/wp-json\/wp\/v2\/types\/product"}],"replies":[{"embeddable":true,"href":"https:\/\/esquell.eu\/de\/wp-json\/wp\/v2\/comments?post=12473"}],"wp:featuredmedia":[{"embeddable":true,"href":"https:\/\/esquell.eu\/de\/wp-json\/wp\/v2\/media\/7973"}],"wp:attachment":[{"href":"https:\/\/esquell.eu\/de\/wp-json\/wp\/v2\/media?parent=12473"}],"wp:term":[{"taxonomy":"more","embeddable":true,"href":"https:\/\/esquell.eu\/de\/wp-json\/wp\/v2\/more?post=12473"},{"taxonomy":"product_brand","embeddable":true,"href":"https:\/\/esquell.eu\/de\/wp-json\/wp\/v2\/product_brand?post=12473"},{"taxonomy":"product_cat","embeddable":true,"href":"https:\/\/esquell.eu\/de\/wp-json\/wp\/v2\/product_cat?post=12473"},{"taxonomy":"product_tag","embeddable":true,"href":"https:\/\/esquell.eu\/de\/wp-json\/wp\/v2\/product_tag?post=12473"}],"curies":[{"name":"wp","href":"https:\/\/api.w.org\/{rel}","templated":true}]}}