{"id":12436,"date":"2025-04-03T09:12:28","date_gmt":"2025-04-03T09:12:28","guid":{"rendered":"https:\/\/esquell.eu\/product\/kupferfolie-heft-mit-25-blaettern-im-format-1414-cm\/"},"modified":"2025-11-09T08:43:48","modified_gmt":"2025-11-09T08:43:48","slug":"kupferfolie-heft-mit-25-blaettern-im-format-1414-cm","status":"publish","type":"product","link":"https:\/\/esquell.eu\/de\/produkt\/kupferfolie-heft-mit-25-blaettern-im-format-1414-cm\/","title":{"rendered":"Kupferfolie, Heft mit 25 Bl\u00e4ttern im Format 14*14 cm"},"content":{"rendered":"<p>Kupferfolie ist unter anderem f\u00fcr die Arbeit mit Glas und Emaille geeignet;<\/p>\n<p>Sie besteht aus reinem Kupfer und ist so dick, dass Sie sie in der Hand halten und mit einer Schere schneiden k\u00f6nnen.<br \/>\nHeftchen mit 25 B\u00f6gen.<br \/>\nJeder Bogen ist 14 cm x 14 cm gro\u00df.<\/p>\n","protected":false},"excerpt":{"rendered":"<p>Kupferfolie ist unter anderem f\u00fcr die Arbeit mit Glas und Emaille geeignet. Sie ist aus reinem Kupfer und so dick, dass Sie sie in der Hand halten und mit einer Schere schneiden k\u00f6nnen. 25 Bl\u00e4tter in einem Heft. Jedes Blatt ist 14 cm x 14 cm gro\u00df. <\/p>\n<p><u> <\/u><\/p>\n<p>&nbsp;<\/p>\n<p>&nbsp;<\/p>\n<p>&nbsp;<\/p>\n<p>&nbsp;<\/p>\n","protected":false},"featured_media":7188,"comment_status":"closed","ping_status":"closed","template":"","meta":{"_acf_changed":false,"_seopress_robots_primary_cat":"none","_seopress_titles_title":"","_seopress_titles_desc":"","_seopress_robots_index":""},"more":[],"product_brand":[6518],"product_cat":[7505],"product_tag":[7105,9279,9298,9301,9305,6924,7058,6689,7919,6492,6415,9283,8955,9294,8949,6494,8852,6895,6767,7331,9275,6769,6693,6897,7097,6786,6691,9268,9272,6498,7131,8394,9318,9316,9320,9281,9311,6421,8952,6444,8137,6441,9288,9285,6682,9291,9262,9307,9308,8092,6777,9314,6419,6820,6899,6558,6901,6417,6490,9264,6500,6556,6893,6784,6783],"class_list":{"0":"post-12436","1":"product","2":"type-product","3":"status-publish","4":"has-post-thumbnail","6":"product_brand-prometheus","7":"product_cat-emaillierwerkzeuge-und-zubehor","8":"product_tag-7105","9":"product_tag-24k","10":"product_tag-achat","11":"product_tag-achatnadel","12":"product_tag-achatstein","13":"product_tag-anhanger-2","14":"product_tag-anhanger-3","15":"product_tag-armband","16":"product_tag-armbander-2","17":"product_tag-artclay","18":"product_tag-billig","19":"product_tag-blatt-3","20":"product_tag-brachelet","21":"product_tag-brooche","22":"product_tag-brosche","23":"product_tag-diy","24":"product_tag-emaille-3","25":"product_tag-es","26":"product_tag-gold","27":"product_tag-gold-3","28":"product_tag-goldfolie","29":"product_tag-goldton","30":"product_tag-halskette","31":"product_tag-ihr","32":"product_tag-karat","33":"product_tag-kaufen","34":"product_tag-kette","35":"product_tag-keum-buh","36":"product_tag-keumbo","37":"product_tag-kunst","38":"product_tag-kupfer","39":"product_tag-kupfer-3","40":"product_tag-kupferblech","41":"product_tag-kupferbleche","42":"product_tag-kupferfolie-2","43":"product_tag-kupferfolie","44":"product_tag-kupferstich","45":"product_tag-machen","46":"product_tag-manschette","47":"product_tag-metalclay","48":"product_tag-metall-3","49":"product_tag-metallton","50":"product_tag-ohrhaken","51":"product_tag-ohrringe-4","52":"product_tag-ohrringe","53":"product_tag-ohrstecker-4","54":"product_tag-polieren","55":"product_tag-poliermaschine","56":"product_tag-polnisch","57":"product_tag-ring","58":"product_tag-ringe","59":"product_tag-rotes-kupfer","60":"product_tag-schmuck","61":"product_tag-schmuck-2","62":"product_tag-selbst","63":"product_tag-sie-selbst","64":"product_tag-sie-selbst-2","65":"product_tag-silber","66":"product_tag-silberton","67":"product_tag-stollen","68":"product_tag-ton-2","69":"product_tag-ton-3","70":"product_tag-tun","71":"product_tag-unter-2","72":"product_tag-wobei","73":"product_shipping_class-standard","75":"first","76":"instock","77":"taxable","78":"shipping-taxable","79":"purchasable","80":"product-type-simple"},"acf":[],"_links":{"self":[{"href":"https:\/\/esquell.eu\/de\/wp-json\/wp\/v2\/product\/12436","targetHints":{"allow":["GET"]}}],"collection":[{"href":"https:\/\/esquell.eu\/de\/wp-json\/wp\/v2\/product"}],"about":[{"href":"https:\/\/esquell.eu\/de\/wp-json\/wp\/v2\/types\/product"}],"replies":[{"embeddable":true,"href":"https:\/\/esquell.eu\/de\/wp-json\/wp\/v2\/comments?post=12436"}],"wp:featuredmedia":[{"embeddable":true,"href":"https:\/\/esquell.eu\/de\/wp-json\/wp\/v2\/media\/7188"}],"wp:attachment":[{"href":"https:\/\/esquell.eu\/de\/wp-json\/wp\/v2\/media?parent=12436"}],"wp:term":[{"taxonomy":"more","embeddable":true,"href":"https:\/\/esquell.eu\/de\/wp-json\/wp\/v2\/more?post=12436"},{"taxonomy":"product_brand","embeddable":true,"href":"https:\/\/esquell.eu\/de\/wp-json\/wp\/v2\/product_brand?post=12436"},{"taxonomy":"product_cat","embeddable":true,"href":"https:\/\/esquell.eu\/de\/wp-json\/wp\/v2\/product_cat?post=12436"},{"taxonomy":"product_tag","embeddable":true,"href":"https:\/\/esquell.eu\/de\/wp-json\/wp\/v2\/product_tag?post=12436"}],"curies":[{"name":"wp","href":"https:\/\/api.w.org\/{rel}","templated":true}]}}