{"id":12430,"date":"2025-04-03T09:12:20","date_gmt":"2025-04-03T09:12:20","guid":{"rendered":"https:\/\/esquell.eu\/product\/stanzformen-set-mit-5-mini-ausstechern-in-tropfenform\/"},"modified":"2025-11-09T08:40:56","modified_gmt":"2025-11-09T08:40:56","slug":"stanzformen-set-mit-5-mini-ausstechern-in-tropfenform","status":"publish","type":"product","link":"https:\/\/esquell.eu\/de\/produkt\/stanzformen-set-mit-5-mini-ausstechern-in-tropfenform\/","title":{"rendered":"Stanzformen Set mit 5 Mini-Ausstechern in Tropfenform"},"content":{"rendered":"<p>Set mit 6 ausgeschnittenen Formen. Tropfenform. Ausstechformen Kleicutter<br \/>\nAusstechformen f\u00fcr Ton Tonausstecher.  <\/p>\n<p>16*17,5 mm<br \/>\n17*11 mm<br \/>\n19*13 mm<br \/>\n22*14 mm<br \/>\n25*8 mm<br \/>\n30*10 mm<\/p>\n<p>Kreieren Sie m\u00fchelos einzigartige und moderne Formen aus Ton mit diesem hochwertigen Set von organisch geformten Tonausstechern. Ideal f\u00fcr Silber-, Kupfer- und Bronzeton und andere Arten von Ton. Auch f\u00fcr Keramik und Polymer Clay geeignet. <\/p>\n<p>Sie variieren in der Gr\u00f6\u00dfe von klein bis gro\u00df und eignen sich perfekt f\u00fcr Ohrringe, Anh\u00e4nger, Glieder und dekorative Elemente.<\/p>\n<p>F\u00fcr den h\u00e4ufigen Gebrauch. Hergestellt aus hochwertigem Kunststoff. Beh\u00e4lt seine Form  <\/p>\n<p>Der Vorteil gegen\u00fcber dem Nadelstift ist, dass Sie damit enge Schnittkanten erhalten, ohne auszufransen. Und genau zu duplizieren, was z.B. f\u00fcr Ohrringe praktisch ist. <\/p>\n<p>Kombinieren Sie die Formen miteinander, mit anderen Formen aus anderen Ausschneideb\u00f6gen.<\/p>\n<p>Kombinieren Sie mit Strukturmatten und Stempeln f\u00fcr Muster, Textur und Relief.<\/p>\n","protected":false},"excerpt":{"rendered":"<p>Set mit 6 ausgeschnittenen Formen. Tropfenform. Ausstechformen  <\/p>\n<p>Gr\u00f6\u00dfen;<\/p>\n<p>16*17,5 mm<br \/>\n17*11 mm<br \/>\n19*13 mm<br \/>\n22*14 mm<br \/>\n25*8 mm<br \/>\n30*10 mm<\/p>\n<p>F\u00fcr Silver Clay, Metal Clay, Fimo, Polymer Clay und Pattery, u.a.<\/p>\n","protected":false},"featured_media":7962,"comment_status":"closed","ping_status":"closed","template":"","meta":{"_acf_changed":false,"_seopress_robots_primary_cat":"none","_seopress_titles_title":"","_seopress_titles_desc":"","_seopress_robots_index":""},"more":[],"product_brand":[6365],"product_cat":[6811],"product_tag":[9197,6817,6802,6689,6492,9208,8330,6415,6840,7387,6903,7676,6603,8559,6494,6826,8907,9193,8681,7672,6842,9196,7752,7680,6824,6830,6767,6769,6822,6692,8763,7688,6836,9184,6786,8261,6498,7131,6905,6775,7744,6844,6421,6444,7557,8137,6441,6373,7553,8696,8392,6832,8395,8770,9199,6682,8946,9200,9302,6788,6828,8001,7674,8704,8092,6777,9202,6419,6820,8767,6889,9195,6558,6490,7507,7923,6834,8608,9233,9204,6435,6500,6556,9234,6784,6795,9206,7072,6814,6690,7441,6605,6818,8658,6783,7064,6838,7068],"class_list":{"0":"post-12430","1":"product","2":"type-product","3":"status-publish","4":"has-post-thumbnail","6":"product_brand-l1","7":"product_cat-ausstecher-fur-ton","8":"product_tag-9197","9":"product_tag-amsterdam","10":"product_tag-angebot","11":"product_tag-armband","12":"product_tag-artclay","13":"product_tag-assecoires","14":"product_tag-biegsames-silber-2","15":"product_tag-billig","16":"product_tag-brabant","17":"product_tag-bronze","18":"product_tag-bronze-ton","19":"product_tag-cernit","20":"product_tag-cool","21":"product_tag-cooltools","22":"product_tag-diy","23":"product_tag-drenthe","24":"product_tag-einsteigerpakete","25":"product_tag-einsteigerpakete-2","26":"product_tag-fallen-lassen","27":"product_tag-fimo","28":"product_tag-flevoland","29":"product_tag-formen","30":"product_tag-formular","31":"product_tag-formulare","32":"product_tag-friesland","33":"product_tag-gelderland","34":"product_tag-gold","35":"product_tag-goldton","36":"product_tag-groningen","37":"product_tag-handbuch","38":"product_tag-handbucher","39":"product_tag-herausragen","40":"product_tag-holland","41":"product_tag-internet","42":"product_tag-kaufen","43":"product_tag-klein-2","44":"product_tag-kunst","45":"product_tag-kupfer","46":"product_tag-kupferton","47":"product_tag-kurzwarengeschaft","48":"product_tag-kutter-2","49":"product_tag-limburg","50":"product_tag-machen","51":"product_tag-metalclay","52":"product_tag-metall","53":"product_tag-metall-3","54":"product_tag-metallton","55":"product_tag-mini","56":"product_tag-modellierung","57":"product_tag-modellierung-2","58":"product_tag-nop","59":"product_tag-norden","60":"product_tag-nordholland","61":"product_tag-ohrring","62":"product_tag-ohrring-2","63":"product_tag-ohrringe","64":"product_tag-ohrstecker-2","65":"product_tag-ohrstecker-3","66":"product_tag-ohrstecker-5","67":"product_tag-online","68":"product_tag-overijssel","69":"product_tag-pmc","70":"product_tag-polymer-clay","71":"product_tag-projektion","72":"product_tag-ring","73":"product_tag-ringe","74":"product_tag-schleifen-2","75":"product_tag-schmuck","76":"product_tag-schmuck-2","77":"product_tag-schmuck-5","78":"product_tag-shop","79":"product_tag-shop-2","80":"product_tag-sie-selbst","81":"product_tag-silberton","82":"product_tag-starterset","83":"product_tag-starterset-2","84":"product_tag-sud","85":"product_tag-sudholland","86":"product_tag-teardrop","87":"product_tag-textur","88":"product_tag-ton","89":"product_tag-ton-2","90":"product_tag-ton-3","91":"product_tag-tropfen-2","92":"product_tag-unter-2","93":"product_tag-utrecht","94":"product_tag-vorlagen","95":"product_tag-wattenmeer","96":"product_tag-webshop","97":"product_tag-werkstatten","98":"product_tag-werkzeug-2","99":"product_tag-werkzeuge","100":"product_tag-werkzeuge-2","101":"product_tag-wissensbasis","102":"product_tag-wobei","103":"product_tag-workshop","104":"product_tag-zeeland","105":"product_tag-zirkoniumdioxid","106":"product_shipping_class-standard","108":"first","109":"instock","110":"taxable","111":"shipping-taxable","112":"purchasable","113":"product-type-simple"},"acf":[],"_links":{"self":[{"href":"https:\/\/esquell.eu\/de\/wp-json\/wp\/v2\/product\/12430","targetHints":{"allow":["GET"]}}],"collection":[{"href":"https:\/\/esquell.eu\/de\/wp-json\/wp\/v2\/product"}],"about":[{"href":"https:\/\/esquell.eu\/de\/wp-json\/wp\/v2\/types\/product"}],"replies":[{"embeddable":true,"href":"https:\/\/esquell.eu\/de\/wp-json\/wp\/v2\/comments?post=12430"}],"wp:featuredmedia":[{"embeddable":true,"href":"https:\/\/esquell.eu\/de\/wp-json\/wp\/v2\/media\/7962"}],"wp:attachment":[{"href":"https:\/\/esquell.eu\/de\/wp-json\/wp\/v2\/media?parent=12430"}],"wp:term":[{"taxonomy":"more","embeddable":true,"href":"https:\/\/esquell.eu\/de\/wp-json\/wp\/v2\/more?post=12430"},{"taxonomy":"product_brand","embeddable":true,"href":"https:\/\/esquell.eu\/de\/wp-json\/wp\/v2\/product_brand?post=12430"},{"taxonomy":"product_cat","embeddable":true,"href":"https:\/\/esquell.eu\/de\/wp-json\/wp\/v2\/product_cat?post=12430"},{"taxonomy":"product_tag","embeddable":true,"href":"https:\/\/esquell.eu\/de\/wp-json\/wp\/v2\/product_tag?post=12430"}],"curies":[{"name":"wp","href":"https:\/\/api.w.org\/{rel}","templated":true}]}}