{"id":12419,"date":"2025-04-03T09:12:20","date_gmt":"2025-04-03T09:12:20","guid":{"rendered":"https:\/\/esquell.eu\/product\/rechteckige-stanzformen-set-mit-6-mini-stanzformen\/"},"modified":"2025-11-09T08:41:58","modified_gmt":"2025-11-09T08:41:58","slug":"rechteckige-stanzformen-set-mit-6-mini-stanzformen","status":"publish","type":"product","link":"https:\/\/esquell.eu\/de\/produkt\/rechteckige-stanzformen-set-mit-6-mini-stanzformen\/","title":{"rendered":"Rechteckige Stanzformen Set mit 6 Mini-Stanzformen"},"content":{"rendered":"<p>Ausstecher f\u00fcr Ton<br \/>\nSet mit 6 Rechtecken<\/p>\n<p>Gr\u00f6\u00dfen;<\/p>\n<p>10*7 mm<br \/>\n15*8 mm<br \/>\n15*10 mm<br \/>\n18*14 mm<br \/>\n21*12 mm<br \/>\n25*19 mm<\/p>\n<p>Mit diesen Ausstechern k\u00f6nnen Sie enge Formen ausschneiden.<\/p>\n<p>Kreieren Sie m\u00fchelos einzigartige und moderne Formen aus Ton mit diesem hochwertigen Set von organisch geformten Tonausstechern. Ideal f\u00fcr Silber-, Kupfer- und Bronzeton und andere Arten von Ton. Auch f\u00fcr Keramik und Polymer Clay geeignet. <\/p>\n<p>Sie variieren in der Gr\u00f6\u00dfe von klein bis gro\u00df und eignen sich perfekt f\u00fcr Ohrringe, Anh\u00e4nger, Glieder und dekorative Elemente.<\/p>\n<p>F\u00fcr den h\u00e4ufigen Gebrauch. Hergestellt aus hochwertigem Kunststoff. Beh\u00e4lt seine Form  <\/p>\n<p>Der Vorteil gegen\u00fcber dem Nadelstift ist, dass Sie damit enge Schnittkanten erhalten, ohne auszufransen. Und genau zu duplizieren, was z.B. f\u00fcr Ohrringe praktisch ist. <\/p>\n<p>Kombinieren Sie die Formen miteinander, mit anderen Formen aus anderen Ausschneideb\u00f6gen.<\/p>\n<p>Kombinieren Sie mit Strukturmatten und Stempeln f\u00fcr Muster, Textur und Relief.<\/p>\n","protected":false},"excerpt":{"rendered":"<p>Ausstecher f\u00fcr Ton<br \/>\nSet mit 6 Rechtecken<\/p>\n<p>Gr\u00f6\u00dfen;<\/p>\n<p>10*7 mm<br \/>\n15*8 mm<br \/>\n15*10 mm<br \/>\n18*14 mm<br \/>\n21*12 mm<br \/>\n25*19 mm<\/p>\n<p>&nbsp;<\/p>\n<p>Mit diesen Ausstechern k\u00f6nnen Sie enge Formen ausschneiden.<\/p>\n<p>Sie sind geeignet f\u00fcr Silver Clay, Fimo, Polymer Clay, Metal Clay, andere Clays, Leder und Pattery<\/p>\n","protected":false},"featured_media":7959,"comment_status":"closed","ping_status":"closed","template":"","meta":{"_acf_changed":false,"_seopress_robots_primary_cat":"none","_seopress_titles_title":"","_seopress_titles_desc":"","_seopress_robots_index":""},"more":[],"product_brand":[6365],"product_cat":[6811],"product_tag":[9197,9187,6817,6802,6689,6492,9208,8330,6415,6840,7387,6903,7676,6603,8559,6494,6826,8907,9193,7672,6842,7680,6824,6830,6767,6769,6822,6692,8763,9210,6836,9184,6786,6498,7131,6905,6775,7744,7751,6844,6421,6444,7557,8137,6441,7553,8392,6832,8395,8770,9199,6682,8946,9200,9302,6788,6828,8001,7674,8704,8092,6777,9202,6419,6820,8767,6889,9195,6558,6490,7923,6834,8608,9204,6435,6500,6556,9190,7748,6784,6795,9206,7072,6814,6690,7441,6605,6818,8658,6783,7064,6838,7068],"class_list":{"0":"post-12419","1":"product","2":"type-product","3":"status-publish","4":"has-post-thumbnail","6":"product_brand-l1","7":"product_cat-ausstecher-fur-ton","8":"product_tag-9197","9":"product_tag-co-uk","10":"product_tag-amsterdam","11":"product_tag-angebot","12":"product_tag-armband","13":"product_tag-artclay","14":"product_tag-assecoires","15":"product_tag-biegsames-silber-2","16":"product_tag-billig","17":"product_tag-brabant","18":"product_tag-bronze","19":"product_tag-bronze-ton","20":"product_tag-cernit","21":"product_tag-cool","22":"product_tag-cooltools","23":"product_tag-diy","24":"product_tag-drenthe","25":"product_tag-einsteigerpakete","26":"product_tag-einsteigerpakete-2","27":"product_tag-fimo","28":"product_tag-flevoland","29":"product_tag-formulare","30":"product_tag-friesland","31":"product_tag-gelderland","32":"product_tag-gold","33":"product_tag-goldton","34":"product_tag-groningen","35":"product_tag-handbuch","36":"product_tag-handbucher","37":"product_tag-handgefertigt-aus-recyceltem-silber-starterpaket","38":"product_tag-holland","39":"product_tag-internet","40":"product_tag-kaufen","41":"product_tag-kunst","42":"product_tag-kupfer","43":"product_tag-kupferton","44":"product_tag-kurzwarengeschaft","45":"product_tag-kutter-2","46":"product_tag-kutter-3","47":"product_tag-limburg","48":"product_tag-machen","49":"product_tag-metalclay","50":"product_tag-metall","51":"product_tag-metall-3","52":"product_tag-metallton","53":"product_tag-modellierung","54":"product_tag-nop","55":"product_tag-norden","56":"product_tag-nordholland","57":"product_tag-ohrring","58":"product_tag-ohrring-2","59":"product_tag-ohrringe","60":"product_tag-ohrstecker-2","61":"product_tag-ohrstecker-3","62":"product_tag-ohrstecker-5","63":"product_tag-online","64":"product_tag-overijssel","65":"product_tag-pmc","66":"product_tag-polymer-clay","67":"product_tag-projektion","68":"product_tag-ring","69":"product_tag-ringe","70":"product_tag-schleifen-2","71":"product_tag-schmuck","72":"product_tag-schmuck-2","73":"product_tag-schmuck-5","74":"product_tag-shop","75":"product_tag-shop-2","76":"product_tag-sie-selbst","77":"product_tag-silberton","78":"product_tag-starterset-2","79":"product_tag-sud","80":"product_tag-sudholland","81":"product_tag-textur","82":"product_tag-ton","83":"product_tag-ton-2","84":"product_tag-ton-3","85":"product_tag-tonspatel","86":"product_tag-tonwerkzeuge","87":"product_tag-unter-2","88":"product_tag-utrecht","89":"product_tag-vorlagen","90":"product_tag-wattenmeer","91":"product_tag-webshop","92":"product_tag-werkstatten","93":"product_tag-werkzeug-2","94":"product_tag-werkzeuge","95":"product_tag-werkzeuge-2","96":"product_tag-wissensbasis","97":"product_tag-wobei","98":"product_tag-workshop","99":"product_tag-zeeland","100":"product_tag-zirkoniumdioxid","101":"product_shipping_class-standard","103":"first","104":"instock","105":"taxable","106":"shipping-taxable","107":"purchasable","108":"product-type-simple"},"acf":[],"_links":{"self":[{"href":"https:\/\/esquell.eu\/de\/wp-json\/wp\/v2\/product\/12419","targetHints":{"allow":["GET"]}}],"collection":[{"href":"https:\/\/esquell.eu\/de\/wp-json\/wp\/v2\/product"}],"about":[{"href":"https:\/\/esquell.eu\/de\/wp-json\/wp\/v2\/types\/product"}],"replies":[{"embeddable":true,"href":"https:\/\/esquell.eu\/de\/wp-json\/wp\/v2\/comments?post=12419"}],"wp:featuredmedia":[{"embeddable":true,"href":"https:\/\/esquell.eu\/de\/wp-json\/wp\/v2\/media\/7959"}],"wp:attachment":[{"href":"https:\/\/esquell.eu\/de\/wp-json\/wp\/v2\/media?parent=12419"}],"wp:term":[{"taxonomy":"more","embeddable":true,"href":"https:\/\/esquell.eu\/de\/wp-json\/wp\/v2\/more?post=12419"},{"taxonomy":"product_brand","embeddable":true,"href":"https:\/\/esquell.eu\/de\/wp-json\/wp\/v2\/product_brand?post=12419"},{"taxonomy":"product_cat","embeddable":true,"href":"https:\/\/esquell.eu\/de\/wp-json\/wp\/v2\/product_cat?post=12419"},{"taxonomy":"product_tag","embeddable":true,"href":"https:\/\/esquell.eu\/de\/wp-json\/wp\/v2\/product_tag?post=12419"}],"curies":[{"name":"wp","href":"https:\/\/api.w.org\/{rel}","templated":true}]}}