{"id":12418,"date":"2025-04-03T09:12:28","date_gmt":"2025-04-03T09:12:28","guid":{"rendered":"https:\/\/esquell.eu\/product\/ausstecher-ausstechformen-mini-edelstahl-20-teiliges-set\/"},"modified":"2025-11-05T14:47:41","modified_gmt":"2025-11-05T14:47:41","slug":"ausstecher-ausstechformen-mini-edelstahl-20-teiliges-set","status":"publish","type":"product","link":"https:\/\/esquell.eu\/de\/produkt\/ausstecher-ausstechformen-mini-edelstahl-20-teiliges-set\/","title":{"rendered":"Ausstecher Ausstechformen Mini Edelstahl 20-teiliges Set."},"content":{"rendered":"<p>Mini-Ausstechformen, Ausstecher. Set mit 20 St\u00fcck Geeignet f\u00fcr alle Arten von Ton.<br \/>\nKleicutter, Tonausstecher.<br \/>\nF\u00fcr Anh\u00e4nger, Ohrringe usw. <\/p>\n<p>Gr\u00f6\u00dfen Rundmesser.<br \/>\nKleinste 1,7 cm<br \/>\nGr\u00f6\u00dfte 5 cm<\/p>\n<p>Gr\u00f6\u00dfen Marquis Cutter<br \/>\nKleinste L\u00e4nge 3,7 cm<br \/>\nGr\u00f6\u00dfte L\u00e4nge 7 cm<\/p>\n<p>Gr\u00f6\u00dfen Tropfen rund<br \/>\nKleinste 1,5 cm lang<br \/>\nGr\u00f6\u00dfte 7 cm lang<\/p>\n<p>Gr\u00f6\u00dfen Tropfen eckig<br \/>\nKleinste 3,5 cm lang<br \/>\nGr\u00f6\u00dfte 6 cm lang<\/p>\n<p>Kreieren Sie m\u00fchelos einzigartige und moderne Formen aus Ton mit diesem hochwertigen Set von organisch geformten Tonausstechern. Ideal f\u00fcr Silber-, Kupfer- und Bronzeton und andere Arten von Ton. Auch f\u00fcr Keramik und Polymer Clay geeignet. <\/p>\n<p>Sie variieren in der Gr\u00f6\u00dfe von klein bis gro\u00df und eignen sich perfekt f\u00fcr Ohrringe, Anh\u00e4nger, Glieder und dekorative Elemente.<\/p>\n<p>F\u00fcr den h\u00e4ufigen Gebrauch. Hergestellt aus hochwertigem Kunststoff. Beh\u00e4lt seine Form  <\/p>\n<p>Der Vorteil gegen\u00fcber dem Nadelstift ist, dass Sie damit enge Schnittkanten erhalten, ohne auszufransen. Und genau zu duplizieren, was z.B. f\u00fcr Ohrringe praktisch ist. <\/p>\n<p>Kombinieren Sie die Formen miteinander, mit anderen Formen aus anderen Ausschneideb\u00f6gen.<\/p>\n<p>Kombinieren Sie mit Strukturmatten und Stempeln f\u00fcr Muster, Textur und Relief.<\/p>\n","protected":false},"excerpt":{"rendered":"<p>Mini-Ausstecher. Set mit 20 St\u00fcck Geeignet f\u00fcr alle Arten von Ton. <\/p>\n<p>F\u00fcr Anh\u00e4nger, Ohrringe usw.<\/p>\n<p>F\u00fcr Gr\u00f6\u00dfen, siehe Fotos<\/p>\n<p>&nbsp;<\/p>\n","protected":false},"featured_media":12426,"comment_status":"closed","ping_status":"closed","template":"","meta":{"_acf_changed":false,"_seopress_robots_primary_cat":"none","_seopress_titles_title":"","_seopress_titles_desc":"","_seopress_robots_index":""},"more":[],"product_brand":[6365],"product_cat":[6811],"product_tag":[7080,7560,6684,6773,6492,6438,6458,8052,6790,6415,6840,6903,7123,6936,7676,6883,6494,6826,9209,7747,7672,6842,9196,7682,7752,7680,6824,7017,9211,9229,6830,6934,7331,6769,9186,6452,6693,7688,6836,6696,6786,6691,8261,6498,9183,9222,8019,6905,7744,7751,7019,6844,6952,7813,6421,9198,6373,7553,6455,6832,9199,6682,7931,6788,9217,6828,9213,9232,7674,7742,9207,9212,6419,8587,9201,6889,6558,6417,6671,6812,6490,7340,9194,9189,6834,9192,8580,6435,6556,9203,9226,7511,7684,9205,8790,6784,7811,9215,6814,6818,6783,6838],"class_list":{"0":"post-12418","1":"product","2":"type-product","3":"status-publish","4":"has-post-thumbnail","6":"product_brand-l1","7":"product_cat-ausstecher-fur-ton","8":"product_tag-7080","9":"product_tag-3d","10":"product_tag-anhanger","11":"product_tag-antwerpen","12":"product_tag-artclay","13":"product_tag-artclaysilver","14":"product_tag-belgien","15":"product_tag-berlin","16":"product_tag-bestellung","17":"product_tag-billig","18":"product_tag-brabant","19":"product_tag-bronze-ton","20":"product_tag-brucke","21":"product_tag-brussel","22":"product_tag-cernit","23":"product_tag-deutschland","24":"product_tag-diy","25":"product_tag-drenthe","26":"product_tag-drucken-2","27":"product_tag-einstellen","28":"product_tag-fimo","29":"product_tag-flevoland","30":"product_tag-formen","31":"product_tag-formen-schneiden","32":"product_tag-formular","33":"product_tag-formulare","34":"product_tag-friesland","35":"product_tag-fur","36":"product_tag-gedruckt","37":"product_tag-gedruckt-2","38":"product_tag-gelderland","39":"product_tag-gent","40":"product_tag-gold-3","41":"product_tag-goldton","42":"product_tag-gronigen","43":"product_tag-groshandel","44":"product_tag-halskette","45":"product_tag-herausragen","46":"product_tag-holland","47":"product_tag-ideen","48":"product_tag-kaufen","49":"product_tag-kette","50":"product_tag-klein-2","51":"product_tag-kunst","52":"product_tag-kunststoff-2","53":"product_tag-kunststoff-3","54":"product_tag-kupfer-2","55":"product_tag-kupferton","56":"product_tag-kutter-2","57":"product_tag-kutter-3","58":"product_tag-liefert","59":"product_tag-limburg","60":"product_tag-luttich","61":"product_tag-luttich-2","62":"product_tag-machen","63":"product_tag-mikro","64":"product_tag-mini","65":"product_tag-modellierung","66":"product_tag-niederlande","67":"product_tag-norden","68":"product_tag-ohrring-2","69":"product_tag-ohrringe","70":"product_tag-ohrringe-2","71":"product_tag-online","72":"product_tag-ostende-2","73":"product_tag-overijssel","74":"product_tag-passend-zu","75":"product_tag-passend-zu-2","76":"product_tag-polymer-clay","77":"product_tag-rostfreier-stahl","78":"product_tag-rostfreier-stahl-2","79":"product_tag-schimmelpilz","80":"product_tag-schmuck","81":"product_tag-schneiden","82":"product_tag-setzt","83":"product_tag-shop","84":"product_tag-sie-selbst","85":"product_tag-silber","86":"product_tag-silber-2","87":"product_tag-silber-3","88":"product_tag-silberton","89":"product_tag-silverclay-co-uk","90":"product_tag-stiche","91":"product_tag-stoff-ton","92":"product_tag-sud","93":"product_tag-teil","94":"product_tag-tipps","95":"product_tag-ton","96":"product_tag-ton-3","97":"product_tag-tonkunst","98":"product_tag-tonkunst-2","99":"product_tag-tonschmuck","100":"product_tag-tonschneider","101":"product_tag-tonwerkzeuge-3","102":"product_tag-topferei","103":"product_tag-unter-2","104":"product_tag-urk","105":"product_tag-vollig","106":"product_tag-webshop","107":"product_tag-werkzeuge-2","108":"product_tag-wobei","109":"product_tag-zeeland","110":"product_shipping_class-standard","112":"first","113":"outofstock","114":"taxable","115":"shipping-taxable","116":"purchasable","117":"product-type-simple"},"acf":[],"_links":{"self":[{"href":"https:\/\/esquell.eu\/de\/wp-json\/wp\/v2\/product\/12418","targetHints":{"allow":["GET"]}}],"collection":[{"href":"https:\/\/esquell.eu\/de\/wp-json\/wp\/v2\/product"}],"about":[{"href":"https:\/\/esquell.eu\/de\/wp-json\/wp\/v2\/types\/product"}],"replies":[{"embeddable":true,"href":"https:\/\/esquell.eu\/de\/wp-json\/wp\/v2\/comments?post=12418"}],"wp:featuredmedia":[{"embeddable":true,"href":"https:\/\/esquell.eu\/de\/wp-json\/wp\/v2\/media\/12426"}],"wp:attachment":[{"href":"https:\/\/esquell.eu\/de\/wp-json\/wp\/v2\/media?parent=12418"}],"wp:term":[{"taxonomy":"more","embeddable":true,"href":"https:\/\/esquell.eu\/de\/wp-json\/wp\/v2\/more?post=12418"},{"taxonomy":"product_brand","embeddable":true,"href":"https:\/\/esquell.eu\/de\/wp-json\/wp\/v2\/product_brand?post=12418"},{"taxonomy":"product_cat","embeddable":true,"href":"https:\/\/esquell.eu\/de\/wp-json\/wp\/v2\/product_cat?post=12418"},{"taxonomy":"product_tag","embeddable":true,"href":"https:\/\/esquell.eu\/de\/wp-json\/wp\/v2\/product_tag?post=12418"}],"curies":[{"name":"wp","href":"https:\/\/api.w.org\/{rel}","templated":true}]}}