{"id":12383,"date":"2025-04-03T09:10:57","date_gmt":"2025-04-03T09:10:57","guid":{"rendered":"https:\/\/esquell.eu\/product\/kupferton-kupferton-50-gramm-a-0300\/"},"modified":"2025-12-22T11:11:26","modified_gmt":"2025-12-22T11:11:26","slug":"kupferton-kupferton-50-gramm-a-0300","status":"publish","type":"product","link":"https:\/\/esquell.eu\/de\/produkt\/kupferton-kupferton-50-gramm-a-0300\/","title":{"rendered":"Kupferton Kupferton 50 Gramm (A-0300)"},"content":{"rendered":"<p><strong>Stellen Sie Ihren eigenen Kupferschmuck mit Art Clay Copper her!<\/strong><\/p>\n<p>Art Clay Copper ist wie Art Clay Silver einfach zu kneten, zu modellieren und im Ofen zu brennen. Die Schritte zur Herstellung von Kreationen mit Art Clay Copper sind die gleichen wie bei Silberton. Beim Brennen ohne Aktivkohle muss jedoch ein zus\u00e4tzlicher Schritt hinzugef\u00fcgt werden: die Behandlung der oxidierten Schicht. Anders als Silberknete reagiert Kupferknete auf den Sauerstoff in der Luft und bildet eine braun-schwarze Schicht auf der Kupferknete.<br \/>\nDie Packung enth\u00e4lt 50 Gramm Kupferknete. Wir empfehlen die Verwendung eines Produkts wie &#8220;Gloves in a bottle&#8221;, um eine Verf\u00e4rbung Ihrer H\u00e4nde zu vermeiden.   <\/p>\n<p>Der Ton kann auch mit anderen Materialien kombiniert werden<\/p>\n<p><strong>Art Clay Kupferpaste<\/strong><\/p>\n<p>Wenn die Art Clay Pasta nicht erh\u00e4ltlich ist, k\u00f6nnen Sie sie ganz einfach selbst herstellen.<br \/>\nGeben Sie eine kleine Menge Wasser zu dem weichen Ton und kneten Sie ihn vorsichtig. Verwenden Sie diese Substanz, um Risse zu f\u00fcllen oder mehrere St\u00fccke zusammenzusetzen. <\/p>\n<p><strong>Hilfreiche Tipps zur Verwendung von Art Clay Copper<\/strong><\/p>\n<ul>\n<li>Kupferton sollte luftdicht, k\u00fchl und dunkel gelagert werden.<\/li>\n<li>In seiner Verpackung ist Copper Clay 1 Jahr lang haltbar.<\/li>\n<li>Kupferton kann mit destilliertem oder abgekochtem Wasser verd\u00fcnnt werden.<\/li>\n<li>Legen Sie Reste immer sofort zur\u00fcck in die Originalverpackung oder den Griffbeutel.<\/li>\n<li>Kupferton trocknet an der Luft und trocknet recht schnell, stellen Sie also sicher, dass alles im Voraus vorbereitet ist.<\/li>\n<li>Nach dem Trocknen ist Kupferlehm so hart wie Gips, so dass Sie Muster hineinkratzen oder feilen k\u00f6nnen.<\/li>\n<li>Wenn er trocken ist und bricht, k\u00f6nnen Sie ein Schmuckst\u00fcck aus Kupferlehm mit Kleister reparieren.<\/li>\n<li>Es ist wichtig zu wissen, dass Ton keinen Frost vertr\u00e4gt.<\/li>\n<\/ul>\n<p><strong>Gr\u00f6\u00dfere Objekte mit Kupferton herstellen<\/strong><\/p>\n<ul>\n<li>Verwenden Sie f\u00fcr den Kern eine Korkmasse, die auch f\u00fcr die Herstellung eines gro\u00dfen (dicken) St\u00fccks empfohlen wird.<\/li>\n<li>Bei umfangreichen Tests mit Art Clay Kupferst\u00fccken in gro\u00dfen Gr\u00f6\u00dfen haben wir festgestellt, dass sich nach dem Trocknen kleine Hohlr\u00e4ume bilden k\u00f6nnen, insbesondere wenn das Material mehr als 10 mm dick ist.<\/li>\n<li>Wenn nach dem Trocknen ein Hohlraum in dem St\u00fcck entsteht, f\u00fcllen Sie den Hohlraum mit dem weichen Kupferton und backen Sie es nach dem Trocknen und vor der Fertigstellung erneut.<br \/>\nDie Wahrscheinlichkeit, dass ein Hohlraum entsteht, ist geringer, wenn Sie das St\u00fcck mit einem Heizger\u00e4t wie einem hei\u00dfen Herd, einem Ofen oder einem Hei\u00dflufttrockner trocknen.<br \/>\nWenn Sie also ein St\u00fcck mit einer Dicke von 10 mm herstellen und es mit hei\u00dfen Ger\u00e4ten trocknen, ist die Wahrscheinlichkeit, dass ein Hohlraum entsteht, \u00e4u\u00dferst gering.<\/li>\n<li>Die L\u00e4nge der Trocknungszeit h\u00e4ngt von der Gr\u00f6\u00dfe und dem Design des St\u00fccks ab. Pr\u00fcfen Sie also sorgf\u00e4ltig, ob das St\u00fcck trocken ist. Wenn es trocken ist, k\u00f6nnen Sie das St\u00fcck fertig backen. <\/li>\n<\/ul>\n<p><strong>Verwendung von Art Clay Copper<br \/>\n<\/strong>Art Clay Copper und Art Clay Silver haben unterschiedliche Eigenschaften, die sich gegenseitig beeinflussen k\u00f6nnen, wenn sie miteinander in Kontakt kommen. Wir empfehlen, f\u00fcr jede Art von Ton separate Werkzeuge zu verwenden. Wenn dies nicht m\u00f6glich ist, stellen Sie sicher, dass die Werkzeuge nach jedem Gebrauch gr\u00fcndlich gereinigt werden.  <\/p>\n<p><strong>Aufbewahrung von Art Clay Copper<br \/>\n<\/strong>Verwenden Sie den Kupferton so schnell wie m\u00f6glich nach dem \u00d6ffnen der Verpackung. Nach dem \u00d6ffnen der Verpackung oxidiert die Oberfl\u00e4che der Kupferknete und nimmt eine dunklere Farbe an. <\/p>\n<p>Wenn Sie eine dunkle Verf\u00e4rbung sehen, kratzen Sie diesen Teil ab und verwenden Sie den verbleibenden Ton, um ein Werkst\u00fcck herzustellen.<br \/>\nUm die Oxidation von ge\u00f6ffneten Verpackungen von Kupferton zu verhindern, ist es ratsam, den Ton in mehrere Lagen Plastik einzuwickeln und dann einen Plastikverschlussbeutel zu verwenden, der vollst\u00e4ndig abgesaugt werden kann.<\/p>\n<p>Aufgrund der chemischen Beschaffenheit von Kupfer hat Art Clay Kupfer dazu gef\u00fchrt, dass sich auf der Tonoberfl\u00e4che eine oxidierte Schicht gebildet hat, die durch den Kontakt mit Sauerstoff entstanden ist. Die erste und wichtigste Ma\u00dfnahme ist es, den \u00fcbrig gebliebenen oder \u00fcbrig gebliebenen Ton wieder einzuwickeln, dazu eignet sich eine Lebensmittelfolie. Wickeln Sie den Ton so ein, dass keine Luft dazwischen ist, und dr\u00fccken Sie den Ton mit einer Rolle an, damit er an Ort und Stelle bleibt.  <\/p>\n<p><strong>M\u00f6chten Sie selbst mit Art Clay Copper beginnen?<\/strong><\/p>\n<p>Dann empfehlen wir Ihnen, zun\u00e4chst einen Workshop mit einem zertifizierten Art Clay Silver<br \/>\nAusbilder der Stufe 2 zu besuchen. Hier lernen Sie, wie man richtig mit dem Kupferton arbeitet und die Werkzeuge richtig einsetzt. Au\u00dferdem macht es unheimlich viel Spa\u00df!  <\/p>\n","protected":false},"excerpt":{"rendered":"<p>&nbsp;<\/p>\n<p><strong>Stellen Sie Ihren eigenen Kupferschmuck mit Art Clay Copper her!<\/strong><\/p>\n<p>Art Clay Copper ist wie Art Clay Silver einfach zu kneten, zu modellieren und im Ofen zu brennen. Die Schritte zur Herstellung von Kreationen mit Art Clay Copper sind die gleichen wie bei Silberton. Beim Brennen ohne Aktivkohle muss jedoch ein zus\u00e4tzlicher Schritt hinzugef\u00fcgt werden: die Behandlung der oxidierten Schicht. Anders als Silberknete reagiert Kupferknete auf den Sauerstoff in der Luft und bildet eine braun-schwarze Schicht auf der Kupferknete.<br \/>\nDie Packung enth\u00e4lt 50 Gramm Kupferknete. Wir empfehlen die Verwendung eines Produkts wie &#8220;Gloves in a bottle&#8221;, um eine Verf\u00e4rbung Ihrer H\u00e4nde zu vermeiden.   <\/p>\n<p>Der Ton kann auch mit anderen Materialien kombiniert werden<\/p>\n<p><strong>Art Clay Kupferpaste<\/strong><\/p>\n<p>Wenn die Art Clay Pasta nicht erh\u00e4ltlich ist, k\u00f6nnen Sie sie ganz einfach selbst herstellen.<br \/>\nGeben Sie eine kleine Menge Wasser zu dem weichen Ton und kneten Sie ihn vorsichtig. Verwenden Sie diese Substanz, um Risse zu f\u00fcllen oder mehrere St\u00fccke zusammenzusetzen. <\/p>\n<p><strong>Hilfreiche Tipps zur Verwendung von Art Clay Copper<\/strong><\/p>\n<ul>\n<li>Kupferton sollte luftdicht, k\u00fchl und dunkel gelagert werden.<\/li>\n<li>In seiner Verpackung ist Copper Clay 1 Jahr lang haltbar.<\/li>\n<li>Kupferton kann mit destilliertem oder abgekochtem Wasser verd\u00fcnnt werden.<\/li>\n<li>Legen Sie Reste immer sofort zur\u00fcck in die Originalverpackung oder den Griffbeutel.<\/li>\n<li>Kupferton trocknet an der Luft und trocknet recht schnell, stellen Sie also sicher, dass alles im Voraus vorbereitet ist.<\/li>\n<li>Nach dem Trocknen ist Kupferlehm so hart wie Gips, so dass Sie Muster hineinkratzen oder feilen k\u00f6nnen.<\/li>\n<li>Wenn er trocken ist und bricht, k\u00f6nnen Sie ein Schmuckst\u00fcck aus Kupferlehm mit Kleister reparieren.<\/li>\n<li>Es ist wichtig zu wissen, dass Ton keinen Frost vertr\u00e4gt.<\/li>\n<\/ul>\n<p><strong>Gr\u00f6\u00dfere Objekte mit Kupferton herstellen<\/strong><\/p>\n<ul>\n<li>Verwenden Sie f\u00fcr den Kern eine Korkmasse, die auch f\u00fcr die Herstellung eines gro\u00dfen (dicken) St\u00fccks empfohlen wird.<\/li>\n<li>Bei umfangreichen Tests mit Art Clay Kupferst\u00fccken in gro\u00dfen Gr\u00f6\u00dfen haben wir festgestellt, dass sich nach dem Trocknen kleine Hohlr\u00e4ume bilden k\u00f6nnen, insbesondere wenn das Material mehr als 10 mm dick ist.<\/li>\n<li>Wenn nach dem Trocknen ein Hohlraum in dem St\u00fcck entsteht, f\u00fcllen Sie den Hohlraum mit dem weichen Kupferton und backen Sie es nach dem Trocknen und vor der Fertigstellung erneut.<br \/>\nDie Wahrscheinlichkeit, dass ein Hohlraum entsteht, ist geringer, wenn Sie das St\u00fcck mit einem Heizger\u00e4t wie einem hei\u00dfen Herd, einem Ofen oder einem Hei\u00dflufttrockner trocknen.<br \/>\nWenn Sie also ein St\u00fcck mit einer Dicke von 10 mm herstellen und es mit hei\u00dfen Ger\u00e4ten trocknen, ist die Wahrscheinlichkeit, dass ein Hohlraum entsteht, \u00e4u\u00dferst gering.<\/li>\n<li>Die L\u00e4nge der Trocknungszeit h\u00e4ngt von der Gr\u00f6\u00dfe und dem Design des St\u00fccks ab. Pr\u00fcfen Sie also sorgf\u00e4ltig, ob das St\u00fcck trocken ist. Wenn es trocken ist, k\u00f6nnen Sie das St\u00fcck fertig backen. <\/li>\n<\/ul>\n<p><strong>Verwendung von Art Clay Copper<br \/>\n<\/strong>Art Clay Copper und Art Clay Silver haben unterschiedliche Eigenschaften, die sich gegenseitig beeinflussen k\u00f6nnen, wenn sie miteinander in Kontakt kommen. Wir empfehlen, f\u00fcr jede Art von Ton separate Werkzeuge zu verwenden. Wenn dies nicht m\u00f6glich ist, stellen Sie sicher, dass die Werkzeuge nach jedem Gebrauch gr\u00fcndlich gereinigt werden.  <\/p>\n<p><strong>Aufbewahrung von Art Clay Copper<br \/>\n<\/strong>Verwenden Sie den Kupferton so schnell wie m\u00f6glich nach dem \u00d6ffnen der Verpackung. Nach dem \u00d6ffnen der Verpackung oxidiert die Oberfl\u00e4che der Kupferknete und nimmt eine dunklere Farbe an. <\/p>\n<p>Wenn Sie eine dunkle Verf\u00e4rbung sehen, kratzen Sie diesen Teil ab und verwenden Sie den verbleibenden Ton, um ein Werkst\u00fcck herzustellen.<br \/>\nUm die Oxidation von ge\u00f6ffneten Verpackungen von Kupferton zu verhindern, ist es ratsam, den Ton in mehrere Lagen Plastik einzuwickeln und dann einen Plastikverschlussbeutel zu verwenden, der vollst\u00e4ndig abgesaugt werden kann.<\/p>\n<p>Aufgrund der chemischen Beschaffenheit von Kupfer hat Art Clay Kupfer dazu gef\u00fchrt, dass sich auf der Tonoberfl\u00e4che eine oxidierte Schicht gebildet hat, die durch den Kontakt mit Sauerstoff entstanden ist. Die erste und wichtigste Ma\u00dfnahme ist es, den \u00fcbrig gebliebenen oder \u00fcbrig gebliebenen Ton wieder einzuwickeln, dazu eignet sich eine Lebensmittelfolie. Wickeln Sie den Ton so ein, dass keine Luft dazwischen ist, und dr\u00fccken Sie den Ton mit einer Rolle an, damit er an Ort und Stelle bleibt.  <\/p>\n<p><strong>M\u00f6chten Sie selbst mit Art Clay Copper beginnen?<\/strong><\/p>\n<p>Dann empfehlen wir Ihnen, zun\u00e4chst einen Workshop mit einem zertifizierten Art Clay Silver<br \/>\nAusbilder der Stufe 2 zu besuchen. Hier lernen Sie, wie man richtig mit dem Kupferton arbeitet und die Werkzeuge richtig einsetzt. Au\u00dferdem macht es unheimlich viel Spa\u00df!  <\/p>\n<p>&nbsp;<\/p>\n<p>&nbsp;<\/p>\n","protected":false},"featured_media":12390,"comment_status":"closed","ping_status":"closed","template":"","meta":{"_acf_changed":false,"_seopress_robots_primary_cat":"none","_seopress_titles_title":"","_seopress_titles_desc":"","_seopress_robots_index":""},"more":[],"product_brand":[6413],"product_cat":[7130],"product_tag":[7078,6942,6817,6802,6924,7058,6773,6799,7999,6689,6797,6492,6438,8126,6944,9035,6458,6415,6840,7123,6936,6921,7076,9029,7804,7807,6494,6826,7802,6842,7555,9027,6824,9024,6830,6934,6822,8763,6946,6836,8487,6696,6786,6691,6804,6498,7131,8394,6932,6844,6421,6444,6441,9021,9019,6455,6832,6682,6788,6938,6828,6806,8092,6777,6928,6419,7021,7998,8767,6889,6558,6812,7086,6490,7340,6834,9026,6500,6556,6784,9033,9032,7072,6814,6783,7064,6838,7796],"class_list":{"0":"post-12383","1":"product","2":"type-product","3":"status-publish","4":"has-post-thumbnail","6":"product_brand-acs","7":"product_cat-kupferton","8":"product_tag-7078","9":"product_tag-alkmaar","10":"product_tag-amsterdam","11":"product_tag-angebot","12":"product_tag-anhanger-2","13":"product_tag-anhanger-3","14":"product_tag-antwerpen","15":"product_tag-apeldoorn","16":"product_tag-arbeitsbeschreibung","17":"product_tag-armband","18":"product_tag-arnheim","19":"product_tag-artclay","20":"product_tag-artclaysilver","21":"product_tag-artclaysilvershop","22":"product_tag-assen","23":"product_tag-ausbilder-3","24":"product_tag-belgien","25":"product_tag-billig","26":"product_tag-brabant","27":"product_tag-brucke","28":"product_tag-brussel","29":"product_tag-charme","30":"product_tag-charme-2","31":"product_tag-charme-4","32":"product_tag-delft","33":"product_tag-delftzijl","34":"product_tag-diy","35":"product_tag-drenthe","36":"product_tag-enschede","37":"product_tag-flevoland","38":"product_tag-formbare","39":"product_tag-formbarem-kupfer","40":"product_tag-friesland","41":"product_tag-gane","42":"product_tag-gelderland","43":"product_tag-gent","44":"product_tag-groningen","45":"product_tag-handbucher","46":"product_tag-heerenveen","47":"product_tag-holland","48":"product_tag-hoogeveen","49":"product_tag-ideen","50":"product_tag-kaufen","51":"product_tag-kette","52":"product_tag-kostenlos","53":"product_tag-kunst","54":"product_tag-kupfer","55":"product_tag-kupfer-3","56":"product_tag-leeuwarden","57":"product_tag-limburg","58":"product_tag-machen","59":"product_tag-metalclay","60":"product_tag-metallton","61":"product_tag-mokume","62":"product_tag-neu-3","63":"product_tag-niederlande","64":"product_tag-norden","65":"product_tag-ohrringe","66":"product_tag-online","67":"product_tag-ostende","68":"product_tag-overijssel","69":"product_tag-rabatt","70":"product_tag-ring","71":"product_tag-ringe","72":"product_tag-rotterdam","73":"product_tag-schmuck","74":"product_tag-schmuck-3","75":"product_tag-schmuck-4","76":"product_tag-schmuck-5","77":"product_tag-shop","78":"product_tag-sie-selbst","79":"product_tag-silber-3","80":"product_tag-silberschmiede","81":"product_tag-silberton","82":"product_tag-silverclay-co-uk","83":"product_tag-sud","84":"product_tag-technik","85":"product_tag-ton-2","86":"product_tag-ton-3","87":"product_tag-unter-2","88":"product_tag-utrrecht","89":"product_tag-walonie","90":"product_tag-wattenmeer","91":"product_tag-webshop","92":"product_tag-wobei","93":"product_tag-workshop","94":"product_tag-zeeland","95":"product_tag-zwolle","96":"product_shipping_class-standard","98":"first","99":"instock","100":"taxable","101":"shipping-taxable","102":"purchasable","103":"product-type-simple"},"acf":[],"_links":{"self":[{"href":"https:\/\/esquell.eu\/de\/wp-json\/wp\/v2\/product\/12383","targetHints":{"allow":["GET"]}}],"collection":[{"href":"https:\/\/esquell.eu\/de\/wp-json\/wp\/v2\/product"}],"about":[{"href":"https:\/\/esquell.eu\/de\/wp-json\/wp\/v2\/types\/product"}],"replies":[{"embeddable":true,"href":"https:\/\/esquell.eu\/de\/wp-json\/wp\/v2\/comments?post=12383"}],"wp:featuredmedia":[{"embeddable":true,"href":"https:\/\/esquell.eu\/de\/wp-json\/wp\/v2\/media\/12390"}],"wp:attachment":[{"href":"https:\/\/esquell.eu\/de\/wp-json\/wp\/v2\/media?parent=12383"}],"wp:term":[{"taxonomy":"more","embeddable":true,"href":"https:\/\/esquell.eu\/de\/wp-json\/wp\/v2\/more?post=12383"},{"taxonomy":"product_brand","embeddable":true,"href":"https:\/\/esquell.eu\/de\/wp-json\/wp\/v2\/product_brand?post=12383"},{"taxonomy":"product_cat","embeddable":true,"href":"https:\/\/esquell.eu\/de\/wp-json\/wp\/v2\/product_cat?post=12383"},{"taxonomy":"product_tag","embeddable":true,"href":"https:\/\/esquell.eu\/de\/wp-json\/wp\/v2\/product_tag?post=12383"}],"curies":[{"name":"wp","href":"https:\/\/api.w.org\/{rel}","templated":true}]}}