{"id":12320,"date":"2025-04-03T09:12:20","date_gmt":"2025-04-03T09:12:20","guid":{"rendered":"https:\/\/esquell.eu\/product\/ausstechformen-stanzformen-tropfen-10er-set-kunststoff\/"},"modified":"2025-11-05T14:50:06","modified_gmt":"2025-11-05T14:50:06","slug":"ausstechformen-stanzformen-tropfen-10er-set-kunststoff","status":"publish","type":"product","link":"https:\/\/esquell.eu\/de\/produkt\/ausstechformen-stanzformen-tropfen-10er-set-kunststoff\/","title":{"rendered":"Ausstechformen \/ Stanzformen Tropfen 10er Set Kunststoff"},"content":{"rendered":"<p>10-teiliges Set mit Schneideformen\/Ausstechern. Tropfenform. <\/p>\n<p>Die kleinste ist 1,5 cm lang, die gr\u00f6\u00dfte 9,6 cm.<\/p>\n<p>Geeignet zum Ausstechen von Formen aus verschiedenen Arten von Ton.<\/p>\n<p>Auch f\u00fcr die Herstellung von Blumen, Bl\u00fctenbl\u00e4ttern.<\/p>\n<p>Geeignet f\u00fcr verschiedene Arten von Ton.<\/p>\n<p>Kreieren Sie m\u00fchelos einzigartige und moderne Formen aus Ton mit diesem hochwertigen Set von organisch geformten Tonausstechern. Ideal f\u00fcr Silber-, Kupfer- und Bronzeton und andere Arten von Ton. Auch f\u00fcr Keramik und Polymer Clay geeignet. <\/p>\n<p>Sie variieren in der Gr\u00f6\u00dfe von klein bis gro\u00df und eignen sich perfekt f\u00fcr Ohrringe, Anh\u00e4nger, Glieder und dekorative Elemente.<\/p>\n<p>F\u00fcr den h\u00e4ufigen Gebrauch. Hergestellt aus hochwertigem Kunststoff. Beh\u00e4lt seine Form  <\/p>\n<p>Der Vorteil gegen\u00fcber dem Nadelstift ist, dass Sie damit enge Schnittkanten erhalten, ohne auszufransen. Und genau zu duplizieren, was z.B. f\u00fcr Ohrringe praktisch ist. <\/p>\n<p>Kombinieren Sie die Formen miteinander, mit anderen Formen aus anderen Ausschneideb\u00f6gen.<\/p>\n<p>Kombinieren Sie mit Strukturmatten und Stempeln f\u00fcr Muster, Textur und Relief.<\/p>\n","protected":false},"excerpt":{"rendered":"<p>10-teiliges Set mit Schneideformen\/Ausstechern. Tropfenform. <\/p>\n<p>Die kleinste ist 1,5 cm lang, die gr\u00f6\u00dfte 9,6 cm.<\/p>\n<p>Geeignet zum Ausstechen von Formen aus verschiedenen Arten von Ton.<\/p>\n<p>Auch f\u00fcr die Herstellung von Blumen, Bl\u00fctenbl\u00e4ttern.<\/p>\n<p>Geeignet f\u00fcr verschiedene Arten von Ton.<\/p>\n","protected":false},"featured_media":7965,"comment_status":"closed","ping_status":"closed","template":"","meta":{"_acf_changed":false,"_seopress_robots_primary_cat":"none","_seopress_titles_title":"","_seopress_titles_desc":"","_seopress_robots_index":""},"more":[],"product_brand":[6365],"product_cat":[6811],"product_tag":[8713,6684,6773,8693,8725,6458,6790,6415,8707,7667,7669,6840,7387,6903,6936,7676,6494,7736,6826,8545,6895,8691,6909,8681,7672,8957,9269,8700,8729,6842,7682,7680,6824,6830,6767,6769,8679,6822,6452,6836,6897,6907,6786,7131,6905,7744,7019,6844,6421,8696,8684,6455,6832,6682,6788,6828,7524,8510,8643,7674,8704,6806,6777,8717,6419,8715,8500,6899,6889,6417,8721,8687,8956,8537,6490,8128,7340,7749,6834,6781,6556,7511,8711,8709,6893,6784,6795,6605,6818,6783,6838],"class_list":{"0":"post-12320","1":"product","2":"type-product","3":"status-publish","4":"has-post-thumbnail","6":"product_brand-l1","7":"product_cat-ausstecher-fur-ton","8":"product_tag-angebot-2","9":"product_tag-anhanger","10":"product_tag-antwerpen","11":"product_tag-ausschnitte","12":"product_tag-ausstechformen","13":"product_tag-belgien","14":"product_tag-bestellung","15":"product_tag-billig","16":"product_tag-blatt-2","17":"product_tag-blatt","18":"product_tag-blatter","19":"product_tag-brabant","20":"product_tag-bronze","21":"product_tag-bronze-ton","22":"product_tag-brussel","23":"product_tag-cernit","24":"product_tag-diy","25":"product_tag-doityourself","26":"product_tag-drenthe","27":"product_tag-einkaufen-3","28":"product_tag-es","29":"product_tag-etsy","30":"product_tag-facebook","31":"product_tag-fallen-lassen","32":"product_tag-fimo","33":"product_tag-fimo-ohrringe","34":"product_tag-fimo-perlen","35":"product_tag-fimo-schmuck","36":"product_tag-fimohanger","37":"product_tag-flevoland","38":"product_tag-formen-schneiden","39":"product_tag-formulare","40":"product_tag-friesland","41":"product_tag-gelderland","42":"product_tag-gold","43":"product_tag-goldton","44":"product_tag-google","45":"product_tag-groningen","46":"product_tag-groshandel","47":"product_tag-holland","48":"product_tag-ihr","49":"product_tag-instagram","50":"product_tag-kaufen","51":"product_tag-kupfer","52":"product_tag-kupferton","53":"product_tag-kutter-2","54":"product_tag-liefert","55":"product_tag-limburg","56":"product_tag-machen","57":"product_tag-modellierung-2","58":"product_tag-nevadasdream","59":"product_tag-niederlande","60":"product_tag-norden","61":"product_tag-ohrringe","62":"product_tag-online","63":"product_tag-overijssel","64":"product_tag-perlen-2","65":"product_tag-perlenladen","66":"product_tag-pinterest","67":"product_tag-polymer-clay","68":"product_tag-projektion","69":"product_tag-rabatt","70":"product_tag-ringe","71":"product_tag-sandstrom","72":"product_tag-schmuck","73":"product_tag-schmuck-aus-metallton","74":"product_tag-schmuck-selber-machen","75":"product_tag-selbst","76":"product_tag-shop","77":"product_tag-silber","78":"product_tag-silber-ton-ornamente-machen","79":"product_tag-silberner-ton-anhanger","80":"product_tag-silberner-ton-anhanger-2","81":"product_tag-silberschmuck-3","82":"product_tag-silberton","83":"product_tag-silberwarengeschaft","84":"product_tag-silverclay-co-uk","85":"product_tag-stopfen","86":"product_tag-sud","87":"product_tag-teile","88":"product_tag-ton-3","89":"product_tag-tonschmuck","90":"product_tag-tropfchen","91":"product_tag-tropfen","92":"product_tag-tun","93":"product_tag-unter-2","94":"product_tag-utrecht","95":"product_tag-werkzeuge","96":"product_tag-werkzeuge-2","97":"product_tag-wobei","98":"product_tag-zeeland","99":"product_shipping_class-standard","101":"first","102":"instock","103":"taxable","104":"shipping-taxable","105":"purchasable","106":"product-type-simple"},"acf":[],"_links":{"self":[{"href":"https:\/\/esquell.eu\/de\/wp-json\/wp\/v2\/product\/12320","targetHints":{"allow":["GET"]}}],"collection":[{"href":"https:\/\/esquell.eu\/de\/wp-json\/wp\/v2\/product"}],"about":[{"href":"https:\/\/esquell.eu\/de\/wp-json\/wp\/v2\/types\/product"}],"replies":[{"embeddable":true,"href":"https:\/\/esquell.eu\/de\/wp-json\/wp\/v2\/comments?post=12320"}],"wp:featuredmedia":[{"embeddable":true,"href":"https:\/\/esquell.eu\/de\/wp-json\/wp\/v2\/media\/7965"}],"wp:attachment":[{"href":"https:\/\/esquell.eu\/de\/wp-json\/wp\/v2\/media?parent=12320"}],"wp:term":[{"taxonomy":"more","embeddable":true,"href":"https:\/\/esquell.eu\/de\/wp-json\/wp\/v2\/more?post=12320"},{"taxonomy":"product_brand","embeddable":true,"href":"https:\/\/esquell.eu\/de\/wp-json\/wp\/v2\/product_brand?post=12320"},{"taxonomy":"product_cat","embeddable":true,"href":"https:\/\/esquell.eu\/de\/wp-json\/wp\/v2\/product_cat?post=12320"},{"taxonomy":"product_tag","embeddable":true,"href":"https:\/\/esquell.eu\/de\/wp-json\/wp\/v2\/product_tag?post=12320"}],"curies":[{"name":"wp","href":"https:\/\/api.w.org\/{rel}","templated":true}]}}