{"id":12240,"date":"2025-04-03T09:11:15","date_gmt":"2025-04-03T09:11:15","guid":{"rendered":"https:\/\/esquell.eu\/product\/rejuvenate-von-cool-tools-zur-hydratation-und-flexibilisierung-von-metallton\/"},"modified":"2026-03-23T06:45:23","modified_gmt":"2026-03-23T06:45:23","slug":"rejuvenate-von-cool-tools-zur-hydratation-und-flexibilisierung-von-metallton","status":"publish","type":"product","link":"https:\/\/esquell.eu\/de\/produkt\/rejuvenate-von-cool-tools-zur-hydratation-und-flexibilisierung-von-metallton\/","title":{"rendered":"Rejuvenate von Cool Tools zur Hydratation und Flexibilisierung von Metallton."},"content":{"rendered":"<div class=\"product-addition-content\">\n<p>Rejuvenate von Cool Tools zum Befeuchten und Flexibilisieren von Metallton<\/p>\n<p>Verleiht neuem Metallton Flexibilit\u00e4t und hydratisiert trocken gewordenen Metallton.<\/p>\n<p>Diese L\u00f6sung verhindert, dass frischer Ton austrocknet und verl\u00e4ngert die Verarbeitungszeit des Tons. Diese Formel funktioniert besser als die Verwendung von destilliertem Wasser und verhindert das teigige Ergebnis, das Wasser verursachen kann. <\/p>\n<p>Diese L\u00f6sung wird in einer praktischen 0,5-oz-Flasche mit einer Pipette geliefert, mit der Sie Tropfen f\u00fcr Tropfen oder in gr\u00f6\u00dferen Mengen dosieren k\u00f6nnen.<\/p>\n<p>Hergestellt in den USA. Ungiftig. <\/p>\n<\/div>\n","protected":false},"excerpt":{"rendered":"<p>Rejuvenate von Cool Tools zum Befeuchten und Flexibilisieren von Metallton<\/p>\n<p>Verleiht neuem Metallton Flexibilit\u00e4t und hydratisiert trocken gewordenen Metallton.<\/p>\n<p>&nbsp;<\/p>\n<p>Diese L\u00f6sung verhindert, dass frischer Ton austrocknet und verl\u00e4ngert die Verarbeitungszeit des Tons. Diese Formel funktioniert besser als die Verwendung von destilliertem Wasser und verhindert das teigige Ergebnis, das Wasser verursachen kann. <\/p>\n<p>Diese L\u00f6sung wird in einer praktischen 0,5-oz-Flasche mit einer Pipette geliefert, mit der Sie Tropfen f\u00fcr Tropfen oder in gr\u00f6\u00dferen Mengen dosieren k\u00f6nnen.<\/p>\n<p>Hergestellt in den USA. Ungiftig. <\/p>\n","protected":false},"featured_media":12241,"comment_status":"closed","ping_status":"closed","template":"","meta":{"_acf_changed":false,"_seopress_robots_primary_cat":"none","_seopress_titles_title":"","_seopress_titles_desc":"","_seopress_robots_index":""},"more":[],"product_brand":[6595],"product_cat":[6367,6596,8215],"product_tag":[8225,8229,8235,8221,8217,7809,8223,7017,8227,6421,6444,6441,8233,7143,8022,6490,6556,8219,8231],"class_list":{"0":"post-12240","1":"product","2":"type-product","3":"status-publish","4":"has-post-thumbnail","6":"product_brand-coole-tools","7":"product_cat-erganzende-materialien","8":"product_cat-grundlegende-werkzeuge","9":"product_cat-lehm","10":"product_tag-alt","11":"product_tag-art-clay-silber","12":"product_tag-ausgetrocknet","13":"product_tag-cooltools-cool-tools","14":"product_tag-flex","15":"product_tag-flexibel","16":"product_tag-flussigkeitszufuhr","17":"product_tag-fur","18":"product_tag-geeignet","19":"product_tag-machen","20":"product_tag-metalclay","21":"product_tag-metallton","22":"product_tag-pateargent","23":"product_tag-reparatur-2","24":"product_tag-silberlehm","25":"product_tag-silberton","26":"product_tag-ton-3","27":"product_tag-verjungen","28":"product_tag-wiederverwenden","29":"product_shipping_class-standard","31":"first","32":"instock","33":"taxable","34":"shipping-taxable","35":"purchasable","36":"product-type-simple"},"acf":[],"_links":{"self":[{"href":"https:\/\/esquell.eu\/de\/wp-json\/wp\/v2\/product\/12240","targetHints":{"allow":["GET"]}}],"collection":[{"href":"https:\/\/esquell.eu\/de\/wp-json\/wp\/v2\/product"}],"about":[{"href":"https:\/\/esquell.eu\/de\/wp-json\/wp\/v2\/types\/product"}],"replies":[{"embeddable":true,"href":"https:\/\/esquell.eu\/de\/wp-json\/wp\/v2\/comments?post=12240"}],"wp:featuredmedia":[{"embeddable":true,"href":"https:\/\/esquell.eu\/de\/wp-json\/wp\/v2\/media\/12241"}],"wp:attachment":[{"href":"https:\/\/esquell.eu\/de\/wp-json\/wp\/v2\/media?parent=12240"}],"wp:term":[{"taxonomy":"more","embeddable":true,"href":"https:\/\/esquell.eu\/de\/wp-json\/wp\/v2\/more?post=12240"},{"taxonomy":"product_brand","embeddable":true,"href":"https:\/\/esquell.eu\/de\/wp-json\/wp\/v2\/product_brand?post=12240"},{"taxonomy":"product_cat","embeddable":true,"href":"https:\/\/esquell.eu\/de\/wp-json\/wp\/v2\/product_cat?post=12240"},{"taxonomy":"product_tag","embeddable":true,"href":"https:\/\/esquell.eu\/de\/wp-json\/wp\/v2\/product_tag?post=12240"}],"curies":[{"name":"wp","href":"https:\/\/api.w.org\/{rel}","templated":true}]}}