{"id":12227,"date":"2025-04-03T09:11:05","date_gmt":"2025-04-03T09:11:05","guid":{"rendered":"https:\/\/esquell.eu\/product\/art-clay-silber-950-silber-knete-50-gramm-acs-a-0297\/"},"modified":"2026-01-10T17:04:49","modified_gmt":"2026-01-10T17:04:49","slug":"art-clay-silber-950-silber-knete-50-gramm-acs-a-0297","status":"publish","type":"product","link":"https:\/\/esquell.eu\/de\/produkt\/art-clay-silber-950-silber-knete-50-gramm-acs-a-0297\/","title":{"rendered":"Art Clay Silber 950 Silber Knete 50 Gramm ACS ( A-0297)"},"content":{"rendered":"<div class=\"product-addition-content\">\n<p>Der Ton besteht zu 90% aus Silber- und Kupferlegierungspulver und zu 10% aus Bindemittel und Wasser. Die Schrumpfung betr\u00e4gt etwa 11-13%. Die Reinheit nach dem Brennen betr\u00e4gt 950 Silber. Das Formen und Trocknen ist dasselbe, wie Sie es von normalem Art Clay Silver Clay gewohnt sind. Die Knete ist eine hochwertige, gebrauchsfertige Knete, so dass Sie sofort nach dem \u00d6ffnen der Packung loslegen k\u00f6nnen! Ein weiterer Vorteil ist, dass Sie keine Aktivkohle zum Ausbacken ben\u00f6tigen. Kurz gesagt, es sind keine zus\u00e4tzlichen Vorbereitungen erforderlich! Die Knete ist in Packungen mit 25 und 50 g erh\u00e4ltlich.       <\/p>\n<p>Vorsicht! Das Backen kann nur in einem <a href=\"https:\/\/esquell.eu\/?s=oven\"><strong><u>speziellen Ofen. <\/u><\/strong><\/a>Gebackener Art Clay Silver 950 hat im Vergleich zu normalem Art Clay Silver eine h\u00f6here Oberfl\u00e4chen- und Biegefestigkeit, er ist etwa 60% st\u00e4rker*. Aufgrund seiner H\u00e4rte eignet es sich f\u00fcr mehr Gestaltungsm\u00f6glichkeiten und seine Haltbarkeit macht es besonders geeignet f\u00fcr Arbeiten, die d\u00fcnner, schmaler oder offen sind (wie z.B. ein Ring oder Manschettenknopf). Da Silber widerstandsf\u00e4higer gegen Kratzer ist, ist es ein geeignetes Produkt f\u00fcr professionelle K\u00fcnstler, die ihre Werke verschenken oder verkaufen.   <\/p>\n<p>*Ergebnisse k\u00f6nnen je nach Back- und Messbedingungen variieren.<\/p>\n<\/div>\n","protected":false},"excerpt":{"rendered":"<p>Der Ton besteht zu 90% aus Silber- und Kupferlegierungspulver und zu 10% aus Bindemittel und Wasser. Die Schrumpfung betr\u00e4gt etwa 11-13%. Die Reinheit nach dem Brennen betr\u00e4gt 950 Silber. Das Formen und Trocknen ist dasselbe, wie Sie es von normalem Art Clay Silver Clay gewohnt sind. Die Knete ist eine hochwertige, gebrauchsfertige Knete, so dass Sie sofort nach dem \u00d6ffnen der Packung loslegen k\u00f6nnen! Ein weiterer Vorteil ist, dass Sie keine Aktivkohle zum Ausbacken ben\u00f6tigen. Kurz gesagt, es sind keine zus\u00e4tzlichen Vorbereitungen erforderlich! Die Knete ist in Packungen mit 25 und 50 g erh\u00e4ltlich.       <\/p>\n<p>&nbsp;<\/p>\n<p>Vorsicht! Das Backen kann nur in einem <strong><u><a href=\"https:\/\/www.esquell.nl\/p\/prometheus-oven-pro-1-programmeerbaar\">speziellen Ofen.<\/a> <\/u><\/strong>Gebackener Art Clay Silver 950 hat im Vergleich zu normalem Art Clay Silver eine h\u00f6here Oberfl\u00e4chen- und Biegefestigkeit, er ist etwa 60% st\u00e4rker*. Aufgrund seiner H\u00e4rte eignet es sich f\u00fcr mehr Gestaltungsm\u00f6glichkeiten und seine Haltbarkeit macht es besonders geeignet f\u00fcr Arbeiten, die d\u00fcnner, schmaler oder offen sind (wie z.B. ein Ring oder Manschettenknopf). Da Silber widerstandsf\u00e4higer gegen Kratzer ist, ist es ein geeignetes Produkt f\u00fcr professionelle K\u00fcnstler, die ihre Werke verschenken oder verkaufen.   <\/p>\n<p>*Ergebnisse k\u00f6nnen je nach Back- und Messbedingungen variieren.<\/p>\n","protected":false},"featured_media":12232,"comment_status":"closed","ping_status":"closed","template":"","meta":{"_acf_changed":false,"_seopress_robots_primary_cat":"none","_seopress_titles_title":"","_seopress_titles_desc":"","_seopress_robots_index":""},"more":[],"product_brand":[6413],"product_cat":[6414],"product_tag":[7078,6993,6508,6446,8156,6492,6699,6438,7543,6695,6458,6677,6675,6909,6680,7547,6800,6907,6673,8158,6498,8154,6679,7545,6444,7557,8137,8146,8150,6455,8148,7992,8144,6806,6496,6777,6701,6417,6812,8152,6490,7340,8139,6435,6500,6556,6449,7930,6690,7064,7410,8142],"class_list":{"0":"post-12227","1":"product","2":"type-product","3":"status-publish","4":"has-post-thumbnail","6":"product_brand-acs","7":"product_cat-silber-ton-art-clay-silber","8":"product_tag-7078","9":"product_tag-6993","10":"product_tag-6508","11":"product_tag-aida","12":"product_tag-akademie","13":"product_tag-artclay","14":"product_tag-artclayacademy","15":"product_tag-artclaysilver","16":"product_tag-ausbilder-2","17":"product_tag-ausbildung","18":"product_tag-belgien","19":"product_tag-belgien-2","20":"product_tag-craftlines","21":"product_tag-facebook","22":"product_tag-frankreich","23":"product_tag-frankreich-2","24":"product_tag-gramm","25":"product_tag-instagram","26":"product_tag-japan","27":"product_tag-kreativitatsausflug","28":"product_tag-kunst","29":"product_tag-lehrer","30":"product_tag-luxemburg","31":"product_tag-luxemburg-2","32":"product_tag-metalclay","33":"product_tag-metall","34":"product_tag-metall-3","35":"product_tag-meteaalclay","36":"product_tag-netzwerk","37":"product_tag-niederlande","38":"product_tag-paket-25","39":"product_tag-professionell","40":"product_tag-professionell-2","41":"product_tag-rabatt","42":"product_tag-recycelt","43":"product_tag-ringe","44":"product_tag-schule","45":"product_tag-silber","46":"product_tag-silber-3","47":"product_tag-silbermarktplatz","48":"product_tag-silberton","49":"product_tag-silverclay-co-uk","50":"product_tag-stark-2","51":"product_tag-ton","52":"product_tag-ton-2","53":"product_tag-ton-3","54":"product_tag-verteiler","55":"product_tag-vorteil","56":"product_tag-werkstatten","57":"product_tag-workshop","58":"product_tag-zertifiziert","59":"product_tag-zusatzlich","60":"product_shipping_class-standard","62":"first","63":"instock","64":"taxable","65":"shipping-taxable","66":"purchasable","67":"product-type-simple"},"acf":[],"_links":{"self":[{"href":"https:\/\/esquell.eu\/de\/wp-json\/wp\/v2\/product\/12227","targetHints":{"allow":["GET"]}}],"collection":[{"href":"https:\/\/esquell.eu\/de\/wp-json\/wp\/v2\/product"}],"about":[{"href":"https:\/\/esquell.eu\/de\/wp-json\/wp\/v2\/types\/product"}],"replies":[{"embeddable":true,"href":"https:\/\/esquell.eu\/de\/wp-json\/wp\/v2\/comments?post=12227"}],"wp:featuredmedia":[{"embeddable":true,"href":"https:\/\/esquell.eu\/de\/wp-json\/wp\/v2\/media\/12232"}],"wp:attachment":[{"href":"https:\/\/esquell.eu\/de\/wp-json\/wp\/v2\/media?parent=12227"}],"wp:term":[{"taxonomy":"more","embeddable":true,"href":"https:\/\/esquell.eu\/de\/wp-json\/wp\/v2\/more?post=12227"},{"taxonomy":"product_brand","embeddable":true,"href":"https:\/\/esquell.eu\/de\/wp-json\/wp\/v2\/product_brand?post=12227"},{"taxonomy":"product_cat","embeddable":true,"href":"https:\/\/esquell.eu\/de\/wp-json\/wp\/v2\/product_cat?post=12227"},{"taxonomy":"product_tag","embeddable":true,"href":"https:\/\/esquell.eu\/de\/wp-json\/wp\/v2\/product_tag?post=12227"}],"curies":[{"name":"wp","href":"https:\/\/api.w.org\/{rel}","templated":true}]}}