{"id":12187,"date":"2025-04-03T09:10:57","date_gmt":"2025-04-03T09:10:57","guid":{"rendered":"https:\/\/esquell.eu\/product\/silber-ton-950-professional-25-gramm-acs-za-0296\/"},"modified":"2025-11-09T06:40:53","modified_gmt":"2025-11-09T06:40:53","slug":"silber-ton-950-professional-25-gramm-acs-za-0296","status":"publish","type":"product","link":"https:\/\/esquell.eu\/de\/produkt\/silber-ton-950-professional-25-gramm-acs-za-0296\/","title":{"rendered":"Silber Ton 950 Professional 25 Gramm ACS (ZA-0296)"},"content":{"rendered":"<div class=\"product-addition-content\">\n<p>Der Ton besteht zu 90% aus Silber- und Kupferlegierungspulver und zu 10% aus Bindemittel und Wasser. Die Schrumpfung betr\u00e4gt etwa 11-13%. Die Reinheit nach dem Brennen betr\u00e4gt 950 Silber. Das Formen und Trocknen ist dasselbe, wie Sie es von normalem Art Clay Silver Clay gewohnt sind. Die Knete ist eine hochwertige, gebrauchsfertige Knete, so dass Sie sofort nach dem \u00d6ffnen der Packung loslegen k\u00f6nnen! Ein weiterer Vorteil ist, dass Sie keine Aktivkohle zum Ausbacken ben\u00f6tigen. Kurz gesagt, es sind keine zus\u00e4tzlichen Vorbereitungen erforderlich! Die Knete ist in Packungen mit 25 und 50 g erh\u00e4ltlich.       <\/p>\n<p>Vorsicht! Das Backen kann nur in einem <a href=\"https:\/\/esquell.eu\/?s=oven\"><u><strong>speziellen Ofen<\/strong><\/u><\/a> (Prometheus Pro 1, Pro 1 prg oder Pro 7 prg) <\/p>\n<p>Gebrannter Art Clay Silver 950 hat eine h\u00f6here Oberfl\u00e4chen- und Biegefestigkeit als normaler Art Clay Silver Ton, er ist etwa 60% st\u00e4rker*. Aufgrund seiner H\u00e4rte eignet es sich f\u00fcr mehr Gestaltungsm\u00f6glichkeiten und seine Haltbarkeit macht es besonders geeignet f\u00fcr Werke, die d\u00fcnner, schmaler oder offen sind (wie z.B. ein Ring oder ein Manschettenknopf). Da Silber widerstandsf\u00e4higer gegen Kratzer ist, ist es ein geeignetes Produkt f\u00fcr professionelle K\u00fcnstler, die ihre Werke verschenken oder verkaufen.  <\/p>\n<p>*Ergebnisse k\u00f6nnen je nach Back- und Messbedingungen variieren.<\/p>\n<\/div>\n","protected":false},"excerpt":{"rendered":"<p>Der Ton besteht zu 90% aus Silber- und Kupferlegierungspulver und zu 10% aus Bindemittel und Wasser. Die Schrumpfung betr\u00e4gt etwa 11-13%. Die Reinheit nach dem Brennen betr\u00e4gt 950 Silber. Das Formen und Trocknen ist dasselbe, wie Sie es von normalem Art Clay Silver Clay gewohnt sind. Die Knete ist eine hochwertige, gebrauchsfertige Knete, so dass Sie sofort nach dem \u00d6ffnen der Packung loslegen k\u00f6nnen! Ein weiterer Vorteil ist, dass Sie keine Aktivkohle zum Ausbacken ben\u00f6tigen. Kurz gesagt, es sind keine zus\u00e4tzlichen Vorbereitungen erforderlich! Die Knete ist in Packungen mit 25 und 50 g erh\u00e4ltlich.       <\/p>\n<p>&nbsp;<\/p>\n<p>Vorsicht! Das Backen kann nur in einem <u><strong><a href=\"https:\/\/www.esquell.nl\/p\/prometheus-oven-pro-1-programmeerbaar\">speziellen Ofen<\/a> <\/strong><\/u>  <\/p>\n<p>&nbsp;<\/p>\n<p>Gebrannter Art Clay Silver 950 hat eine h\u00f6here Oberfl\u00e4chen- und Biegefestigkeit als normaler Art Clay Silver Ton, er ist etwa 60% st\u00e4rker*. Aufgrund seiner H\u00e4rte eignet es sich f\u00fcr mehr Gestaltungsm\u00f6glichkeiten und seine Haltbarkeit macht es besonders geeignet f\u00fcr Werke, die d\u00fcnner, schmaler oder offen sind (wie z.B. ein Ring oder ein Manschettenknopf). Da Silber widerstandsf\u00e4higer gegen Kratzer ist, ist es ein geeignetes Produkt f\u00fcr professionelle K\u00fcnstler, die ihre Werke verschenken oder verkaufen.  <\/p>\n<p>*Ergebnisse k\u00f6nnen je nach Back- und Messbedingungen variieren.<\/p>\n","protected":false},"featured_media":12207,"comment_status":"closed","ping_status":"closed","template":"","meta":{"_acf_changed":false,"_seopress_robots_primary_cat":"none","_seopress_titles_title":"","_seopress_titles_desc":"","_seopress_robots_index":""},"more":[],"product_brand":[6413],"product_cat":[6414],"product_tag":[7406,8196,6488,6508,6506,6817,6802,6438,8206,6458,8200,6790,8193,6887,6840,7123,6936,6494,6826,6842,6824,6830,6934,6822,8187,6836,8198,6885,6786,7884,6804,6498,7997,6421,8202,8106,6771,6455,6832,6788,6938,6828,8189,7992,8194,6806,8185,6928,6419,6889,6558,6417,6812,8204,6490,6920,7886,6834,6500,6556,6784,6795,8191,6814,7994,8183,6783,7064,6838],"class_list":{"0":"post-12187","1":"product","2":"type-product","3":"status-publish","4":"has-post-thumbnail","6":"product_brand-acs","7":"product_cat-silber-ton-art-clay-silber","8":"product_tag-5-gramm","9":"product_tag-8196","10":"product_tag-6488","11":"product_tag-6508","12":"product_tag-6506","13":"product_tag-amsterdam","14":"product_tag-angebot","15":"product_tag-artclaysilver","16":"product_tag-artclaysilveroven","17":"product_tag-belgien","18":"product_tag-beschadigt","19":"product_tag-bestellung","20":"product_tag-bestellung-bake-off","21":"product_tag-biegsames-silber","22":"product_tag-brabant","23":"product_tag-brucke","24":"product_tag-brussel","25":"product_tag-diy","26":"product_tag-drenthe","27":"product_tag-flevoland","28":"product_tag-friesland","29":"product_tag-gelderland","30":"product_tag-gent","31":"product_tag-groningen","32":"product_tag-harter","33":"product_tag-holland","34":"product_tag-inhalt","35":"product_tag-kaufen-2","36":"product_tag-kaufen","37":"product_tag-kaution-diy","38":"product_tag-kostenlos","39":"product_tag-kunst","40":"product_tag-limbridge","41":"product_tag-machen","42":"product_tag-moglichkeiten","43":"product_tag-neu-2","44":"product_tag-neu","45":"product_tag-niederlande","46":"product_tag-norden","47":"product_tag-online","48":"product_tag-ostende","49":"product_tag-overijssel","50":"product_tag-passender-schmuck","51":"product_tag-professionell","52":"product_tag-professionell-3","53":"product_tag-rabatt","54":"product_tag-reinheit","55":"product_tag-rotterdam","56":"product_tag-schmuck","57":"product_tag-shop","58":"product_tag-sie-selbst","59":"product_tag-silber","60":"product_tag-silber-3","61":"product_tag-silberbrennofen","62":"product_tag-silberton","63":"product_tag-sterling","64":"product_tag-sterling-silber-ton","65":"product_tag-sud","66":"product_tag-ton-2","67":"product_tag-ton-3","68":"product_tag-unter-2","69":"product_tag-utrecht","70":"product_tag-verkauf-2","71":"product_tag-webshop","72":"product_tag-website","73":"product_tag-werkstuck","74":"product_tag-wobei","75":"product_tag-workshop","76":"product_tag-zeeland","77":"product_shipping_class-standard","79":"first","80":"instock","81":"taxable","82":"shipping-taxable","83":"purchasable","84":"product-type-simple"},"acf":[],"_links":{"self":[{"href":"https:\/\/esquell.eu\/de\/wp-json\/wp\/v2\/product\/12187","targetHints":{"allow":["GET"]}}],"collection":[{"href":"https:\/\/esquell.eu\/de\/wp-json\/wp\/v2\/product"}],"about":[{"href":"https:\/\/esquell.eu\/de\/wp-json\/wp\/v2\/types\/product"}],"replies":[{"embeddable":true,"href":"https:\/\/esquell.eu\/de\/wp-json\/wp\/v2\/comments?post=12187"}],"wp:featuredmedia":[{"embeddable":true,"href":"https:\/\/esquell.eu\/de\/wp-json\/wp\/v2\/media\/12207"}],"wp:attachment":[{"href":"https:\/\/esquell.eu\/de\/wp-json\/wp\/v2\/media?parent=12187"}],"wp:term":[{"taxonomy":"more","embeddable":true,"href":"https:\/\/esquell.eu\/de\/wp-json\/wp\/v2\/more?post=12187"},{"taxonomy":"product_brand","embeddable":true,"href":"https:\/\/esquell.eu\/de\/wp-json\/wp\/v2\/product_brand?post=12187"},{"taxonomy":"product_cat","embeddable":true,"href":"https:\/\/esquell.eu\/de\/wp-json\/wp\/v2\/product_cat?post=12187"},{"taxonomy":"product_tag","embeddable":true,"href":"https:\/\/esquell.eu\/de\/wp-json\/wp\/v2\/product_tag?post=12187"}],"curies":[{"name":"wp","href":"https:\/\/api.w.org\/{rel}","templated":true}]}}