{"id":12170,"date":"2025-04-03T09:12:20","date_gmt":"2025-04-03T09:12:20","guid":{"rendered":"https:\/\/esquell.eu\/product\/ausstecher-bluetenblatt-edelstahl-ausschnitt-4er-set\/"},"modified":"2025-11-09T08:30:43","modified_gmt":"2025-11-09T08:30:43","slug":"ausstecher-bluetenblatt-edelstahl-ausschnitt-4er-set","status":"publish","type":"product","link":"https:\/\/esquell.eu\/de\/produkt\/ausstecher-bluetenblatt-edelstahl-ausschnitt-4er-set\/","title":{"rendered":"Ausstecher, Bl\u00fctenblatt Edelstahl Ausschnitt 4er Set"},"content":{"rendered":"<p>Ausstecher, Edelstahl Ausschnitt 4er Set<\/p>\n<p>H\u00f6he kleinste ist ca. 3cm<\/p>\n<p>H\u00f6he gr\u00f6\u00dfte ist ca. 6,5cm<\/p>\n","protected":false},"excerpt":{"rendered":"<p>Ausstecher, Edelstahl Ausschnitt 4er Set<\/p>\n<p>H\u00f6he kleinste ist ca. 3cm<\/p>\n<p>H\u00f6he gr\u00f6\u00dfte ist ca. 6,5cm<\/p>\n","protected":false},"featured_media":7048,"comment_status":"closed","ping_status":"closed","template":"","meta":{"_acf_changed":false,"_seopress_robots_primary_cat":"none","_seopress_titles_title":"","_seopress_titles_desc":"","_seopress_robots_index":""},"more":[],"product_brand":[6365],"product_cat":[6811],"product_tag":[7669,7754,7700,7750,7755,7747,7682,7752,7680,7746,7744,7678,6444,6441,7757,7674,7742,6490,6556,6435,7511,7684],"class_list":{"0":"post-12170","1":"product","2":"type-product","3":"status-publish","4":"has-post-thumbnail","6":"product_brand-l1","7":"product_cat-ausstecher-fur-ton","8":"product_tag-blatter","9":"product_tag-blattformiger-schmuck","10":"product_tag-blume","11":"product_tag-blutenblatt-2","12":"product_tag-cookie","13":"product_tag-einstellen","14":"product_tag-formen-schneiden","15":"product_tag-formular","16":"product_tag-formulare","17":"product_tag-kekse","18":"product_tag-kutter-2","19":"product_tag-kutter","20":"product_tag-metalclay","21":"product_tag-metallton","22":"product_tag-mulltonnen-herstellen","23":"product_tag-polymer-clay","24":"product_tag-rostfreier-stahl","25":"product_tag-silberton","26":"product_tag-ton-3","27":"product_tag-ton","28":"product_tag-tonschmuck","29":"product_tag-tonschneider","30":"product_shipping_class-standard","32":"first","33":"instock","34":"taxable","35":"shipping-taxable","36":"purchasable","37":"product-type-simple"},"acf":[],"_links":{"self":[{"href":"https:\/\/esquell.eu\/de\/wp-json\/wp\/v2\/product\/12170","targetHints":{"allow":["GET"]}}],"collection":[{"href":"https:\/\/esquell.eu\/de\/wp-json\/wp\/v2\/product"}],"about":[{"href":"https:\/\/esquell.eu\/de\/wp-json\/wp\/v2\/types\/product"}],"replies":[{"embeddable":true,"href":"https:\/\/esquell.eu\/de\/wp-json\/wp\/v2\/comments?post=12170"}],"wp:featuredmedia":[{"embeddable":true,"href":"https:\/\/esquell.eu\/de\/wp-json\/wp\/v2\/media\/7048"}],"wp:attachment":[{"href":"https:\/\/esquell.eu\/de\/wp-json\/wp\/v2\/media?parent=12170"}],"wp:term":[{"taxonomy":"more","embeddable":true,"href":"https:\/\/esquell.eu\/de\/wp-json\/wp\/v2\/more?post=12170"},{"taxonomy":"product_brand","embeddable":true,"href":"https:\/\/esquell.eu\/de\/wp-json\/wp\/v2\/product_brand?post=12170"},{"taxonomy":"product_cat","embeddable":true,"href":"https:\/\/esquell.eu\/de\/wp-json\/wp\/v2\/product_cat?post=12170"},{"taxonomy":"product_tag","embeddable":true,"href":"https:\/\/esquell.eu\/de\/wp-json\/wp\/v2\/product_tag?post=12170"}],"curies":[{"name":"wp","href":"https:\/\/api.w.org\/{rel}","templated":true}]}}