{"id":12147,"date":"2025-04-03T09:12:20","date_gmt":"2025-04-03T09:12:20","guid":{"rendered":"https:\/\/esquell.eu\/product\/mini-ausstecher-fuer-blaetter-und-blumen-1504\/"},"modified":"2025-11-05T14:51:11","modified_gmt":"2025-11-05T14:51:11","slug":"mini-ausstecher-fuer-blaetter-und-blumen-1504","status":"publish","type":"product","link":"https:\/\/esquell.eu\/de\/produkt\/mini-ausstecher-fuer-blaetter-und-blumen-1504\/","title":{"rendered":"Mini-Ausstecher f\u00fcr Bl\u00e4tter und Blumen (1504)"},"content":{"rendered":"<p>Ausstecher f\u00fcr die Herstellung von Bl\u00e4ttern oder Blumen aus Ton<\/p>\n<p>Gr\u00f6\u00dfe der Bl\u00e4tter 5, 6 und 7 mm (siehe Foto 2)<\/p>\n","protected":false},"excerpt":{"rendered":"<p>Ausstecher f\u00fcr die Herstellung von Bl\u00e4ttern oder Blumen aus Ton<\/p>\n<p>Gr\u00f6\u00dfe der Bl\u00e4tter 5, 6 und 7 mm (siehe Foto 2)<\/p>\n<p>&nbsp;<\/p>\n<p>&nbsp;<\/p>\n","protected":false},"featured_media":7040,"comment_status":"closed","ping_status":"closed","template":"","meta":{"_acf_changed":false,"_seopress_robots_primary_cat":"none","_seopress_titles_title":"","_seopress_titles_desc":"","_seopress_robots_index":""},"more":[],"product_brand":[6365],"product_cat":[6811],"product_tag":[7702,7667,7669,7700,7696,7718,7720,7704,7722,7676,7694,7672,9370,7682,7680,7688,7690,7678,7744,9382,7019,6373,7686,7674,7692,9378,9386,6889,6435,6556,9374,7698,7511,7684,9367,6814,7441],"class_list":{"0":"post-12147","1":"product","2":"type-product","3":"status-publish","4":"has-post-thumbnail","6":"product_brand-l1","7":"product_cat-ausstecher-fur-ton","8":"product_tag-baden","9":"product_tag-blatt","10":"product_tag-blatter","11":"product_tag-blume","12":"product_tag-blumen","13":"product_tag-blumen-2","14":"product_tag-blutenblatt","15":"product_tag-blutenblatter","16":"product_tag-blutenblatter-2","17":"product_tag-cernit","18":"product_tag-cernit-stanzformen","19":"product_tag-fimo","20":"product_tag-fimoui-stich-formen","21":"product_tag-formen-schneiden","22":"product_tag-formulare","23":"product_tag-herausragen","24":"product_tag-hobby-shop","25":"product_tag-kutter","26":"product_tag-kutter-2","27":"product_tag-laubschneider","28":"product_tag-liefert","29":"product_tag-mini","30":"product_tag-mulleimer","31":"product_tag-polymer-clay","32":"product_tag-polymer-clay-schmuck","33":"product_tag-polymer-clay-schmuck-2","34":"product_tag-polymergips","35":"product_tag-shop","36":"product_tag-ton","37":"product_tag-ton-3","38":"product_tag-ton-webshop","39":"product_tag-tonformen","40":"product_tag-tonschmuck","41":"product_tag-tonschneider","42":"product_tag-tonschneider-2","43":"product_tag-webshop","44":"product_tag-werkzeug-2","45":"product_shipping_class-standard","47":"first","48":"instock","49":"taxable","50":"shipping-taxable","51":"purchasable","52":"product-type-simple"},"acf":[],"_links":{"self":[{"href":"https:\/\/esquell.eu\/de\/wp-json\/wp\/v2\/product\/12147","targetHints":{"allow":["GET"]}}],"collection":[{"href":"https:\/\/esquell.eu\/de\/wp-json\/wp\/v2\/product"}],"about":[{"href":"https:\/\/esquell.eu\/de\/wp-json\/wp\/v2\/types\/product"}],"replies":[{"embeddable":true,"href":"https:\/\/esquell.eu\/de\/wp-json\/wp\/v2\/comments?post=12147"}],"wp:featuredmedia":[{"embeddable":true,"href":"https:\/\/esquell.eu\/de\/wp-json\/wp\/v2\/media\/7040"}],"wp:attachment":[{"href":"https:\/\/esquell.eu\/de\/wp-json\/wp\/v2\/media?parent=12147"}],"wp:term":[{"taxonomy":"more","embeddable":true,"href":"https:\/\/esquell.eu\/de\/wp-json\/wp\/v2\/more?post=12147"},{"taxonomy":"product_brand","embeddable":true,"href":"https:\/\/esquell.eu\/de\/wp-json\/wp\/v2\/product_brand?post=12147"},{"taxonomy":"product_cat","embeddable":true,"href":"https:\/\/esquell.eu\/de\/wp-json\/wp\/v2\/product_cat?post=12147"},{"taxonomy":"product_tag","embeddable":true,"href":"https:\/\/esquell.eu\/de\/wp-json\/wp\/v2\/product_tag?post=12147"}],"curies":[{"name":"wp","href":"https:\/\/api.w.org\/{rel}","templated":true}]}}