{"id":12140,"date":"2025-04-03T09:10:57","date_gmt":"2025-04-03T09:10:57","guid":{"rendered":"https:\/\/esquell.eu\/product\/silber-ton-10-g-slow-tarnish-acs-za-0091\/"},"modified":"2025-11-09T07:08:08","modified_gmt":"2025-11-09T07:08:08","slug":"silber-ton-10-g-slow-tarnish-acs-za-0091","status":"publish","type":"product","link":"https:\/\/esquell.eu\/de\/produkt\/silber-ton-10-g-slow-tarnish-acs-za-0091\/","title":{"rendered":"Silber Ton 10 g Slow Tarnish. ACS ZA-0091"},"content":{"rendered":"<p>Die Silberknete aus der Slow Tarnish Serie bewahrt die helle Silberfarbe f\u00fcr lange Zeit.<br \/>\nDie spezielle Zusammensetzung verhindert und verlangsamt die normale Verf\u00e4rbung\/Oxidation von Silber.<br \/>\nErh\u00e4ltlich als Spr\u00fchknete, Silberknete 10 g und Paste 10 g<\/p>\n","protected":false},"excerpt":{"rendered":"<p>Der Silver Clay aus der Slow Tarnish Serie beh\u00e4lt seine helle Silberfarbe f\u00fcr lange Zeit bei. Die spezielle Zusammensetzung verhindert und verlangsamt die normale Verf\u00e4rbung\/Oxidation von Silber. Erh\u00e4ltlich in Spray Clay, Silber Clay 10 g und Paste 10 g.  <\/p>\n<p>&nbsp;<\/p>\n<p>&nbsp;<\/p>\n","protected":false},"featured_media":12142,"comment_status":"closed","ping_status":"closed","template":"","meta":{"_acf_changed":false,"_seopress_robots_primary_cat":"none","_seopress_titles_title":"","_seopress_titles_desc":"","_seopress_robots_index":""},"more":[],"product_brand":[6413],"product_cat":[6414],"product_tag":[6446,7325,6458,6677,6675,6673,7326,7631,6679,6444,6441,7635,6455,7633,6417,6490,7637,7639,6449,7643,7641],"class_list":{"0":"post-12140","1":"product","2":"type-product","3":"status-publish","4":"has-post-thumbnail","6":"product_brand-acs","7":"product_cat-silber-ton-art-clay-silber","8":"product_tag-aida","9":"product_tag-anlaufen","10":"product_tag-belgien","11":"product_tag-belgien-2","12":"product_tag-craftlines","13":"product_tag-japan","14":"product_tag-langsam","15":"product_tag-langsam-2","16":"product_tag-luxemburg","17":"product_tag-metalclay","18":"product_tag-metallton","19":"product_tag-nicht-oxidieren","20":"product_tag-niederlande","21":"product_tag-oxidieren","22":"product_tag-silber","23":"product_tag-silberton","24":"product_tag-verfarben","25":"product_tag-vermieden","26":"product_tag-verteiler","27":"product_tag-wie","28":"product_tag-zahler","29":"product_shipping_class-standard","31":"first","32":"outofstock","33":"taxable","34":"shipping-taxable","35":"purchasable","36":"product-type-simple"},"acf":[],"_links":{"self":[{"href":"https:\/\/esquell.eu\/de\/wp-json\/wp\/v2\/product\/12140","targetHints":{"allow":["GET"]}}],"collection":[{"href":"https:\/\/esquell.eu\/de\/wp-json\/wp\/v2\/product"}],"about":[{"href":"https:\/\/esquell.eu\/de\/wp-json\/wp\/v2\/types\/product"}],"replies":[{"embeddable":true,"href":"https:\/\/esquell.eu\/de\/wp-json\/wp\/v2\/comments?post=12140"}],"wp:featuredmedia":[{"embeddable":true,"href":"https:\/\/esquell.eu\/de\/wp-json\/wp\/v2\/media\/12142"}],"wp:attachment":[{"href":"https:\/\/esquell.eu\/de\/wp-json\/wp\/v2\/media?parent=12140"}],"wp:term":[{"taxonomy":"more","embeddable":true,"href":"https:\/\/esquell.eu\/de\/wp-json\/wp\/v2\/more?post=12140"},{"taxonomy":"product_brand","embeddable":true,"href":"https:\/\/esquell.eu\/de\/wp-json\/wp\/v2\/product_brand?post=12140"},{"taxonomy":"product_cat","embeddable":true,"href":"https:\/\/esquell.eu\/de\/wp-json\/wp\/v2\/product_cat?post=12140"},{"taxonomy":"product_tag","embeddable":true,"href":"https:\/\/esquell.eu\/de\/wp-json\/wp\/v2\/product_tag?post=12140"}],"curies":[{"name":"wp","href":"https:\/\/api.w.org\/{rel}","templated":true}]}}