{"id":12124,"date":"2025-04-03T09:11:15","date_gmt":"2025-04-03T09:11:15","guid":{"rendered":"https:\/\/esquell.eu\/product\/coolslip-antihaft-formel\/"},"modified":"2026-01-16T19:01:43","modified_gmt":"2026-01-16T19:01:43","slug":"coolslip-antihaft-formel","status":"publish","type":"product","link":"https:\/\/esquell.eu\/de\/produkt\/coolslip-antihaft-formel\/","title":{"rendered":"Coolslip Antihaft-Formel"},"content":{"rendered":"<p>Coolslip Antihaft-Formel.<\/p>\n<p>Das Bespr\u00fchen von H\u00e4nden, Werkzeugen, Texturb\u00f6gen, Stempeln usw. mit der coolslip Antihaft-Formel verhindert das Festkleben von Metal Clay. Au\u00dferdem sorgt es f\u00fcr einen sch\u00e4rferen Druck von Stempeln und Texturen. <\/p>\n<p>&nbsp;<\/p>\n<p>Hinweis: Verwenden Sie nicht zu viel Coolslip. Eine Textur kann schweben, wodurch der Druck weniger scharf wird. <\/p>\n","protected":false},"excerpt":{"rendered":"<p>Coolslip Antihaft-Formel.<\/p>\n<p>Das Bespr\u00fchen von H\u00e4nden, Werkzeugen, Texturb\u00f6gen, Stempeln usw. mit der coolslip Antihaft-Formel verhindert das Festkleben von Metal Clay. Au\u00dferdem sorgt es f\u00fcr einen sch\u00e4rferen Druck von Stempeln und Texturen. <\/p>\n<p>&nbsp;<\/p>\n<p>&nbsp;<\/p>\n","protected":false},"featured_media":12126,"comment_status":"closed","ping_status":"closed","template":"","meta":{"_acf_changed":false,"_seopress_robots_primary_cat":"none","_seopress_titles_title":"","_seopress_titles_desc":"","_seopress_robots_index":""},"more":[],"product_brand":[6595],"product_cat":[6367],"product_tag":[6607,6615,6624,6603,6628,6611,6613,6444,6441,6609,6599,6490,6626,6622,6616,6620,6618,6630,6605],"class_list":{"0":"post-12124","1":"product","2":"type-product","3":"status-publish","4":"has-post-thumbnail","6":"product_brand-coole-tools","7":"product_cat-erganzende-materialien","8":"product_tag-antihaft-formel","9":"product_tag-artclay-silber","10":"product_tag-briefmarken","11":"product_tag-cool","12":"product_tag-einfugen","13":"product_tag-kalteschutz","14":"product_tag-klebrig","15":"product_tag-metalclay","16":"product_tag-metallton","17":"product_tag-olivenol","18":"product_tag-schwalbe","19":"product_tag-silberton","20":"product_tag-stanzen","21":"product_tag-strukturen","22":"product_tag-strukturierte-platten","23":"product_tag-texturen","24":"product_tag-texturierter-gummi","25":"product_tag-trennmittel","26":"product_tag-werkzeuge","27":"product_shipping_class-standard","29":"first","30":"instock","31":"taxable","32":"shipping-taxable","33":"purchasable","34":"product-type-simple"},"acf":[],"_links":{"self":[{"href":"https:\/\/esquell.eu\/de\/wp-json\/wp\/v2\/product\/12124","targetHints":{"allow":["GET"]}}],"collection":[{"href":"https:\/\/esquell.eu\/de\/wp-json\/wp\/v2\/product"}],"about":[{"href":"https:\/\/esquell.eu\/de\/wp-json\/wp\/v2\/types\/product"}],"replies":[{"embeddable":true,"href":"https:\/\/esquell.eu\/de\/wp-json\/wp\/v2\/comments?post=12124"}],"wp:featuredmedia":[{"embeddable":true,"href":"https:\/\/esquell.eu\/de\/wp-json\/wp\/v2\/media\/12126"}],"wp:attachment":[{"href":"https:\/\/esquell.eu\/de\/wp-json\/wp\/v2\/media?parent=12124"}],"wp:term":[{"taxonomy":"more","embeddable":true,"href":"https:\/\/esquell.eu\/de\/wp-json\/wp\/v2\/more?post=12124"},{"taxonomy":"product_brand","embeddable":true,"href":"https:\/\/esquell.eu\/de\/wp-json\/wp\/v2\/product_brand?post=12124"},{"taxonomy":"product_cat","embeddable":true,"href":"https:\/\/esquell.eu\/de\/wp-json\/wp\/v2\/product_cat?post=12124"},{"taxonomy":"product_tag","embeddable":true,"href":"https:\/\/esquell.eu\/de\/wp-json\/wp\/v2\/product_tag?post=12124"}],"curies":[{"name":"wp","href":"https:\/\/api.w.org\/{rel}","templated":true}]}}