{"id":12121,"date":"2025-04-03T09:11:15","date_gmt":"2025-04-03T09:11:15","guid":{"rendered":"https:\/\/esquell.eu\/product\/aufbewahrungsbox-fuer-perlen-und-kurzwaren-56-faecher\/"},"modified":"2025-11-09T07:57:10","modified_gmt":"2025-11-09T07:57:10","slug":"aufbewahrungsbox-fuer-perlen-und-kurzwaren-56-faecher","status":"publish","type":"product","link":"https:\/\/esquell.eu\/de\/produkt\/aufbewahrungsbox-fuer-perlen-und-kurzwaren-56-faecher\/","title":{"rendered":"Aufbewahrungsbox f\u00fcr Perlen und Kurzwaren. 56 F\u00e4cher"},"content":{"rendered":"<p>Die praktischen 56 F\u00e4cher sind ideal f\u00fcr die geordnete Aufbewahrung von z.B. Perlen, Kurzwaren, Steinen, Zirkonia, usw. 14 x 4 F\u00e4cher. Herausnehmbar pro 4 F\u00e4cher. Jedes Fach kann separat geschlossen und ge\u00f6ffnet werden, was die Entnahme von Teilen oder Perlen erleichtert. Jedes Fach ist 2,5 *2*2 cm<br \/>\nF\u00fcr die Gr\u00f6\u00dfen siehe auch Foto 2   <\/p>\n<p>&nbsp;<\/p>\n<p>Auch n\u00fctzlich f\u00fcr die Aufbewahrung von Emaille-Pulver.<\/p>\n<p>&nbsp;<\/p>\n","protected":false},"excerpt":{"rendered":"<p>Die praktischen 56 F\u00e4cher sind ideal f\u00fcr die geordnete Aufbewahrung von z.B. Perlen, Kurzwaren, Steinen, Zirkonia, usw. 14 x 4 F\u00e4cher. Herausnehmbar pro 4 F\u00e4cher. Jedes Fach kann separat geschlossen und ge\u00f6ffnet werden, so dass Sie die Teile oder Perlen leicht entnehmen k\u00f6nnen. Jedes Fach ist 2,5 *2*2 cm gro\u00df   <\/p>\n<p>Die Boxen erf\u00fcllen alle Anforderungen, die eine gute Sortierbox erf\u00fcllen sollte. Sie sind aus hochwertigem Kunststoff gefertigt <\/p>\n","protected":false},"featured_media":7169,"comment_status":"closed","ping_status":"closed","template":"","meta":{"_acf_changed":false,"_seopress_robots_primary_cat":"none","_seopress_titles_title":"","_seopress_titles_desc":"","_seopress_robots_index":""},"more":[],"product_brand":[6365],"product_cat":[7505,6367],"product_tag":[6488,6506,8534,8919,6684,7512,8522,7532,7535,7516,8530,6458,6790,6415,7522,8524,7883,7076,8559,8020,6883,6881,6494,7736,8905,8907,8928,8931,7672,8556,6452,8540,8538,8017,8544,8548,8546,8899,8549,6786,6516,6804,8536,6775,6421,8554,8542,8922,8550,6455,6682,6788,7518,7514,7524,8526,8532,7674,8910,8913,8528,8496,6419,7021,7539,7541,6779,7509,6558,6490,7340,6913,7530,7528,8925,20291,7507,8552,8916,6781,7526,7511,7537,7520,6784,6605,6783,6911,7068,7735],"class_list":{"0":"post-12121","1":"product","2":"type-product","3":"status-publish","4":"has-post-thumbnail","6":"product_brand-l1","7":"product_cat-emaillierwerkzeuge-und-zubehor","8":"product_cat-erganzende-materialien","9":"product_tag-6488","10":"product_tag-6506","11":"product_tag-abstandshalter-2","12":"product_tag-abstandsperlen","13":"product_tag-anhanger","14":"product_tag-aufbewahrungsbox","15":"product_tag-aufbewahrungsbox-2","16":"product_tag-aufbewahrungsboxen","17":"product_tag-aufkleber","18":"product_tag-aufraumen","19":"product_tag-augen","20":"product_tag-belgien","21":"product_tag-bestellung","22":"product_tag-billig","23":"product_tag-box","24":"product_tag-box-2","25":"product_tag-cabochons","26":"product_tag-charme-2","27":"product_tag-cooltools","28":"product_tag-daimondpainting","29":"product_tag-deutschland","30":"product_tag-deutsland","31":"product_tag-diy","32":"product_tag-doityourself","33":"product_tag-einsteigerpaket","34":"product_tag-einsteigerpakete","35":"product_tag-emaille-pulver","36":"product_tag-emaillepulver","37":"product_tag-fimo","38":"product_tag-glaskunst","39":"product_tag-groshandel","40":"product_tag-groshandelspreis","41":"product_tag-groshandelspreise","42":"product_tag-handlich","43":"product_tag-hobby","44":"product_tag-hobby-box","45":"product_tag-hobby-boxen","46":"product_tag-hobby-boxen-2","47":"product_tag-hobby-sortierkasten","48":"product_tag-kaufen","49":"product_tag-kieselsteinchen","50":"product_tag-kostenlos","51":"product_tag-kulleraugen","52":"product_tag-kurzwarengeschaft","53":"product_tag-machen","54":"product_tag-malerei","55":"product_tag-modellbau","56":"product_tag-muscheln","57":"product_tag-nahen","58":"product_tag-niederlande","59":"product_tag-ohrringe","60":"product_tag-online","61":"product_tag-ordentlich","62":"product_tag-organisieren-sie","63":"product_tag-perlen-2","64":"product_tag-perlen-3","65":"product_tag-perlenmutzen","66":"product_tag-polymer-clay","67":"product_tag-prasentation","68":"product_tag-prasentationsboxen","69":"product_tag-ringe-2","70":"product_tag-schliesungen","71":"product_tag-schmuck","72":"product_tag-schmuck-3","73":"product_tag-schmuckteile","74":"product_tag-schmuckzubehor","75":"product_tag-selbstgemacht","76":"product_tag-senden","77":"product_tag-sie-selbst","78":"product_tag-silberton","79":"product_tag-silverclay-co-uk","80":"product_tag-silveribelgie","81":"product_tag-sortierbox","82":"product_tag-sortieren","83":"product_tag-speichern","84":"product_tag-speichern-3","85":"product_tag-starterset","86":"product_tag-sticken","87":"product_tag-strasssteine","88":"product_tag-teile","89":"product_tag-teile-2","90":"product_tag-tonschmuck","91":"product_tag-uberblick","92":"product_tag-ubersicht","93":"product_tag-unter-2","94":"product_tag-werkzeuge","95":"product_tag-wobei","96":"product_tag-zilverkleinederland","97":"product_tag-zirkoniumdioxid","98":"product_tag-zu-verkaufen","99":"product_shipping_class-standard","101":"first","102":"instock","103":"taxable","104":"shipping-taxable","105":"purchasable","106":"product-type-simple"},"acf":[],"_links":{"self":[{"href":"https:\/\/esquell.eu\/de\/wp-json\/wp\/v2\/product\/12121","targetHints":{"allow":["GET"]}}],"collection":[{"href":"https:\/\/esquell.eu\/de\/wp-json\/wp\/v2\/product"}],"about":[{"href":"https:\/\/esquell.eu\/de\/wp-json\/wp\/v2\/types\/product"}],"replies":[{"embeddable":true,"href":"https:\/\/esquell.eu\/de\/wp-json\/wp\/v2\/comments?post=12121"}],"wp:featuredmedia":[{"embeddable":true,"href":"https:\/\/esquell.eu\/de\/wp-json\/wp\/v2\/media\/7169"}],"wp:attachment":[{"href":"https:\/\/esquell.eu\/de\/wp-json\/wp\/v2\/media?parent=12121"}],"wp:term":[{"taxonomy":"more","embeddable":true,"href":"https:\/\/esquell.eu\/de\/wp-json\/wp\/v2\/more?post=12121"},{"taxonomy":"product_brand","embeddable":true,"href":"https:\/\/esquell.eu\/de\/wp-json\/wp\/v2\/product_brand?post=12121"},{"taxonomy":"product_cat","embeddable":true,"href":"https:\/\/esquell.eu\/de\/wp-json\/wp\/v2\/product_cat?post=12121"},{"taxonomy":"product_tag","embeddable":true,"href":"https:\/\/esquell.eu\/de\/wp-json\/wp\/v2\/product_tag?post=12121"}],"curies":[{"name":"wp","href":"https:\/\/api.w.org\/{rel}","templated":true}]}}