{"id":12115,"date":"2025-04-03T09:11:15","date_gmt":"2025-04-03T09:11:15","guid":{"rendered":"https:\/\/esquell.eu\/product\/zet-stahl-3er-set\/"},"modified":"2026-02-14T10:36:33","modified_gmt":"2026-02-14T10:36:33","slug":"zet-stahl-3er-set","status":"publish","type":"product","link":"https:\/\/esquell.eu\/de\/produkt\/zet-stahl-3er-set\/","title":{"rendered":"Zet Stahl 3er Set"},"content":{"rendered":"<p>Werkzeuge zum Fassen von Steinen.<br \/>\nDieses Set enth\u00e4lt:<br \/>\n&#8211; Ein quadratischer, geschw\u00e4rzter Stahlst\u00f6\u00dfel zum Einsetzen von Steinen in Chatons. Mit diesem Fassungsstahl dr\u00fccken Sie die &#8220;Krallen&#8221; eines Chatons sicher gegen den Stein, so dass der Stein sch\u00f6n und fest im Chaton sitzt.<br \/>\n&#8211; Ein Fassungsstahl mit einer Rille zum Aufsetzen von Metallfassungen auf Stein.<br \/>\n&#8211; Ein Setzstahl aus poliertem Stahl zum schnellen und einfachen Verschlie\u00dfen von Setzk\u00e4sten und Setzschalen<\/p>\n","protected":false},"excerpt":{"rendered":"<p>Werkzeuge zum Fassen von Steinen.<br \/>\nDieses Set enth\u00e4lt:<br \/>\n&#8211; Ein quadratischer, geschw\u00e4rzter Stahlst\u00f6\u00dfel zum Einsetzen von Steinen in Chatons. Mit diesem Fassungsstahl dr\u00fccken Sie die &#8220;Krallen&#8221; eines Chatons sicher gegen den Stein, so dass der Stein sch\u00f6n und fest im Chaton sitzt.<br \/>\n&#8211; Ein Fassungsstahl mit einer Rille zum Aufsetzen von Metallfassungen auf Stein.<br \/>\n&#8211; Ein Setzstahl aus poliertem Stahl zum schnellen und einfachen Verschlie\u00dfen von Setzk\u00e4sten und Setzschalen<\/p>\n<p>&nbsp;<\/p>\n","protected":false},"featured_media":12190,"comment_status":"closed","ping_status":"closed","template":"","meta":{"_acf_changed":false,"_seopress_robots_primary_cat":"none","_seopress_titles_title":"","_seopress_titles_desc":"","_seopress_robots_index":""},"more":[],"product_brand":[7173],"product_cat":[6367,6596,7361,7434],"product_tag":[6446,6415,7463,7451,6494,7461,7349,6452,6786,6516,7453,7019,6421,6891,7437,6419,6820,7465,7435,7887,7459,7455,6514,7443,7467,6671,7354,7086,7445,7334,6464,7439,6784,6449,6814,7441,6818,6783,7449,7457,7447],"class_list":{"0":"post-12115","1":"product","2":"type-product","3":"status-publish","4":"has-post-thumbnail","6":"product_brand-rio","7":"product_cat-erganzende-materialien","8":"product_cat-grundlegende-werkzeuge","9":"product_cat-schleifen-feilen-und-polieren","10":"product_cat-zange-und-pinzette","11":"product_tag-aida","12":"product_tag-billig","13":"product_tag-bruhgruppe","14":"product_tag-chaton","15":"product_tag-diy","16":"product_tag-einstellbox","17":"product_tag-goldschmied","18":"product_tag-groshandel","19":"product_tag-kaufen","20":"product_tag-kieselsteinchen","21":"product_tag-kralleneinstellung","22":"product_tag-liefert","23":"product_tag-machen","24":"product_tag-online-shop","25":"product_tag-orte","26":"product_tag-schmuck","27":"product_tag-schmuck-2","28":"product_tag-schmuckwerkzeuge","29":"product_tag-setzen","30":"product_tag-setzen-2","31":"product_tag-setzkasten-2","33":"product_tag-setzkasten","34":"product_tag-setzstahl","35":"product_tag-sierande","36":"product_tag-silber-2","37":"product_tag-silberschmied","38":"product_tag-silberschmiede","39":"product_tag-stahl","40":"product_tag-stein-2","41":"product_tag-stein","42":"product_tag-stein-3","43":"product_tag-unter-2","44":"product_tag-verteiler","45":"product_tag-webshop","46":"product_tag-werkzeug-2","47":"product_tag-werkzeuge-2","48":"product_tag-wobei","49":"product_tag-zackenfassung","50":"product_tag-zetkast","51":"product_tag-zinken","52":"product_shipping_class-standard","54":"first","55":"instock","56":"taxable","57":"shipping-taxable","58":"purchasable","59":"product-type-simple"},"acf":[],"_links":{"self":[{"href":"https:\/\/esquell.eu\/de\/wp-json\/wp\/v2\/product\/12115","targetHints":{"allow":["GET"]}}],"collection":[{"href":"https:\/\/esquell.eu\/de\/wp-json\/wp\/v2\/product"}],"about":[{"href":"https:\/\/esquell.eu\/de\/wp-json\/wp\/v2\/types\/product"}],"replies":[{"embeddable":true,"href":"https:\/\/esquell.eu\/de\/wp-json\/wp\/v2\/comments?post=12115"}],"wp:featuredmedia":[{"embeddable":true,"href":"https:\/\/esquell.eu\/de\/wp-json\/wp\/v2\/media\/12190"}],"wp:attachment":[{"href":"https:\/\/esquell.eu\/de\/wp-json\/wp\/v2\/media?parent=12115"}],"wp:term":[{"taxonomy":"more","embeddable":true,"href":"https:\/\/esquell.eu\/de\/wp-json\/wp\/v2\/more?post=12115"},{"taxonomy":"product_brand","embeddable":true,"href":"https:\/\/esquell.eu\/de\/wp-json\/wp\/v2\/product_brand?post=12115"},{"taxonomy":"product_cat","embeddable":true,"href":"https:\/\/esquell.eu\/de\/wp-json\/wp\/v2\/product_cat?post=12115"},{"taxonomy":"product_tag","embeddable":true,"href":"https:\/\/esquell.eu\/de\/wp-json\/wp\/v2\/product_tag?post=12115"}],"curies":[{"name":"wp","href":"https:\/\/api.w.org\/{rel}","templated":true}]}}