{"id":12094,"date":"2025-04-03T09:10:57","date_gmt":"2025-04-03T09:10:57","guid":{"rendered":"https:\/\/esquell.eu\/product\/e-beschichtungsmaschine-elex-lite-fuer-die-anti-anlaufbeschichtung-oder-keramische-faerbung-von-silber\/"},"modified":"2025-11-09T09:07:47","modified_gmt":"2025-11-09T09:07:47","slug":"e-beschichtungsmaschine-elex-lite-fuer-die-anti-anlaufbeschichtung-oder-keramische-faerbung-von-silber","status":"publish","type":"product","link":"https:\/\/esquell.eu\/de\/produkt\/e-beschichtungsmaschine-elex-lite-fuer-die-anti-anlaufbeschichtung-oder-keramische-faerbung-von-silber\/","title":{"rendered":"E-Beschichtungsmaschine Elex Lite f\u00fcr die Anti-Anlaufbeschichtung oder keramische F\u00e4rbung von Silber."},"content":{"rendered":"<p><a href=\"https:\/\/esquell.eu\/de\/produkt\/keramische-beschichtungsfluessigkeit-fuer-elex-lite-verschiedene-farben-inhalt-200ml\/\"><strong>Passende Keramikfl\u00fcssigkeiten finden Sie hier<\/strong><\/a><\/p>\n<p>Eine Anti-Anlaufbeschichtung ist eine Beschichtung, die verhindert, dass Silberschmuck stumpf oder verf\u00e4rbt\/schwarz wird.<\/p>\n<p>Silber wird mit der Zeit nat\u00fcrlich schwarz. Wie schnell und wie schwarz, h\u00e4ngt von einer Reihe von Bedingungen ab, wie dem S\u00e4uregehalt der Haut des Tr\u00e4gers, den verwendeten Pflegeprodukten usw. <\/p>\n<p>Mit dem Elex Lite Ger\u00e4t ist es m\u00f6glich, Silber so zu behandeln, dass es nicht mehr schwarz wird.<\/p>\n<p>Zum Lieferumfang des Elex Lite geh\u00f6ren (siehe Foto 2) der Kunststofftopf, die Kabel und das Reinigungspulver.<\/p>\n<p>Verwenden Sie den Elex lite in Kombination mit dem Ceramic Clear ( F-1353)<\/p>\n<p>Empfohlen von einem der tonangebenden Metalclay-K\u00fcnstler<\/p>\n<p><a href=\"https:\/\/www.silver-puff.com\/\"><strong><u>Etsuko Nakayama  <\/u><\/strong><\/a><\/p>\n<p>Etsuko verwendet eine Anti-Anlauf-Methode f\u00fcr die Arbeiten, die sie verkauft.<br \/>\nSo bleibt ihr Silber sch\u00f6n hell und gl\u00e4nzend.<\/p>\n<p>Das Video zeigt, wie Sie Schmuck keramisch mit Farben beschichten. Dies ist praktisch die gleiche Methode wie die Behandlung mit der Clear, Anti-Anlauf-Beschichtung. <\/p>\n<p>Hinweis: W\u00e4hrend der Beschichtung darf das zu beschichtende Teil das Metall in der Schale nicht ber\u00fchren, sonst wird es schwarz.<\/p>\n<p>Wenn Sie mit dem Clear beschichten m\u00f6chten, reicht es aus, die Taste 5-10 Sekunden lang zu dr\u00fccken.<\/p>\n<p>Der Elex Lite kann auch f\u00fcr die Reinigung von Schmuck verwendet werden und ist sehr effektiv.<\/p>\n<p>Wenn Sie etwas beschichten m\u00f6chten, das gr\u00f6\u00dfer ist als der Plastikbeh\u00e4lter, geben Sie es in einen gr\u00f6\u00dferen Plastikbeh\u00e4lter und legen Sie auch das Metall in den gr\u00f6\u00dferen Beh\u00e4lter.<\/p>\n<p>Eingebrannter Zirkonia :<\/p>\n<p>1. Tauchen Sie ein poliertes (fertiges) und entfettetes St\u00fcck mit CZ-Stein in Elecolo-L\u00f6sung und galvanisieren Sie es.<br \/>\n2. Sp\u00fclen Sie es in Wasser ab, um \u00fcbersch\u00fcssige Elecolo-L\u00f6sung zu entfernen.<br \/>\n3. Trocknen Sie es in einem W\u00e4schetrockner bei Raumtemperatur, bis die Feuchtigkeit verdunstet ist<br \/>\n4. Wischen Sie die Beschichtung vorsichtig mit Reinigungsalkohol und einem Wattest\u00e4bchen von dem CZ-Stein ab.<br \/>\n5. Erhitzen Sie den Stein im Ofen bei 150-160\u00b0C f\u00fcr 15-30 Minuten.<\/p>\n<p>*Wenn die Elecolo-Beschichtung (auch klare Farbl\u00f6sung) auf dem Zirkonia verbleibt, wird die Lichtreflexion reduziert und die Helligkeit des Steins nimmt ab.<\/p>\n","protected":false},"excerpt":{"rendered":"<p><strong>Passende Keramikfl\u00fcssigkeiten <a href=\"https:\/\/www.esquell.nl\/p\/ceramic-plating-vloeistof-voor-elex-lite-diverse-kleuren-inhoud-200ml\">finden Sie hier<\/a><\/strong><\/p>\n<p>&nbsp;<\/p>\n<p>Eine Anti-Anlaufbeschichtung ist eine Beschichtung, die verhindert, dass Silberschmuck stumpf oder verf\u00e4rbt\/schwarz wird.<\/p>\n<p>&nbsp;<\/p>\n<p>Silber wird mit der Zeit nat\u00fcrlich schwarz. Wie schnell und wie schwarz es wird, h\u00e4ngt von einer Reihe von Bedingungen ab, wie dem S\u00e4uregehalt der Haut des Tr\u00e4gers, den verwendeten Pflegeprodukten usw. <\/p>\n<p>&nbsp;<\/p>\n<p>Mit dem Elex Lite Ger\u00e4t ist es m\u00f6glich, Silber so zu behandeln, dass es nicht mehr schwarz wird.<\/p>\n<p>Zum Lieferumfang des Elex Lite geh\u00f6ren (siehe Foto 2) der Kunststofftopf, die Kabel und das Reinigungspulver.<\/p>\n<p>Verwenden Sie den Elex lite in Kombination mit dem Ceramic Clear ( F-1353)<\/p>\n<p>&nbsp;<\/p>\n<p>Empfohlen von einem der tonangebenden Metalclay-K\u00fcnstler<\/p>\n<p><a href=\"https:\/\/www.silver-puff.com\/\"><strong><u>Etsuko Nakayama  <\/u><\/strong><\/a><\/p>\n<p>Etsuko verwendet eine Anti-Anlauf-Methode f\u00fcr die Arbeiten, die sie verkauft.<br \/>\nSo bleibt ihr Silber sch\u00f6n hell und gl\u00e4nzend.<\/p>\n<p>&nbsp;<\/p>\n<p>Das Video zeigt, wie Sie Schmuck keramisch mit Farben beschichten. Dies ist praktisch die gleiche Methode wie die Behandlung mit der Clear, Anti-Anlauf-Beschichtung. <\/p>\n<p>Hinweis: W\u00e4hrend der Beschichtung darf das zu beschichtende Teil das Metall in der Schale nicht ber\u00fchren, sonst wird es schwarz.<\/p>\n<p>Wenn Sie mit dem Clear beschichten m\u00f6chten, reicht es aus, die Taste 5-10 Sekunden lang zu dr\u00fccken.<\/p>\n<p>&nbsp;<\/p>\n<p>Der Elex Lite kann auch f\u00fcr die Reinigung von Schmuck verwendet werden und ist sehr effektiv.<\/p>\n<p>&nbsp;<\/p>\n<p>Wenn Sie etwas beschichten m\u00f6chten, das gr\u00f6\u00dfer ist als der Plastikbeh\u00e4lter, geben Sie es in einen gr\u00f6\u00dferen Plastikbeh\u00e4lter und legen Sie auch das Metall in den gr\u00f6\u00dferen Beh\u00e4lter.<\/p>\n<p>&nbsp;<\/p>\n<p>Eingebrannter Zirkonia :<\/p>\n<p>1. Tauchen Sie ein poliertes (fertiges) und entfettetes St\u00fcck mit CZ-Stein in Elecolo-L\u00f6sung und galvanisieren Sie es.<br \/>\n2. Sp\u00fclen Sie es in Wasser ab, um \u00fcbersch\u00fcssige Elecolo-L\u00f6sung zu entfernen.<br \/>\n3. Trocknen Sie es in einem W\u00e4schetrockner bei Raumtemperatur, bis die Feuchtigkeit verdunstet ist<br \/>\n4. Wischen Sie die Beschichtung vorsichtig mit Reinigungsalkohol und einem Wattest\u00e4bchen von dem CZ-Stein ab.<br \/>\n5. Erhitzen Sie den Stein im Ofen bei 150-160\u00b0C f\u00fcr 15-30 Minuten.<\/p>\n<p>*Wenn die Elecolo-Beschichtung (auch klare Farbl\u00f6sung) auf dem Zirkonia verbleibt, wird die Lichtreflexion reduziert und die Helligkeit des Steins nimmt ab.<\/p>\n<p>&nbsp;<\/p>\n<p>&nbsp;<\/p>\n<p>&nbsp;<\/p>\n<p>&nbsp;<\/p>\n","protected":false},"featured_media":7743,"comment_status":"closed","ping_status":"closed","template":"","meta":{"_acf_changed":false,"_seopress_robots_primary_cat":"none","_seopress_titles_title":"","_seopress_titles_desc":"","_seopress_robots_index":""},"more":[],"product_brand":[6413],"product_cat":[6367,7361],"product_tag":[7325,6415,7375,7363,7365,7369,7377,7367,7381,7371,7379,7178,6419,7182,7383,6417,6671,7276,7373],"class_list":{"0":"post-12094","1":"product","2":"type-product","3":"status-publish","4":"has-post-thumbnail","6":"product_brand-acs","7":"product_cat-erganzende-materialien","8":"product_cat-schleifen-feilen-und-polieren","9":"product_tag-anlaufen","10":"product_tag-billig","11":"product_tag-elektrisch","12":"product_tag-elex","13":"product_tag-elexlite","14":"product_tag-gegen","15":"product_tag-klein","16":"product_tag-lite","17":"product_tag-losung","18":"product_tag-maschine","19":"product_tag-mobil","20":"product_tag-nicht","21":"product_tag-schmuck","22":"product_tag-schwarz","23":"product_tag-sein","24":"product_tag-silber","25":"product_tag-silber-2","26":"product_tag-vorteilhaft","27":"product_tag-werkzeug","28":"product_shipping_class-standard","30":"first","31":"instock","32":"taxable","33":"shipping-taxable","34":"purchasable","35":"product-type-simple"},"acf":[],"_links":{"self":[{"href":"https:\/\/esquell.eu\/de\/wp-json\/wp\/v2\/product\/12094","targetHints":{"allow":["GET"]}}],"collection":[{"href":"https:\/\/esquell.eu\/de\/wp-json\/wp\/v2\/product"}],"about":[{"href":"https:\/\/esquell.eu\/de\/wp-json\/wp\/v2\/types\/product"}],"replies":[{"embeddable":true,"href":"https:\/\/esquell.eu\/de\/wp-json\/wp\/v2\/comments?post=12094"}],"wp:featuredmedia":[{"embeddable":true,"href":"https:\/\/esquell.eu\/de\/wp-json\/wp\/v2\/media\/7743"}],"wp:attachment":[{"href":"https:\/\/esquell.eu\/de\/wp-json\/wp\/v2\/media?parent=12094"}],"wp:term":[{"taxonomy":"more","embeddable":true,"href":"https:\/\/esquell.eu\/de\/wp-json\/wp\/v2\/more?post=12094"},{"taxonomy":"product_brand","embeddable":true,"href":"https:\/\/esquell.eu\/de\/wp-json\/wp\/v2\/product_brand?post=12094"},{"taxonomy":"product_cat","embeddable":true,"href":"https:\/\/esquell.eu\/de\/wp-json\/wp\/v2\/product_cat?post=12094"},{"taxonomy":"product_tag","embeddable":true,"href":"https:\/\/esquell.eu\/de\/wp-json\/wp\/v2\/product_tag?post=12094"}],"curies":[{"name":"wp","href":"https:\/\/api.w.org\/{rel}","templated":true}]}}