{"id":12088,"date":"2025-04-03T09:10:57","date_gmt":"2025-04-03T09:10:57","guid":{"rendered":"https:\/\/esquell.eu\/product\/goldpaste-ac-15-gramm-22-karat-a-0109\/"},"modified":"2025-11-09T09:15:09","modified_gmt":"2025-11-09T09:15:09","slug":"goldpaste-ac-15-gramm-22-karat-a-0109","status":"publish","type":"product","link":"https:\/\/esquell.eu\/de\/produkt\/goldpaste-ac-15-gramm-22-karat-a-0109\/","title":{"rendered":"Goldpaste AC 1,5 Gramm 22 Karat (A-0109)"},"content":{"rendered":"<p>Art Clay Goldpaste (22 Karat) ist eine z\u00e4hfl\u00fcssige Paste (1,5 Gramm), mit der Sie Goldakzente auf Silber-, Keramik-, Porzellan- und\/oder Glasoberfl\u00e4chen setzen k\u00f6nnen. Der Paste ist ein Verd\u00fcnnungsmittel (5 ml) beigef\u00fcgt, um einen helleren Goldton zu erzielen. Die Erhitzungszeit h\u00e4ngt von der Oberfl\u00e4che ab, auf der Sie die Paste verwenden. Die Goldpaste wird mit einer Anleitung auf Englisch geliefert.   <\/p>\n<p><strong>Eigenschaften<\/strong><br \/>\nDie Art Clay Goldpaste enth\u00e4lt 77,5% des angegebenen Gewichts an 24-kar\u00e4tigem Gold, das nach dem Brennen zu 22-kar\u00e4tigem Gold wird. Um die Paste zu verd\u00fcnnen, nehmen Sie die gew\u00fcnschte Menge aus dem Glas und geben Sie sie in eine separate Mischschale. F\u00fcgen Sie dann die erforderliche Menge Wasser oder das enthaltene Verd\u00fcnnungsmittel hinzu, je nachdem, welche Goldfarbe Sie w\u00fcnschen. Wenn Sie eine hellere Goldfarbe f\u00fcr Keramik, Porzellan oder Glas ben\u00f6tigen? Dann verd\u00fcnnen Sie die Gold Pasta am besten mit einem Medium. Das empfohlene Verh\u00e4ltnis zum Verd\u00fcnnen mit dem mitgelieferten Medium ist Goldpaste (3) : Medium (1).<br \/>\nDieses Produkt ist auf Wasserbasis und kann irgendwann eintrocknen. Halten Sie den Beh\u00e4lter fest verschlossen. Wenn es eintrocknet, f\u00fcgen Sie eine angemessene Menge Wasser hinzu, um die Paste wieder in ihren urspr\u00fcnglichen Zustand zu versetzen.  <\/p>\n<p><strong>Zubereitung<br \/>\n<\/strong>Es k\u00f6nnen sich Goldpigmente am Boden des Glases befinden. R\u00fchren Sie die Paste vor der Verwendung mit einem Metallspatel gut um. Reinigen Sie die Oberfl\u00e4che des Porzellans, des Glases oder der Keramik mit Alkohol oder Seife und Wasser, um Staub oder Fett zu entfernen. Dadurch wird verhindert, dass die Paste nicht haftet. Verwenden Sie einen Pinsel, der speziell f\u00fcr die Verwendung von Goldpaste geeignet ist.    <\/p>\n<p><strong>Anwendung auf gebranntem Art Clay Silber<\/strong><br \/>\nDie Auftragsfl\u00e4che sollte eine matte Oberfl\u00e4che haben (nicht poliert, sondern wei\u00df). Wenn das St\u00fcck gebrannt und poliert oder oxidiert wurde, brennen Sie es erneut in einem Brennofen, bis es eine matte Oberfl\u00e4che erh\u00e4lt. Tragen Sie die Goldpaste nicht auf ein ungebranntes St\u00fcck auf, sie k\u00f6nnte abbl\u00e4ttern. Grunds\u00e4tzlich tragen Sie die Goldpaste unverd\u00fcnnt auf das Silber auf.<br \/>\nWenn Sie eine Dicke von mehr als 0,5 mm w\u00fcnschen, backen Sie es zuerst und tragen dann eine weitere Schicht auf. Wiederholen Sie den Vorgang, bis die gew\u00fcnschte Dicke erreicht ist.    <\/p>\n<p><strong>Anwendung auf Glas oder Keramik<br \/>\n<\/strong>Sie k\u00f6nnen Gold Pasta entweder unverd\u00fcnnt oder verd\u00fcnnt auf eine Glasoberfl\u00e4che auftragen. Wenn Sie es mit dem mitgelieferten Mittel verd\u00fcnnen, wird es glatter und l\u00e4sst sich leichter mit langen Streifen ziehen. Die Schicht sollte weniger als 0,5 mm dick sein. Ein dickerer Auftrag kann aufgrund von Schrumpfung abbl\u00e4ttern.   <\/p>\n<p><strong>Trocknen<\/strong><br \/>\nDie aufgetragene Paste muss vor dem Backen vollst\u00e4ndig getrocknet sein. Sie kann auf folgende Weise getrocknet werden:<br \/>\nunverd\u00fcnnt<br \/>\n&#8211; mit einem Haartrockner (1200W): Mindestens 5 Minuten. Platzieren Sie den F\u00f6n in einem Abstand von 10cm\/3cm zum Werkst\u00fcck.<br \/>\n&#8211; Nat\u00fcrlich trocknen lassen: mindestens 15 Minuten.<br \/>\nVerd\u00fcnnt<br \/>\n&#8211; mit einem Haartrockner (1200W): Mindestens 30 Minuten. Stellen Sie den F\u00f6n nicht n\u00e4her als 10cm\/3cm an das St\u00fcck heran.<br \/>\n&#8211; nat\u00fcrlich trocknen lassen: mindestens 60 Minuten lang.<\/p>\n<p><strong>Backen<\/strong><br \/>\nA) Anwendung auf gebackenem Art Clay Silber<br \/>\nIm Ofen<br \/>\n1) Erh\u00f6hen Sie die Ofentemperatur auf 500\u00b0C\/932\u00b0F.<br \/>\n2) Legen Sie das St\u00fcck in den Ofen und erh\u00f6hen Sie die Temperatur auf 800\u00b0C\/1472\u00b0F<br \/>\n3) Halten Sie nach Erreichen der Temperatur 1 Minute lang die Temperatur.<br \/>\nSchalten Sie den Ofen aus und lassen Sie das St\u00fcck abk\u00fchlen.<br \/>\nAuf dem Gasherd (2,9kw)<br \/>\n1) Legen Sie das Edelstahlnetz auf den Brenner eines Gasherds. Achten Sie darauf, dass das Edelstahlnetz in der Mitte des Brenners platziert ist. Schalten Sie den Gasherd ein. Achten Sie darauf, wo das Edelstahlnetz am st\u00e4rksten leuchtet.<br \/>\n2) Schalten Sie den Gasherd aus. Legen Sie das Werkst\u00fcck mit einer Pinzette auf die am st\u00e4rksten gl\u00fchende Stelle.<br \/>\n3) Schalten Sie den Gaskocher wieder ein und braten Sie das Werkst\u00fcck f\u00fcnf Minuten lang. Schalten Sie dann den Gaskocher wieder aus und lassen Sie das Werkst\u00fcck 20 Minuten lang ruhen.<br \/>\n* Maximale Abmessungen: 5,0cm (L) x 3,0cm (B) x 2,0cm (H)<\/p>\n<p>B) Anwendung auf Porzellan oder Keramik im Ofen<br \/>\n1) Stellen Sie das St\u00fcck in einen kalten Ofen und erhitzen Sie es auf 800\u00b0C\/1472\u00b0F.<br \/>\n2) Schalten Sie den Ofen aus, wenn die Temperatur 800\u00b0C\/1472\u00b0F erreicht hat. Es gibt keine Wartezeit.<br \/>\n3) Sie k\u00f6nnen das St\u00fcck aus dem Ofen nehmen, wenn die Temperatur 100\u00b0C\/212\u00b0F erreicht hat, oder es nat\u00fcrlich auf Raumtemperatur abk\u00fchlen lassen.<\/p>\n<p>C) Anwendung im Ofen auf Glas (COE90)<br \/>\n1) Legen Sie das St\u00fcck in einen kalten Ofen und heizen Sie es auf 800\u00b0C \/ 1472\u00b0F auf.<br \/>\n2) Wenn die Temperatur 800\u00b0C\/1472\u00b0F erreicht hat, halten Sie sie 5 Minuten lang aufrecht.<br \/>\n3) \u00d6ffnen Sie die Ofent\u00fcr und lassen Sie das St\u00fcck auf 600\u00b0C\/1112\u00b0F abk\u00fchlen (crash-cool) und schlie\u00dfen Sie die Ofent\u00fcr wieder.<br \/>\n4) Lassen Sie den Ofen auf Raumtemperatur kommen, bevor Sie das St\u00fcck herausnehmen.<\/p>\n<p>Das Frittieren mit dem Gasbrenner wird f\u00fcr dieses Produkt nicht empfohlen.<\/p>\n<p><strong>Finish<\/strong><br \/>\nDie Oberfl\u00e4che, auf der die Goldfarbe aufgetragen wurde, wird aufgrund der Kristallisation matt sein, aber durch Polieren kann ein Glanz erzielt werden. Polieren Sie den goldbedeckten Bereich auf der glasierten Oberfl\u00e4che nicht zu stark. Polieren Sie mit leicht gleitenden Strichen, was ausreicht, um einen Glanz zu erzeugen. Wenn sich das Gold beim Polieren abl\u00f6st, k\u00f6nnen Sie es mit Art Clay Silver Paste Overlay fixieren, das einen zweiten Brennvorgang ben\u00f6tigt, um zu haften.   <\/p>\n<p><strong>Warnhinweise zur Verwendung von Art Clay Gold Pasta:<br \/>\n<\/strong>&#8211; L\u00fcften Sie Ihren Arbeitsbereich w\u00e4hrend des Brennens gut.<br \/>\n&#8211; Achten Sie w\u00e4hrend des Trocknens und Brennens darauf, sich nicht zu verbrennen oder ein Feuer zu verursachen.<br \/>\n&#8211; Halten Sie dieses Produkt von Kindern fern.<br \/>\n&#8211; Wenn Sie dieses Produkt in die Augen oder in den Mund bekommen, sp\u00fclen Sie es sofort mit reichlich Wasser aus und rufen Sie sofort Ihren Arzt an.<br \/>\n&#8211; Legen Sie ein Keramik- oder Porzellanst\u00fcck, auf das Art Clay Gold Pasta aufgetragen wurde, nicht in die Mikrowelle.<br \/>\n&#8211; Bewahren Sie dieses Produkt in geschlossenen R\u00e4umen und vor Sonnenlicht gesch\u00fctzt auf.<br \/>\n&#8211; Legen Sie dieses Produkt NICHT in den K\u00fchlschrank.<br \/>\n&#8211; Verwenden Sie dieses Produkt so schnell wie m\u00f6glich nach dem \u00d6ffnen<\/p>\n","protected":false},"excerpt":{"rendered":"<p>Art Clay Goldpaste (22 Karat) ist eine z\u00e4hfl\u00fcssige Paste (1,5 Gramm), mit der Sie Goldakzente auf Silber-, Keramik-, Porzellan- und\/oder Glasoberfl\u00e4chen setzen k\u00f6nnen. Der Paste ist ein Verd\u00fcnnungsmittel (5 ml) beigef\u00fcgt, um einen helleren Goldton zu erzielen. Die Erhitzungszeit h\u00e4ngt von der Oberfl\u00e4che ab, auf der Sie die Paste verwenden. Die Goldpaste wird mit einer Anleitung auf Englisch geliefert.   <\/p>\n<p><strong>Eigenschaften<\/strong><br \/>\nDie Art Clay Goldpaste enth\u00e4lt 77,5% des angegebenen Gewichts an 24-kar\u00e4tigem Gold, das nach dem Brennen zu 22-kar\u00e4tigem Gold wird. Um die Paste zu verd\u00fcnnen, nehmen Sie die gew\u00fcnschte Menge aus dem Glas und geben Sie sie in eine separate Mischschale. F\u00fcgen Sie dann die erforderliche Menge Wasser oder das enthaltene Verd\u00fcnnungsmittel hinzu, je nachdem, welche Goldfarbe Sie w\u00fcnschen. Wenn Sie eine hellere Goldfarbe f\u00fcr Keramik, Porzellan oder Glas ben\u00f6tigen? Dann verd\u00fcnnen Sie die Gold Pasta am besten mit einem Medium. Das empfohlene Verh\u00e4ltnis zum Verd\u00fcnnen mit dem mitgelieferten Medium ist Goldpaste (3) : Medium (1).<br \/>\nDieses Produkt ist auf Wasserbasis und kann irgendwann eintrocknen. Halten Sie den Beh\u00e4lter fest verschlossen. Wenn es eintrocknet, f\u00fcgen Sie eine angemessene Menge Wasser hinzu, um die Paste wieder in ihren urspr\u00fcnglichen Zustand zu versetzen.  <\/p>\n<p><strong>Zubereitung<br \/>\n<\/strong>Es k\u00f6nnen sich Goldpigmente am Boden des Glases befinden. R\u00fchren Sie die Paste vor der Verwendung mit einem Metallspatel gut um. Reinigen Sie die Oberfl\u00e4che des Porzellans, des Glases oder der Keramik mit Alkohol oder Seife und Wasser, um Staub oder Fett zu entfernen. Dadurch wird verhindert, dass die Paste nicht haftet. Verwenden Sie einen Pinsel, der speziell f\u00fcr die Verwendung von Goldpaste geeignet ist.    <\/p>\n<p><strong>Anwendung auf gebranntem Art Clay Silber<\/strong><br \/>\nDie Auftragsfl\u00e4che sollte eine matte Oberfl\u00e4che haben (nicht poliert, sondern wei\u00df). Wenn das St\u00fcck gebrannt und poliert oder oxidiert wurde, brennen Sie es erneut in einem Brennofen, bis es eine matte Oberfl\u00e4che erh\u00e4lt. Tragen Sie die Goldpaste nicht auf ein ungebranntes St\u00fcck auf, sie k\u00f6nnte abbl\u00e4ttern. Grunds\u00e4tzlich tragen Sie die Goldpaste unverd\u00fcnnt auf das Silber auf.<x id=\"gid_2\"><\/x>Wenn Sie eine Dicke von mehr als 0,5 mm w\u00fcnschen, backen Sie es zuerst und tragen dann eine weitere Schicht auf. Wiederholen Sie den Vorgang, bis die gew\u00fcnschte Dicke erreicht ist.    <\/p>\n<p><strong>Anwendung auf Glas oder Keramik<br \/>\n<\/strong>Sie k\u00f6nnen Gold Pasta entweder unverd\u00fcnnt oder verd\u00fcnnt auf eine Glasoberfl\u00e4che auftragen. Wenn Sie es mit dem mitgelieferten Mittel verd\u00fcnnen, wird es glatter und l\u00e4sst sich leichter mit langen Streifen ziehen. Die Schicht sollte weniger als 0,5 mm dick sein. Ein dickerer Auftrag kann aufgrund von Schrumpfung abbl\u00e4ttern.   <\/p>\n<p><strong>Trocknen<\/strong><br \/>\nDie aufgetragene Paste muss vor dem Backen vollst\u00e4ndig getrocknet sein. Sie kann auf folgende Weise getrocknet werden:<br \/>\nunverd\u00fcnnt<br \/>\n&#8211; mit einem Haartrockner (1200W): Mindestens 5 Minuten. Platzieren Sie den F\u00f6hn in einem Abstand von 10cm\/3cm zum Werkst\u00fcck.<br \/>\n&#8211; Nat\u00fcrlich trocknen lassen: mindestens 15 Minuten.<br \/>\nVerd\u00fcnnt<br \/>\n&#8211; mit einem Haartrockner (1200W): Mindestens 30 Minuten. Stellen Sie den F\u00f6n nicht n\u00e4her als 10cm\/3cm an das St\u00fcck heran.<br \/>\n&#8211; nat\u00fcrlich trocknen lassen: mindestens 60 Minuten lang.<\/p>\n<p><strong>Backen<\/strong><br \/>\nA) Anwendung auf gebackenem Art Clay Silber<br \/>\nIm Ofen<br \/>\n1) Erh\u00f6hen Sie die Ofentemperatur auf 500\u00b0C\/932\u00b0F.<br \/>\n2) Legen Sie das St\u00fcck in den Ofen und erh\u00f6hen Sie die Temperatur auf 800\u00b0C\/1472\u00b0F<br \/>\n3) Halten Sie nach Erreichen der Temperatur 1 Minute lang die Temperatur.<br \/>\nSchalten Sie den Ofen aus und lassen Sie das St\u00fcck abk\u00fchlen.<br \/>\nAuf dem Gasherd (2,9kw)<br \/>\n1) Legen Sie das Edelstahlnetz auf den Brenner eines Gasherds. Achten Sie darauf, dass das Edelstahlnetz in der Mitte des Brenners platziert ist. Schalten Sie den Gasherd ein. Achten Sie darauf, wo das Edelstahlnetz am st\u00e4rksten leuchtet.<br \/>\n2) Schalten Sie den Gasherd aus. Legen Sie das Werkst\u00fcck mit einer Pinzette auf die am st\u00e4rksten gl\u00fchende Stelle.<br \/>\n3) Schalten Sie den Gaskocher wieder ein und braten Sie das Werkst\u00fcck f\u00fcnf Minuten lang. Schalten Sie dann den Gaskocher wieder aus und lassen Sie das Werkst\u00fcck 20 Minuten lang ruhen.<br \/>\n* Maximale Abmessungen: 5,0cm (L) x 3,0cm (B) x 2,0cm (H)<\/p>\n<p>B) Anwendung auf Porzellan oder Keramik im Ofen<br \/>\n1) Stellen Sie das St\u00fcck in einen kalten Ofen und erhitzen Sie es auf 800\u00b0C\/1472\u00b0F.<br \/>\n2) Schalten Sie den Ofen aus, wenn die Temperatur 800\u00b0C\/1472\u00b0F erreicht hat. Es gibt keine Wartezeit.<br \/>\n3) Sie k\u00f6nnen das St\u00fcck aus dem Ofen nehmen, wenn die Temperatur 100\u00b0C\/212\u00b0F erreicht hat, oder es nat\u00fcrlich auf Raumtemperatur abk\u00fchlen lassen.<\/p>\n<p>C) Anwendung im Ofen auf Glas (COE90)<br \/>\n1) Legen Sie das St\u00fcck in einen kalten Ofen und heizen Sie es auf 800\u00b0C \/ 1472\u00b0F auf.<br \/>\n2) Wenn die Temperatur 800\u00b0C\/1472\u00b0F erreicht hat, halten Sie sie 5 Minuten lang aufrecht.<br \/>\n3) \u00d6ffnen Sie die Ofent\u00fcr und lassen Sie das St\u00fcck auf 600\u00b0C\/1112\u00b0F abk\u00fchlen (crash-cool) und schlie\u00dfen Sie die Ofent\u00fcr wieder.<br \/>\n4) Lassen Sie den Ofen auf Raumtemperatur kommen, bevor Sie das St\u00fcck herausnehmen.<\/p>\n<p>Das Frittieren mit dem Gasbrenner wird f\u00fcr dieses Produkt nicht empfohlen.<\/p>\n<p><strong>Finish<\/strong><br \/>\nDie Oberfl\u00e4che, auf der die Goldfarbe aufgetragen wurde, wird aufgrund der Kristallisation matt sein, aber durch Polieren kann ein Glanz erzielt werden. Polieren Sie den goldbedeckten Bereich auf der glasierten Oberfl\u00e4che nicht zu stark. Polieren Sie mit leicht gleitenden Strichen, was ausreicht, um einen Glanz zu erzeugen. Wenn sich das Gold beim Polieren abl\u00f6st, k\u00f6nnen Sie es mit Art Clay Silver Paste Overlay fixieren, das einen zweiten Brennvorgang ben\u00f6tigt, um zu haften.   <\/p>\n<p><strong>Warnhinweise zur Verwendung von Art Clay Gold Pasta:<br \/>\n<\/strong>&#8211; L\u00fcften Sie Ihren Arbeitsbereich w\u00e4hrend des Brennens gut.<br \/>\n&#8211; Achten Sie w\u00e4hrend des Trocknens und Brennens darauf, sich nicht zu verbrennen oder ein Feuer zu verursachen.<br \/>\n&#8211; Halten Sie dieses Produkt von Kindern fern.<br \/>\n&#8211; Wenn Sie dieses Produkt in die Augen oder in den Mund bekommen, sp\u00fclen Sie es sofort mit reichlich Wasser aus und rufen Sie sofort Ihren Arzt an.<br \/>\n&#8211; Legen Sie ein Keramik- oder Porzellanst\u00fcck, auf das Art Clay Gold Pasta aufgetragen wurde, nicht in die Mikrowelle.<br \/>\n&#8211; Bewahren Sie dieses Produkt in geschlossenen R\u00e4umen und vor Sonnenlicht gesch\u00fctzt auf.<br \/>\n&#8211; Legen Sie dieses Produkt NICHT in den K\u00fchlschrank.<br \/>\n&#8211; Verwenden Sie dieses Produkt so schnell wie m\u00f6glich nach dem \u00d6ffnen<\/p>\n","protected":false},"featured_media":12188,"comment_status":"closed","ping_status":"closed","template":"","meta":{"_acf_changed":false,"_seopress_robots_primary_cat":"none","_seopress_titles_title":"","_seopress_titles_desc":"","_seopress_robots_index":""},"more":[],"product_brand":[6413],"product_cat":[7089],"product_tag":[7966,7970,6488,6446,7333,6942,6684,7058,7335,6799,7919,6797,6492,7968,6438,7961,6944,6458,6790,6840,6675,7128,7356,6494,6826,6793,6842,6824,6830,6767,7331,7329,7913,7349,7350,7924,6769,6822,6452,6946,6836,6673,7097,6786,6885,7343,6775,6932,7019,6844,6421,6444,7345,6441,6455,6832,7931,6682,7959,21574,6788,6828,7358,6496,7920,6777,6928,7342,6940,6820,6419,6779,6558,6812,6417,7338,7354,7352,6490,7340,6834,7347,6781,7337,6784,6795,7963,15478,7125,6818,6783,6838,7915],"class_list":{"0":"post-12088","1":"product","2":"type-product","3":"status-publish","4":"has-post-thumbnail","6":"product_brand-acs","7":"product_cat-gold-ton","8":"product_tag-14k","9":"product_tag-22k","10":"product_tag-6488","11":"product_tag-aida","12":"product_tag-akzente","13":"product_tag-alkmaar","14":"product_tag-anhanger","15":"product_tag-anhanger-3","16":"product_tag-anwenden","17":"product_tag-apeldoorn","18":"product_tag-armbander-2","19":"product_tag-arnheim","20":"product_tag-artclay","21":"product_tag-artclaygoldpaste","22":"product_tag-artclaysilver","23":"product_tag-artclaysilvergold-artclaygold-artclaygold-artclaygold","24":"product_tag-assen","25":"product_tag-belgien","26":"product_tag-bestellung","27":"product_tag-brabant","28":"product_tag-craftlines","29":"product_tag-den-haag","30":"product_tag-details","31":"product_tag-diy","32":"product_tag-drenthe","33":"product_tag-einkaufen","34":"product_tag-flevoland","35":"product_tag-friesland","36":"product_tag-gelderland","37":"product_tag-gold","38":"product_tag-gold-3","39":"product_tag-goldpaste","40":"product_tag-goldpaste-2","41":"product_tag-goldschmied","42":"product_tag-goldschmiede","43":"product_tag-goldteile","44":"product_tag-goldton","45":"product_tag-groningen","46":"product_tag-groshandel","47":"product_tag-heerenveen","48":"product_tag-holland","49":"product_tag-japan","50":"product_tag-karat","51":"product_tag-kaufen","52":"product_tag-kaufen-2","53":"product_tag-kreatives-glas","54":"product_tag-kurzwarengeschaft","55":"product_tag-leeuwarden","56":"product_tag-liefert","57":"product_tag-limburg","58":"product_tag-machen","59":"product_tag-metalclay","60":"product_tag-metalclayuk","61":"product_tag-metallton","62":"product_tag-niederlande","63":"product_tag-norden","64":"product_tag-ohrringe-2","65":"product_tag-ohrringe","66":"product_tag-ohrstecker","67":"product_tag-ohrstecker-11","68":"product_tag-online","69":"product_tag-overijssel","70":"product_tag-punkte","71":"product_tag-recycelt","72":"product_tag-recyceltes-gold","73":"product_tag-ringe","74":"product_tag-rotterdam","75":"product_tag-sandsturm","76":"product_tag-scheveningen","77":"product_tag-schmuck-2","78":"product_tag-schmuck","79":"product_tag-selbstgemacht","80":"product_tag-sie-selbst","81":"product_tag-silber-3","82":"product_tag-silber","83":"product_tag-silber-paste","84":"product_tag-silberschmied","85":"product_tag-silberschmiede-2","86":"product_tag-silberton","87":"product_tag-silverclay-co-uk","88":"product_tag-sud","89":"product_tag-tafelsilber","90":"product_tag-teile","91":"product_tag-unter-3","92":"product_tag-unter-2","93":"product_tag-utrecht","94":"product_tag-vergoldet","95":"product_tag-vergoldet-4","96":"product_tag-watteninseln-amsterdam","97":"product_tag-werkzeuge-2","98":"product_tag-wobei","99":"product_tag-zeeland","100":"product_tag-zeilen","101":"product_shipping_class-standard","103":"first","104":"instock","105":"taxable","106":"shipping-taxable","107":"purchasable","108":"product-type-simple"},"acf":[],"_links":{"self":[{"href":"https:\/\/esquell.eu\/de\/wp-json\/wp\/v2\/product\/12088","targetHints":{"allow":["GET"]}}],"collection":[{"href":"https:\/\/esquell.eu\/de\/wp-json\/wp\/v2\/product"}],"about":[{"href":"https:\/\/esquell.eu\/de\/wp-json\/wp\/v2\/types\/product"}],"replies":[{"embeddable":true,"href":"https:\/\/esquell.eu\/de\/wp-json\/wp\/v2\/comments?post=12088"}],"wp:featuredmedia":[{"embeddable":true,"href":"https:\/\/esquell.eu\/de\/wp-json\/wp\/v2\/media\/12188"}],"wp:attachment":[{"href":"https:\/\/esquell.eu\/de\/wp-json\/wp\/v2\/media?parent=12088"}],"wp:term":[{"taxonomy":"more","embeddable":true,"href":"https:\/\/esquell.eu\/de\/wp-json\/wp\/v2\/more?post=12088"},{"taxonomy":"product_brand","embeddable":true,"href":"https:\/\/esquell.eu\/de\/wp-json\/wp\/v2\/product_brand?post=12088"},{"taxonomy":"product_cat","embeddable":true,"href":"https:\/\/esquell.eu\/de\/wp-json\/wp\/v2\/product_cat?post=12088"},{"taxonomy":"product_tag","embeddable":true,"href":"https:\/\/esquell.eu\/de\/wp-json\/wp\/v2\/product_tag?post=12088"}],"curies":[{"name":"wp","href":"https:\/\/api.w.org\/{rel}","templated":true}]}}