{"id":12087,"date":"2025-04-03T09:10:57","date_gmt":"2025-04-03T09:10:57","guid":{"rendered":"https:\/\/esquell.eu\/product\/silberton-slow-tarnish-spruehton-spritze-acs-a-0093\/"},"modified":"2025-11-09T09:11:23","modified_gmt":"2025-11-09T09:11:23","slug":"silberton-slow-tarnish-spruehton-spritze-acs-a-0093","status":"publish","type":"product","link":"https:\/\/esquell.eu\/de\/produkt\/silberton-slow-tarnish-spruehton-spritze-acs-a-0093\/","title":{"rendered":"Silberton Slow Tarnish Spr\u00fchton \/ Spritze ACS (A-0093)"},"content":{"rendered":"<p>Die Spr\u00fch-\/Spritzknete aus der Slow Tarnish Serie bewahrt die helle Silberfarbe f\u00fcr eine lange Zeit.<br \/>\nDie spezielle Zusammensetzung verhindert und verz\u00f6gert die normale Verf\u00e4rbung\/Oxidation von Silber.<br \/>\nErh\u00e4ltlich als Spr\u00fchknete, Silberknete 10 g und Paste 10 g.<\/p>\n","protected":false},"excerpt":{"rendered":"<p>Die Spritzen-\/Spr\u00fchknete aus der Slow Tarnish Serie beh\u00e4lt ihre helle Silberfarbe f\u00fcr lange Zeit bei. Die spezielle Zusammensetzung verhindert und verlangsamt die normale Verf\u00e4rbung\/Oxidation von Silber. Erh\u00e4ltlich als Spritzton, Silberton 10 g und Paste 10 g.  <\/p>\n","protected":false},"featured_media":12051,"comment_status":"closed","ping_status":"closed","template":"","meta":{"_acf_changed":false,"_seopress_robots_primary_cat":"none","_seopress_titles_title":"","_seopress_titles_desc":"","_seopress_robots_index":""},"more":[],"product_brand":[6413],"product_cat":[6414],"product_tag":[6446,6817,7325,6773,6438,6458,6677,8052,6929,7991,7123,6936,6675,7993,6883,6881,6680,6934,6452,6673,7326,6932,6707,8050,6704,6679,6444,6441,8054,6455,6938,6928,8051,6417,7995,7327,7062,7060,6435,6556,6449,6814,6555,7185],"class_list":{"0":"post-12087","1":"product","2":"type-product","3":"status-publish","4":"has-post-thumbnail","6":"product_brand-acs","7":"product_cat-silber-ton-art-clay-silber","8":"product_tag-aida","9":"product_tag-amsterdam","10":"product_tag-anlaufen","11":"product_tag-antwerpen","12":"product_tag-artclaysilver","13":"product_tag-belgien","14":"product_tag-belgien-2","15":"product_tag-berlin","16":"product_tag-blei","17":"product_tag-bleiben","18":"product_tag-brucke","19":"product_tag-brussel","20":"product_tag-craftlines","21":"product_tag-dauerhaft","22":"product_tag-deutschland","23":"product_tag-deutsland","24":"product_tag-frankreich","25":"product_tag-gent","26":"product_tag-groshandel","27":"product_tag-japan","28":"product_tag-langsam","29":"product_tag-leeuwarden","30":"product_tag-licht","31":"product_tag-licht-2","32":"product_tag-loschen","33":"product_tag-luxemburg","34":"product_tag-metalclay","35":"product_tag-metallton","36":"product_tag-munchen","37":"product_tag-niederlande","38":"product_tag-ostende","39":"product_tag-rotterdam","40":"product_tag-sauber","41":"product_tag-silber","42":"product_tag-silber-4","43":"product_tag-slowtarnish","44":"product_tag-spritze","45":"product_tag-spritzton","46":"product_tag-ton","47":"product_tag-ton-3","48":"product_tag-verteiler","49":"product_tag-webshop","50":"product_tag-weis","51":"product_tag-weis-2","52":"product_shipping_class-standard","54":"first","55":"instock","56":"taxable","57":"shipping-taxable","58":"purchasable","59":"product-type-simple"},"acf":[],"_links":{"self":[{"href":"https:\/\/esquell.eu\/de\/wp-json\/wp\/v2\/product\/12087","targetHints":{"allow":["GET"]}}],"collection":[{"href":"https:\/\/esquell.eu\/de\/wp-json\/wp\/v2\/product"}],"about":[{"href":"https:\/\/esquell.eu\/de\/wp-json\/wp\/v2\/types\/product"}],"replies":[{"embeddable":true,"href":"https:\/\/esquell.eu\/de\/wp-json\/wp\/v2\/comments?post=12087"}],"wp:featuredmedia":[{"embeddable":true,"href":"https:\/\/esquell.eu\/de\/wp-json\/wp\/v2\/media\/12051"}],"wp:attachment":[{"href":"https:\/\/esquell.eu\/de\/wp-json\/wp\/v2\/media?parent=12087"}],"wp:term":[{"taxonomy":"more","embeddable":true,"href":"https:\/\/esquell.eu\/de\/wp-json\/wp\/v2\/more?post=12087"},{"taxonomy":"product_brand","embeddable":true,"href":"https:\/\/esquell.eu\/de\/wp-json\/wp\/v2\/product_brand?post=12087"},{"taxonomy":"product_cat","embeddable":true,"href":"https:\/\/esquell.eu\/de\/wp-json\/wp\/v2\/product_cat?post=12087"},{"taxonomy":"product_tag","embeddable":true,"href":"https:\/\/esquell.eu\/de\/wp-json\/wp\/v2\/product_tag?post=12087"}],"curies":[{"name":"wp","href":"https:\/\/api.w.org\/{rel}","templated":true}]}}