{"id":12079,"date":"2025-04-03T09:10:57","date_gmt":"2025-04-03T09:10:57","guid":{"rendered":"https:\/\/esquell.eu\/product\/art-clay-silber-10-x-7g-silber-ton-workshop-packung-a-0272w\/"},"modified":"2025-12-22T11:12:11","modified_gmt":"2025-12-22T11:12:11","slug":"art-clay-silber-10-x-7g-silber-ton-workshop-packung-a-0272w","status":"publish","type":"product","link":"https:\/\/esquell.eu\/de\/produkt\/art-clay-silber-10-x-7g-silber-ton-workshop-packung-a-0272w\/","title":{"rendered":"Art Clay Silber 10 x 7g Silber Ton Workshop-Packung (A-0272W)"},"content":{"rendered":"<p>Normal trocknender Ton. Die Schrumpfungsrate betr\u00e4gt 8%. Erhitzung ab 650 \u00b0C. Die Dauer der Heizung h\u00e4ngt von der gew\u00e4hlten Heizquelle ab. Ziehen Sie die Heiztabelle oder das Produkthandbuch zu Rate, um die richtige Heizzeit zu ermitteln. Genau das gleiche Produkt wie die regul\u00e4re 7-Gramm-Packung, jedoch ohne Umverpackung und Produktinformationen. Verpackt pro 10 St\u00fcck.<\/p>\n<p>Dieser Artikel wird an ACS-Ausbilder verkauft und ist nur f\u00fcr deren eigenen Gebrauch (Demonstrationen und Workshops) bestimmt. F\u00fcr den Wiederverkauf sollte die regul\u00e4re 7-Gramm-Packung verwendet werden. <\/p>\n","protected":false},"excerpt":{"rendered":"<p>Normal trocknender Ton. Die Schrumpfungsrate betr\u00e4gt 8%. Erhitzung ab 650 \u00b0C. Die Dauer der Heizung h\u00e4ngt von der gew\u00e4hlten Heizquelle ab. Ziehen Sie die Heiztabelle oder das Produkthandbuch zu Rate, um die richtige Heizzeit zu ermitteln. Genau das gleiche Produkt wie die regul\u00e4re 7-Gramm-Packung, jedoch ohne Umverpackung und Produktinformationen. Verpackt pro 10 St\u00fcck.<\/p>\n<p>Dieser Artikel wird an ACS-Ausbilder verkauft und ist nur f\u00fcr deren eigenen Gebrauch (Demonstrationen und Workshops) bestimmt. F\u00fcr den Wiederverkauf sollte die regul\u00e4re 7-Gramm-Packung verwendet werden. <\/p>\n","protected":false},"featured_media":12081,"comment_status":"closed","ping_status":"closed","template":"","meta":{"_acf_changed":false,"_seopress_robots_primary_cat":"none","_seopress_titles_title":"","_seopress_titles_desc":"","_seopress_robots_index":""},"more":[],"product_brand":[6413],"product_cat":[6414],"product_tag":[7066,6802,6924,7058,6689,6492,7280,7543,6887,6415,6921,6494,6800,6691,6498,6421,6444,6441,6682,6777,6419,6558,6812,6490,6500,6556,7276,7281,7064,7277],"class_list":{"0":"post-12079","1":"product","2":"type-product","3":"status-publish","4":"has-post-thumbnail","6":"product_brand-acs","7":"product_cat-silber-ton-art-clay-silber","8":"product_tag-7066","9":"product_tag-angebot","10":"product_tag-anhanger-2","11":"product_tag-anhanger-3","12":"product_tag-armband","13":"product_tag-artclay","14":"product_tag-ausbilder","15":"product_tag-ausbilder-2","16":"product_tag-biegsames-silber","17":"product_tag-billig","18":"product_tag-charme","19":"product_tag-diy","20":"product_tag-gramm","21":"product_tag-kette","22":"product_tag-kunst","23":"product_tag-machen","24":"product_tag-metalclay","25":"product_tag-metallton","26":"product_tag-ohrringe","27":"product_tag-ringe","28":"product_tag-schmuck","29":"product_tag-sie-selbst","30":"product_tag-silber-3","31":"product_tag-silberton","32":"product_tag-ton-2","33":"product_tag-ton-3","34":"product_tag-vorteilhaft","35":"product_tag-vorteilspackung","36":"product_tag-workshop","37":"product_tag-workshop-paket","38":"product_shipping_class-standard","40":"first","41":"instock","42":"taxable","43":"shipping-taxable","44":"purchasable","45":"product-type-simple"},"acf":[],"_links":{"self":[{"href":"https:\/\/esquell.eu\/de\/wp-json\/wp\/v2\/product\/12079","targetHints":{"allow":["GET"]}}],"collection":[{"href":"https:\/\/esquell.eu\/de\/wp-json\/wp\/v2\/product"}],"about":[{"href":"https:\/\/esquell.eu\/de\/wp-json\/wp\/v2\/types\/product"}],"replies":[{"embeddable":true,"href":"https:\/\/esquell.eu\/de\/wp-json\/wp\/v2\/comments?post=12079"}],"wp:featuredmedia":[{"embeddable":true,"href":"https:\/\/esquell.eu\/de\/wp-json\/wp\/v2\/media\/12081"}],"wp:attachment":[{"href":"https:\/\/esquell.eu\/de\/wp-json\/wp\/v2\/media?parent=12079"}],"wp:term":[{"taxonomy":"more","embeddable":true,"href":"https:\/\/esquell.eu\/de\/wp-json\/wp\/v2\/more?post=12079"},{"taxonomy":"product_brand","embeddable":true,"href":"https:\/\/esquell.eu\/de\/wp-json\/wp\/v2\/product_brand?post=12079"},{"taxonomy":"product_cat","embeddable":true,"href":"https:\/\/esquell.eu\/de\/wp-json\/wp\/v2\/product_cat?post=12079"},{"taxonomy":"product_tag","embeddable":true,"href":"https:\/\/esquell.eu\/de\/wp-json\/wp\/v2\/product_tag?post=12079"}],"curies":[{"name":"wp","href":"https:\/\/api.w.org\/{rel}","templated":true}]}}