{"id":12063,"date":"2025-04-03T09:10:57","date_gmt":"2025-04-03T09:10:57","guid":{"rendered":"https:\/\/esquell.eu\/product\/prometheus-kupfererde-10-g-spruehpaste-3-bissen\/"},"modified":"2025-04-03T09:10:57","modified_gmt":"2025-04-03T09:10:57","slug":"prometheus-kupfererde-10-g-spruehpaste-3-bissen","status":"publish","type":"product","link":"https:\/\/esquell.eu\/de\/produkt\/prometheus-kupfererde-10-g-spruehpaste-3-bissen\/","title":{"rendered":"Prometheus Kupfererde 10 g Spr\u00fchpaste &#8211; 3 Bissen"},"content":{"rendered":"<p>Prometheus Kupfererde 10 g Spr\u00fchpaste &#8211; 3 Bissen<\/p>\n<p>Kann auch zusammen mit ArtClay Kupfer verwendet werden.<\/p>\n<p>Prometheus Spray Clay &#8211; Spr\u00fchpaste kann bei Raumtemperatur gelagert werden. Viele Eigenschaften entsprechen der Silberknete &#8211; Art Clay Silver. <\/p>\n<p>Copper Clay Syringe ist verd\u00fcnnte Kupferknete in einer Spritze, mit der Sie ungew\u00f6hnliche Formen und d\u00fcnne Str\u00e4nge herstellen k\u00f6nnen.<\/p>\n<p>Tipp:<br \/>\n* Passen Sie die \u00d6ffnung der D\u00fcse an, indem Sie ein St\u00fcck abschneiden, so dass eine gr\u00f6\u00dfere<\/p>\n<p>entsteht eine \u00d6ffnung und es k\u00f6nnen dickere Str\u00e4nge gebildet werden.<\/p>\n<p>*Legen Sie die Spritze mit der Spitze w\u00e4hrend des Gebrauchs in eine Schale mit Wasser, damit die D\u00fcse nicht austrocknet.<\/p>\n<p><strong><br \/>\n<\/strong>Pr\u00fcfen Sie die <strong><u>Wissensdatenbank <\/u><\/strong>Kupferton f\u00fcr Informationen zum Modellieren, Brennen, Veredeln usw.<\/p>\n","protected":false},"excerpt":{"rendered":"<p>Prometheus Kupfererde 10 g Spr\u00fchpaste &#8211; 3 Bissen<\/p>\n<p>&nbsp;<\/p>\n<p>Kann auch zusammen mit ArtClay Kupfer verwendet werden.<\/p>\n<p>&nbsp;<\/p>\n<p>Prometheus Spray Clay &#8211; Spr\u00fchpaste kann bei Raumtemperatur gelagert werden. Viele Eigenschaften entsprechen der Silberknete &#8211; Art Clay Silver. <\/p>\n<p>Copper Clay Syringe ist verd\u00fcnnte Kupferknete in einer Spritze, mit der Sie ungew\u00f6hnliche Formen und d\u00fcnne Str\u00e4nge herstellen k\u00f6nnen.<\/p>\n<p>Tipp:<br \/>\n* Passen Sie die \u00d6ffnung der D\u00fcse an, indem Sie ein St\u00fcck abschneiden, so dass eine gr\u00f6\u00dfere<\/p>\n<p>entsteht eine \u00d6ffnung und es k\u00f6nnen dickere Str\u00e4nge gebildet werden.<\/p>\n<p>*Legen Sie die Spritze mit der Spitze w\u00e4hrend des Gebrauchs in eine Schale mit Wasser, damit die D\u00fcse nicht austrocknet.<\/p>\n<p><strong><br \/>\n<\/strong>Pr\u00fcfen Sie die <strong><u>Wissensdatenbank <\/u><\/strong>Kupferton f\u00fcr Informationen zum Modellieren, Brennen, Veredeln usw.<\/p>\n<p>&nbsp;<\/p>\n","protected":false},"featured_media":12064,"comment_status":"closed","ping_status":"closed","template":"","meta":{"_acf_changed":false,"_seopress_robots_primary_cat":"none","_seopress_titles_title":"","_seopress_titles_desc":"","_seopress_robots_index":""},"more":[],"product_brand":[6518],"product_cat":[7130],"product_tag":[6492,7135,6498,8394,7131,7137,6905,6441,7133,7062,7060,6500,6694],"class_list":{"0":"post-12063","1":"product","2":"type-product","3":"status-publish","4":"has-post-thumbnail","6":"product_brand-prometheus","7":"product_cat-kupferton","8":"product_tag-artclay","9":"product_tag-artclaycopper","10":"product_tag-kunst","11":"product_tag-kupfer-3","12":"product_tag-kupfer","13":"product_tag-kupferton-2","14":"product_tag-kupferton","15":"product_tag-metallton","16":"product_tag-prometheus","17":"product_tag-spritze","18":"product_tag-spritzton","19":"product_tag-ton-2","20":"product_tag-von","21":"product_shipping_class-standard","23":"first","24":"instock","25":"taxable","26":"shipping-taxable","27":"purchasable","28":"product-type-simple"},"acf":[],"_links":{"self":[{"href":"https:\/\/esquell.eu\/de\/wp-json\/wp\/v2\/product\/12063","targetHints":{"allow":["GET"]}}],"collection":[{"href":"https:\/\/esquell.eu\/de\/wp-json\/wp\/v2\/product"}],"about":[{"href":"https:\/\/esquell.eu\/de\/wp-json\/wp\/v2\/types\/product"}],"replies":[{"embeddable":true,"href":"https:\/\/esquell.eu\/de\/wp-json\/wp\/v2\/comments?post=12063"}],"wp:featuredmedia":[{"embeddable":true,"href":"https:\/\/esquell.eu\/de\/wp-json\/wp\/v2\/media\/12064"}],"wp:attachment":[{"href":"https:\/\/esquell.eu\/de\/wp-json\/wp\/v2\/media?parent=12063"}],"wp:term":[{"taxonomy":"more","embeddable":true,"href":"https:\/\/esquell.eu\/de\/wp-json\/wp\/v2\/more?post=12063"},{"taxonomy":"product_brand","embeddable":true,"href":"https:\/\/esquell.eu\/de\/wp-json\/wp\/v2\/product_brand?post=12063"},{"taxonomy":"product_cat","embeddable":true,"href":"https:\/\/esquell.eu\/de\/wp-json\/wp\/v2\/product_cat?post=12063"},{"taxonomy":"product_tag","embeddable":true,"href":"https:\/\/esquell.eu\/de\/wp-json\/wp\/v2\/product_tag?post=12063"}],"curies":[{"name":"wp","href":"https:\/\/api.w.org\/{rel}","templated":true}]}}