{"id":12055,"date":"2025-04-03T09:10:57","date_gmt":"2025-04-03T09:10:57","guid":{"rendered":"https:\/\/esquell.eu\/product\/overlay-paste-15-gramm-von-acs-a-0044\/"},"modified":"2026-01-10T17:04:00","modified_gmt":"2026-01-10T17:04:00","slug":"overlay-paste-15-gramm-von-acs-a-0044","status":"publish","type":"product","link":"https:\/\/esquell.eu\/de\/produkt\/overlay-paste-15-gramm-von-acs-a-0044\/","title":{"rendered":"Overlay-Paste 15 Gramm von ACS (A-0044)"},"content":{"rendered":"<p>Diese Paste ist speziell f\u00fcr die Verwendung auf nicht por\u00f6sen oder glasierten Oberfl\u00e4chen wie Porzellan, Keramik und Glas entwickelt worden.<\/p>\n<p>Die Paste kann mit ACS kombiniert und mit Wasser verd\u00fcnnt werden.<br \/>\nVor Gebrauch gut umr\u00fchren. Erhitzungszeit 30 Minuten bei einer Temperatur von 650\u00b0C, beim Backen mit einer h\u00f6heren Temperatur kann die Erhitzungszeit verk\u00fcrzt werden. <\/p>\n<p>Geeignet f\u00fcr die zus\u00e4tzliche Sicherung von mitgebrannten Silberteilen in Silberton.<\/p>\n<p>Auch sehr gut geeignet zum Verbinden von 999er Silber, z.B. zum Emaillieren. Da diese Paste den gleichen Silbergehalt hat, gibt es keinen Farbunterschied wie bei der Verwendung von Lotpasten. Wenn Sie transparente Emaillen verwenden, sehen Sie den Farbunterschied, der durch die Lotpaste verursacht wird. Bei der Verwendung dieser Overlay-Paste gibt es keinen Farbunterschied.   <\/p>\n","protected":false},"excerpt":{"rendered":"<p>Diese Paste wurde speziell f\u00fcr die Verwendung auf nicht por\u00f6sen oder glasierten Oberfl\u00e4chen wie Porzellan, Keramik und Glas entwickelt. Die Paste ist mit ACS kombinierbar und kann mit Wasser verd\u00fcnnt werden. Vor dem Gebrauch gut umr\u00fchren. Aufheizzeit 30 Minuten bei einer Temperatur von 650\u00b0C. Wenn Sie bei einer h\u00f6heren Temperatur brennen, kann die Aufheizzeit verk\u00fcrzt werden.   <\/p>\n","protected":false},"featured_media":12407,"comment_status":"closed","ping_status":"closed","template":"","meta":{"_acf_changed":false,"_seopress_robots_primary_cat":"none","_seopress_titles_title":"","_seopress_titles_desc":"","_seopress_robots_index":""},"more":[],"product_brand":[6413],"product_cat":[6414],"product_tag":[7078,7080,9102,6942,7803,9110,7798,6773,6799,6797,6438,7132,6944,6790,6415,6929,6840,7084,7123,6936,9098,7804,8471,7128,9074,9125,6826,9127,7799,7136,8477,7802,7142,6842,6824,6830,9133,6934,6800,6822,9113,9121,7148,6946,9136,9135,7805,6836,6786,6885,7147,6775,6932,6950,7019,6844,9106,6952,7801,9090,6441,7800,9094,7797,6832,7134,6788,7806,6938,6828,7145,7146,6806,7082,7143,7138,7140,9070,6928,6940,6490,7129,9131,6834,6781,6784,6795,8483,7125,6818,9129,6783,9119,9117,6838,9123,7144,7796],"class_list":{"0":"post-12055","1":"product","2":"type-product","3":"status-publish","4":"has-post-thumbnail","6":"product_brand-acs","7":"product_cat-silber-ton-art-clay-silber","8":"product_tag-7078","9":"product_tag-7080","10":"product_tag-aarschot","11":"product_tag-alkmaar","12":"product_tag-almelo","13":"product_tag-almere-tilburg","14":"product_tag-amersfoort","15":"product_tag-antwerpen","16":"product_tag-apeldoorn","17":"product_tag-arnheim","18":"product_tag-artclaysilver","19":"product_tag-artclaysilverpaste","20":"product_tag-assen","21":"product_tag-bestellung","22":"product_tag-billig","23":"product_tag-blei","24":"product_tag-brabant","25":"product_tag-breda","26":"product_tag-brucke","27":"product_tag-brussel","28":"product_tag-courtrai","29":"product_tag-delft","30":"product_tag-den-bosch","31":"product_tag-den-haag","32":"product_tag-deventer","33":"product_tag-dordrecht","34":"product_tag-drenthe","35":"product_tag-ede","36":"product_tag-eindhoven","37":"product_tag-einfugen-2","38":"product_tag-emmen","39":"product_tag-enschede","40":"product_tag-fehler","41":"product_tag-flevoland","42":"product_tag-friesland","43":"product_tag-gelderland","44":"product_tag-geleen","45":"product_tag-gent","46":"product_tag-gramm","47":"product_tag-groningen","48":"product_tag-haarlem","49":"product_tag-haarlemmermeer","50":"product_tag-hasselt","51":"product_tag-heerenveen","52":"product_tag-heerlen","53":"product_tag-helmond","54":"product_tag-hilversum","55":"product_tag-holland","56":"product_tag-kaufen","57":"product_tag-kaufen-2","58":"product_tag-knokke","59":"product_tag-kurzwarengeschaft","60":"product_tag-leeuwarden","61":"product_tag-lelystad","62":"product_tag-liefert","63":"product_tag-limburg","64":"product_tag-lokeren","65":"product_tag-luttich","66":"product_tag-maastricht","67":"product_tag-mechelen","68":"product_tag-metallton","69":"product_tag-middelburg","70":"product_tag-namen-leuven","71":"product_tag-nijmegen","72":"product_tag-norden","73":"product_tag-nudeln","74":"product_tag-online","75":"product_tag-oss","76":"product_tag-ostende","77":"product_tag-overijssel","78":"product_tag-overlay","79":"product_tag-porzellan","80":"product_tag-rabatt","81":"product_tag-reparatur","82":"product_tag-reparatur-2","83":"product_tag-reparaturen","84":"product_tag-risse","85":"product_tag-risse-2","86":"product_tag-rotterdam","87":"product_tag-scheveningen","88":"product_tag-silberton","89":"product_tag-silbertonpaste","90":"product_tag-sittard","91":"product_tag-sud","92":"product_tag-teile","93":"product_tag-unter-2","94":"product_tag-utrecht","95":"product_tag-venlo","96":"product_tag-watteninseln-amsterdam","97":"product_tag-werkzeuge-2","98":"product_tag-westland","99":"product_tag-wobei","100":"product_tag-zaandam","101":"product_tag-zaanstad","102":"product_tag-zeeland","103":"product_tag-zoetermeer","104":"product_tag-zusammenfuhren","105":"product_tag-zwolle","106":"product_shipping_class-standard","108":"first","109":"instock","110":"taxable","111":"shipping-taxable","112":"purchasable","113":"product-type-simple"},"acf":[],"_links":{"self":[{"href":"https:\/\/esquell.eu\/de\/wp-json\/wp\/v2\/product\/12055","targetHints":{"allow":["GET"]}}],"collection":[{"href":"https:\/\/esquell.eu\/de\/wp-json\/wp\/v2\/product"}],"about":[{"href":"https:\/\/esquell.eu\/de\/wp-json\/wp\/v2\/types\/product"}],"replies":[{"embeddable":true,"href":"https:\/\/esquell.eu\/de\/wp-json\/wp\/v2\/comments?post=12055"}],"wp:featuredmedia":[{"embeddable":true,"href":"https:\/\/esquell.eu\/de\/wp-json\/wp\/v2\/media\/12407"}],"wp:attachment":[{"href":"https:\/\/esquell.eu\/de\/wp-json\/wp\/v2\/media?parent=12055"}],"wp:term":[{"taxonomy":"more","embeddable":true,"href":"https:\/\/esquell.eu\/de\/wp-json\/wp\/v2\/more?post=12055"},{"taxonomy":"product_brand","embeddable":true,"href":"https:\/\/esquell.eu\/de\/wp-json\/wp\/v2\/product_brand?post=12055"},{"taxonomy":"product_cat","embeddable":true,"href":"https:\/\/esquell.eu\/de\/wp-json\/wp\/v2\/product_cat?post=12055"},{"taxonomy":"product_tag","embeddable":true,"href":"https:\/\/esquell.eu\/de\/wp-json\/wp\/v2\/product_tag?post=12055"}],"curies":[{"name":"wp","href":"https:\/\/api.w.org\/{rel}","templated":true}]}}