{"id":12049,"date":"2025-04-03T09:10:57","date_gmt":"2025-04-03T09:10:57","guid":{"rendered":"https:\/\/esquell.eu\/product\/silber-tonpaste-10-g-slow-tarnish-acs-a-0092\/"},"modified":"2025-11-09T03:38:08","modified_gmt":"2025-11-09T03:38:08","slug":"silber-tonpaste-10-g-slow-tarnish-acs-a-0092","status":"publish","type":"product","link":"https:\/\/esquell.eu\/de\/produkt\/silber-tonpaste-10-g-slow-tarnish-acs-a-0092\/","title":{"rendered":"Silber Tonpaste 10 g Slow Tarnish. ACS A-0092"},"content":{"rendered":"<p>Die Silberknete aus der Slow Tarnish Serie bewahrt die helle Silberfarbe f\u00fcr lange Zeit.<\/p>\n<p>Die spezielle Zusammensetzung verhindert und verlangsamt die normale Verf\u00e4rbung\/Oxidation von Silber.<\/p>\n<p>Erh\u00e4ltlich als Spr\u00fchknete, Silberknete 10 g und Paste 10 g<\/p>\n","protected":false},"excerpt":{"rendered":"<p>Der Silver Clay aus der Slow Tarnish Serie beh\u00e4lt seine helle Silberfarbe f\u00fcr lange Zeit bei. Die spezielle Zusammensetzung verhindert und verlangsamt die normale Verf\u00e4rbung\/Oxidation von Silber. Erh\u00e4ltlich in Spray Clay, Silber Clay 10 g und Paste 10 g.  <\/p>\n","protected":false},"featured_media":12050,"comment_status":"closed","ping_status":"closed","template":"","meta":{"_acf_changed":false,"_seopress_robots_primary_cat":"none","_seopress_titles_title":"","_seopress_titles_desc":"","_seopress_robots_index":""},"more":[],"product_brand":[6413],"product_cat":[6414],"product_tag":[6441,6490,7062,7060],"class_list":{"0":"post-12049","1":"product","2":"type-product","3":"status-publish","4":"has-post-thumbnail","6":"product_brand-acs","7":"product_cat-silber-ton-art-clay-silber","8":"product_tag-metallton","9":"product_tag-silberton","10":"product_tag-spritze","11":"product_tag-spritzton","12":"product_shipping_class-standard","14":"first","15":"instock","16":"taxable","17":"shipping-taxable","18":"purchasable","19":"product-type-simple"},"acf":[],"_links":{"self":[{"href":"https:\/\/esquell.eu\/de\/wp-json\/wp\/v2\/product\/12049","targetHints":{"allow":["GET"]}}],"collection":[{"href":"https:\/\/esquell.eu\/de\/wp-json\/wp\/v2\/product"}],"about":[{"href":"https:\/\/esquell.eu\/de\/wp-json\/wp\/v2\/types\/product"}],"replies":[{"embeddable":true,"href":"https:\/\/esquell.eu\/de\/wp-json\/wp\/v2\/comments?post=12049"}],"wp:featuredmedia":[{"embeddable":true,"href":"https:\/\/esquell.eu\/de\/wp-json\/wp\/v2\/media\/12050"}],"wp:attachment":[{"href":"https:\/\/esquell.eu\/de\/wp-json\/wp\/v2\/media?parent=12049"}],"wp:term":[{"taxonomy":"more","embeddable":true,"href":"https:\/\/esquell.eu\/de\/wp-json\/wp\/v2\/more?post=12049"},{"taxonomy":"product_brand","embeddable":true,"href":"https:\/\/esquell.eu\/de\/wp-json\/wp\/v2\/product_brand?post=12049"},{"taxonomy":"product_cat","embeddable":true,"href":"https:\/\/esquell.eu\/de\/wp-json\/wp\/v2\/product_cat?post=12049"},{"taxonomy":"product_tag","embeddable":true,"href":"https:\/\/esquell.eu\/de\/wp-json\/wp\/v2\/product_tag?post=12049"}],"curies":[{"name":"wp","href":"https:\/\/api.w.org\/{rel}","templated":true}]}}