{"id":12034,"date":"2025-04-03T09:12:02","date_gmt":"2025-04-03T09:12:02","guid":{"rendered":"https:\/\/esquell.eu\/product\/silberkette-925-sterling-silber-curb-link-preis-pro-meter\/"},"modified":"2026-01-10T17:07:36","modified_gmt":"2026-01-10T17:07:36","slug":"silberkette-925-sterling-silber-curb-link-preis-pro-meter","status":"publish","type":"product","link":"https:\/\/esquell.eu\/de\/produkt\/silberkette-925-sterling-silber-curb-link-preis-pro-meter\/","title":{"rendered":"Silberkette, 925 Sterling Silber Curb link. Preis pro Meter."},"content":{"rendered":"<p>Silberne Halskette.<\/p>\n<p>925 Sterling Silber<\/p>\n<p>Kandare, 2,5x4mm, gl\u00e4nzend<\/p>\n<p>Preis pro Meter<\/p>\n<p>Gl\u00e4nzend<\/p>\n<p>Wenn Sie mehrere St\u00fccke bestellen, versuchen wir, so viel wie m\u00f6glich in 1 St\u00fcck zu liefern.<\/p>\n<p>Wenn dies wirklich wichtig ist, erw\u00e4hnen Sie dies bitte im Kommentarfeld bei der Bestellung<\/p>\n","protected":false},"excerpt":{"rendered":"<p>Silberkette.<\/p>\n<p>925 Sterling Silber<\/p>\n<p>Kandare, 2,5x4mm, gl\u00e4nzend<\/p>\n<p>Preis pro Meter<\/p>\n<p>Gl\u00e4nzend<\/p>\n","protected":false},"featured_media":12454,"comment_status":"closed","ping_status":"closed","template":"","meta":{"_acf_changed":false,"_seopress_robots_primary_cat":"none","_seopress_titles_title":"","_seopress_titles_desc":"","_seopress_robots_index":""},"more":[],"product_brand":[6413],"product_cat":[6918],"product_tag":[10696,10699,10701,10703,6488,6458,6790,10694,6494,7017,6786,6885,6691,7019,7014,6421,9443,6455,6788,9310,6432,6424,7023,6419,7021,6417,6671,6920,6784,6429,6783],"class_list":{"0":"post-12034","1":"product","2":"type-product","3":"status-publish","4":"has-post-thumbnail","6":"product_brand-acs","7":"product_cat-halsketten-ketten-armbander","8":"product_tag-10696","9":"product_tag-10699","10":"product_tag-10701","11":"product_tag-5-mm","12":"product_tag-6488","13":"product_tag-belgien","14":"product_tag-bestellung","15":"product_tag-bordsteinkante","16":"product_tag-diy","17":"product_tag-fur","18":"product_tag-kaufen","19":"product_tag-kaufen-2","20":"product_tag-kette","21":"product_tag-liefert","22":"product_tag-link","23":"product_tag-machen","24":"product_tag-messgerat","25":"product_tag-niederlande","26":"product_tag-online","27":"product_tag-per","28":"product_tag-real","29":"product_tag-rein","30":"product_tag-rein-3","31":"product_tag-schmuck","32":"product_tag-schmuck-3","33":"product_tag-silber","34":"product_tag-silber-2","35":"product_tag-sterling","36":"product_tag-unter-2","37":"product_tag-wirklich","38":"product_tag-wobei","39":"product_shipping_class-standard","41":"first","42":"instock","43":"taxable","44":"shipping-taxable","45":"purchasable","46":"product-type-simple"},"acf":[],"_links":{"self":[{"href":"https:\/\/esquell.eu\/de\/wp-json\/wp\/v2\/product\/12034","targetHints":{"allow":["GET"]}}],"collection":[{"href":"https:\/\/esquell.eu\/de\/wp-json\/wp\/v2\/product"}],"about":[{"href":"https:\/\/esquell.eu\/de\/wp-json\/wp\/v2\/types\/product"}],"replies":[{"embeddable":true,"href":"https:\/\/esquell.eu\/de\/wp-json\/wp\/v2\/comments?post=12034"}],"wp:featuredmedia":[{"embeddable":true,"href":"https:\/\/esquell.eu\/de\/wp-json\/wp\/v2\/media\/12454"}],"wp:attachment":[{"href":"https:\/\/esquell.eu\/de\/wp-json\/wp\/v2\/media?parent=12034"}],"wp:term":[{"taxonomy":"more","embeddable":true,"href":"https:\/\/esquell.eu\/de\/wp-json\/wp\/v2\/more?post=12034"},{"taxonomy":"product_brand","embeddable":true,"href":"https:\/\/esquell.eu\/de\/wp-json\/wp\/v2\/product_brand?post=12034"},{"taxonomy":"product_cat","embeddable":true,"href":"https:\/\/esquell.eu\/de\/wp-json\/wp\/v2\/product_cat?post=12034"},{"taxonomy":"product_tag","embeddable":true,"href":"https:\/\/esquell.eu\/de\/wp-json\/wp\/v2\/product_tag?post=12034"}],"curies":[{"name":"wp","href":"https:\/\/api.w.org\/{rel}","templated":true}]}}