{"id":12024,"date":"2025-04-03T09:12:11","date_gmt":"2025-04-03T09:12:11","guid":{"rendered":"https:\/\/esquell.eu\/product\/ausstecher-ausstechformen-blatt-6-teiliges-set-aus-edelstahl\/"},"modified":"2025-11-05T14:57:48","modified_gmt":"2025-11-05T14:57:48","slug":"ausstecher-ausstechformen-blatt-6-teiliges-set-aus-edelstahl","status":"publish","type":"product","link":"https:\/\/esquell.eu\/de\/produkt\/ausstecher-ausstechformen-blatt-6-teiliges-set-aus-edelstahl\/","title":{"rendered":"Ausstecher \/ Ausstechformen Blatt 6-teiliges Set aus Edelstahl"},"content":{"rendered":"<p>6-teiliges Set mit Schneideformen\/Ausstechern. Tropfenform. Rostfreier Stahl<br \/>\nAusstechformen f\u00fcr Ton, Ausstechformen f\u00fcr Ton, Tonwerkzeuge<br \/>\nDie kleinste Form ist 2,7 cm lang, die gr\u00f6\u00dfte 7,7 cm lang  <\/p>\n<div class=\"product-addition-content\">\n<p>6-teiliges Set mit Schneideformen\/Ausstechern. Tropfenform. ROSTFREIER STAHL  <\/p>\n<p>Die kleinste ist 2,7 cm lang, die gr\u00f6\u00dfte 7,7 cm lang<\/p>\n<p>Geeignet zum Ausschneiden von Formen aus verschiedenen Arten von Ton.<\/p>\n<p>Kreieren Sie m\u00fchelos einzigartige und moderne Formen aus Ton mit diesem hochwertigen Set von organisch geformten Tonausstechern. Ideal f\u00fcr Silber-, Kupfer- und Bronzeton und andere Arten von Ton. Auch f\u00fcr Keramik und Polymer Clay geeignet. <\/p>\n<p>Sie variieren in der Gr\u00f6\u00dfe von klein bis gro\u00df und eignen sich perfekt f\u00fcr Ohrringe, Anh\u00e4nger, Glieder und dekorative Elemente.<\/p>\n<p>F\u00fcr den h\u00e4ufigen Gebrauch. Hergestellt aus hochwertigem Kunststoff. Beh\u00e4lt seine Form  <\/p>\n<p>Der Vorteil gegen\u00fcber dem Nadelstift ist, dass Sie damit enge Schnittkanten erhalten, ohne auszufransen. Und genau zu duplizieren, was z.B. f\u00fcr Ohrringe praktisch ist. <\/p>\n<p>Kombinieren Sie die Formen miteinander, mit anderen Formen aus anderen Ausschneideb\u00f6gen.<\/p>\n<p>Kombinieren Sie mit Strukturmatten und Stempeln f\u00fcr Muster, Textur und Relief.<\/p>\n<\/div>\n","protected":false},"excerpt":{"rendered":"<p>6-teiliges Set mit Schneideformen\/Ausstechern. Tropfenform. ROSTFREIER STAHL  <\/p>\n<p>Die kleinste ist 2,7 cm lang, die gr\u00f6\u00dfte 7,7 cm lang<\/p>\n<p>Geeignet zum Ausschneiden von Formen aus verschiedenen Arten von Ton.<\/p>\n","protected":false},"featured_media":7970,"comment_status":"closed","ping_status":"closed","template":"","meta":{"_acf_changed":false,"_seopress_robots_primary_cat":"none","_seopress_titles_title":"","_seopress_titles_desc":"","_seopress_robots_index":""},"more":[],"product_brand":[6365],"product_cat":[6811],"product_tag":[6802,7758,6458,6790,6887,6415,8776,8756,6903,7676,6883,7733,6881,6494,7736,7745,6793,6895,6909,7672,8774,8769,7682,7680,6769,6452,6897,6907,6786,6885,6804,8772,6905,7678,7751,6421,8765,7756,6441,7686,6455,6788,6891,8782,7674,6806,8783,8786,7742,8780,6419,6820,7743,8788,6899,6779,7509,6889,6558,6901,8759,7739,6490,6913,9586,7741,7759,7749,6435,6556,9584,7698,7753,8753,7511,7561,7684,7748,8750,8790,8777,6893,6784,6814,8762,9581,6783,6911,7735],"class_list":{"0":"post-12024","1":"product","2":"type-product","3":"status-publish","4":"has-post-thumbnail","6":"product_brand-l1","7":"product_cat-ausstecher-fur-ton","8":"product_tag-angebot","9":"product_tag-ausschnitt","10":"product_tag-belgien","11":"product_tag-bestellung","12":"product_tag-biegsames-silber","13":"product_tag-billig","14":"product_tag-blattform","15":"product_tag-blattform-tropfchenform","16":"product_tag-bronze-ton","17":"product_tag-cernit","18":"product_tag-deutschland","19":"product_tag-deutschland-2","20":"product_tag-deutsland","21":"product_tag-diy","22":"product_tag-doityourself","23":"product_tag-edelmetalle","24":"product_tag-einkaufen","25":"product_tag-es","26":"product_tag-facebook","27":"product_tag-fimo","28":"product_tag-fondant","29":"product_tag-formbare-2","30":"product_tag-formen-schneiden","31":"product_tag-formulare","32":"product_tag-goldton","33":"product_tag-groshandel","34":"product_tag-ihr","35":"product_tag-instagram","36":"product_tag-kaufen","37":"product_tag-kaufen-2","38":"product_tag-kostenlos","39":"product_tag-kuchen","40":"product_tag-kupferton","41":"product_tag-kutter","42":"product_tag-kutter-3","43":"product_tag-machen","44":"product_tag-metalclaytools","45":"product_tag-metall-2","46":"product_tag-metallton","47":"product_tag-mulleimer","48":"product_tag-niederlande","49":"product_tag-online","50":"product_tag-online-shop","51":"product_tag-platz","52":"product_tag-polymer-clay","53":"product_tag-rabatt","54":"product_tag-rechteck","55":"product_tag-reichweite","56":"product_tag-rostfreier-stahl","57":"product_tag-runde-aufkleber","58":"product_tag-schmuck","59":"product_tag-schmuck-2","60":"product_tag-schmuckherstellung","61":"product_tag-schmuckwerkzeuge-2","62":"product_tag-selbst","63":"product_tag-selbstgemacht","64":"product_tag-senden","65":"product_tag-shop","66":"product_tag-sie-selbst","67":"product_tag-sie-selbst-2","68":"product_tag-silberne-werkzeuge","69":"product_tag-silberschmuck","70":"product_tag-silberton","71":"product_tag-silveribelgie","72":"product_tag-silverton","73":"product_tag-smuck","74":"product_tag-stecker","75":"product_tag-stopfen","76":"product_tag-ton","77":"product_tag-ton-3","78":"product_tag-ton-4","79":"product_tag-tonformen","80":"product_tag-tonmarker","81":"product_tag-tonmesser","82":"product_tag-tonschmuck","83":"product_tag-tonschmuck-2","84":"product_tag-tonschneider","85":"product_tag-tonwerkzeuge","86":"product_tag-tonwerkzeuge-2","87":"product_tag-topferei","88":"product_tag-tropfenform","89":"product_tag-tun","90":"product_tag-unter-2","91":"product_tag-webshop","92":"product_tag-werkzeuge-aus-metallton","93":"product_tag-werkzeuge-aus-metallton-2","94":"product_tag-wobei","95":"product_tag-zilverkleinederland","96":"product_tag-zu-verkaufen","97":"product_shipping_class-standard","99":"first","100":"instock","101":"taxable","102":"shipping-taxable","103":"purchasable","104":"product-type-simple"},"acf":[],"_links":{"self":[{"href":"https:\/\/esquell.eu\/de\/wp-json\/wp\/v2\/product\/12024","targetHints":{"allow":["GET"]}}],"collection":[{"href":"https:\/\/esquell.eu\/de\/wp-json\/wp\/v2\/product"}],"about":[{"href":"https:\/\/esquell.eu\/de\/wp-json\/wp\/v2\/types\/product"}],"replies":[{"embeddable":true,"href":"https:\/\/esquell.eu\/de\/wp-json\/wp\/v2\/comments?post=12024"}],"wp:featuredmedia":[{"embeddable":true,"href":"https:\/\/esquell.eu\/de\/wp-json\/wp\/v2\/media\/7970"}],"wp:attachment":[{"href":"https:\/\/esquell.eu\/de\/wp-json\/wp\/v2\/media?parent=12024"}],"wp:term":[{"taxonomy":"more","embeddable":true,"href":"https:\/\/esquell.eu\/de\/wp-json\/wp\/v2\/more?post=12024"},{"taxonomy":"product_brand","embeddable":true,"href":"https:\/\/esquell.eu\/de\/wp-json\/wp\/v2\/product_brand?post=12024"},{"taxonomy":"product_cat","embeddable":true,"href":"https:\/\/esquell.eu\/de\/wp-json\/wp\/v2\/product_cat?post=12024"},{"taxonomy":"product_tag","embeddable":true,"href":"https:\/\/esquell.eu\/de\/wp-json\/wp\/v2\/product_tag?post=12024"}],"curies":[{"name":"wp","href":"https:\/\/api.w.org\/{rel}","templated":true}]}}