{"id":12018,"date":"2025-04-03T09:12:20","date_gmt":"2025-04-03T09:12:20","guid":{"rendered":"https:\/\/esquell.eu\/product\/stanzformen-set-mit-5-mini-ausstechern-in-ovaler-form\/"},"modified":"2025-11-09T08:32:59","modified_gmt":"2025-11-09T08:32:59","slug":"stanzformen-set-mit-5-mini-ausstechern-in-ovaler-form","status":"publish","type":"product","link":"https:\/\/esquell.eu\/de\/produkt\/stanzformen-set-mit-5-mini-ausstechern-in-ovaler-form\/","title":{"rendered":"Stanzformen Set mit 5 Mini-Ausstechern in ovaler Form"},"content":{"rendered":"<p>Set mit 5 ovalen Ausstechformen<\/p>\n<p>Gr\u00f6\u00dfen;<\/p>\n<p>10*5,6 mm<br \/>\n16*9,6 mm<br \/>\n18*9,0 mm<br \/>\n20*13 mm<br \/>\n25*15 mm<\/p>\n<p>&nbsp;<\/p>\n<p>Kreieren Sie m\u00fchelos einzigartige und moderne Formen aus Ton mit diesem hochwertigen Set von organisch geformten Tonausstechern. Ideal f\u00fcr Silber-, Kupfer- und Bronzeton und andere Arten von Ton. Auch f\u00fcr Keramik und Polymer Clay geeignet. <\/p>\n<p>Sie variieren in der Gr\u00f6\u00dfe von klein bis gro\u00df und eignen sich perfekt f\u00fcr Ohrringe, Anh\u00e4nger, Glieder und dekorative Elemente.<\/p>\n<p>F\u00fcr den h\u00e4ufigen Gebrauch. Hergestellt aus hochwertigem Kunststoff. Beh\u00e4lt seine Form  <\/p>\n<p>Der Vorteil gegen\u00fcber dem Nadelstift ist, dass Sie damit enge Schnittkanten erhalten, ohne auszufransen. Und genau zu duplizieren, was z.B. f\u00fcr Ohrringe praktisch ist. <\/p>\n<p>Kombinieren Sie die Formen miteinander, mit anderen Formen aus anderen Ausschneideb\u00f6gen.<\/p>\n<p>Kombinieren Sie mit Strukturmatten und Stempeln f\u00fcr Muster, Textur und Relief.<\/p>\n","protected":false},"excerpt":{"rendered":"<p>Set mit 5 ovalen Ausstechformen<\/p>\n<p>Gr\u00f6\u00dfen;<\/p>\n<p>10*5,6 mm<br \/>\n16*9,6 mm<br \/>\n18*9,0 mm<br \/>\n20*13 mm<br \/>\n25*15 mm<\/p>\n<p>Geeignet u.a. f\u00fcr Silver Clay, Metal Clay, Polymer Clay, Cernit, andere Arten von Ton und Geb\u00e4ck.<\/p>\n","protected":false},"featured_media":7961,"comment_status":"closed","ping_status":"closed","template":"","meta":{"_acf_changed":false,"_seopress_robots_primary_cat":"none","_seopress_titles_title":"","_seopress_titles_desc":"","_seopress_robots_index":""},"more":[],"product_brand":[6365],"product_cat":[6811],"product_tag":[9197,9187,6488,6508,6506,6817,6802,6689,6492,9208,7758,8330,6415,6840,7387,6903,7676,6603,8559,6494,6826,8907,9193,7672,6842,7680,6824,6830,6767,6769,6822,6692,8763,6836,9184,6786,6498,7131,6905,6775,7744,6844,6421,6444,7557,8137,6441,7553,7955,8392,6832,8395,8770,9199,6682,8946,9200,9302,6788,6828,8001,7674,8704,6496,8092,6777,9202,6419,6820,8767,6889,9195,6558,6417,6812,6490,7507,7923,6464,6834,8608,9204,6435,6500,6556,9190,7748,6784,6795,9206,7072,6814,6690,7441,6605,6818,8658,6783,7064,6838,7068],"class_list":{"0":"post-12018","1":"product","2":"type-product","3":"status-publish","4":"has-post-thumbnail","6":"product_brand-l1","7":"product_cat-ausstecher-fur-ton","8":"product_tag-9197","9":"product_tag-co-uk","10":"product_tag-6488","11":"product_tag-6508","12":"product_tag-6506","13":"product_tag-amsterdam","14":"product_tag-angebot","15":"product_tag-armband","16":"product_tag-artclay","17":"product_tag-assecoires","18":"product_tag-ausschnitt","19":"product_tag-biegsames-silber-2","20":"product_tag-billig","21":"product_tag-brabant","22":"product_tag-bronze","23":"product_tag-bronze-ton","24":"product_tag-cernit","25":"product_tag-cool","26":"product_tag-cooltools","27":"product_tag-diy","28":"product_tag-drenthe","29":"product_tag-einsteigerpakete","30":"product_tag-einsteigerpakete-2","31":"product_tag-fimo","32":"product_tag-flevoland","33":"product_tag-formulare","34":"product_tag-friesland","35":"product_tag-gelderland","36":"product_tag-gold","37":"product_tag-goldton","38":"product_tag-groningen","39":"product_tag-handbuch","40":"product_tag-handbucher","41":"product_tag-holland","42":"product_tag-internet","43":"product_tag-kaufen","44":"product_tag-kunst","45":"product_tag-kupfer","46":"product_tag-kupferton","47":"product_tag-kurzwarengeschaft","48":"product_tag-kutter-2","49":"product_tag-limburg","50":"product_tag-machen","51":"product_tag-metalclay","52":"product_tag-metall","53":"product_tag-metall-3","54":"product_tag-metallton","55":"product_tag-modellierung","56":"product_tag-naturlich","57":"product_tag-nop","58":"product_tag-norden","59":"product_tag-nordholland","60":"product_tag-ohrring","61":"product_tag-ohrring-2","62":"product_tag-ohrringe","63":"product_tag-ohrstecker-2","64":"product_tag-ohrstecker-3","65":"product_tag-ohrstecker-5","66":"product_tag-online","67":"product_tag-overijssel","68":"product_tag-pmc","69":"product_tag-polymer-clay","70":"product_tag-projektion","71":"product_tag-recycelt","72":"product_tag-ring","73":"product_tag-ringe","74":"product_tag-schleifen-2","75":"product_tag-schmuck","76":"product_tag-schmuck-2","77":"product_tag-schmuck-5","78":"product_tag-shop","79":"product_tag-shop-2","80":"product_tag-sie-selbst","81":"product_tag-silber","82":"product_tag-silber-3","83":"product_tag-silberton","84":"product_tag-starterset","85":"product_tag-starterset-2","86":"product_tag-stein","87":"product_tag-sud","88":"product_tag-sudholland","89":"product_tag-textur","90":"product_tag-ton","91":"product_tag-ton-2","92":"product_tag-ton-3","93":"product_tag-tonspatel","94":"product_tag-tonwerkzeuge","95":"product_tag-unter-2","96":"product_tag-utrecht","97":"product_tag-vorlagen","98":"product_tag-wattenmeer","99":"product_tag-webshop","100":"product_tag-werkstatten","101":"product_tag-werkzeug-2","102":"product_tag-werkzeuge","103":"product_tag-werkzeuge-2","104":"product_tag-wissensbasis","105":"product_tag-wobei","106":"product_tag-workshop","107":"product_tag-zeeland","108":"product_tag-zirkoniumdioxid","109":"product_shipping_class-standard","111":"first","112":"instock","113":"taxable","114":"shipping-taxable","115":"purchasable","116":"product-type-simple"},"acf":[],"_links":{"self":[{"href":"https:\/\/esquell.eu\/de\/wp-json\/wp\/v2\/product\/12018","targetHints":{"allow":["GET"]}}],"collection":[{"href":"https:\/\/esquell.eu\/de\/wp-json\/wp\/v2\/product"}],"about":[{"href":"https:\/\/esquell.eu\/de\/wp-json\/wp\/v2\/types\/product"}],"replies":[{"embeddable":true,"href":"https:\/\/esquell.eu\/de\/wp-json\/wp\/v2\/comments?post=12018"}],"wp:featuredmedia":[{"embeddable":true,"href":"https:\/\/esquell.eu\/de\/wp-json\/wp\/v2\/media\/7961"}],"wp:attachment":[{"href":"https:\/\/esquell.eu\/de\/wp-json\/wp\/v2\/media?parent=12018"}],"wp:term":[{"taxonomy":"more","embeddable":true,"href":"https:\/\/esquell.eu\/de\/wp-json\/wp\/v2\/more?post=12018"},{"taxonomy":"product_brand","embeddable":true,"href":"https:\/\/esquell.eu\/de\/wp-json\/wp\/v2\/product_brand?post=12018"},{"taxonomy":"product_cat","embeddable":true,"href":"https:\/\/esquell.eu\/de\/wp-json\/wp\/v2\/product_cat?post=12018"},{"taxonomy":"product_tag","embeddable":true,"href":"https:\/\/esquell.eu\/de\/wp-json\/wp\/v2\/product_tag?post=12018"}],"curies":[{"name":"wp","href":"https:\/\/api.w.org\/{rel}","templated":true}]}}